{"id":1547,"date":"2016-10-29T23:01:57","date_gmt":"2016-10-30T01:01:57","guid":{"rendered":"http:\/\/genewei.com\/br\/?page_id=1547"},"modified":"2017-09-06T15:53:51","modified_gmt":"2017-09-06T18:53:51","slug":"quem-melhor-descreve-voce","status":"publish","type":"page","link":"http:\/\/genewei.com\/br\/lojavirtual\/quem-melhor-descreve-voce\/","title":{"rendered":"Quem Melhor Descreve Voc\u00ea?"},"content":{"rendered":"\n<!-- Facebook Like Button Vivacity Infotech BEGIN -->\n<div class=\"fb-like\" data-href=\"http:\/\/genewei.com\/br\/lojavirtual\/quem-melhor-descreve-voce\/\" data-layout=\"standard\" data-action=\"like\" data-show-faces=\"true\" data-size=\"small\" data-width=\"550\" data-share=\"1\" ><\/div>\n<!-- Facebook Like Button Vivacity Infotech END -->\n<h2 style=\"text-align: center; font-family: Arial, Helvetica, sans-serif; font-size: 15px;\"><span style=\"color: #828282;\"><strong>\u00a0<\/strong><\/span><\/h2>\n<p style=\"text-align: center;\"><span style=\"color: #333333;\"><strong><span style=\"color: #000080;\">Estou Lutando Contra o C\u00e2ncer:<\/span><br \/>\n<\/strong>Voc\u00ea est\u00e1 fazendo quimio, radio e\/ou cirurgia? (ou pretende faz\u00ea-los) <\/span>Sim ou N\u00e3o?<strong><br \/>\n<\/strong>Seguindo uma\u00a0dieta anti-cancer?<strong><br \/>\n<\/strong><a href=\"http:\/\/genewei.com\/br\/produto\/apoio-individual-personalizado-via-email\/\">Consultas via email<\/a><\/p>\n<p style=\"text-align: center;\"><strong><span style=\"color: #ff6600;\">Tenho uma Condi\u00e7\u00e3o de Sa\u00fade:<\/span><br \/>\n<\/strong>Estou\u00a0procurando por apoio nutricional espec\u00edfico, como colesterol, horm\u00f4nios, press\u00e3o arterial e mais.<strong><br \/>\n<\/strong><a href=\"http:\/\/genewei.com\/br\/lojavirtual\/por-condicao\/\">Clique Aqui<\/a><\/p>\n<p style=\"text-align: center;\"><span style=\"color: #800080;\"><b>Quero Ser Mais Saud\u00e1vel:<\/b><\/span><strong><br \/>\n<\/strong>Estou procurando por anti-envelhecimento, pele, cabelo e beleza, perda de peso, desempenho esportivo e mais.<strong><br \/>\n<\/strong><a href=\"http:\/\/genewei.com\/br\/lojavirtual\/quero-ser-mais-saudavel\/\">Clique Aqui<\/a><\/p>\n<hr \/>\n<p style=\"text-align: center;\"><span style=\"color: #0b5394; font-family: Arial, Helvetica, sans-serif; font-size: x-large;\">Pronto para assumir controle de sua sa\u00fade?<\/span><\/p>\n<p style=\"text-align: center;\"><strong>Recomendamos uma <a href=\"http:\/\/genewei.com\/br\/produto\/apoio-individual-personalizado-via-email\/\">consulta com o Dr. Gene<\/a> para receber orienta\u00e7\u00f5es de dieta e suplementos.<\/strong><\/p>\n<p style=\"text-align: center;\"><a href=\"http:\/\/genewei.com\/br\/wp-content\/uploads\/2015\/06\/quote-gw.png\"><img loading=\"lazy\" class=\"size-thumbnail wp-image-516 aligncenter\" src=\"http:\/\/genewei.com\/br\/wp-content\/uploads\/2015\/06\/quote-gw-150x150.png\" alt=\"quote-gw\" width=\"150\" height=\"150\" srcset=\"http:\/\/genewei.com\/br\/wp-content\/uploads\/2015\/06\/quote-gw-150x150.png 150w, http:\/\/genewei.com\/br\/wp-content\/uploads\/2015\/06\/quote-gw-100x100.png 100w, http:\/\/genewei.com\/br\/wp-content\/uploads\/2015\/06\/quote-gw-45x45.png 45w\" sizes=\"(max-width: 150px) 100vw, 150px\" \/><\/a><span style=\"color: #808080;\"><em><strong>&#8220;Todos os produtos oferecidos s\u00e3o da mais alta qualidade!<\/strong> Estamos orgulhosos de sermos capazes de oferece-los a voc\u00ea.&#8221;<\/em><\/span><\/p>\n<p style=\"text-align: center;\"><a href=\"http:\/\/genewei.com\/br\/wp-content\/uploads\/2015\/06\/quote-ue.png\"><img loading=\"lazy\" class=\"size-thumbnail wp-image-517 aligncenter\" src=\"http:\/\/genewei.com\/br\/wp-content\/uploads\/2015\/06\/quote-ue-150x150.png\" alt=\"quote-ue\" width=\"150\" height=\"150\" srcset=\"http:\/\/genewei.com\/br\/wp-content\/uploads\/2015\/06\/quote-ue-150x150.png 150w, http:\/\/genewei.com\/br\/wp-content\/uploads\/2015\/06\/quote-ue-100x100.png 100w, http:\/\/genewei.com\/br\/wp-content\/uploads\/2015\/06\/quote-ue-45x45.png 45w\" sizes=\"(max-width: 150px) 100vw, 150px\" \/><\/a><span style=\"color: #808080;\"><em><strong>&#8220;Agora \u00e9 a sua vez\u00a0de\u00a0assumir controle\u00a0de sua sa\u00fade! <\/strong>Aprenda mais sobre um protocolo beneficial a voc\u00ea e inicie hoje mesmo!&#8221;<\/em><\/span><\/p>\n<p style=\"text-align: center;\"><span style=\"color: #808080;\"><em><strong><a style=\"color: #808080;\" href=\"http:\/\/genewei.com\/br\/wp-content\/uploads\/2015\/06\/quote-lobby.png\"><img loading=\"lazy\" class=\"size-thumbnail wp-image-515 aligncenter\" src=\"http:\/\/genewei.com\/br\/wp-content\/uploads\/2015\/06\/quote-lobby-150x150.png\" alt=\"quote-lobby\" width=\"150\" height=\"150\" srcset=\"http:\/\/genewei.com\/br\/wp-content\/uploads\/2015\/06\/quote-lobby-150x150.png 150w, http:\/\/genewei.com\/br\/wp-content\/uploads\/2015\/06\/quote-lobby-100x100.png 100w, http:\/\/genewei.com\/br\/wp-content\/uploads\/2015\/06\/quote-lobby-45x45.png 45w\" sizes=\"(max-width: 150px) 100vw, 150px\" \/><\/a>Importamos apenas os suplementos de maior qualidade<\/strong> com um hist\u00f3rico de sucesso dos melhores fornecedores da Europa e dos EUA.<\/em><\/span><\/p>\n<p>&nbsp;<\/p>\n<!-- AddThis Advanced Settings generic via filter on the_content --><!-- AddThis Share Buttons generic via filter on the_content -->","protected":false},"excerpt":{"rendered":"<p>\u00a0 Estou Lutando Contra o C\u00e2ncer: Voc\u00ea est\u00e1 fazendo quimio, radio e\/ou cirurgia? (ou pretende faz\u00ea-los) Sim ou N\u00e3o? Seguindo uma\u00a0dieta anti-cancer? Consultas via email Tenho uma Condi\u00e7\u00e3o de Sa\u00fade: Estou\u00a0procurando por apoio nutricional espec\u00edfico, como colesterol, horm\u00f4nios, press\u00e3o arterial e mais. Clique Aqui Quero Ser Mais Saud\u00e1vel: Estou procurando por anti-envelhecimento, pele, cabelo e<a class=\"moretag\" href=\"http:\/\/genewei.com\/br\/lojavirtual\/quem-melhor-descreve-voce\/\"> [&#8230;] <\/a><!-- AddThis Advanced Settings generic via filter on wp_trim_excerpt --><!-- AddThis Share Buttons generic via filter on wp_trim_excerpt --><\/p>\n","protected":false},"author":9,"featured_media":0,"parent":740,"menu_order":0,"comment_status":"closed","ping_status":"closed","template":"","meta":{"sfsi_plus_gutenberg_text_before_share":"","sfsi_plus_gutenberg_show_text_before_share":"","sfsi_plus_gutenberg_icon_type":"","sfsi_plus_gutenberg_icon_alignemt":"","sfsi_plus_gutenburg_max_per_row":"","_genesis_hide_title":false,"_genesis_hide_breadcrumbs":false,"_genesis_hide_singular_image":false,"_genesis_hide_footer_widgets":false,"_genesis_custom_body_class":"","_genesis_custom_post_class":"","_genesis_layout":""},"_links":{"self":[{"href":"http:\/\/genewei.com\/br\/wp-json\/wp\/v2\/pages\/1547"}],"collection":[{"href":"http:\/\/genewei.com\/br\/wp-json\/wp\/v2\/pages"}],"about":[{"href":"http:\/\/genewei.com\/br\/wp-json\/wp\/v2\/types\/page"}],"author":[{"embeddable":true,"href":"http:\/\/genewei.com\/br\/wp-json\/wp\/v2\/users\/9"}],"replies":[{"embeddable":true,"href":"http:\/\/genewei.com\/br\/wp-json\/wp\/v2\/comments?post=1547"}],"version-history":[{"count":5,"href":"http:\/\/genewei.com\/br\/wp-json\/wp\/v2\/pages\/1547\/revisions"}],"predecessor-version":[{"id":2559,"href":"http:\/\/genewei.com\/br\/wp-json\/wp\/v2\/pages\/1547\/revisions\/2559"}],"up":[{"embeddable":true,"href":"http:\/\/genewei.com\/br\/wp-json\/wp\/v2\/pages\/740"}],"wp:attachment":[{"href":"http:\/\/genewei.com\/br\/wp-json\/wp\/v2\/media?parent=1547"}],"curies":[{"name":"wp","href":"https:\/\/api.w.org\/{rel}","templated":true}]}}