{"id":2120,"date":"2017-03-25T15:12:08","date_gmt":"2017-03-25T18:12:08","guid":{"rendered":"http:\/\/genewei.com\/br\/?page_id=2120"},"modified":"2018-03-05T16:46:17","modified_gmt":"2018-03-05T19:46:17","slug":"dicas-do-programa-de-afiliados","status":"publish","type":"page","link":"http:\/\/genewei.com\/br\/dicas-do-programa-de-afiliados\/","title":{"rendered":"Dicas do Programa de Afiliados"},"content":{"rendered":"\n<!-- Facebook Like Button Vivacity Infotech BEGIN -->\n<div class=\"fb-like\" data-href=\"http:\/\/genewei.com\/br\/dicas-do-programa-de-afiliados\/\" data-layout=\"standard\" data-action=\"like\" data-show-faces=\"true\" data-size=\"small\" data-width=\"550\" data-share=\"1\" ><\/div>\n<!-- Facebook Like Button Vivacity Infotech END -->\n<h3><\/h3>\n<h3><strong>Participe do Nosso Novo Programa de Afiliados!<\/strong><\/h3>\n<p><a href=\"http:\/\/genewei.com\/br\/terms-and-conditions\/\">Termos e Condi\u00e7\u00f5es<\/a>\u00a0| <strong><a href=\"http:\/\/genewei.com\/br\/affiliate-home\/affiliate-register\/\">Cadastre-se aqui<\/a><\/strong><\/p>\n<p><b>Afiliados: <\/b><a href=\"http:\/\/genewei.com\/br\/affiliate-home\/affiliate-login\/\">Login<\/a><b> | <\/b><a href=\"http:\/\/genewei.com\/br\/affiliate-home\/\">Veja rendas do m\u00eas<\/a><\/p>\n<ul>\n<li>Oferecemos suplementos a pre\u00e7os americanos e entregamos a\u00a0todos no Brasil e internacionalmente.<\/li>\n<li>Compartilhamos artigos e depoimentos\u00a0de sa\u00fade de nossos ebooks e cl\u00ednica aqui em nosso site&#8230; basta criar &#8220;P\u00e1ginas Alternativas&#8221; com o seu link de afiliado e promov\u00ea-las online.<\/li>\n<\/ul>\n<hr \/>\n<h3><b>Perguntas &amp; Respostas<\/b><\/h3>\n<p><span style=\"color: #000000;\"><i><b>P: <\/b>Estou promovendo<strong> ebooks de dieta e sa\u00fade<\/strong> e observei que voc\u00eas tamb\u00e9m vendem <strong>produtos f\u00edsicos e suplementos.\u00a0<\/strong>Gostaria de saber se tamb\u00e9m recebo comiss\u00e3o destes produtos, ou se posso me afiliar a eles e tamb\u00e9m promov\u00ea-los?<\/i><\/span><\/p>\n<p><b>R:<\/b> Sim, s\u00e3o 2 Programas de Afiliados, cadastre-se abaixo:<\/p>\n<p><b>e-books:\u00a0<\/b><a href=\"http:\/\/genewei.com\/br\/infomedico\/index.htm\">www.genewei.com\/br\/infomedico\/index.htm<\/a><\/p>\n<p><b>Produtos e suplementos a pre\u00e7os americanos:<\/b>\u00a0<a href=\"http:\/\/genewei.com\/br\/affiliate-home\/affiliate-register\/\">www.genewei.com\/br\/affiliate-home\/affiliate-register\/<\/a><\/p>\n<hr \/>\n<p><em><strong>P:<\/strong> N\u00e3o tem como melhorar a comiss\u00e3o dos produtos?<\/em><\/p>\n<p><strong>R: <\/strong>Tentamos oferecer o m\u00e1ximo poss\u00edvel.\u00a0S\u00e3o produtos de qualidade&#8230; 5% na verdade \u00e9 20% devido aos custos e taxas dos produtos e servi\u00e7os. Ent\u00e3o vamos tentar dobrar para 10% depois sim,\u00a0quando vendendo mais e podendo adquirir os produtos a pre\u00e7os mais reduzidos. Vamos\u00a0adicionar tamb\u00e9m\u00a0um plugin de bonuses que pagar\u00e1 mais com seu n\u00fameros de vendas.<\/p>\n<p><b>e-books:<\/b>\u00a0Os ebooks vendem e lucram mais.\u00a0Ao contr\u00e1rio de outros programas de afiliados que pagam entre 5 e 40% de comiss\u00e3o, oferecemos percentagens entre 65 e a m\u00e1xima de 75%.<\/p>\n<p><b>Produtos e suplementos a pre\u00e7os americanos:\u00a0<\/b>Ganhe 5% do valor da compra. Os itens mais populares do site s\u00e3o os suplementos anti-cancer <em>Enzima de Apoio Imune e Poly-MVA. <\/em>E ao contrarios dos e-books os clientes encomendam varias unidades, e repetem depois da 1a encomenda.<\/p>\n<hr \/>\n<p><em><b>P:\u00a0<\/b>Estou aprovando um an\u00fancio no Facebook (j\u00e1 imprimi 2 boletos\u00a0e o an\u00fancio s\u00f3 ficou\u00a01 hora). Eu tamb\u00e9m compartilho dicas de sa\u00fade e suplementos e j\u00e1 consegui vender assim. Se voc\u00ea tiver\u00a0imagens e dicas, ser\u00e1 bom para n\u00f3s. Que\u00a0bom que voc\u00ea responde, da mais vontade de fazer a parceria crescer. Um abra\u00e7o.<\/em><\/p>\n<p><strong>R:\u00a0<\/strong>Entendemos sim. Criamos banners e gr\u00e1ficos abaixo e postamos no hotmart, e voc\u00ea<em>\u00a0<\/em>pode criar seu banner, imagem ou texto tb.<\/p>\n<p><a href=\"http:\/\/genewei.com\/br\/infomedico\/fimdacelulite\/afiliados.htm#banners\">Gr\u00e1ficos e v\u00eddeo\u00a0e-book Fim da Celulite<\/a>\u00a0|\u00a0<a href=\"http:\/\/curasdocancer.com\/torne-se-um-afiliado.htm\" class=\"broken_link\">Gr\u00e1ficos e v\u00eddeos\u00a0e-book Anti-Cancer<\/a><\/p>\n<p>Adicionamos sempre\u00a0mais artigos ao site de alta qualidade, que ser\u00e3o f\u00e1ceis compartilhar.<\/p>\n<hr \/>\n<h3><b>Dicas:<\/b><\/h3>\n<ul>\n<li><strong>Compartilhe seus artigos e gr\u00e1ficos<\/strong> favoritos em sua comunidade.<\/li>\n<\/ul>\n<p><img loading=\"lazy\" class=\"alignnone wp-image-2861 size-full\" src=\"http:\/\/genewei.com\/br\/wp-content\/uploads\/2017\/03\/infog-afiliados-genewei-br-small.jpg\" alt=\"\" width=\"380\" height=\"665\" srcset=\"http:\/\/genewei.com\/br\/wp-content\/uploads\/2017\/03\/infog-afiliados-genewei-br-small.jpg 380w, http:\/\/genewei.com\/br\/wp-content\/uploads\/2017\/03\/infog-afiliados-genewei-br-small-350x613.jpg 350w, http:\/\/genewei.com\/br\/wp-content\/uploads\/2017\/03\/infog-afiliados-genewei-br-small-171x300.jpg 171w\" sizes=\"(max-width: 380px) 100vw, 380px\" \/><\/p>\n<!-- AddThis Advanced Settings generic via filter on the_content --><!-- AddThis Share Buttons generic via filter on the_content -->","protected":false},"excerpt":{"rendered":"<p>Participe do Nosso Novo Programa de Afiliados! Termos e Condi\u00e7\u00f5es\u00a0| Cadastre-se aqui Afiliados: Login | Veja rendas do m\u00eas Oferecemos suplementos a pre\u00e7os americanos e entregamos a\u00a0todos no Brasil e internacionalmente. Compartilhamos artigos e depoimentos\u00a0de sa\u00fade de nossos ebooks e cl\u00ednica aqui em nosso site&#8230; basta criar &#8220;P\u00e1ginas Alternativas&#8221; com o seu link de afiliado<a class=\"moretag\" href=\"http:\/\/genewei.com\/br\/dicas-do-programa-de-afiliados\/\"> [&#8230;] <\/a><!-- AddThis Advanced Settings generic via filter on wp_trim_excerpt --><!-- AddThis Share Buttons generic via filter on wp_trim_excerpt --><\/p>\n","protected":false},"author":9,"featured_media":0,"parent":0,"menu_order":8,"comment_status":"closed","ping_status":"closed","template":"","meta":{"sfsi_plus_gutenberg_text_before_share":"","sfsi_plus_gutenberg_show_text_before_share":"","sfsi_plus_gutenberg_icon_type":"","sfsi_plus_gutenberg_icon_alignemt":"","sfsi_plus_gutenburg_max_per_row":"","_genesis_hide_title":false,"_genesis_hide_breadcrumbs":false,"_genesis_hide_singular_image":false,"_genesis_hide_footer_widgets":false,"_genesis_custom_body_class":"","_genesis_custom_post_class":"","_genesis_layout":""},"_links":{"self":[{"href":"http:\/\/genewei.com\/br\/wp-json\/wp\/v2\/pages\/2120"}],"collection":[{"href":"http:\/\/genewei.com\/br\/wp-json\/wp\/v2\/pages"}],"about":[{"href":"http:\/\/genewei.com\/br\/wp-json\/wp\/v2\/types\/page"}],"author":[{"embeddable":true,"href":"http:\/\/genewei.com\/br\/wp-json\/wp\/v2\/users\/9"}],"replies":[{"embeddable":true,"href":"http:\/\/genewei.com\/br\/wp-json\/wp\/v2\/comments?post=2120"}],"version-history":[{"count":5,"href":"http:\/\/genewei.com\/br\/wp-json\/wp\/v2\/pages\/2120\/revisions"}],"predecessor-version":[{"id":2862,"href":"http:\/\/genewei.com\/br\/wp-json\/wp\/v2\/pages\/2120\/revisions\/2862"}],"wp:attachment":[{"href":"http:\/\/genewei.com\/br\/wp-json\/wp\/v2\/media?parent=2120"}],"curies":[{"name":"wp","href":"https:\/\/api.w.org\/{rel}","templated":true}]}}