{"id":2206,"date":"2017-05-20T03:30:00","date_gmt":"2017-05-20T06:30:00","guid":{"rendered":"http:\/\/genewei.com\/br\/?page_id=2206"},"modified":"2017-05-27T07:55:38","modified_gmt":"2017-05-27T10:55:38","slug":"3-crencas-falsas-sobre-a-celulite-que-irao-choca-la-e-o-que-fazer-sobre-isso","status":"publish","type":"page","link":"http:\/\/genewei.com\/br\/3-crencas-falsas-sobre-a-celulite-que-irao-choca-la-e-o-que-fazer-sobre-isso\/","title":{"rendered":"3 Cren\u00e7as Falsas Sobre a Celulite que Ir\u00e3o Choc\u00e1-la&#8230; (E o Que Fazer Sobre Isso)"},"content":{"rendered":"\n<!-- Facebook Like Button Vivacity Infotech BEGIN -->\n<div class=\"fb-like\" data-href=\"http:\/\/genewei.com\/br\/3-crencas-falsas-sobre-a-celulite-que-irao-choca-la-e-o-que-fazer-sobre-isso\/\" data-layout=\"standard\" data-action=\"like\" data-show-faces=\"true\" data-size=\"small\" data-width=\"550\" data-share=\"1\" ><\/div>\n<!-- Facebook Like Button Vivacity Infotech END -->\n<p>&nbsp;<\/p>\n<h3>Ser\u00e1 que &#8220;A celulite \u00e9 causada pelo <strong>excesso de gordura, toxinas retidas na pele e genes ruins&#8221;?<\/strong><\/h3>\n<p>Voce tamb\u00e9m j\u00e1 ouviu isso antes?<\/p>\n<p>Estas s\u00e3o todas as coisas que ouvimos h\u00e1 anos sobre a celulite, e por que ela causa a pele a parecer irregular e desigual.<\/p>\n<p><em>Bem, mas s\u00e3o essas mesmo as raz\u00f5es corretas?<\/em><\/p>\n<p>Voc\u00ea ver\u00e1 que a resposta \u00e9, basicamente, n\u00e3o&#8230; e que famos realmente direcionadas ao caminho errado. Felizmente, estas coisas t\u00eam sido estudadas por m\u00e9dicos e cientistas de todo o mundo&#8230; e agora sabemos as verdadeiras causas da celulite.<\/p>\n<h3><strong>Ent\u00e3o, quais s\u00e3o as <em>verdadeiras<\/em> causas da celulite?<\/strong><\/h3>\n<p>Bem, no final do dia, a gordura em si n\u00e3o \u00e9 o principal problema quando se trata de celulite. O verdadeiro problema \u00e9 a<em> fraqueza<\/em> no <em>tecido conjuntivo<\/em> na <em>camada superior de gordura logo abaixo da pele.<\/em> E h\u00e1 <em>muitos<\/em> contribuintes de celulite que podem levar a este problema.<\/p>\n<p>O que \u00e9 ainda mais interessante \u00e9 que as c\u00e9lulas de gordura envolvidas na celulite n\u00e3o s\u00e3o o seu tipo normal das c\u00e9lulas de gordura. Estes s\u00e3o, na verdade, um tipo especial de c\u00e9lulas de gordura que t\u00eam diferentes receptores bioqu\u00edmicos. <em>Mais importante<\/em> ainda&#8230; esta camada superior de gordura tamb\u00e9m \u00e9 <em>cercada por tecidos conjuntivos, <\/em>que formam &#8220;compartimentos&#8221; que enclausuram estas c\u00e9lulas de gordura especiais. Mas, com o passar da vida, muitas coisas podem causar esses tecidos conjuntivos a se enfraquecerem. E quando isso acontece, as c\u00e9lulas de gordura s\u00e3o capazes de <em>&#8220;inchar&#8221; de seus bolsos do tecido conjuntivo, <\/em>e fazer com que sua pele pare\u00e7a irregular.<\/p>\n<p>Ent\u00e3o, ter muita gordura pode definitivamente piorar isso&#8230; mas a pr\u00f3pria gordura n\u00e3o \u00e9 realmente o principal problema. \u00c9 por isso que todos n\u00f3s j\u00e1 vimos algumas mulheres muito <em>magras<\/em> com celulite tamb\u00e9m&#8230; \u00e0s vezes com casos <em>muito graves <\/em>de celulite. Na verdade, at\u00e9 mesmo algumas mulheres muito atl\u00e9ticas podem ter celulite. Isso tamb\u00e9m \u00e9 por isso que muitas rotinas de exerc\u00edcios muitas vezes n\u00e3o conseguem eliminar a celulite de forma eficaz.<\/p>\n<h3><strong>Ent\u00e3o, o que sabemos sobre as toxinas? Todos n\u00f3s j\u00e1 ouvimos que as toxinas da pele \u00e9 o que causa a celulite, certo?<\/strong><\/h3>\n<p>Isso tamb\u00e9m <em>n\u00e3o<\/em> \u00e9 o caso. Embora a toxicidade seja ruim, e pode indiretamente piorar as coisas, <em>n\u00e3o \u00e9<\/em> a causa da celulite. No entanto, existem algumas toxinas que podem contribuir para a celulite, porque elas <em>agem como horm\u00f4nios femininos em seu corpo.<\/em> E isso nos leva a um dos contribuintes da celulite mais importantes&#8230; <em>Horm\u00f4nios<\/em>&#8230; especialmente o horm\u00f4nio feminino &#8220;estrog\u00eanio.&#8221; O estrog\u00eanio \u00e9 importante para sua sa\u00fade. Mas quando est\u00e1 fora de equil\u00edbrio com os outros horm\u00f4nios em seu corpo, ele pode realmente come\u00e7ar a criar problemas. E isso \u00e9 especialmente ruim para a celulite porque o<em> estrog\u00eanio pode causar as c\u00e9lulas do tecido conjuntivo a se &#8220;auto-destruirem&#8221; e enfraquecer os tecidos conjuntivos&#8230; <\/em>incluindo aqueles envolvidos na celulite.<\/p>\n<p>Esta rela\u00e7\u00e3o de horm\u00f4nios para celulite \u00e9 tamb\u00e9m por que os homens raramente obt\u00eam celulite, mesmo quando eles est\u00e3o acima do peso ideal deles. Isso ocorre porque o estrog\u00eanio no corpo masculino \u00e9 mantido em equil\u00edbrio por horm\u00f4nios masculinos como a testosterona. Mas aqui est\u00e1 um fato surpreendente&#8230; homens que s\u00e3o tratados com horm\u00f4nios femininos para uma determinada doen\u00e7a, na verdade, podem desenvolver celulite tamb\u00e9m! Isso nos mostra a <em>enorme<\/em> import\u00e2ncia do equil\u00edbrio hormonal em termos de celulite, e por que as mulheres s\u00e3o especialmente vulner\u00e1veis a ter esses problemas. Assim, mais importante do que as toxinas, s\u00e3o<em> horm\u00f4nios femininos, e produtos qu\u00edmicos imitando estrog\u00e9nio<\/em> que s\u00e3o um problema quando se trata de celulite.<\/p>\n<h3><strong>A terceira id\u00e9ia mais comum sobre a celulite \u00e9 que ela \u00e9 causada por &#8220;genes ruins&#8230;&#8221;<\/strong><\/h3>\n<p>Essa id\u00e9ia tamb\u00e9m \u00e9 muito enganadora. Apesar de genes poderem ser um fator na celulite, eles definitivamente n\u00e3o s\u00e3o um fator limitante. Em outras palavras, se os genes ruins pudessem impedi-la de eliminar a celulite, n\u00e3o ter\u00edamos mulheres de todo o mundo sendo tratadas com sucesso por meio de t\u00e9cnicas m\u00e9dicas especializadas que reduzem ou eliminam a celulite. O que voc\u00ea precisa entender \u00e9 que os tecidos moles s\u00e3o facilmente male\u00e1veis, e eles podem mudar se voc\u00ea estimul\u00e1-los corretamente. Bodybuilders podem aumentar sua massa muscular enormemente&#8230; praticantes de Yoga podem se tornar extremamente flex\u00edveis&#8230; Isso \u00e9 apenas a forma como o corpo funciona. E com as t\u00e9cnicas corretas, voc\u00ea tamb\u00e9m pode fortalecer os tecidos conjuntivos em sua camada superior de gordura, e criar uma apar\u00eancia suave na pele&#8230; independentemente de seus genes.<\/p>\n<p>Em vez de pensar sobre os seus genes, voc\u00ea deve pensar sobre a circula\u00e7\u00e3o de sua pele e camada superior de gordura. A maioria das pessoas na sociedade moderna move seus corpos muito pouco, e estressam muito as mentes delas. Esta \u00e9 uma combina\u00e7\u00e3o muito ruim em termos de fluxo de sangue&#8230; e todas as c\u00e9lulas do seu corpo dependem do fluxo de sangue para sobreviver. Mas quando a circula\u00e7\u00e3o torna-se fraca, os tecidos tamb\u00e9m se enfraquecem e come\u00e7am a desmoronar.<\/p>\n<p><strong><img loading=\"lazy\" class=\"alignleft\" src=\"http:\/\/genewei.com\/br\/infomedico\/images\/depoimento-fim-celulite-antes-depois.jpg\" width=\"270\" height=\"180\" \/><\/strong>Al\u00e9m disso, voc\u00ea tamb\u00e9m deve ter certeza de que o sangue que est\u00e1 sendo entregue aos seus tecidos \u00e9 saud\u00e1vel e rico em nutrientes anti-inflamat\u00f3rios respons\u00e1veis pela forma\u00e7\u00e3o e constru\u00e7\u00e3o de tecidos. Isso permitir\u00e1 que seus tecidos sejam mais fortes e que mantenham a gordura no lugar, de modo que ela n\u00e3o ser\u00e1 empurrada para fora e pare\u00e7a\u00a0irregular.<\/p>\n<p>Assim, em vez de olhar para gordura, toxinas e gen\u00e9tica&#8230; voc\u00ea deve mudar seu foco para os tecidos saud\u00e1veis conjuntivos, equil\u00edbrio hormonal, e uma \u00f3ptima circula\u00e7\u00e3o. E quando voc\u00ea est\u00e1 no caminho certo, voc\u00ea pode alcan\u00e7ar seu objetivo de ter uma pele lisa, bonita e saud\u00e1vel.<\/p>\n<h3>Ent\u00e3o, o que eu devo estar fazendo sobre essas coisas, agora que eu entendo como funcionam?<\/h3>\n<h2><strong>Aqui est\u00e3o 3 dicas simples que voc\u00ea pode usar para come\u00e7ar no caminho certo:<\/strong><\/h2>\n<p style=\"padding-left: 30px;\"><em><strong>1.<\/strong> Inicie adicionando mais caldos de osso \u00e0 sua dieta. Isso pode ser feito a partir de coisas como ossos de frango ou carne, idealmente de fazendas naturais. Isto lhe dar\u00e1 os tipos de amino\u00e1cidos que voc\u00ea precisa para reconstruir fortes tecidos conjuntivos.\u00a0<\/em><\/p>\n<p style=\"padding-left: 30px;\"><em><strong>2. <\/strong>Coma mais allium e vegetais cruc\u00edferos (alho, cebola, repolho, couve, etc&#8230;). Estes s\u00e3o ricos em compostos de enxofre que ajudam seu corpo a criar &#8220;glutationa&#8221;, que \u00e9 a qu\u00edmica mestre de desintoxica\u00e7\u00e3o de seu corpo. Quanto mais glutationa seu corpo pode produzir, melhor o seu f\u00edgado pode desintoxicar horm\u00f4nios indesej\u00e1veis. A fibra nesses vegetais, tamb\u00e9m ajudar\u00e1 a absorver e eliminar os horm\u00f4nios, de modo que eles n\u00e3o sejam reciclados em seu corpo.<\/em><\/p>\n<p style=\"padding-left: 30px;\"><em><strong>3.<\/strong> Estimule seus tecidos frequentemente. Gaste alguns minutos antes de seus chuveiros, esfregando as \u00e1reas de celulite em seu corpo vigorosamente. Voc\u00ea deve esfregar at\u00e9 que seus tecidos se tornem vermelhos e quentes com o fluxo de sangue. Isso ir\u00e1 estimular o fluxo sangu\u00edneo e fortalecer os tecidos conjuntivos tamb\u00e9m.\u00a0<\/em><\/p>\n<h3 style=\"text-align: left;\" align=\"center\"><strong>Ent\u00e3o, comece a seguir estas dicas e voc\u00ea estar\u00e1 em seu caminho para alcan\u00e7ar o corpo que voc\u00ea sempre quis!<\/strong><\/h3>\n<p style=\"text-align: left;\" align=\"center\"><em><strong>E h\u00e1 muito mais dicas\u00a0como essa em nosso programa <a href=\"https:\/\/www.hotmart.net.br\/checkout.html?order=U2492449U\">&#8220;Fim da Celulite&#8221;&#8230;<\/a><\/strong><\/em><\/p>\n<p style=\"text-align: left;\" align=\"center\"><em>Na verdade, n\u00f3s projetamos o nosso programa para imitar tratamentos profissionais anti-celulite, mas com coisas comuns que voc\u00ea pode encontrar em qualquer supermercado. Aprenda muito mais e inicie em\u00a0seu <a href=\"https:\/\/www.hotmart.net.br\/checkout.html?order=U2492449U\">programa completo aqui.<\/a><\/em><\/p>\n<div align=\"left\">\n<div align=\"left\">\n<p align=\"center\"><em><a href=\"https:\/\/www.hotmart.net.br\/checkout.html?order=U2492449U\"><img loading=\"lazy\" src=\"http:\/\/genewei.com\/br\/infomedico\/images\/celulite-capitulos-livro.png\" width=\"580\" height=\"240\" border=\"0\" \/><\/a><\/em><\/p>\n<hr \/>\n<\/div>\n<div align=\"left\">\n<h3>D\u00favidas<\/h3>\n<div class=\"PlainText\"><span style=\"color: #333333;\"><em><strong>P: Quantas p\u00e1ginas tem o ebook ?<\/strong> <\/em><\/span><strong><span style=\"color: #333333;\"><em>Esse valor n\u00e3o ser\u00e1 debitado todos m\u00eas em minha conta?\u00a0<\/em><\/span><\/strong><span style=\"color: #333333;\"><em>O site de vcs \u00e9 muito convincente&#8230; tenho medo de cair em uma armadilha&#8230;. <\/em><\/span><br \/>\n<span style=\"color: #333333;\"><em>Sempre me pergunto <strong>o porqu\u00ea das malditas CELULITES\u00a0<\/strong> \u00e9 uma luta constante.\u00a0 E vcs s\u00e3o muito claros.\u00a0 Eu estou at\u00e9 acreditando, por\u00e9m com medo, pois com a internet podemos tudo.\u00a0 E se eu n\u00e3o gostar? Devolvem meu dinheiro? Obrigada!<\/em><\/span><\/div>\n<div class=\"PlainText\"><\/div>\n<div class=\"PlainText\"><span style=\"color: #808080;\">R:\u00a0S\u00e3o 126 p\u00e1ginas, e\u00a0apenas uma cobran\u00e7a, de um livro&#8230; n\u00e3o\u00a0h\u00e1 cobran\u00e7as todo m\u00eas.<\/span>\u00a0<span style=\"color: #808080;\">Trabalho aqui no site e e<\/span><span style=\"color: #808080;\">ntendo suas d\u00favidas sim. O resultado de cada pessoa ser\u00e1 diferente e muito disso depende do esfor\u00e7o que vc dedica. O livro do Dr. Gene se dedica \u00e0 sa\u00fade de todos e ensina vc como imitar tratamentos professionais, muitos dos quais s\u00e3o provados a combater a celulite. Se vc n\u00e3o gostar podemos sim processar um reembolso, ou <a href=\"http:\/\/genewei.com\/br\/fale-conosco\/\">me escreva aqui diretamente<\/a> e vamos responder suas d\u00favidas assim melhorando o ebook para todos.<\/span><\/div>\n<\/div>\n<\/div>\n<!-- AddThis Advanced Settings generic via filter on the_content --><!-- AddThis Share Buttons generic via filter on the_content -->","protected":false},"excerpt":{"rendered":"<p>&nbsp; Ser\u00e1 que &#8220;A celulite \u00e9 causada pelo excesso de gordura, toxinas retidas na pele e genes ruins&#8221;? Voce tamb\u00e9m j\u00e1 ouviu isso antes? Estas s\u00e3o todas as coisas que ouvimos h\u00e1 anos sobre a celulite, e por que ela causa a pele a parecer irregular e desigual. Bem, mas s\u00e3o essas mesmo as raz\u00f5es<a class=\"moretag\" href=\"http:\/\/genewei.com\/br\/3-crencas-falsas-sobre-a-celulite-que-irao-choca-la-e-o-que-fazer-sobre-isso\/\"> [&#8230;] <\/a><!-- AddThis Advanced Settings generic via filter on wp_trim_excerpt --><!-- AddThis Share Buttons generic via filter on wp_trim_excerpt --><\/p>\n","protected":false},"author":9,"featured_media":0,"parent":0,"menu_order":5,"comment_status":"closed","ping_status":"closed","template":"","meta":{"sfsi_plus_gutenberg_text_before_share":"","sfsi_plus_gutenberg_show_text_before_share":"","sfsi_plus_gutenberg_icon_type":"","sfsi_plus_gutenberg_icon_alignemt":"","sfsi_plus_gutenburg_max_per_row":"","_genesis_hide_title":false,"_genesis_hide_breadcrumbs":false,"_genesis_hide_singular_image":false,"_genesis_hide_footer_widgets":false,"_genesis_custom_body_class":"","_genesis_custom_post_class":"","_genesis_layout":"content-sidebar"},"_links":{"self":[{"href":"http:\/\/genewei.com\/br\/wp-json\/wp\/v2\/pages\/2206"}],"collection":[{"href":"http:\/\/genewei.com\/br\/wp-json\/wp\/v2\/pages"}],"about":[{"href":"http:\/\/genewei.com\/br\/wp-json\/wp\/v2\/types\/page"}],"author":[{"embeddable":true,"href":"http:\/\/genewei.com\/br\/wp-json\/wp\/v2\/users\/9"}],"replies":[{"embeddable":true,"href":"http:\/\/genewei.com\/br\/wp-json\/wp\/v2\/comments?post=2206"}],"version-history":[{"count":5,"href":"http:\/\/genewei.com\/br\/wp-json\/wp\/v2\/pages\/2206\/revisions"}],"predecessor-version":[{"id":2336,"href":"http:\/\/genewei.com\/br\/wp-json\/wp\/v2\/pages\/2206\/revisions\/2336"}],"wp:attachment":[{"href":"http:\/\/genewei.com\/br\/wp-json\/wp\/v2\/media?parent=2206"}],"curies":[{"name":"wp","href":"https:\/\/api.w.org\/{rel}","templated":true}]}}