{"id":2213,"date":"2017-05-20T10:06:25","date_gmt":"2017-05-20T13:06:25","guid":{"rendered":"http:\/\/genewei.com\/br\/?page_id=2213"},"modified":"2017-05-27T07:56:32","modified_gmt":"2017-05-27T10:56:32","slug":"3-alimentos-incomparaveis-para-eliminar-a-celulite","status":"publish","type":"page","link":"http:\/\/genewei.com\/br\/3-alimentos-incomparaveis-para-eliminar-a-celulite\/","title":{"rendered":"3 Alimentos Incompar\u00e1veis Para Eliminar a Celulite"},"content":{"rendered":"\n<!-- Facebook Like Button Vivacity Infotech BEGIN -->\n<div class=\"fb-like\" data-href=\"http:\/\/genewei.com\/br\/3-alimentos-incomparaveis-para-eliminar-a-celulite\/\" data-layout=\"standard\" data-action=\"like\" data-show-faces=\"true\" data-size=\"small\" data-width=\"550\" data-share=\"1\" ><\/div>\n<!-- Facebook Like Button Vivacity Infotech END -->\n<p>&nbsp;<\/p>\n<p>A celulite \u00e9 um problema super comum&#8230; assim se voc\u00ea tamb\u00e9m tem celulite, voc\u00ea n\u00e3o deve se sentir mal. Na verdade, mais de <em>80% das mulheres sofrem desta condi\u00e7\u00e3o comum. <\/em>Mas ningu\u00e9m gosta de como a celulite parece, e para algumas mulheres, ela pode at\u00e9 mesmo afetar a auto-confian\u00e7a e vida amorosa delas.<\/p>\n<h3><em><strong>Ent\u00e3o, como podemos nos livrar deste problema irritante? \u00c9 poss\u00edvel que determinados alimentos podem ajud\u00e1-la a eliminar a celulite?<\/strong><\/em><\/h3>\n<p><strong><img loading=\"lazy\" class=\"alignleft\" src=\"http:\/\/genewei.com\/br\/infomedico\/images\/depoimento-fim-celulite-antes-depois.jpg\" width=\"270\" height=\"180\" \/>A resposta \u00e9 SIM..<\/strong>. mas&#8230; para entender por que e como certos alimentos podem ajud\u00e1-la contra a celulite, primeiro voc\u00ea deve entender como a celulite funciona e que causa ela. Muitas pessoas pensam que a celulite resulta do excesso de gordura. Os tecidos gordos est\u00e3o certamente envolvidos, mas o principal problema n\u00e3o \u00e9 a gordura em si&#8230; <em>s\u00e3o os tecidos conectivos <\/em>que cercam as c\u00e9lulas de gordura na camada superior de tecido adiposo que permite a celulite a ocorrer. Quando esses tecidos conjuntivos se enfraquecem, as c\u00e9lulas de gordura podem ser empurrada para fora, criando aquela apar\u00eancia irregular e esburacada que todos n\u00f3s conhecemos como a celulite.<\/p>\n<p>As c\u00e9lulas de gordura nesta camada superior de gordura tamb\u00e9m s\u00e3o <em>diferente<\/em> das c\u00e9lulas de gordura em outras partes do corpo. Estes tipos especiais de c\u00e9lulas de gordura se comportam de forma diferente, porque elas t\u00eam diferentes tipos de receptores. C\u00e9lulas de gordura normais respondem, principalmente, a quantidade de exerc\u00edcio <em>versus<\/em> a quantidade de alimento que voc\u00ea come. <em>C\u00e9lulas de gordura de celulite respondem essencialmente \u00e0 horm\u00f4nios.<\/em> Este fato foi comprovado cientificamente, e \u00e9 t\u00e3o importante, pois mostra que as t\u00e9cnicas normais de perda de peso n\u00e3o s\u00e3o uma boa abordagem para eliminar a celulite.<\/p>\n<p><img loading=\"lazy\" src=\"http:\/\/genewei.com\/br\/infomedico\/images\/como-se-livrar-da-celulite-celulas.png\" width=\"650\" height=\"318\" \/><\/p>\n<p>Os tecidos conjuntivos que rodeiam essas c\u00e9lulas de gordura tamb\u00e9m respondem aos horm\u00f4nios, especialmente o <em>horm\u00f4nio feminino estrog\u00eanio.<\/em> Estrog\u00eanio pode causar com que o col\u00e1geno nestes tecidos conjuntivos se &#8220;auto-destruam&#8221; e caus\u00e1-los a se tornarem fracos. Devido a estes efeitos causados por horm\u00f4nios, nas c\u00e9lulas de gordura e nas c\u00e9lulas do tecido conjuntivo, o desequil\u00edbrio hormonal \u00e9 uma das coisas mais importantes resolver quando se tratando de eliminar a celulite.<\/p>\n<p>Al\u00e9m de coisas como desequil\u00edbrio hormonal&#8230; m\u00e1 circula\u00e7\u00e3o e m\u00e1 nutri\u00e7\u00e3o tamb\u00e9m podem contribuir para os tecidos conjuntivos enfraquecidos nesta camada superior de gordura sob a pele. Suas c\u00e9lulas s\u00e3o alimentadas por nutrientes, e os nutrientes s\u00e3o entregues pelo fluxo de sangue em seu corpo. Todas essas coisas afetam a sa\u00fade de suas c\u00e9lulas, por isso \u00e9 importante otimiz\u00e1-los se voc\u00ea quiser eliminar a celulite de forma eficaz.<\/p>\n<p>No geral, h\u00e1 muitas maneiras de fazer isso&#8230; e alguns m\u00e9todos podem ser complexos e exigem um grande esfor\u00e7o. Mas, felizmente, tamb\u00e9m existem certos alimentos que podem ajud\u00e1-la a fortalecer os tecidos conectivos para eliminar a celulite. Estes alimentos s\u00e3o importantes porque podem neutralizar todos esses fatores que permitem que seus tecidos conjuntivos se tornem fracos.<\/p>\n<p><em><strong>Ent\u00e3o, aqui est\u00e3o 3 alimentos \u00fanicos que podem reverter esses fatores que causam celulite:<\/strong><\/em><\/p>\n<p style=\"padding-left: 30px;\"><em><strong>1. Mostarda:<\/strong> Este ingrediente \u00e9 comumente usado como um condimento para coisas como hamb\u00fargueres e cachorros-quentes. Mas, em vez disso, ignorar os hamb\u00fargueres e cachorros-quentes, e usar apenas a mostarda em outros pratos! Sementes de mostarda cont\u00e9m horm\u00f4nios a base de plantas que podem neutralizar o excesso de horm\u00f4nios femininos que a maioria das mulheres t\u00eam. E como \u00e9 parte da fam\u00edlia de &#8220;vegetais cruc\u00edferos&#8221;, ele tamb\u00e9m \u00e9 rico em nutrientes de enxofre que ajudam seu corpo a se desintoxicar de horm\u00f4nios indesej\u00e1veis.<\/em><\/p>\n<p style=\"padding-left: 30px;\"><em><strong>2. R\u00facula: <\/strong>Este ingrediente \u00e9 principalmente para promover o fluxo de sangue saud\u00e1vel no organismo. Cada c\u00e9lula do seu corpo \u00e9 alimentada pelo fluxo sangu\u00edneo. Mas quando o fluxo fica fraco, o tecido pode ficar fraco tamb\u00e9m. E por causa de coisas como o estresse cr\u00f4nico e falta de movimento em nossas vidas modernas, o fluxo de sangue para as camadas superiores da gordura e da pele muitas vezes sofre mais. Uma das melhores maneiras de promover um melhor fluxo de sangue em seu corpo \u00e9 incluir alimentos que s\u00e3o ricos em nitratos naturais, que promovem vaso sangu\u00edneo abertura produtos qu\u00edmicos em seu corpo. R\u00facula \u00e9 uma das mais ricas fontes de nitratos naturais, de modo que devemos definitivamente manter alguns na cozinha sempre. Assim, incluir mais r\u00facula em suas refei\u00e7\u00f5es, tanto sob a forma de folhas inteiras e suco.<\/em><\/p>\n<p style=\"padding-left: 30px;\"><em><strong>3. Gelatina: <\/strong>Como os tecidos em sua pele, tecidos conectivos s\u00e3o em grande parte compostos de prote\u00ednas de col\u00e1geno. Mas, para que eles permane\u00e7am firmes, voc\u00ea precisa ter uma grande quantidade de nutrientes que suportam a forma\u00e7\u00e3o de col\u00e1geno. Mas a dieta moderna nos impede de obter o m\u00e1ximo de col\u00e1geno como costum\u00e1vamos obter antigamente. Historicamente, os seres humanos cozinhavam muitas partes diferentes do animal, incluindo carnes de \u00f3rg\u00e3os, ossos e tecidos conjuntivos. Mas, agora, na maior parte das vezes comemos apenas as carnes musculares de animais e tentamos ficar longe de coisas como tecidos conjuntivos e carnes de \u00f3rg\u00e3os. A maioria das pessoas tentam obter as partes mais macias poss\u00edveis, que s\u00e3o, na verdade, as mais baixas nutrientes que apoiam col\u00e1geno. Ironicamente, as partes mais dif\u00edceis de carne cont\u00eam mais nutrientes que apoiam col\u00e1geno, porque elas s\u00e3o ricas em tecidos conjuntivos mastig\u00e1veis.Assim, uma maneira de ter certeza de obter o suficiente destes nutrientes \u00e9 adicionar gelatina em sua dieta. A gelatina pode ser muito poderosa para fortalecer os tecidos conectivos, pois \u00e9 basicamente &#8220;col\u00e1geno cozinhado&#8221;&#8230; o mesmo tipo de prote\u00edna que comp\u00f5e os tecidos conjuntivos em seu corpo. Ent\u00e3o n\u00e3o se esque\u00e7a de adicionar mais gelatina em sua dieta.<\/em><\/p>\n<p><strong><em>E ent\u00e3o, o que voc\u00ea acha? <\/em><\/strong><strong><em>Comece a adicionar estes alimentos em sua dieta, e voc\u00ea estar\u00e1 no caminho certo para o corpo que voc\u00ea sempre quis!<\/em><\/strong><\/p>\n<p>Todos esses alimentos funcionam <em>em conjunto <\/em>para ajud\u00e1-la a eliminar a celulite. Isto \u00e9 importante lembrar, porque a celulite \u00e9 causada por uma variedade de fatores. E se voc\u00ea quiser eliminar a celulite de forma eficaz, voc\u00ea ter\u00e1 que <em>atac\u00e1-la de muitos \u00e2ngulos diferentes.<\/em><\/p>\n<p><em><strong>E h\u00e1 muito mais dicas\u00a0como essa em nosso programa\u00a0educacional &#8220;Fim da Celulite&#8221;&#8230;\u00a0<\/strong><\/em><em>Na verdade, n\u00f3s projetamos o nosso programa para imitar tratamentos profissionais anti-celulite, mas com coisas comuns que voc\u00ea pode encontrar em qualquer\u00a0supermercado!<\/em><\/p>\n<p><em><strong>Aprenda muito mais com a nossa v\u00eddeo-aula e garanta o seu programa completo abaixo&#8230;<\/strong><\/em><\/p>\n<div align=\"center\">\n<div align=\"left\">\n<h2 align=\"center\"><span style=\"color: #ff6600;\"><strong>Programa Fim da Celulite<\/strong><\/span><\/h2>\n<div align=\"left\">\n<div align=\"left\">\n<p align=\"center\"><a href=\"https:\/\/www.hotmart.net.br\/checkout.html?order=U2492449U\"><img loading=\"lazy\" src=\"http:\/\/genewei.com\/br\/infomedico\/images\/clique-aqui-acesso-lg.png\" width=\"550\" height=\"62\" border=\"0\" \/><\/a><\/p>\n<p align=\"center\"><em><a href=\"https:\/\/www.hotmart.net.br\/checkout.html?order=U2492449U\"><img loading=\"lazy\" src=\"http:\/\/genewei.com\/br\/infomedico\/images\/celulite-capitulos-livro.png\" width=\"580\" height=\"240\" border=\"0\" \/><\/a><\/em><\/p>\n<\/div>\n<div align=\"left\"><\/div>\n<div align=\"left\">\n<p><img loading=\"lazy\" class=\"aligncenter\" src=\"http:\/\/genewei.com\/br\/infomedico\/images\/garantia-gold-shadow.png\" width=\"145\" height=\"121\" \/><\/p>\n<div align=\"left\"><strong>Compra Segura <\/strong><strong>e confidencial via Hotmart&#8230;\u00a0<\/strong><em>o sistema mais seguro do Brasil!\u00a0Este \u00e9 um produto <strong>100% online em PDF,<\/strong> voc\u00ea n\u00e3o receber\u00e1 nenhum produto f\u00edsico em sua casa.<\/em><\/div>\n<div align=\"left\">\n<p><img loading=\"lazy\" src=\"http:\/\/genewei.com\/br\/infomedico\/images\/pagamento-hotmart.png\" width=\"304\" height=\"34\" \/><\/p>\n<hr \/>\n<\/div>\n<h3>D\u00favidas<\/h3>\n<div class=\"PlainText\"><span style=\"color: #333333;\"><em><strong>P: Quantas p\u00e1ginas tem o ebook ?<\/strong> <\/em><\/span><strong><span style=\"color: #333333;\"><em>Esse valor n\u00e3o ser\u00e1 debitado todos m\u00eas em minha conta?\u00a0<\/em><\/span><\/strong><span style=\"color: #333333;\"><em>O site de vcs \u00e9 muito convincente&#8230; tenho medo de cair em uma armadilha&#8230;. <\/em><\/span><br \/>\n<span style=\"color: #333333;\"><em>Sempre me pergunto <strong>o porqu\u00ea das malditas CELULITES\u00a0<\/strong> \u00e9 uma luta constante.\u00a0 E vcs s\u00e3o muito claros.\u00a0 Eu estou at\u00e9 acreditando, por\u00e9m com medo, pois com a internet podemos tudo.\u00a0 E se eu n\u00e3o gostar? Devolvem meu dinheiro? Obrigada!<\/em><\/span><\/div>\n<\/div>\n<\/div>\n<\/div>\n<div class=\"PlainText\"><\/div>\n<div align=\"left\">\n<div align=\"left\">\n<div align=\"left\">\n<div class=\"PlainText\"><span style=\"color: #808080;\">R:\u00a0S\u00e3o 126 p\u00e1ginas, e\u00a0apenas uma cobran\u00e7a, de um livro&#8230; n\u00e3o\u00a0h\u00e1 cobran\u00e7as todo m\u00eas.<\/span>\u00a0<span style=\"color: #808080;\">Trabalho aqui no site e e<\/span><span style=\"color: #808080;\">ntendo suas d\u00favidas sim. O resultado de cada pessoa ser\u00e1 diferente e muito disso depende do esfor\u00e7o que vc dedica. O livro do Dr. Gene se dedica \u00e0 sa\u00fade de todos e ensina vc como imitar tratamentos professionais, muitos dos quais s\u00e3o provados a combater a celulite. Se vc n\u00e3o gostar podemos sim processar um reembolso, ou <a href=\"http:\/\/genewei.com\/br\/fale-conosco\/\">me escreva aqui<\/a>\u00a0e vamos responder suas d\u00favidas assim melhorando o ebook para todos.<\/span><\/div>\n<\/div>\n<\/div>\n<\/div>\n<\/div>\n<!-- AddThis Advanced Settings generic via filter on the_content --><!-- AddThis Share Buttons generic via filter on the_content -->","protected":false},"excerpt":{"rendered":"<p>&nbsp; A celulite \u00e9 um problema super comum&#8230; assim se voc\u00ea tamb\u00e9m tem celulite, voc\u00ea n\u00e3o deve se sentir mal. Na verdade, mais de 80% das mulheres sofrem desta condi\u00e7\u00e3o comum. Mas ningu\u00e9m gosta de como a celulite parece, e para algumas mulheres, ela pode at\u00e9 mesmo afetar a auto-confian\u00e7a e vida amorosa delas. Ent\u00e3o,<a class=\"moretag\" href=\"http:\/\/genewei.com\/br\/3-alimentos-incomparaveis-para-eliminar-a-celulite\/\"> [&#8230;] <\/a><!-- AddThis Advanced Settings generic via filter on wp_trim_excerpt --><!-- AddThis Share Buttons generic via filter on wp_trim_excerpt --><\/p>\n","protected":false},"author":9,"featured_media":0,"parent":0,"menu_order":8,"comment_status":"closed","ping_status":"closed","template":"","meta":{"sfsi_plus_gutenberg_text_before_share":"","sfsi_plus_gutenberg_show_text_before_share":"","sfsi_plus_gutenberg_icon_type":"","sfsi_plus_gutenberg_icon_alignemt":"","sfsi_plus_gutenburg_max_per_row":"","_genesis_hide_title":false,"_genesis_hide_breadcrumbs":false,"_genesis_hide_singular_image":false,"_genesis_hide_footer_widgets":false,"_genesis_custom_body_class":"","_genesis_custom_post_class":"","_genesis_layout":"content-sidebar"},"_links":{"self":[{"href":"http:\/\/genewei.com\/br\/wp-json\/wp\/v2\/pages\/2213"}],"collection":[{"href":"http:\/\/genewei.com\/br\/wp-json\/wp\/v2\/pages"}],"about":[{"href":"http:\/\/genewei.com\/br\/wp-json\/wp\/v2\/types\/page"}],"author":[{"embeddable":true,"href":"http:\/\/genewei.com\/br\/wp-json\/wp\/v2\/users\/9"}],"replies":[{"embeddable":true,"href":"http:\/\/genewei.com\/br\/wp-json\/wp\/v2\/comments?post=2213"}],"version-history":[{"count":5,"href":"http:\/\/genewei.com\/br\/wp-json\/wp\/v2\/pages\/2213\/revisions"}],"predecessor-version":[{"id":2338,"href":"http:\/\/genewei.com\/br\/wp-json\/wp\/v2\/pages\/2213\/revisions\/2338"}],"wp:attachment":[{"href":"http:\/\/genewei.com\/br\/wp-json\/wp\/v2\/media?parent=2213"}],"curies":[{"name":"wp","href":"https:\/\/api.w.org\/{rel}","templated":true}]}}