{"id":2220,"date":"2017-05-20T11:00:51","date_gmt":"2017-05-20T14:00:51","guid":{"rendered":"http:\/\/genewei.com\/br\/?page_id=2220"},"modified":"2017-05-27T07:55:56","modified_gmt":"2017-05-27T10:55:56","slug":"3-alimentos-que-causam-a-celulite-a-se-desenvolver-rapidamente-evite-o-primeiro-a-todo-custo","status":"publish","type":"page","link":"http:\/\/genewei.com\/br\/3-alimentos-que-causam-a-celulite-a-se-desenvolver-rapidamente-evite-o-primeiro-a-todo-custo\/","title":{"rendered":"3 Alimentos que Causam a Celulite a se Desenvolver Rapidamente (Evite o Primeiro a Todo Custo!)"},"content":{"rendered":"\n<!-- Facebook Like Button Vivacity Infotech BEGIN -->\n<div class=\"fb-like\" data-href=\"http:\/\/genewei.com\/br\/3-alimentos-que-causam-a-celulite-a-se-desenvolver-rapidamente-evite-o-primeiro-a-todo-custo\/\" data-layout=\"standard\" data-action=\"like\" data-show-faces=\"true\" data-size=\"small\" data-width=\"550\" data-share=\"1\" ><\/div>\n<!-- Facebook Like Button Vivacity Infotech END -->\n<p>Muitas coisas em nossas vidas podem contribuir para celulite&#8230; mas h\u00e1 algumas que voc\u00ea deve ter cuidado extra para evitar.<\/p>\n<h3><em>Ent\u00e3o, quais s\u00e3o essas coisas, e por que elas causam a celulite?<\/em><\/h3>\n<p>Bem, antes que possamos falar sobre isso, voc\u00ea deve saber um pouco sobre a celulite e como ela funciona. A maioria das pessoas acham que a celulite vem do excesso de gordura em seu corpo. Esta <strong><em>n\u00e3o<\/em><\/strong> \u00e9 a hist\u00f3ria real&#8230; Embora celulite ocorra nas camadas superiores de gordura em seu corpo, \u00e9 o <strong><em>bolso do tecido conjuntivo<\/em><\/strong> em torno dessas c\u00e9lulas de gordura que \u00e9 o principal problema. Quando estes tecidos tornam-se fracos, as c\u00e9lulas de gordura podem ser empurradas para fora, criando a apar\u00eancia irregular e esburacada que n\u00f3s conhecemos como celulite. Ter muita gordura pode colocar mais press\u00e3o sobre estes tecidos, mas \u00e9 a <strong><em>fraqueza do tecido <\/em><\/strong>que permite que a celulite apare\u00e7a. \u00c9 por isso que muitas mulheres magras t\u00eam celulite tamb\u00e9m. E como voc\u00ea vai aprender, isto \u00e9 tamb\u00e9m por que os homens raramente desenvolvem celulite, mesmo quando eles est\u00e3o gordos, com excesso de peso.<\/p>\n<h3><em>Ent\u00e3o, por que estes tecidos conjuntivos ficam fracos? E por que isso acontece principalmente com as mulheres?<\/em><\/h3>\n<p>A resposta \u00e9 <em>horm\u00f4nios&#8230; especialmente o horm\u00f4nio feminino estrog\u00eanio.<\/em> Tanto homens como mulheres t\u00eam estrog\u00eanio em seus corpos. Mas as mulheres naturalmente t\u00eam mais estrog\u00eanio no corpo delas, o que \u00e9 normal. Mas, se h\u00e1 excesso de estrog\u00eanio, ou ele est\u00e1 fora de equil\u00edbrio com os outros horm\u00f4nios em seu corpo, ent\u00e3o se torna um problema e pode causar uma s\u00e9rie de transtornos. Mais importante ainda, o estrog\u00e9nio tem sido encontrado a danificar prote\u00ednas de colag\u00e9nio, os mesmos tipos de prote\u00ednas que se associam a maioria das pessoas com pele. Mas as c\u00e9lulas de gordura para celulite relacionados tamb\u00e9m est\u00e3o rodeados por prote\u00ednas de col\u00e1geno que formam o bolso de tecido conjuntivo em torno da gordura. Assim, o desequil\u00edbrio hormonal \u00e9 uma das <strong>maiores causas<\/strong> da celulite, porque enfraquece os tecidos conjuntivos que seguram as gorduras da celulite juntas.<\/p>\n<p>Outra causa de fraqueza nesses tecidos conjuntivos \u00e9 um ac\u00famulo de algo chamado de &#8220;produtos finais da glica\u00e7\u00e3o.&#8221; Estas s\u00e3o subst\u00e2ncias que v\u00eam principalmente da m\u00e1 alimenta\u00e7\u00e3o. Quando entram em seu corpo, elas podem causar danos a v\u00e1rios tipos de prote\u00ednas que elas tocam. Elas s\u00e3o especialmente ruins para a celulite, porque os produtos finais da glica\u00e7\u00e3o tamb\u00e9m causam danos \u00e0s prote\u00ednas de col\u00e1geno e elastina. Estas s\u00e3o as mesmas prote\u00ednas que permitem que seus tecidos conjuntivos sejam forte e flex\u00edveis.<\/p>\n<p>Assim, o excesso de estrog\u00eanio e produtos finais da glica\u00e7\u00e3o s\u00e3o alguns dos fatores mais importantes para controlar, se voc\u00ea quiser eliminar a celulite de sua vida. E embora esses fatores que promovem a celulite possam acontecer por uma s\u00e9rie de raz\u00f5es, aqui est\u00e3o algumas das coisas mais importantes que voc\u00ea ir\u00e1 querer evitar.<\/p>\n<h2 align=\"center\"><strong>Evite&#8230;<\/strong><\/h2>\n<p style=\"padding-left: 30px;\" align=\"left\"><em><strong>1. Molho de Tomate Enlatado<\/strong> (use molho de tomate em frascos vez de latas): Estrog\u00eanio que promove celulite pode vir em diferentes formas. Mas uma delas v\u00eam de produtos qu\u00edmicos artificiais que agem como estrog\u00eanio em seu corpo&#8230; estes s\u00e3o chamados <strong>xenoestrog\u00eanios.<\/strong> E a maioria destes v\u00eam de produtos qu\u00edmicos industriais e materiais que s\u00e3o usados para criar uma grande variedade de produtos. Mas uma das maiores fontes deste produto qu\u00edmico prejudicial \u00e9 molhos de tomate em conserva.<\/em><\/p>\n<p align=\"left\">Ent\u00e3o, fique longe de alimentos enlatados em geral, mas <strong><em>especialmente<\/em><\/strong> molho de tomate enlatados.<\/p>\n<p align=\"left\">A maioria dos alimentos enlatados usam um revestimento de pl\u00e1stico que protege a lata de metal de se estragar. O problema \u00e9 que esta camada cont\u00e9m uma subst\u00e2ncia qu\u00edmica chamada BPA (bisfenol-A), que age como estrog\u00eanio no organismo. Conservas de molho de tomate s\u00e3o especialmente ruins, porque \u00e9 um alimento \u00e1cido. Isso faz com que mais do BPA contamine a comida, e em seguida, seu corpo. Conservas de molho de tomate em lata tamb\u00e9m s\u00e3o muito utilizadas,<strong><em> especialmente<\/em><\/strong> em restaurantes. Estudos t\u00eam demonstrado que os efeitos hormonais do BPA s\u00e3o t\u00e3o fortes que eles podem realmente atrapalhar a fertilidade feminina e fun\u00e7\u00f5es sexuais masculinas (entre outras coisas). Estes efeitos hormonais tamb\u00e9m s\u00e3o ruins para a celulite por causa de efeitos de estrog\u00eanio sobre os tecidos que mant\u00eam as c\u00e9lulas de gordura de celulite no lugar.<\/p>\n<p style=\"padding-left: 30px;\" align=\"left\"><em><strong>2. \u00c1lcool: <\/strong>Tomar um pouco de \u00e1lcool de vez em quando n\u00e3o \u00e9 um problema para a maioria das pessoas. Na verdade ter apenas uma bebida, especialmente o vinho tinto, pode realmente ser bom para voc\u00ea de acordo com alguns estudos. Mas beber muito \u00e1lcool, com muita frequ\u00eancia, pode ser muito prejudicial para o seu equil\u00edbrio hormonal.<\/em><\/p>\n<p>Ent\u00e3o, se voc\u00ea for beber, mantenha um limite de menos de 1 bebida por dia, especialmente se voc\u00ea bebe frequentemente.Como todos sabemos, o consumo de \u00e1lcool coloca press\u00e3o extra sobre o seu f\u00edgado. Mas seu f\u00edgado tamb\u00e9m \u00e9 respons\u00e1vel por desintoxicar o corpo de horm\u00f4nios indesej\u00e1veis. Mas quando voc\u00ea bebe demais, o f\u00edgado tem que se concentrar na desintoxica\u00e7\u00e3o do \u00e1lcool. Mas por causa disso, ele tamb\u00e9m ter\u00e1 uma menor capacidade para processar os horm\u00f4nios em seu corpo. Na verdade, as mulheres que bebiam dois drinques por dia foram encontradas a ter uma m\u00e9dia de 32% mais estrog\u00eanio no corpo delas.<\/p>\n<p style=\"padding-left: 30px;\"><em><strong>3. A\u00e7\u00facar:<\/strong> Todo mundo adora um doce, mas todos n\u00f3s sabemos que o excesso pode ser um problema. A maioria das pessoas acham que o a\u00e7\u00facar causa celulite, porque causa o ganho de peso. Embora isso possa definitivamente piorar a situa\u00e7\u00e3o, o a\u00e7\u00facar \u00e9 ruim para a celulite por outras raz\u00f5es tamb\u00e9m. E um deles \u00e9 os <strong>&#8220;produtos finais da glica\u00e7\u00e3o&#8221;<\/strong> os quais falamos sobre anteriormente.<\/em><\/p>\n<p>O a\u00e7\u00facar tamb\u00e9m causa as prote\u00ednas col\u00e1genas a serem menos est\u00e1veis. Collagen vem em 3 tipos. Colag\u00e9nio tipo 3 \u00e9 a mais est\u00e1vel e a tipo 1 \u00e9 a mais fr\u00e1gil. O a\u00e7\u00facar, na verdade, faz com que suas prote\u00ednas de col\u00e1geno tipo 3 se tornem prote\u00ednas de col\u00e1geno tipo 1. Isso faz com que os tecidos conjuntivos se tornem mais fraco, e muito mais vulner\u00e1veis a danos.Quando voc\u00ea come a\u00e7\u00facar em excesso, eles na verdade se anexam\u00e0s prote\u00ednas no sangue para formar estes produtos finais da glica\u00e7\u00e3o. E se voc\u00ea comer a\u00e7\u00facar em excesso frequentemente, esses produtos qu\u00edmicos se acumulam e causam danos \u00e0s prote\u00ednas do seu corpo, como o col\u00e1geno e elastina, tornando-os quebradi\u00e7os e fracos.<\/p>\n<p>Ent\u00e3o, coma a\u00e7\u00facar com modera\u00e7\u00e3o, e nunca o coma por si s\u00f3. Voc\u00ea deve sempre com\u00ea-lo em conjunto com uma fonte saud\u00e1vel de gordura ou prote\u00edna, o que ir\u00e1 diminuir a absor\u00e7\u00e3o de a\u00e7\u00facar em seu corpo. Al\u00e9m disso, salve o a\u00e7\u00facar para antes e ap\u00f3s treinamentos f\u00edsicos. Desta forma, o seu corpo pode realmente us\u00e1-lo como fonte de energia.<\/p>\n<p><em><strong><img loading=\"lazy\" class=\"alignleft\" src=\"http:\/\/genewei.com\/br\/infomedico\/images\/depoimento-fim-celulite-antes-depois.jpg\" width=\"270\" height=\"180\" \/>Estas s\u00e3o apenas algumas dicas simples&#8230; mas elas podem ser muito poderosas se as seguindo em uma base regular. <\/strong>Portanto, inclua essas dicas em sua vida, e voc\u00ea estar\u00e1 no caminho para o corpo que voc\u00ea sempre quis!<\/em><\/p>\n<div align=\"left\">\n<p style=\"text-align: left;\" align=\"center\"><em><strong>E h\u00e1 muito mais dicas\u00a0como essa em nosso programa <a href=\"https:\/\/www.hotmart.net.br\/checkout.html?order=U2492449U\">&#8220;Fim da Celulite&#8221;&#8230;<\/a>\u00a0<\/strong><\/em><em>Na verdade, n\u00f3s projetamos o nosso programa para imitar tratamentos profissionais anti-celulite, mas com coisas comuns que voc\u00ea pode encontrar em qualquer supermercado. Aprenda muito mais e inicie em\u00a0seu <a href=\"https:\/\/www.hotmart.net.br\/checkout.html?order=U2492449U\">programa completo aqui.<\/a><\/em><\/p>\n<div align=\"left\">\n<div align=\"left\">\n<p align=\"center\"><em><a href=\"https:\/\/www.hotmart.net.br\/checkout.html?order=U2492449U\"><img loading=\"lazy\" src=\"http:\/\/genewei.com\/br\/infomedico\/images\/celulite-capitulos-livro.png\" width=\"580\" height=\"240\" border=\"0\" \/><\/a><\/em><\/p>\n<hr \/>\n<h3 align=\"left\">D\u00favidas<\/h3>\n<div align=\"left\"><span style=\"color: #333333;\"><em><strong>P: Quantas p\u00e1ginas tem o ebook ?<\/strong> <\/em><\/span><strong><span style=\"color: #333333;\"><em>Esse valor n\u00e3o ser\u00e1 debitado todos m\u00eas em minha conta?\u00a0<\/em><\/span><\/strong><span style=\"color: #333333;\"><em>O site de vcs \u00e9 muito convincente&#8230; tenho medo de cair em uma armadilha&#8230;. <\/em><\/span><br \/>\n<span style=\"color: #333333;\"><em>Sempre me pergunto <strong>o porqu\u00ea das malditas CELULITES\u00a0<\/strong> \u00e9 uma luta constante.\u00a0 E vcs s\u00e3o muito claros.\u00a0 Eu estou at\u00e9 acreditando, por\u00e9m com medo, pois com a internet podemos tudo.\u00a0 E se eu n\u00e3o gostar? Devolvem meu dinheiro? Obrigada!<\/em><\/span><\/div>\n<div class=\"PlainText\"><\/div>\n<div class=\"PlainText\"><span style=\"color: #808080;\">R:\u00a0S\u00e3o 126 p\u00e1ginas, e\u00a0apenas uma cobran\u00e7a, de um livro&#8230; n\u00e3o\u00a0h\u00e1 cobran\u00e7as todo m\u00eas.<\/span>\u00a0<span style=\"color: #808080;\">Trabalho aqui no site e e<\/span><span style=\"color: #808080;\">ntendo suas d\u00favidas sim. O resultado de cada pessoa ser\u00e1 diferente e muito disso depende do esfor\u00e7o que vc dedica. O livro do Dr. Gene se dedica \u00e0 sa\u00fade de todos e ensina vc como imitar tratamentos professionais, muitos dos quais s\u00e3o provados a combater a celulite. Se vc n\u00e3o gostar podemos sim processar um reembolso, ou <a href=\"http:\/\/genewei.com\/br\/fale-conosco\/\">me escreva aqui<\/a>\u00a0e vamos responder suas d\u00favidas assim melhorando o ebook para todos.<\/span><\/div>\n<\/div>\n<\/div>\n<\/div>\n<!-- AddThis Advanced Settings generic via filter on the_content --><!-- AddThis Share Buttons generic via filter on the_content -->","protected":false},"excerpt":{"rendered":"<p>Muitas coisas em nossas vidas podem contribuir para celulite&#8230; mas h\u00e1 algumas que voc\u00ea deve ter cuidado extra para evitar. Ent\u00e3o, quais s\u00e3o essas coisas, e por que elas causam a celulite? Bem, antes que possamos falar sobre isso, voc\u00ea deve saber um pouco sobre a celulite e como ela funciona. A maioria das pessoas<a class=\"moretag\" href=\"http:\/\/genewei.com\/br\/3-alimentos-que-causam-a-celulite-a-se-desenvolver-rapidamente-evite-o-primeiro-a-todo-custo\/\"> [&#8230;] <\/a><!-- AddThis Advanced Settings generic via filter on wp_trim_excerpt --><!-- AddThis Share Buttons generic via filter on wp_trim_excerpt --><\/p>\n","protected":false},"author":9,"featured_media":0,"parent":0,"menu_order":8,"comment_status":"closed","ping_status":"closed","template":"","meta":{"sfsi_plus_gutenberg_text_before_share":"","sfsi_plus_gutenberg_show_text_before_share":"","sfsi_plus_gutenberg_icon_type":"","sfsi_plus_gutenberg_icon_alignemt":"","sfsi_plus_gutenburg_max_per_row":"","_genesis_hide_title":false,"_genesis_hide_breadcrumbs":false,"_genesis_hide_singular_image":false,"_genesis_hide_footer_widgets":false,"_genesis_custom_body_class":"","_genesis_custom_post_class":"","_genesis_layout":"content-sidebar"},"_links":{"self":[{"href":"http:\/\/genewei.com\/br\/wp-json\/wp\/v2\/pages\/2220"}],"collection":[{"href":"http:\/\/genewei.com\/br\/wp-json\/wp\/v2\/pages"}],"about":[{"href":"http:\/\/genewei.com\/br\/wp-json\/wp\/v2\/types\/page"}],"author":[{"embeddable":true,"href":"http:\/\/genewei.com\/br\/wp-json\/wp\/v2\/users\/9"}],"replies":[{"embeddable":true,"href":"http:\/\/genewei.com\/br\/wp-json\/wp\/v2\/comments?post=2220"}],"version-history":[{"count":5,"href":"http:\/\/genewei.com\/br\/wp-json\/wp\/v2\/pages\/2220\/revisions"}],"predecessor-version":[{"id":2337,"href":"http:\/\/genewei.com\/br\/wp-json\/wp\/v2\/pages\/2220\/revisions\/2337"}],"wp:attachment":[{"href":"http:\/\/genewei.com\/br\/wp-json\/wp\/v2\/media?parent=2220"}],"curies":[{"name":"wp","href":"https:\/\/api.w.org\/{rel}","templated":true}]}}