{"id":2231,"date":"2017-05-20T11:34:16","date_gmt":"2017-05-20T14:34:16","guid":{"rendered":"http:\/\/genewei.com\/br\/?page_id=2231"},"modified":"2017-05-27T00:27:55","modified_gmt":"2017-05-27T03:27:55","slug":"e-por-isso-que-mulheres-magras-tem-celulite-tambem","status":"publish","type":"page","link":"http:\/\/genewei.com\/br\/e-por-isso-que-mulheres-magras-tem-celulite-tambem\/","title":{"rendered":"\u00c9 Por Isso Que Mulheres Magras T\u00eam Celulite Tamb\u00e9m"},"content":{"rendered":"\n<!-- Facebook Like Button Vivacity Infotech BEGIN -->\n<div class=\"fb-like\" data-href=\"http:\/\/genewei.com\/br\/e-por-isso-que-mulheres-magras-tem-celulite-tambem\/\" data-layout=\"standard\" data-action=\"like\" data-show-faces=\"true\" data-size=\"small\" data-width=\"550\" data-share=\"1\" ><\/div>\n<!-- Facebook Like Button Vivacity Infotech END -->\n<p>&nbsp;<\/p>\n<h3><em>Voc\u00ea j\u00e1 viu uma mulher magra com um caso grave de celulite?<\/em><\/h3>\n<p>Se voc\u00ea caminhar na praia por muito tempo, voc\u00ea est\u00e1 quase garantida de ver algu\u00e9m nesta situa\u00e7\u00e3o. Temos tido muitos pacientes assim e&#8230; Houve at\u00e9 mesmo <strong><em>celebridades<\/em><\/strong> femininas que foram recentemente fotografadas com este mesmo problema. Muitas dessas mulheres n\u00e3o s\u00e3o gordas n\u00e3o&#8230; mas elas ainda t\u00eam celulite em suas barriga, coxas e bundas.<\/p>\n<h3>Ent\u00e3o, como isso \u00e9 poss\u00edvel? Eu achei que a celulite \u00e9 causada por se ter muita gordura?<\/h3>\n<p>Enquanto a celulite se relaciona com tecidos adiposos, o principal problema n\u00e3o \u00e9 os tecidos gordurosos em si. Mas, para entender por que, voc\u00ea deve saber um pouco mais sobre a celulite e como ela funciona. Celulite acontece na camada mais superior de gordura no seu corpo&#8230; a camada mais pr\u00f3xima da pele. Esta camada de gordura \u00e9 diferente do que as camadas mais profundas de gordura em seu corpo. \u00c9 diferente porque ela est\u00e1 estruturada de forma diferente, e que tamb\u00e9m se comporta de modo diferente do que os outros tipos de tecidos gordos.<\/p>\n<p>Esta camada superior de gordura \u00e9 \u00fanica porque estas c\u00e9lulas de gordura s\u00e3o cercadas por &#8220;bolsas&#8221; especiais de tecido conjuntivo. Estes tecido conjuntivo s\u00e3o feitos de prote\u00ednas como o <strong><em>col\u00e1geno e elastina&#8230; <\/em><\/strong>as mesmas prote\u00ednas que se tornaram t\u00e3o famosas por promover a pele jovem. Estas prote\u00ednas devem ser fortes e flex\u00edveis para voc\u00ea ter uma apar\u00eancia jovem. Mas, por uma grande variedade de raz\u00f5es, estes tecidos tamb\u00e9m podem se tornar fracos. E quando isso acontece, as c\u00e9lulas de gordura nestes bolsos come\u00e7am a &#8220;inchar&#8221;, criando esse aspecto irregular e desigual que n\u00f3s conhecemos como celulite.<\/p>\n<p>Al\u00e9m das bolsas de tecido conjuntivo, esta camada superior de gordura tamb\u00e9m \u00e9 \u00fanica porque ele se comporta de forma diferente de outras camadas de gordura em seu corpo. A maior parte da gordura em seu corpo responde a ingest\u00e3o de energia <em>versus<\/em> despesas. Ent\u00e3o, em simples palavras, se voc\u00ea comer menos e exercitar mais, a maior parte da gordura em seu corpo ir\u00e1 responder por derretendo. No entanto, n\u00e3o \u00e9 t\u00e3o simples com a camada superior de gordura envolvida na celulite.<\/p>\n<p>Estas c\u00e9lulas de gordura s\u00e3o \u00fanicas, porque elas t\u00eam diferentes tipos de receptores do que outras c\u00e9lulas de gordura. Devido a isso, a maioria delas respondem aos <strong><em>horm\u00f4nios,<\/em><\/strong> e n\u00e3o a quantidade de calorias que voc\u00ea come <em>versus<\/em>queima. C\u00e9lulas de gordura de celulite tamb\u00e9m t\u00eam menos<em> &#8220;receptores de encolhimento de gordura&#8221;<\/em> do que nas camadas mais profundas. Por causa dessas coisas, voc\u00ea pode ser relativamente magra, mas ainda ter muita gordura nessa camada superior. Combine isso com fracos tecidos conjuntivos nesta \u00e1rea, e voc\u00ea ter\u00e1 a tempestade perfeita para a celulite.<\/p>\n<p>Ent\u00e3o, em \u00faltima an\u00e1lise, a celulite n\u00e3o \u00e9 realmente causada pelo tipo normal de gordura que voc\u00ea ganha por comer demais. Isso acontece por causa da fraqueza dos tecidos conjuntivos que rodeiam os tipos especiais de c\u00e9lulas de gordura nesta \u00e1rea&#8230; Mas, quanto mais voc\u00ea acumula esse tipo especial de gordura nesta \u00e1rea, mais voc\u00ea estar\u00e1 estressando estes tecidos conjuntivos fracos. \u00c9 por isso que as mulheres magras podem ter celulite tamb\u00e9m, enquanto os homens raramente desenvolvem a celulite, mesmo quando eles est\u00e3o acima do peso. \u00c9 tamb\u00e9m por isso que muitas mulheres ainda t\u00eam celulite, mesmo quando elas perdem peso com dieta e exerc\u00edcio.<\/p>\n<h3><em>Ent\u00e3o, o que faz com que estes problemas que levam \u00e0 celulite?<\/em><\/h3>\n<p>H\u00e1 uma grande variedade de contribuintes para a celulite&#8230; mas alguns dos maiores s\u00e3o <strong><em>desequil\u00edbrio hormonal e m\u00e1 circula\u00e7\u00e3o.<\/em><\/strong> Voc\u00ea j\u00e1 sabe que os tecidos conjuntivos enfraquecidos s\u00e3o o que permite que a celulite apare\u00e7a&#8230; Bem, muito do horm\u00f4nio feminino estrog\u00eanio \u00e9 uma das principais causas dessa fraqueza do tecido. O estrog\u00eanio tem sido encontrado, na verdade, a fazer com que as prote\u00ednas de col\u00e1geno se &#8220;auto-destruam&#8221;, o que \u00e9 muito ruim quando se trata de celulite.<\/p>\n<p>A m\u00e1 circula\u00e7\u00e3o \u00e9 outro grande fator para essa fraqueza do tecido conjuntivo. Todas as c\u00e9lulas do seu corpo s\u00e3o alimentados pelos nutrientes e oxig\u00eanio no sangue. Mas quando esse fluxo \u00e9 reduzido, os tecidos n\u00e3o podem se reparar de forma otimizada. A m\u00e1 circula\u00e7\u00e3o para os tecidos conjuntivos, em geral, far\u00e1 com que eles se tornem mais fracos ao longo do tempo. E tudo isso acontece principalmente devido a duas coisas principais em nosso estilo de vida moderno&#8230; A falta de movimento e muito estresse\/ estimula\u00e7\u00e3o mental.<\/p>\n<p>O fluxo de sangue do seu corpo \u00e9 controlado pelo sistema nervoso, o qual envia mais sangue para as \u00e1reas que mais necessitam. Mas tamb\u00e9m reduz o fluxo sangu\u00edneo a certas \u00e1reas, dependendo das circunst\u00e2ncias. \u00c9 por isso que as pessoas podem obter &#8220;caras p\u00e1lidas&#8221; quando elas ficam muito assustadas. O sistema nervoso tamb\u00e9m desvia sangue com base em seus movimentos f\u00edsicos. Quanto mais voc\u00ea exercita uma determinada parte do corpo, por exemplo, mais fluxo de sangue esta \u00e1rea ter\u00e1.<\/p>\n<p>Mais importante ainda, o stress tende a reduzir o fluxo de sangue para as camadas superiores dos tecidos no corpo. Ele faz isso porque est\u00e1 principalmente priorizando sangue para seu c\u00e9rebro, e\/ ou m\u00fasculos, para que voc\u00ea possa responder ao estressor. Mas a maior parte do estresse que temos hoje \u00e9 o estresse mental, e n\u00e3o tanto o estresse como fugir de le\u00f5es que os nossos antepassados tiveram. Ent\u00e3o, quando voc\u00ea combina esse estresse mental com a falta de circula\u00e7\u00e3o durante um longo per\u00edodo de tempo, voc\u00ea tem um desastre em termos de celulite. Todas estas coisas levam aos tecidos conjuntivos enfraquecidos que permitem a celulite a aparecer.<\/p>\n<p>Mesmo que eles sejam pequenos, as mulheres ainda pode ter estes desequil\u00edbrios que contribuem para a celulite. Isto \u00e9 tamb\u00e9m por isso que as mulheres podem perder peso, sem efeito sobre a sua celulite.<\/p>\n<h2><em>Ent\u00e3o, o que devo fazer sobre essas coisas?<\/em><\/h2>\n<p><em>H\u00e1 muitas coisas que voc\u00ea pode fazer para eliminar esses fatores causadores da celulite. Mas n\u00f3s quer\u00edamos lhe dar algumas dicas simples que voc\u00ea pode come\u00e7ar a incluir em sua vida hoje mesmo.<\/em><\/p>\n<p style=\"padding-left: 30px;\"><strong>1. Adicione mais alimentos que promovem circula\u00e7\u00e3o em sua vida. <\/strong>Algumas das melhores escolhas incluem beterraba e r\u00facula para os nitratos naturais e melancia para o amino\u00e1cido L-Arginina. Ambos estes nutrientes promovem qu\u00edmicos que expandem os vasos sangu\u00edneos em seu corpo. Desta forma, voc\u00ea ter\u00e1 uma melhor circula\u00e7\u00e3o para os tecidos envolvidos na celulite.<\/p>\n<p style=\"padding-left: 30px;\"><strong>2. Inclua mais cogumelos brancos em sua dieta. <\/strong>Este ingrediente simples atua como um natural &#8220;inibidor da aromatase&#8221;, que evita o seu f\u00edgado a formar excesso de estrog\u00eanio. Isso ir\u00e1 ajud\u00e1-la a equilibrar seus horm\u00f4nios, que \u00e9 um dos aspectos mais importantes e negligenciados da elimina\u00e7\u00e3o da celulite a longo prazo.<\/p>\n<p style=\"padding-left: 30px;\"><strong>3. Estimule o fluxo de sangue para os seus tecidos superficiais frequentemente&#8230; <\/strong>mecanicamente e atrav\u00e9s do reequil\u00edbrio do sistema nervoso. Assim tantas vezes quanto poss\u00edvel antes de dormir, passe 10-15 minutos fazendo a seguinte rotina. Desligue todas as luzes e sons em seu quarto incluindo a TV. M\u00fasica relaxante em volume baixo e luzes bem fracas (ou velas) s\u00e3o ok.<\/p>\n<p style=\"padding-left: 30px;\">Inspire, contando por 5 segundos, pause e expire por 5 segundos. Concentre-se em sua respira\u00e7\u00e3o para que seja <strong><em>constante e r\u00edtmica.<\/em><\/strong> Uma vez que voc\u00ea est\u00e1 respirando corretamente, comece a esfregar a pele com suas m\u00e3os. O objetivo \u00e9 apenas aquecer a pele, e, no m\u00e1ximo, torn\u00e1-la quente e vermelha&#8230; especialmente as \u00e1reas com celulite. Continue isso, com a respira\u00e7\u00e3o adequada durante 10-15 minutos, e em seguida imediatamente deite em sua cama. Evite qualquer est\u00edmulo mental, visual, e \u00e1udio, se poss\u00edvel.<\/p>\n<p><em><strong>Estas s\u00e3o apenas algumas dicas simples&#8230; mas elas podem ser muito poderosas se as seguindo em uma base regular. Portanto, inclua essas dicas em sua vida, e voc\u00ea estar\u00e1 no caminho para o corpo que voc\u00ea sempre quis!<\/strong><\/em><\/p>\n<div align=\"left\">\n<p><em><strong>E h\u00e1 muito mais dicas\u00a0como essa em nosso programa\u00a0educacional &#8220;Fim da Celulite&#8221;&#8230;<\/strong><\/em><\/p>\n<p><em>Na verdade, n\u00f3s projetamos o nosso programa para imitar tratamentos profissionais anti-celulite, mas com coisas comuns que voc\u00ea pode encontrar em qualquer\u00a0supermercado!<\/em><\/p>\n<p><em><strong>Aprenda muito mais com a nossa v\u00eddeo-aula e garanta o seu programa completo abaixo&#8230;<\/strong><\/em><\/p>\n<div align=\"center\">\n<div align=\"left\">\n<p align=\"center\"><iframe src=\"http:\/\/www.youtube.com\/embed\/ZQl-Yq0Qs-Q?rel=0&amp;controls=0&amp;showinfo=0\" width=\"700\" height=\"394\" frameborder=\"0\" allowfullscreen=\"allowfullscreen\" data-mce-fragment=\"1\"><\/iframe><\/p>\n<h2 align=\"center\"><span style=\"color: #ff6600;\"><strong>Programa Fim da Celulite<\/strong><\/span><\/h2>\n<div align=\"left\">\n<div align=\"left\">\n<p align=\"center\"><a href=\"https:\/\/www.hotmart.net.br\/checkout.html?order=U2492449U\"><img loading=\"lazy\" src=\"http:\/\/genewei.com\/br\/infomedico\/images\/clique-aqui-acesso-lg.png\" width=\"550\" height=\"62\" border=\"0\" \/><\/a><\/p>\n<p align=\"center\"><em><a href=\"https:\/\/www.hotmart.net.br\/checkout.html?order=U2492449U\"><img loading=\"lazy\" src=\"http:\/\/genewei.com\/br\/infomedico\/images\/celulite-capitulos-livro.png\" width=\"580\" height=\"240\" border=\"0\" \/><\/a><\/em><\/p>\n<h2 align=\"center\"><\/h2>\n<h2 align=\"center\"><strong>Depoimentos de Sucesso:<\/strong><\/h2>\n<p><img loading=\"lazy\" class=\"alignleft\" src=\"http:\/\/genewei.com\/br\/infomedico\/images\/depoimento-fim-celulite-antes-depois.jpg\" width=\"270\" height=\"180\" \/><em><strong>&#8220;Cara Ursula e equipe, eu queria lhe felicitar pela cria\u00e7\u00e3o de um livro t\u00e3o bem escrito.<\/strong> Ele \u00e9 cheio de tanta infoma\u00e7\u00e3o \u00fatil! A quantidade de t\u00e9cnicas \u00e9 quase esmagadora, por isso \u00e9 \u00f3timo que voc\u00eas explicam o Programa Fundamental b\u00e1sico. Eu venho fazendo isso por 5 semanas, e \u00e9 muito simples segui-lo. Eu comecei a ver uma diferen\u00e7a na 2a semana, e estou ficando mais linda a cada semana que passa!&#8221;\u00a0Ana Maria C.<\/em><\/p>\n<hr \/>\n<p><em><img loading=\"lazy\" class=\"alignleft\" src=\"http:\/\/genewei.com\/br\/infomedico\/images\/depoimento-fim-celulite-perna.jpg\" width=\"270\" height=\"180\" \/><strong>&#8220;Este livro \u00e9 realmente um recurso maravilhoso.<\/strong> Eu nunca entendi como eu pudesse ser t\u00e3o magra e ainda ter celulite! Mas agora tudo faz sentido! Eu comecei o programa b\u00e1sico, e estarei adicionando algumas das t\u00e9cnicas avan\u00e7adas em breve. Minhas amigas ficam animadas comigo tamb\u00e9m. Agora n\u00e3o vejo a hora de acabar completamene com essa celulite!&#8221;\u00a0Regina N.<\/em><\/p>\n<hr \/>\n<p><img loading=\"lazy\" class=\"alignleft\" src=\"http:\/\/genewei.com\/br\/infomedico\/images\/depoimento-fim-celulite-peso.jpg\" width=\"270\" height=\"180\" \/><em><strong>&#8220;Olha, eu queria compartilhar minha hist\u00f3ria com voc\u00eas.<\/strong> Eu sofri de celulite por muito tempo mesmo. Mas eu achei que a minha celulite era causada pelo excesso de gordura. Ent\u00e3o, eu fiquei um pouco chocada quando eu comecei a ver minha pele ficar mais suave usando suas t\u00e9cnicas! Eu ainda irei trabalhar na perda de peso, porque eu sei que isso \u00e9 importante, mas obrigada por escrever este livro.&#8221;\u00a0Cleia S.<\/em><\/p>\n<hr \/>\n<\/div>\n<\/div>\n<\/div>\n<\/div>\n<\/div>\n<h3>D\u00favidas<\/h3>\n<div class=\"PlainText\"><span style=\"color: #333333;\"><em><strong>P: Quantas p\u00e1ginas tem o ebook ?<\/strong> <\/em><\/span><strong><span style=\"color: #333333;\"><em>Esse valor n\u00e3o ser\u00e1 debitado todos m\u00eas em minha conta?\u00a0<\/em><\/span><\/strong><span style=\"color: #333333;\"><em>O site de vcs \u00e9 muito convincente&#8230; tenho medo de cair em uma armadilha&#8230;. <\/em><\/span><br \/>\n<span style=\"color: #333333;\"><em>Sempre me pergunto <strong>o porqu\u00ea das malditas CELULITES\u00a0<\/strong> \u00e9 uma luta constante.\u00a0 E vcs s\u00e3o muito claros.\u00a0 Eu estou at\u00e9 acreditando, por\u00e9m com medo, pois com a internet podemos tudo.\u00a0 E se eu n\u00e3o gostar? Devolvem meu dinheiro? Obrigada!<\/em><\/span><\/div>\n<div class=\"PlainText\"><\/div>\n<div class=\"PlainText\"><span style=\"color: #808080;\">R:\u00a0S\u00e3o 126 p\u00e1ginas, e\u00a0apenas uma cobran\u00e7a, de um livro&#8230; nao ha cobran\u00e7as todo mes.<\/span><br \/>\n<span style=\"color: #808080;\">Trabalho aqui no site e e<\/span><span style=\"color: #808080;\">ntendo todas as suas d\u00favidas sim. O resultado de cada pessoa ser\u00e1 diferente e muito disso depende do esfor\u00e7o que vc dedica. O livro do Dr. Gene se dedica \u00e0 sa\u00fade de todos e ensina vc como imitar tratamentos professionais, muitos dos quais s\u00e3o provados a combater a celulite. Se vc n\u00e3o gostar podemos sim processar um reembolso, ou <a href=\"http:\/\/genewei.com\/br\/fale-conosco\/\">me escreva aqui diretamente<\/a> e vamos ent\u00e3o responder suas d\u00favidas e assim melhorar o ebook para todos.<\/span><\/div>\n<!-- AddThis Advanced Settings generic via filter on the_content --><!-- AddThis Share Buttons generic via filter on the_content -->","protected":false},"excerpt":{"rendered":"<p>&nbsp; Voc\u00ea j\u00e1 viu uma mulher magra com um caso grave de celulite? Se voc\u00ea caminhar na praia por muito tempo, voc\u00ea est\u00e1 quase garantida de ver algu\u00e9m nesta situa\u00e7\u00e3o. Temos tido muitos pacientes assim e&#8230; Houve at\u00e9 mesmo celebridades femininas que foram recentemente fotografadas com este mesmo problema. Muitas dessas mulheres n\u00e3o s\u00e3o gordas<a class=\"moretag\" href=\"http:\/\/genewei.com\/br\/e-por-isso-que-mulheres-magras-tem-celulite-tambem\/\"> [&#8230;] <\/a><!-- AddThis Advanced Settings generic via filter on wp_trim_excerpt --><!-- AddThis Share Buttons generic via filter on wp_trim_excerpt --><\/p>\n","protected":false},"author":9,"featured_media":0,"parent":0,"menu_order":8,"comment_status":"closed","ping_status":"closed","template":"","meta":{"sfsi_plus_gutenberg_text_before_share":"","sfsi_plus_gutenberg_show_text_before_share":"","sfsi_plus_gutenberg_icon_type":"","sfsi_plus_gutenberg_icon_alignemt":"","sfsi_plus_gutenburg_max_per_row":"","_genesis_hide_title":false,"_genesis_hide_breadcrumbs":false,"_genesis_hide_singular_image":false,"_genesis_hide_footer_widgets":false,"_genesis_custom_body_class":"","_genesis_custom_post_class":"","_genesis_layout":"content-sidebar"},"_links":{"self":[{"href":"http:\/\/genewei.com\/br\/wp-json\/wp\/v2\/pages\/2231"}],"collection":[{"href":"http:\/\/genewei.com\/br\/wp-json\/wp\/v2\/pages"}],"about":[{"href":"http:\/\/genewei.com\/br\/wp-json\/wp\/v2\/types\/page"}],"author":[{"embeddable":true,"href":"http:\/\/genewei.com\/br\/wp-json\/wp\/v2\/users\/9"}],"replies":[{"embeddable":true,"href":"http:\/\/genewei.com\/br\/wp-json\/wp\/v2\/comments?post=2231"}],"version-history":[{"count":2,"href":"http:\/\/genewei.com\/br\/wp-json\/wp\/v2\/pages\/2231\/revisions"}],"predecessor-version":[{"id":2296,"href":"http:\/\/genewei.com\/br\/wp-json\/wp\/v2\/pages\/2231\/revisions\/2296"}],"wp:attachment":[{"href":"http:\/\/genewei.com\/br\/wp-json\/wp\/v2\/media?parent=2231"}],"curies":[{"name":"wp","href":"https:\/\/api.w.org\/{rel}","templated":true}]}}