{"id":2759,"date":"2018-01-13T00:27:09","date_gmt":"2018-01-13T02:27:09","guid":{"rendered":"http:\/\/genewei.com\/br\/?page_id=2759"},"modified":"2018-04-26T11:48:08","modified_gmt":"2018-04-26T14:48:08","slug":"programa-de-afiliados","status":"publish","type":"page","link":"http:\/\/genewei.com\/br\/sobre-nos\/programa-de-afiliados\/","title":{"rendered":"Programa de Afiliados"},"content":{"rendered":"\n<!-- Facebook Like Button Vivacity Infotech BEGIN -->\n<div class=\"fb-like\" data-href=\"http:\/\/genewei.com\/br\/sobre-nos\/programa-de-afiliados\/\" data-layout=\"standard\" data-action=\"like\" data-show-faces=\"true\" data-size=\"small\" data-width=\"550\" data-share=\"1\" ><\/div>\n<!-- Facebook Like Button Vivacity Infotech END -->\n<p>&nbsp;<\/p>\n<p style=\"text-align: right;\"><a href=\"http:\/\/genewei.com\/br\/affiliate-home\/\"><strong>Minha Loja<\/strong><\/a><strong>\u00a0|\u00a0<a href=\"http:\/\/genewei.com\/br\/affiliate-home\/affiliate-login\/\">Login<\/a><\/strong><\/p>\n<hr \/>\n<p><strong style=\"font-size: 16px;\">Como Participar?\u00a0<\/strong><strong style=\"font-size: 16px;\"><a href=\"http:\/\/genewei.com\/br\/affiliate-home\/affiliate-register\/\">Cadastre-se aqui<\/a><\/strong><\/p>\n<p><strong>Como Criar Meus Links Promocionais?\u00a0<\/strong>Simplesmente\u00a0adicione seu n\u00famero de identifica\u00e7\u00e3o no final de cada link, como esse exemplo:\u00a0<span style=\"color: #333399;\">http:\/\/genewei.com\/br<strong>\/?wpam_id=1\u00a0<\/strong><\/span>Em seguida, voc\u00ea poder\u00e1 acompanhar o n\u00famero de vendas, visitas, pagamentos e mais em sua p\u00e1gina.<\/p>\n<p><strong>Posso Criar Nova Senha?\u00a0<\/strong>N\u00e3o h\u00e1 campo para digitar uma <strong>senha na p\u00e1gina de registro<\/strong> pois \u00e9 gerada automaticamente&#8230;. Quando uma nova conta para um afiliado \u00e9 criada, uma nova conta de usu\u00e1rio tamb\u00e9m \u00e9 criada para ele. Assim, um afiliado poder\u00e1 alterar sua senha assim que fizer o login no seu painel de afiliados. Voc\u00ea tamb\u00e9m pode redefinir sua senha visitando o link<strong>\u00a0<a href=\"http:\/\/genewei.com\/br\/membership-login\/password-reset\">Senha Perdida<\/a><\/strong>\u00a0na p\u00e1gina de login do afiliado.<\/p>\n<hr \/>\n<p><!-- Begin MailChimp Signup Form --><\/p>\n<style type=\"text\/css\">\n\t#mc_embed_signup{background:#fff; clear:left; font:14px Helvetica,Arial,sans-serif;  width:300px;}<br \/>\t\/* Add your own MailChimp form style overrides in your site stylesheet or in this style block.<br \/>\t   We recommend moving this block and the preceding CSS link to the HEAD of your HTML file. *\/<br \/><\/style>\n<div id=\"mc_embed_signup\">\n<form id=\"mc-embedded-subscribe-form\" class=\"validate\" action=\"https:\/\/FunctionalVeganism.us3.list-manage.com\/subscribe\/post?u=13fd48d160d7809fc32b12ac2&amp;id=3027eb4743\" method=\"post\" name=\"mc-embedded-subscribe-form\" novalidate=\"\" target=\"_blank\">\n<div id=\"mc_embed_signup_scroll\">\n<h2>Inscreva-se e Receba links aos Novos V\u00eddeos e Artigos<\/h2>\n<div class=\"mc-field-group\"><label for=\"mce-EMAIL\">Email Favorito <\/label><br \/>\n<input id=\"mce-EMAIL\" class=\"required email\" name=\"EMAIL\" type=\"email\" value=\"\" \/><\/div>\n<div class=\"mc-field-group\"><label for=\"mce-FNAME\">Primeiro Nome <\/label><br \/>\n<input id=\"mce-FNAME\" class=\"\" name=\"FNAME\" type=\"text\" value=\"\" \/><\/div>\n<div class=\"mc-field-group\"><label for=\"mce-LNAME\">Sobrenome <\/label><br \/>\n<input id=\"mce-LNAME\" class=\"\" name=\"LNAME\" type=\"text\" value=\"\" \/><\/div>\n<div id=\"mce-responses\" class=\"clear\"><\/div>\n<p><!-- real people should not fill this in and expect good things - do not remove this or risk form bot signups--><\/p>\n<div style=\"position: absolute; left: -5000px;\" aria-hidden=\"true\"><input tabindex=\"-1\" name=\"b_13fd48d160d7809fc32b12ac2_3027eb4743\" type=\"text\" value=\"\" \/><\/div>\n<div class=\"clear\"><input id=\"mc-embedded-subscribe\" class=\"button\" name=\"subscribe\" type=\"submit\" value=\"Subscribe\" \/><\/div>\n<\/div>\n<\/form>\n<\/div>\n<p><!--End mc_embed_signup--><\/p>\n<!-- AddThis Advanced Settings generic via filter on the_content --><!-- AddThis Share Buttons generic via filter on the_content -->","protected":false},"excerpt":{"rendered":"<p>&nbsp; Minha Loja\u00a0|\u00a0Login Como Participar?\u00a0Cadastre-se aqui Como Criar Meus Links Promocionais?\u00a0Simplesmente\u00a0adicione seu n\u00famero de identifica\u00e7\u00e3o no final de cada link, como esse exemplo:\u00a0http:\/\/genewei.com\/br\/?wpam_id=1\u00a0Em seguida, voc\u00ea poder\u00e1 acompanhar o n\u00famero de vendas, visitas, pagamentos e mais em sua p\u00e1gina. Posso Criar Nova Senha?\u00a0N\u00e3o h\u00e1 campo para digitar uma senha na p\u00e1gina de registro pois \u00e9 gerada<a class=\"moretag\" href=\"http:\/\/genewei.com\/br\/sobre-nos\/programa-de-afiliados\/\"> [&#8230;] <\/a><!-- AddThis Advanced Settings generic via filter on wp_trim_excerpt --><!-- AddThis Share Buttons generic via filter on wp_trim_excerpt --><\/p>\n","protected":false},"author":9,"featured_media":0,"parent":47,"menu_order":0,"comment_status":"closed","ping_status":"closed","template":"","meta":{"sfsi_plus_gutenberg_text_before_share":"","sfsi_plus_gutenberg_show_text_before_share":"","sfsi_plus_gutenberg_icon_type":"","sfsi_plus_gutenberg_icon_alignemt":"","sfsi_plus_gutenburg_max_per_row":"","_genesis_hide_title":false,"_genesis_hide_breadcrumbs":false,"_genesis_hide_singular_image":false,"_genesis_hide_footer_widgets":false,"_genesis_custom_body_class":"","_genesis_custom_post_class":"","_genesis_layout":""},"_links":{"self":[{"href":"http:\/\/genewei.com\/br\/wp-json\/wp\/v2\/pages\/2759"}],"collection":[{"href":"http:\/\/genewei.com\/br\/wp-json\/wp\/v2\/pages"}],"about":[{"href":"http:\/\/genewei.com\/br\/wp-json\/wp\/v2\/types\/page"}],"author":[{"embeddable":true,"href":"http:\/\/genewei.com\/br\/wp-json\/wp\/v2\/users\/9"}],"replies":[{"embeddable":true,"href":"http:\/\/genewei.com\/br\/wp-json\/wp\/v2\/comments?post=2759"}],"version-history":[{"count":4,"href":"http:\/\/genewei.com\/br\/wp-json\/wp\/v2\/pages\/2759\/revisions"}],"predecessor-version":[{"id":3013,"href":"http:\/\/genewei.com\/br\/wp-json\/wp\/v2\/pages\/2759\/revisions\/3013"}],"up":[{"embeddable":true,"href":"http:\/\/genewei.com\/br\/wp-json\/wp\/v2\/pages\/47"}],"wp:attachment":[{"href":"http:\/\/genewei.com\/br\/wp-json\/wp\/v2\/media?parent=2759"}],"curies":[{"name":"wp","href":"https:\/\/api.w.org\/{rel}","templated":true}]}}