{"id":2871,"date":"2018-03-11T14:27:51","date_gmt":"2018-03-11T17:27:51","guid":{"rendered":"http:\/\/genewei.com\/br\/?page_id=2871"},"modified":"2018-04-18T03:58:05","modified_gmt":"2018-04-18T06:58:05","slug":"cadastre-na-newsletter","status":"publish","type":"page","link":"http:\/\/genewei.com\/br\/cadastre-na-newsletter\/","title":{"rendered":"Cadastre-se gr\u00e1tis na sua newsletter"},"content":{"rendered":"\n<!-- Facebook Like Button Vivacity Infotech BEGIN -->\n<div class=\"fb-like\" data-href=\"http:\/\/genewei.com\/br\/cadastre-na-newsletter\/\" data-layout=\"standard\" data-action=\"like\" data-show-faces=\"true\" data-size=\"small\" data-width=\"550\" data-share=\"1\" ><\/div>\n<!-- Facebook Like Button Vivacity Infotech END -->\n<h2><b>J\u00e1 cadastrou abaixo?<\/b><\/h2>\n<ul>\n<li>Receba, em primeira m\u00e3o, as <b>\u00faltimas not\u00edcias e alertas de sa\u00fade<\/b> dos EUA ao Brasil!<\/li>\n<li>Participe do show no <a href=\"https:\/\/www.youtube.com\/c\/Ci%C3%AAnciaeSa%C3%BAdeNatural\">YouTube<\/a> <b>\u201cDicas de Sa\u00fade\u201d<\/b><\/li>\n<li><i>Mais alguma coisa que possamos fazer para melhorar nosso site?<\/i>\u00a0<a href=\"http:\/\/genewei.com\/br\/fale-conosco\/\">http:\/\/genewei.com\/br\/fale-conosco\/<\/a><b>\u00a0<\/b><\/li>\n<li>E voc\u00ea pode atualizar suas prefer\u00eancias abaixo ou <a href=\"https:\/\/genewei.us12.list-manage.com\/unsubscribe?u=0071709dceb8a241bce980c94&amp;id=a24b70ed81\" class=\"broken_link\">cancelar<\/a> sua inscri\u00e7\u00e3o desta lista.<\/li>\n<\/ul>\n<style type=\"text\/css\">\n\t#mc_embed_signup{background:#fff; clear:left; font:14px Helvetica,Arial,sans-serif; }<br \/>\t\/* Add your own MailChimp form style overrides in your site stylesheet or in this style block.<br \/>\t   We recommend moving this block and the preceding CSS link to the HEAD of your HTML file. *\/<br \/><\/style>\n<div id=\"mc_embed_signup\">\n<form id=\"mc-embedded-subscribe-form\" class=\"validate\" action=\"https:\/\/curasdocancer.us12.list-manage.com\/subscribe\/post?u=0071709dceb8a241bce980c94&amp;id=a24b70ed81\" method=\"post\" name=\"mc-embedded-subscribe-form\" novalidate=\"\" target=\"_blank\">\n<div id=\"mc_embed_signup_scroll\">\n<h2>RECEBA AS \u00daLTIMAS NOT\u00cdCIAS E ALERTAS DE SA\u00daDE<\/h2>\n<div class=\"indicates-required\"><span class=\"asterisk\">*<\/span> indica necess\u00e1rio<\/div>\n<div class=\"mc-field-group\"><label for=\"mce-EMAIL\">Email Favorito <span class=\"asterisk\">*<\/span><br \/>\n<\/label><br \/>\n<input id=\"mce-EMAIL\" class=\"required email\" name=\"EMAIL\" type=\"email\" value=\"\" \/><\/div>\n<div class=\"mc-field-group\"><label for=\"mce-FNAME\">Nome <\/label><br \/>\n<input id=\"mce-FNAME\" class=\"\" name=\"FNAME\" type=\"text\" value=\"\" \/><\/div>\n<div class=\"mc-field-group input-group\">\n<p><strong>Newsletter GeneWei.com\/br <\/strong><\/p>\n<ul>\n<li><input id=\"mce-group[11557]-11557-0\" name=\"group[11557][1]\" type=\"checkbox\" value=\"1\" \/><label for=\"mce-group[11557]-11557-0\">Aumente Sua Testosterona<\/label><\/li>\n<li><input id=\"mce-group[11557]-11557-1\" name=\"group[11557][2]\" type=\"checkbox\" value=\"2\" \/><label for=\"mce-group[11557]-11557-1\">Beleza Natural<\/label><\/li>\n<li><input id=\"mce-group[11557]-11557-2\" name=\"group[11557][4]\" type=\"checkbox\" value=\"4\" \/><label for=\"mce-group[11557]-11557-2\">Impot\u00eancia Sexual<\/label><\/li>\n<li><input id=\"mce-group[11557]-11557-3\" name=\"group[11557][8]\" type=\"checkbox\" value=\"8\" \/><label for=\"mce-group[11557]-11557-3\">Perda de Peso<\/label><\/li>\n<li><input id=\"mce-group[11557]-11557-4\" name=\"group[11557][16]\" type=\"checkbox\" value=\"16\" \/><label for=\"mce-group[11557]-11557-4\">Preven\u00e7\u00e3o do C\u00e2ncer<\/label><\/li>\n<li><input id=\"mce-group[11557]-11557-5\" name=\"group[11557][32]\" type=\"checkbox\" value=\"32\" \/><label for=\"mce-group[11557]-11557-5\">Programa Integrativo Anti-C\u00e2ncer<\/label><\/li>\n<li><input id=\"mce-group[11557]-11557-6\" name=\"group[11557][64]\" type=\"checkbox\" value=\"64\" \/><label for=\"mce-group[11557]-11557-6\">Sa\u00fade e Bem Estar<\/label><\/li>\n<\/ul>\n<\/div>\n<div id=\"mce-responses\" class=\"clear\"><\/div>\n<p><!-- real people should not fill this in and expect good things - do not remove this or risk form bot signups--><\/p>\n<div style=\"position: absolute; left: -5000px;\" aria-hidden=\"true\"><input tabindex=\"-1\" name=\"b_0071709dceb8a241bce980c94_a24b70ed81\" type=\"text\" value=\"\" \/><\/div>\n<div class=\"clear\"><input id=\"mc-embedded-subscribe\" class=\"button\" name=\"subscribe\" type=\"submit\" value=\"CADASTRAR\" \/><\/div>\n<\/div>\n<\/form>\n<\/div>\n<p><!--End mc_embed_signup--><\/p>\n<!-- AddThis Advanced Settings generic via filter on the_content --><!-- AddThis Share Buttons generic via filter on the_content -->","protected":false},"excerpt":{"rendered":"<p>J\u00e1 cadastrou abaixo? Receba, em primeira m\u00e3o, as \u00faltimas not\u00edcias e alertas de sa\u00fade dos EUA ao Brasil! Participe do show no YouTube \u201cDicas de Sa\u00fade\u201d Mais alguma coisa que possamos fazer para melhorar nosso site?\u00a0http:\/\/genewei.com\/br\/fale-conosco\/\u00a0 E voc\u00ea pode atualizar suas prefer\u00eancias abaixo ou cancelar sua inscri\u00e7\u00e3o desta lista. RECEBA AS \u00daLTIMAS NOT\u00cdCIAS E ALERTAS<a class=\"moretag\" href=\"http:\/\/genewei.com\/br\/cadastre-na-newsletter\/\"> [&#8230;] <\/a><!-- AddThis Advanced Settings generic via filter on wp_trim_excerpt --><!-- AddThis Share Buttons generic via filter on wp_trim_excerpt --><\/p>\n","protected":false},"author":9,"featured_media":0,"parent":0,"menu_order":8,"comment_status":"closed","ping_status":"closed","template":"","meta":{"sfsi_plus_gutenberg_text_before_share":"","sfsi_plus_gutenberg_show_text_before_share":"","sfsi_plus_gutenberg_icon_type":"","sfsi_plus_gutenberg_icon_alignemt":"","sfsi_plus_gutenburg_max_per_row":"","_genesis_hide_title":false,"_genesis_hide_breadcrumbs":false,"_genesis_hide_singular_image":false,"_genesis_hide_footer_widgets":false,"_genesis_custom_body_class":"","_genesis_custom_post_class":"","_genesis_layout":""},"_links":{"self":[{"href":"http:\/\/genewei.com\/br\/wp-json\/wp\/v2\/pages\/2871"}],"collection":[{"href":"http:\/\/genewei.com\/br\/wp-json\/wp\/v2\/pages"}],"about":[{"href":"http:\/\/genewei.com\/br\/wp-json\/wp\/v2\/types\/page"}],"author":[{"embeddable":true,"href":"http:\/\/genewei.com\/br\/wp-json\/wp\/v2\/users\/9"}],"replies":[{"embeddable":true,"href":"http:\/\/genewei.com\/br\/wp-json\/wp\/v2\/comments?post=2871"}],"version-history":[{"count":5,"href":"http:\/\/genewei.com\/br\/wp-json\/wp\/v2\/pages\/2871\/revisions"}],"predecessor-version":[{"id":2936,"href":"http:\/\/genewei.com\/br\/wp-json\/wp\/v2\/pages\/2871\/revisions\/2936"}],"wp:attachment":[{"href":"http:\/\/genewei.com\/br\/wp-json\/wp\/v2\/media?parent=2871"}],"curies":[{"name":"wp","href":"https:\/\/api.w.org\/{rel}","templated":true}]}}