{"id":3195,"date":"2018-06-19T00:49:11","date_gmt":"2018-06-19T03:49:11","guid":{"rendered":"http:\/\/genewei.com\/br\/?page_id=3195"},"modified":"2019-02-11T22:35:49","modified_gmt":"2019-02-12T00:35:49","slug":"envie-seu-depoimento","status":"publish","type":"page","link":"http:\/\/genewei.com\/br\/envie-seu-depoimento\/","title":{"rendered":"Envie Seu Depoimento"},"content":{"rendered":"\n<!-- Facebook Like Button Vivacity Infotech BEGIN -->\n<div class=\"fb-like\" data-href=\"http:\/\/genewei.com\/br\/envie-seu-depoimento\/\" data-layout=\"standard\" data-action=\"like\" data-show-faces=\"true\" data-size=\"small\" data-width=\"550\" data-share=\"1\" ><\/div>\n<!-- Facebook Like Button Vivacity Infotech END -->\n<div align=\"center\">\n<h3 align=\"center\"><\/h3>\n<h3 style=\"text-align: left;\" align=\"center\"><strong><span style=\"text-align: center; color: #ff6600;\">Oferta Especial<\/span><\/strong><\/h3>\n<p style=\"text-align: left;\" align=\"center\"><strong><span style=\"text-align: center;\">Envie-nos seu depoimento de sa\u00fade e iremos agradecer.<\/span><\/strong><\/p>\n<h3 style=\"text-align: left;\" align=\"center\"><strong><span style=\"color: #ff6600;\">Quem Pode Participar?<\/span><\/strong><\/h3>\n<p class=\"style64\" style=\"text-align: left;\">Oferta v\u00e1lida para todos aqueles\u00a0que <strong>tiveram sucesso documentado<\/strong> contra o c\u00e2ncer, usando <strong>nossos protocolos integrativos (dieta e suplementos)<\/strong>\u00a0oferecidos no nosso site.<\/p>\n<p class=\"style64\" style=\"text-align: left;\">Pelo seu esfor\u00e7o enviaremos <strong>suplementos beneficias a voc\u00ea, sem custo no valor de at\u00e9 <span style=\"color: #008000;\">USD $250.<\/span><\/strong><\/p>\n<h3 class=\"style64\" style=\"text-align: left;\"><span class=\"style31\" style=\"color: #ff6600;\"><strong>Como Participar:<\/strong><\/span><\/h3>\n<ul style=\"text-align: left;\">\n<li class=\"style64\">C\u00f3pia do seu\u00a0<strong>diagn\u00f3stico inicial<\/strong>\u00a0ou carta m\u00e9dica indicando o seu estado de sa\u00fade\u00a0<em><strong>antes e depois.<\/strong><\/em><\/li>\n<li class=\"style64\">C\u00f3pia da\u00a0<strong>confirma\u00e7\u00e3o de sa\u00fade<\/strong>\u00a0ou carta m\u00e9dica indicando que a doen\u00e7a regrediu, ou que o paciente est\u00e1 curado.<\/li>\n<li class=\"style64\"><strong>Depoimento <\/strong>escrito pelo paciente, m\u00e9dico ou familiares via email ou v\u00eddeo.<\/li>\n<li class=\"style64\"><strong>Fotos\u00a0<\/strong>do paciente (antes e depois se houver uma diferen\u00e7a visual.)<\/li>\n<\/ul>\n<p style=\"text-align: left;\"><strong style=\"text-align: center;\"><span style=\"color: #ff6600;\">Envie-nos 1 v\u00eddeo: <\/span>Enviaremos mais suplementos aos pacientes nos enviando um\u00a0v\u00eddeo<\/strong><\/p>\n<p style=\"text-align: left;\"><iframe src=\"http:\/\/www.youtube.com\/embed\/3T1mZAFeSuU\" width=\"540\" height=\"304\" frameborder=\"0\" allowfullscreen=\"allowfullscreen\" data-mce-fragment=\"1\"><\/iframe><\/p>\n<p style=\"text-align: left;\" align=\"center\"><a href=\"https:\/\/www.youtube.com\/watch?v=3T1mZAFeSuU\" target=\"_blank\" rel=\"noopener\"><span style=\"font-size: medium;\">https:\/\/www.youtube.com\/watch?v=3T1mZAFeSuU<\/span><\/a><\/p>\n<\/div>\n<!-- AddThis Advanced Settings generic via filter on the_content --><!-- AddThis Share Buttons generic via filter on the_content -->","protected":false},"excerpt":{"rendered":"<p>Oferta Especial Envie-nos seu depoimento de sa\u00fade e iremos agradecer. Quem Pode Participar? Oferta v\u00e1lida para todos aqueles\u00a0que tiveram sucesso documentado contra o c\u00e2ncer, usando nossos protocolos integrativos (dieta e suplementos)\u00a0oferecidos no nosso site. Pelo seu esfor\u00e7o enviaremos suplementos beneficias a voc\u00ea, sem custo no valor de at\u00e9 USD $250. Como Participar: C\u00f3pia do seu\u00a0diagn\u00f3stico<a class=\"moretag\" href=\"http:\/\/genewei.com\/br\/envie-seu-depoimento\/\"> [&#8230;] <\/a><!-- AddThis Advanced Settings generic via filter on wp_trim_excerpt --><!-- AddThis Share Buttons generic via filter on wp_trim_excerpt --><\/p>\n","protected":false},"author":5,"featured_media":0,"parent":0,"menu_order":0,"comment_status":"closed","ping_status":"closed","template":"","meta":{"sfsi_plus_gutenberg_text_before_share":"","sfsi_plus_gutenberg_show_text_before_share":"","sfsi_plus_gutenberg_icon_type":"","sfsi_plus_gutenberg_icon_alignemt":"","sfsi_plus_gutenburg_max_per_row":"","_genesis_hide_title":false,"_genesis_hide_breadcrumbs":false,"_genesis_hide_singular_image":false,"_genesis_hide_footer_widgets":false,"_genesis_custom_body_class":"","_genesis_custom_post_class":"","_genesis_layout":""},"_links":{"self":[{"href":"http:\/\/genewei.com\/br\/wp-json\/wp\/v2\/pages\/3195"}],"collection":[{"href":"http:\/\/genewei.com\/br\/wp-json\/wp\/v2\/pages"}],"about":[{"href":"http:\/\/genewei.com\/br\/wp-json\/wp\/v2\/types\/page"}],"author":[{"embeddable":true,"href":"http:\/\/genewei.com\/br\/wp-json\/wp\/v2\/users\/5"}],"replies":[{"embeddable":true,"href":"http:\/\/genewei.com\/br\/wp-json\/wp\/v2\/comments?post=3195"}],"version-history":[{"count":5,"href":"http:\/\/genewei.com\/br\/wp-json\/wp\/v2\/pages\/3195\/revisions"}],"predecessor-version":[{"id":9695,"href":"http:\/\/genewei.com\/br\/wp-json\/wp\/v2\/pages\/3195\/revisions\/9695"}],"wp:attachment":[{"href":"http:\/\/genewei.com\/br\/wp-json\/wp\/v2\/media?parent=3195"}],"curies":[{"name":"wp","href":"https:\/\/api.w.org\/{rel}","templated":true}]}}