{"id":45,"date":"2015-05-26T15:06:43","date_gmt":"2015-05-26T20:06:43","guid":{"rendered":"http:\/\/genewei.com\/?page_id=45"},"modified":"2018-02-17T23:26:22","modified_gmt":"2018-02-18T02:26:22","slug":"fale-conosco","status":"publish","type":"page","link":"http:\/\/genewei.com\/br\/fale-conosco\/","title":{"rendered":"Fale Conosco"},"content":{"rendered":"\n<!-- Facebook Like Button Vivacity Infotech BEGIN -->\n<div class=\"fb-like\" data-href=\"http:\/\/genewei.com\/br\/fale-conosco\/\" data-layout=\"standard\" data-action=\"like\" data-show-faces=\"true\" data-size=\"small\" data-width=\"550\" data-share=\"1\" ><\/div>\n<!-- Facebook Like Button Vivacity Infotech END -->\n<div role=\"form\" class=\"wpcf7\" id=\"wpcf7-f496-o1\" lang=\"pt-BR\" dir=\"ltr\">\n<div class=\"screen-reader-response\"><p role=\"status\" aria-live=\"polite\" aria-atomic=\"true\"><\/p> <ul><\/ul><\/div>\n<form action=\"\/br\/wp-json\/wp\/v2\/pages\/45#wpcf7-f496-o1\" method=\"post\" class=\"wpcf7-form init\" novalidate=\"novalidate\" data-status=\"init\">\n<div style=\"display: none;\">\n<input type=\"hidden\" name=\"_wpcf7\" value=\"496\" \/>\n<input type=\"hidden\" name=\"_wpcf7_version\" value=\"5.3\" \/>\n<input type=\"hidden\" name=\"_wpcf7_locale\" value=\"pt_BR\" \/>\n<input type=\"hidden\" name=\"_wpcf7_unit_tag\" value=\"wpcf7-f496-o1\" \/>\n<input type=\"hidden\" name=\"_wpcf7_container_post\" value=\"0\" \/>\n<input type=\"hidden\" name=\"_wpcf7_posted_data_hash\" value=\"\" \/>\n<\/div>\n<p>Seu nome (obrigat\u00f3rio)<br \/>\n    <span class=\"wpcf7-form-control-wrap your-name\"><input type=\"text\" name=\"your-name\" value=\"\" size=\"40\" class=\"wpcf7-form-control wpcf7-text wpcf7-validates-as-required\" aria-required=\"true\" aria-invalid=\"false\" \/><\/span> <\/p>\n<p>Seu e-mail (obrigat\u00f3rio)<br \/>\n    <span class=\"wpcf7-form-control-wrap your-email\"><input type=\"email\" name=\"your-email\" value=\"\" size=\"40\" class=\"wpcf7-form-control wpcf7-text wpcf7-email wpcf7-validates-as-required wpcf7-validates-as-email\" aria-required=\"true\" aria-invalid=\"false\" \/><\/span> <\/p>\n<p>Assunto<br \/>\n    <span class=\"wpcf7-form-control-wrap your-subject\"><input type=\"text\" name=\"your-subject\" value=\"\" size=\"40\" class=\"wpcf7-form-control wpcf7-text\" aria-invalid=\"false\" \/><\/span> <\/p>\n<p>Sua mensagem<br \/>\n    <span class=\"wpcf7-form-control-wrap your-message\"><textarea name=\"your-message\" cols=\"40\" rows=\"10\" class=\"wpcf7-form-control wpcf7-textarea\" aria-invalid=\"false\"><\/textarea><\/span> <\/p>\n<p><input type=\"submit\" value=\"Enviar\" class=\"wpcf7-form-control wpcf7-submit\" \/><\/p>\n<div class=\"wpcf7-response-output\" aria-hidden=\"true\"><\/div><\/form><\/div>\n<hr \/>\n<h3><span style=\"color: #000000;\"><strong>Perguntas Comuns<\/strong><\/span><\/h3>\n<p><em><strong>P:<\/strong> Gostaria de saber sobre o prazo de entrega&#8230;\u00a0Quanto tempo leva para receber meu pedido dos EUA ao Brasil?<\/em><\/p>\n<p><strong>R:\u00a0<\/strong>Processamos dentro de 1-3 dias.\u00a0Voc\u00ea receber\u00e1 seu n\u00famero de rastreamento via email ap\u00f3s o envio e tamb\u00e9m poder\u00e1 acess\u00e1-lo em sua conta <strong>PagSeguro <\/strong>ou<strong> Paypal. <\/strong>Em seguida basta rastrear o envio pela internet: Todos os clientes: <a href=\"https:\/\/tools.usps.com\/go\/TrackConfirmAction_input\">www.usps.com<\/a> | Clientes no Brasil: <a href=\"http:\/\/www.correios.com.br\/para-voce\">www.correios.com.br<\/a> | <strong>Todos os envios:<\/strong> 14-20 dias\u00a0\u00fateis<\/p>\n<div>\n<div class=\"m_-1582441810532194642gmail-highlightSRO\">\n<div id=\"m_-1582441810532194642gmail-imagemhidden\">\n<div class=\"m_-1582441810532194642gmail-status\"><img class=\"CToWUd\" src=\"https:\/\/ci6.googleusercontent.com\/proxy\/HpY7KDxF6iCR4M_VRl3zJPP2Jkwo44fMqnteZ_p88Twe2789CC0EMHrEj_C3l3V84OkCWU3Pefs0ab0Y6AHXyrgRUKhTxgpYBx4IzsW5=s0-d-e1-ft#http:\/\/www2.correios.com.br\/home2014\/img\/SRO\/entrega.gif\" alt=\"Objeto entregue ao destinat\u00e1rio\" \/><\/div>\n<\/div>\n<div><strong>Objeto entregue ao destinat\u00e1rio via USPS.com | Correios.com.br<\/strong><\/div>\n<\/div>\n<\/div>\n<div class=\"m_-1582441810532194642gmail-highlightSRO\">\n<div>Melhor op\u00e7\u00e3o dos EUA ao Brasil pois evitam taxas e cobram menores custos.<\/div>\n<\/div>\n<div><\/div>\n<div class=\"yj6qo ajU\"><\/div>\n<!-- AddThis Advanced Settings generic via filter on the_content --><!-- AddThis Share Buttons generic via filter on the_content -->","protected":false},"excerpt":{"rendered":"<p>Perguntas Comuns P: Gostaria de saber sobre o prazo de entrega&#8230;\u00a0Quanto tempo leva para receber meu pedido dos EUA ao Brasil? R:\u00a0Processamos dentro de 1-3 dias.\u00a0Voc\u00ea receber\u00e1 seu n\u00famero de rastreamento via email ap\u00f3s o envio e tamb\u00e9m poder\u00e1 acess\u00e1-lo em sua conta PagSeguro ou Paypal. Em seguida basta rastrear o envio pela internet: Todos<a class=\"moretag\" href=\"http:\/\/genewei.com\/br\/fale-conosco\/\"> [&#8230;] <\/a><!-- AddThis Advanced Settings generic via filter on wp_trim_excerpt --><!-- AddThis Share Buttons generic via filter on wp_trim_excerpt --><\/p>\n","protected":false},"author":3,"featured_media":0,"parent":0,"menu_order":8,"comment_status":"open","ping_status":"open","template":"","meta":{"sfsi_plus_gutenberg_text_before_share":"","sfsi_plus_gutenberg_show_text_before_share":"","sfsi_plus_gutenberg_icon_type":"","sfsi_plus_gutenberg_icon_alignemt":"","sfsi_plus_gutenburg_max_per_row":"","_genesis_hide_title":false,"_genesis_hide_breadcrumbs":false,"_genesis_hide_singular_image":false,"_genesis_hide_footer_widgets":false,"_genesis_custom_body_class":"","_genesis_custom_post_class":"","_genesis_layout":""},"_links":{"self":[{"href":"http:\/\/genewei.com\/br\/wp-json\/wp\/v2\/pages\/45"}],"collection":[{"href":"http:\/\/genewei.com\/br\/wp-json\/wp\/v2\/pages"}],"about":[{"href":"http:\/\/genewei.com\/br\/wp-json\/wp\/v2\/types\/page"}],"author":[{"embeddable":true,"href":"http:\/\/genewei.com\/br\/wp-json\/wp\/v2\/users\/3"}],"replies":[{"embeddable":true,"href":"http:\/\/genewei.com\/br\/wp-json\/wp\/v2\/comments?post=45"}],"version-history":[{"count":4,"href":"http:\/\/genewei.com\/br\/wp-json\/wp\/v2\/pages\/45\/revisions"}],"predecessor-version":[{"id":2829,"href":"http:\/\/genewei.com\/br\/wp-json\/wp\/v2\/pages\/45\/revisions\/2829"}],"wp:attachment":[{"href":"http:\/\/genewei.com\/br\/wp-json\/wp\/v2\/media?parent=45"}],"curies":[{"name":"wp","href":"https:\/\/api.w.org\/{rel}","templated":true}]}}