{"id":47,"date":"2015-05-26T15:10:13","date_gmt":"2015-05-26T20:10:13","guid":{"rendered":"http:\/\/genewei.com\/?page_id=47"},"modified":"2018-03-13T14:06:05","modified_gmt":"2018-03-13T17:06:05","slug":"sobre-nos","status":"publish","type":"page","link":"http:\/\/genewei.com\/br\/sobre-nos\/","title":{"rendered":"Sobre N\u00f3s"},"content":{"rendered":"\n<!-- Facebook Like Button Vivacity Infotech BEGIN -->\n<div class=\"fb-like\" data-href=\"http:\/\/genewei.com\/br\/sobre-nos\/\" data-layout=\"standard\" data-action=\"like\" data-show-faces=\"true\" data-size=\"small\" data-width=\"550\" data-share=\"1\" ><\/div>\n<!-- Facebook Like Button Vivacity Infotech END -->\n<div style=\"text-align: right;\" align=\"left\">\n<p><strong><strong><a href=\"http:\/\/genewei.com\/br\/lojavirtual\/quem-melhor-descreve-voce\/\">Consultas: Quem\u00a0Melhor Descreve Voc\u00ea?<\/a><\/strong><\/strong>\u00a0| \u00a0<a href=\"http:\/\/genewei.com\/br\/midia\/\"><b>Novidades e M\u00eddia<\/b><\/a><\/p>\n<p class=\"\" dir=\"ltr\" style=\"text-align: left;\"><strong>O Dr. Gene Wei<\/strong> \u00e9 um\u00a0M\u00e9dico de\u00a0Medicina Oriental de\u00a0Placa Certificada e Prestador de Cuidados Prim\u00e1rios no Estado da Fl\u00f3rida. Ele tamb\u00e9m \u00e9 o co-autor do livro \u201cUm Dia na Dieta Budwig\u201d, um dos principais recursos que explicam a Dieta Anti-C\u00e2ncer criada pelo renomada cientista alem\u00e3 Dra. Johanna Budwig.<\/p>\n<\/div>\n<p class=\"\" dir=\"ltr\"><span class=\"\"><img loading=\"lazy\" class=\" size-medium wp-image-159 alignleft\" src=\"http:\/\/genewei.com\/wp-content\/uploads\/2015\/05\/dr-gw-300x245.jpg\" alt=\"dr-gw\" width=\"300\" height=\"245\" \/><\/span><\/p>\n<p class=\"\" dir=\"ltr\">Enquanto\u00a0completando seus estudos na Universidade da Calif\u00f3rnia, Los Angeles, o Dr. Wei teve a oportunidade \u00fanica de estudar no exterior, tanto na China quanto\u00a0no Brasil. Apesar de que ele estava contemplando\u00a0estudar medicina ocidental na \u00e9poca, estudar no exterior lhe deu a oportunidade de ter sido tratado e educado\u00a0por m\u00e9dicos e curandeiros renomados nos seus respectivos pa\u00edses<span class=\"\">.<\/span><\/p>\n<p class=\"\" dir=\"ltr\"><span class=\"\">Ap\u00f3s ter sofrido uma s\u00e9rie de doen\u00e7as cr\u00f4nicas durante seu tempo na UCLA, o Dr. Wei estava muito familiarizado com o melhor que a medicina convencional tinha a\u00a0oferecer. Embora esta foi ben\u00e9fica em si mesmo, ter sido\u00a0exposto a outras formas de medicina no exterior \u00e9 o que lhe permitiu superar suas condi\u00e7\u00f5es cr\u00f4nicas. <\/span>Esta experi\u00eancia\u00a0favor\u00e1vel lhe permitiu a se reabilitar\u00a0ate sa\u00fade completa, e o conduziu em uma carreira em Medicina Natural.<\/p>\n<blockquote>\n<p class=\"\" dir=\"ltr\"><span class=\"\">&#8220;Como um m\u00e9dico, ser capaz de experimentar uma doen\u00e7a cr\u00f4nica grave \u00e9 na verdade uma b\u00ean\u00e7\u00e3o. A estrada de doen\u00e7a para \u00f3ptima sa\u00fade\u00a0\u00e9 pleno conhecimento que s\u00f3 a experi\u00eancia pode dar. Isto \u00e9 o que me guia em\u00a0minha pr\u00e1tica di\u00e1ria.&#8221;<\/span><\/p>\n<\/blockquote>\n<p class=\"\" dir=\"ltr\">Depois de se formar a partir da UCLA, Dr. Wei continuou seus estudos, em ambas\u00a0<em>Yo San University<\/em>, em Los Angeles, CA e\u00a0<em>East West College of Medicine Natural<\/em> em Sarasota, FL, onde se graduou com as honras as mais elevadas Ele possui um Mestrado em Medicina Oriental e \u00e9 um Doutor de Placa Certificada em Medicina Oriental e Acupuntura M\u00e9dica do estado da Fl\u00f3rida (NCCAOM).<\/p>\n<p class=\"\" dir=\"ltr\"><span class=\"\">Dr. Wei \u00e9 especialista em Medicina Funcional e, Tratamento Complementar e Integrativo do C\u00e2ncer. Utilizando o conhecimento e as t\u00e9cnicas da Medicina Chinesa, Medicina Natural Moderna, e os mais recentes tipos de testes de laborat\u00f3rio, o Dr. Wei fornece seus pacientes com o atendimento mais abrangente.<\/span><\/p>\n<blockquote>\n<p class=\"\" dir=\"ltr\"><span class=\"\">&#8220;<\/span><span class=\"\">Caso\u00a0estajamos usando Compostos de Ervas Chinesas, Vitaminas, ou Suplementos Nutrac\u00eauticos&#8230; \u00e9 mais importante combinar estas t\u00e9cnicas de tratamento com as s\u00edndromes que elas tratam melhor. Certas t\u00e9cnicas de tratamento s\u00e3o excelentes no tratamento de algumas s\u00edndromes, mas n\u00e3o tanto para outras. Assim, a compreens\u00e3o das habilidades e limita\u00e7\u00f5es destas t\u00e9cnicas \u00e9 fundamental.<\/span><\/p>\n<p class=\"\" dir=\"ltr\"><span class=\"\">Por exemplo, algumas\u00a0Ervas Chinesas podem estimular certas subst\u00e2ncias qu\u00edmicas do c\u00e9rebro para tratar a ansiedade&#8230; Mas se o seu c\u00e9rebro est\u00e1 faltando os nutrientes b\u00e1sicos para formar estes\u00a0produtos qu\u00edmicos do c\u00e9rebro, as ervas chinesas n\u00e3o ir\u00e3o\u00a0funcionar por muito tempo (ou n\u00e3o ir\u00e3o funcionar).<\/span><\/p>\n<p class=\"\" dir=\"ltr\"><span class=\"\">Por isso, \u00e9 importante compreender os mecanismos cient\u00edficos subjacentes, os bioqu\u00edmicos envolvidos, bem como a grande variedade de medicamentos tradicionais que existem. Isso nos permite obter os melhores resultados. Minha filosofia \u00e9 a de ser fundamentada na medicina tradicional, mas crescer com a ci\u00eancia moderna e experi\u00eancia cl\u00ednica.&#8221;<\/span><\/p>\n<\/blockquote>\n<p class=\"\" dir=\"ltr\"><span class=\"\"><img loading=\"lazy\" class=\"size-medium wp-image-377 alignleft\" src=\"http:\/\/genewei.com\/wp-content\/uploads\/2015\/05\/about-jw.png\" alt=\"about-jw\" width=\"200\" height=\"200\" \/><\/span><strong>Jane<\/strong> \u00e9 a\u00a0nossa gerente de opera\u00e7\u00f5es na \u00c1sia. Origin\u00e1ria de Taiwan, a Jane tem anos de experi\u00eancia importando encomendas e pacotes para a China, Hong Kong e Taiwan. Ela oferece o melhor em atendimento ao cliente e traduziu dezenas de artigos em nosso website. Ela tamb\u00e9m \u00e9 a\u00a0gerente l\u00edder na empresa <em>Mass Co. International Inc.<\/em><\/p>\n<p>Em seu tempo livre, Jane gosta de jogar pingue-pongue e dan\u00e7a salsa.<\/p>\n<p>&nbsp;<\/p>\n<p>&nbsp;<\/p>\n<p class=\"\" dir=\"ltr\"><span class=\"\"><img loading=\"lazy\" class=\"size-full wp-image-375 alignleft\" src=\"http:\/\/genewei.com\/wp-content\/uploads\/2015\/05\/about-ue.png\" alt=\"about-ue\" width=\"200\" height=\"200\" \/><\/span><\/p>\n<p class=\"\" dir=\"ltr\"><strong>Ursula,<\/strong> CST funciona como uma terapeuta, e \u00e9 tamb\u00e9m a\u00a0nossa gerente de opera\u00e7\u00f5es do Brasil. Ursula tem anos de experi\u00eancia importando encomendas e pacotes para o Brasil. Como uma ex-animadora de computador que trabalhou em alguns dos jogos de v\u00eddeo mais importantes do mundo (Call of Duty, Silent Hill, WWE), a Ursula transitou para trabalhar com o Dr. Wei devido as\u00a0suas pr\u00f3prias lutas de sa\u00fade.<\/p>\n<p>Em seu tempo livre Ursula gosta de fazer yoga, kickboxing, e tocar viol\u00e3o.<\/p>\n<blockquote>\n<p class=\"\" dir=\"ltr\"><span class=\"\">&#8220;\u00c9 um grande prazer trabalhar com o Dr. Gene. Estamos sempre pesquisando e atualizando aos m\u00e9todos mais recentes e avan\u00e7ados. Nossa miss\u00e3o \u00e9 espalhar o conhecimento destas terapias poderosas em todo o mundo.&#8221;<\/span><\/p>\n<\/blockquote>\n<hr \/>\n<p><strong><span class=\"footer-Titles\">Nos Ajude a Compartilhar:<\/span><\/strong><br \/>\n<a href=\"http:\/\/genewei.com\/br\/dicas-do-programa-de-afiliados\/\"><strong><span class=\"footer-Titles\">PROGRAMA DE AFILIADOS<\/span><\/strong><\/a><\/p>\n<p><a href=\"http:\/\/genewei.com\/br\/affiliate-home\/affiliate-register\/\">Cadastre-se aqui<\/a>\u00a0| <a href=\"http:\/\/genewei.com\/br\/affiliate-home\/affiliate-login\/\">Login<\/a><\/p>\n<!-- AddThis Advanced Settings generic via filter on the_content --><!-- AddThis Share Buttons generic via filter on the_content -->","protected":false},"excerpt":{"rendered":"<p>Consultas: Quem\u00a0Melhor Descreve Voc\u00ea?\u00a0| \u00a0Novidades e M\u00eddia O Dr. Gene Wei \u00e9 um\u00a0M\u00e9dico de\u00a0Medicina Oriental de\u00a0Placa Certificada e Prestador de Cuidados Prim\u00e1rios no Estado da Fl\u00f3rida. Ele tamb\u00e9m \u00e9 o co-autor do livro \u201cUm Dia na Dieta Budwig\u201d, um dos principais recursos que explicam a Dieta Anti-C\u00e2ncer criada pelo renomada cientista alem\u00e3 Dra. Johanna Budwig.<a class=\"moretag\" href=\"http:\/\/genewei.com\/br\/sobre-nos\/\"> [&#8230;] <\/a><!-- AddThis Advanced Settings generic via filter on wp_trim_excerpt --><!-- AddThis Share Buttons generic via filter on wp_trim_excerpt --><\/p>\n","protected":false},"author":3,"featured_media":159,"parent":0,"menu_order":6,"comment_status":"open","ping_status":"open","template":"","meta":{"sfsi_plus_gutenberg_text_before_share":"","sfsi_plus_gutenberg_show_text_before_share":"","sfsi_plus_gutenberg_icon_type":"","sfsi_plus_gutenberg_icon_alignemt":"","sfsi_plus_gutenburg_max_per_row":"","_genesis_hide_title":false,"_genesis_hide_breadcrumbs":false,"_genesis_hide_singular_image":false,"_genesis_hide_footer_widgets":false,"_genesis_custom_body_class":"","_genesis_custom_post_class":"","_genesis_layout":""},"_links":{"self":[{"href":"http:\/\/genewei.com\/br\/wp-json\/wp\/v2\/pages\/47"}],"collection":[{"href":"http:\/\/genewei.com\/br\/wp-json\/wp\/v2\/pages"}],"about":[{"href":"http:\/\/genewei.com\/br\/wp-json\/wp\/v2\/types\/page"}],"author":[{"embeddable":true,"href":"http:\/\/genewei.com\/br\/wp-json\/wp\/v2\/users\/3"}],"replies":[{"embeddable":true,"href":"http:\/\/genewei.com\/br\/wp-json\/wp\/v2\/comments?post=47"}],"version-history":[{"count":4,"href":"http:\/\/genewei.com\/br\/wp-json\/wp\/v2\/pages\/47\/revisions"}],"predecessor-version":[{"id":2883,"href":"http:\/\/genewei.com\/br\/wp-json\/wp\/v2\/pages\/47\/revisions\/2883"}],"wp:featuredmedia":[{"embeddable":true,"href":"http:\/\/genewei.com\/br\/wp-json\/wp\/v2\/media\/159"}],"wp:attachment":[{"href":"http:\/\/genewei.com\/br\/wp-json\/wp\/v2\/media?parent=47"}],"curies":[{"name":"wp","href":"https:\/\/api.w.org\/{rel}","templated":true}]}}