{"id":665,"date":"2015-10-31T20:24:24","date_gmt":"2015-10-31T22:24:24","guid":{"rendered":"http:\/\/genewei.com\/br\/?page_id=665"},"modified":"2016-10-29T18:55:19","modified_gmt":"2016-10-29T20:55:19","slug":"quero-ser-mais-saudavel","status":"publish","type":"page","link":"http:\/\/genewei.com\/br\/lojavirtual\/quero-ser-mais-saudavel\/","title":{"rendered":"Quero Ser Mais Saud\u00e1vel"},"content":{"rendered":"\n<!-- Facebook Like Button Vivacity Infotech BEGIN -->\n<div class=\"fb-like\" data-href=\"http:\/\/genewei.com\/br\/lojavirtual\/quero-ser-mais-saudavel\/\" data-layout=\"standard\" data-action=\"like\" data-show-faces=\"true\" data-size=\"small\" data-width=\"550\" data-share=\"1\" ><\/div>\n<!-- Facebook Like Button Vivacity Infotech END -->\n<p style=\"text-align: center;\"><span style=\"color: #0b5394; font-family: Arial, Helvetica, sans-serif; font-size: x-large;\">Pronto para assumir controle de sua sa\u00fade?<\/span><\/p>\n<p style=\"text-align: center;\"><strong>Recomendamos uma <a href=\"http:\/\/genewei.com\/br\/produto\/apoio-individual-personalizado-via-email\/\">consulta com o Dr. Gene<\/a> para receber orienta\u00e7\u00f5es de dieta e suplementos.<\/strong><\/p>\n<div align=\"center\">\n<p><span style=\"color: #0b5394; font-family: Arial, Helvetica, sans-serif; font-size: x-large;\"><strong>Voc\u00ea receber\u00e1 orienta\u00e7\u00f5es de dieta e suplementos para sua sa\u00fade<\/strong><\/span><\/p>\n<p align=\"left\"><span style=\"color: #0b5394; font-family: Arial, Helvetica, sans-serif; font-size: large;\"><strong><img loading=\"lazy\" style=\"float: left;\" src=\"http:\/\/genewei.com\/br\/images\/protocolo-de-escolha.jpg\" alt=\"\" width=\"280\" height=\"190\" \/><\/strong><\/span><\/p>\n<p align=\"left\"><strong>Enviaremos o voc\u00ea precisa:<\/strong><\/p>\n<p style=\"text-align: left;\"><img src=\"http:\/\/genewei.com\/br\/images\/icon-check.png\" alt=\"\" \/>\u00a0Seu conjunto de <strong>suplementos de alta qualidade<\/strong> dentro do seu or\u00e7amento<br \/>\n<img src=\"http:\/\/genewei.com\/br\/images\/icon-check.png\" alt=\"\" \/>\u00a0Envios que duram\u00a0<strong>3 meses<\/strong> permitindo maior desconto, e melhores resultados<br \/>\n<img src=\"http:\/\/genewei.com\/br\/images\/icon-check.png\" alt=\"\" \/>\u00a0Al\u00e9m disso, <strong>instru\u00e7\u00f5es completas<\/strong> com dosagens e hor\u00e1rios est\u00e3o inclu\u00eddas (o valor de 1\u00a0ou mais\u00a0consultas cl\u00ednicas!)<\/p>\n<div align=\"center\">\n<table border=\"0\" cellspacing=\"0\" cellpadding=\"0\">\n<tbody>\n<tr valign=\"top\">\n<td bgcolor=\"dcf1fa\" height=\"175\">\n<div style=\"text-align: left;\" align=\"left\"><span style=\"color: #0077b8;\"><strong><span style=\"font-family: Arial, Helvetica, sans-serif; font-size: x-large;\"><strong><span style=\"font-family: Georgia, 'Times New Roman', Times, serif;\">Um protocolo dentro do seu\u00a0or\u00e7amento<\/span><\/strong><\/span><\/strong><\/span><\/div>\n<div style=\"text-align: left;\" align=\"left\"><span style=\"color: #0077b8; font-size: large;\">Escolha o seu protocolo de\u00a0m\u00e1ximo apoio dentro do seu or\u00e7amento mensal<\/span><\/div>\n<div style=\"text-align: center;\" align=\"left\"><img loading=\"lazy\" class=\"alignnone size-full wp-image-533\" src=\"http:\/\/genewei.com\/br\/images\/protocolo-nivel123.png\" alt=\"protocolo-nivel123\" width=\"625\" height=\"202\" \/><\/div>\n<div align=\"left\">\n<p style=\"text-align: left;\"><span style=\"color: #0077b8; font-size: large;\">Criamos <em><strong><span style=\"font-family: Georgia, 'Times New Roman', Times, serif;\">todos<\/span><\/strong><\/em> os protocolos suplementares cuidadosamente\u00a0para serem potentes e <em><strong><span style=\"font-family: Georgia, 'Times New Roman', Times, serif;\">f\u00e1ceis de seguir!<\/span><\/strong><\/em><\/span><\/p>\n<\/div>\n<\/td>\n<\/tr>\n<\/tbody>\n<\/table>\n<\/div>\n<\/div>\n<h2 style=\"text-align: left;\"><strong><span class=\"style57\"><a id=\"protocolos\" name=\"protocolos\"><\/a><\/span><span style=\"color: #0b5394;\">Trabalhamos com uma variedade de condi\u00e7\u00f5es de sa\u00fade<\/span><\/strong><\/h2>\n<p>E enviaremos dos\u00a0EUA via correios USPS\u00a0Priority Express,\u00a0assim voc\u00ea receber\u00e1 seu pedido em breve.<\/p>\n<div style=\"text-align: left;\">\n<hr \/>\n<\/div>\n<div style=\"text-align: left;\">\n<table border=\"0\" cellspacing=\"0\" cellpadding=\"0\">\n<tbody>\n<tr valign=\"top\">\n<td align=\"center\" valign=\"middle\" bgcolor=\"dcf1fa\">\n<div align=\"left\"><span style=\"color: #0b5394; font-family: Arial, Helvetica, sans-serif; font-size: large;\"><strong><img loading=\"lazy\" style=\"float: left;\" src=\"http:\/\/genewei.com\/br\/images\/protocolo-depoimentos.png\" alt=\"\" width=\"190\" height=\"150\" \/><\/strong><\/span><span style=\"color: #0077b8;\"><strong><span style=\"font-family: Arial, Helvetica, sans-serif; font-size: large;\"><strong><span style=\"font-family: Georgia, 'Times New Roman', Times, serif;\">Envie-nos o seu\u00a0Depoimento de Sa\u00fade<\/span><\/strong><\/span><\/strong><\/span><\/div>\n<div align=\"left\"><em><span style=\"color: #808080;\"><span style=\"color: #333333;\">Pessoas de todo o mundo t\u00eam beneficiado de nossos protocolos. Ent\u00e3o, se nossos suplementos tamb\u00e9m tem ajudado voc\u00ea, <strong>envie-nos seu depoimento\u00a0inspiracional,<\/strong> e vamos lhe agradecer com vitaminas, presentes e mais! Para aprender\u00a0mais,<\/span> <\/span><a href=\"http:\/\/genewei.com\/br\/fale-conosco\/\">entre em contato conosco aqui<\/a>.\u00a0<\/em><\/div>\n<\/td>\n<\/tr>\n<\/tbody>\n<\/table>\n<div style=\"text-align: center;\" align=\"left\"><\/div>\n<div style=\"text-align: center;\" align=\"left\"><span style=\"color: #0b5394; font-family: Arial, Helvetica, sans-serif; font-size: large;\"><strong><img loading=\"lazy\" style=\"float: left;\" src=\"http:\/\/genewei.com\/br\/images\/programa-suplementar.png\" alt=\"\" width=\"465\" height=\"150\" \/><\/strong><\/span><\/div>\n<div style=\"text-align: center;\" align=\"left\"><\/div>\n<div style=\"text-align: center;\" align=\"left\"><\/div>\n<div style=\"text-align: center;\" align=\"left\"><\/div>\n<div style=\"text-align: center;\" align=\"left\"><span style=\"color: #808080;\"><strong><em>&#8220;As instru\u00e7\u00f5es s\u00e3o bem f\u00e1ceis de seguir.<\/em><\/strong><em> Agora sei que estou tomando cada suplemento corretamente para o maior efeito. Obrigada!&#8221;<\/em><\/span><\/div>\n<\/div>\n<div style=\"text-align: left;\"><\/div>\n<!-- AddThis Advanced Settings generic via filter on the_content --><!-- AddThis Share Buttons generic via filter on the_content -->","protected":false},"excerpt":{"rendered":"<p>Pronto para assumir controle de sua sa\u00fade? Recomendamos uma consulta com o Dr. Gene para receber orienta\u00e7\u00f5es de dieta e suplementos. Voc\u00ea receber\u00e1 orienta\u00e7\u00f5es de dieta e suplementos para sua sa\u00fade Enviaremos o voc\u00ea precisa: \u00a0Seu conjunto de suplementos de alta qualidade dentro do seu or\u00e7amento \u00a0Envios que duram\u00a03 meses permitindo maior desconto, e melhores<a class=\"moretag\" href=\"http:\/\/genewei.com\/br\/lojavirtual\/quero-ser-mais-saudavel\/\"> [&#8230;] <\/a><!-- AddThis Advanced Settings generic via filter on wp_trim_excerpt --><!-- AddThis Share Buttons generic via filter on wp_trim_excerpt --><\/p>\n","protected":false},"author":5,"featured_media":0,"parent":740,"menu_order":0,"comment_status":"closed","ping_status":"closed","template":"","meta":{"sfsi_plus_gutenberg_text_before_share":"","sfsi_plus_gutenberg_show_text_before_share":"","sfsi_plus_gutenberg_icon_type":"","sfsi_plus_gutenberg_icon_alignemt":"","sfsi_plus_gutenburg_max_per_row":"","_genesis_hide_title":false,"_genesis_hide_breadcrumbs":false,"_genesis_hide_singular_image":false,"_genesis_hide_footer_widgets":false,"_genesis_custom_body_class":"","_genesis_custom_post_class":"","_genesis_layout":"content-sidebar"},"_links":{"self":[{"href":"http:\/\/genewei.com\/br\/wp-json\/wp\/v2\/pages\/665"}],"collection":[{"href":"http:\/\/genewei.com\/br\/wp-json\/wp\/v2\/pages"}],"about":[{"href":"http:\/\/genewei.com\/br\/wp-json\/wp\/v2\/types\/page"}],"author":[{"embeddable":true,"href":"http:\/\/genewei.com\/br\/wp-json\/wp\/v2\/users\/5"}],"replies":[{"embeddable":true,"href":"http:\/\/genewei.com\/br\/wp-json\/wp\/v2\/comments?post=665"}],"version-history":[{"count":0,"href":"http:\/\/genewei.com\/br\/wp-json\/wp\/v2\/pages\/665\/revisions"}],"up":[{"embeddable":true,"href":"http:\/\/genewei.com\/br\/wp-json\/wp\/v2\/pages\/740"}],"wp:attachment":[{"href":"http:\/\/genewei.com\/br\/wp-json\/wp\/v2\/media?parent=665"}],"curies":[{"name":"wp","href":"https:\/\/api.w.org\/{rel}","templated":true}]}}