{"id":1068,"date":"2016-08-01T17:59:06","date_gmt":"2016-08-01T20:59:06","guid":{"rendered":"http:\/\/genewei.com\/br\/?post_type=product&#038;p=1068"},"modified":"2018-02-24T13:27:46","modified_gmt":"2018-02-24T16:27:46","slug":"gpc-60-vcaps","status":"publish","type":"product","link":"http:\/\/genewei.com\/br\/produto\/gpc-60-vcaps\/","title":{"rendered":"GPC 300 mg (60 vcaps)"},"content":{"rendered":"\n<!-- Facebook Like Button Vivacity Infotech BEGIN -->\n<div class=\"fb-like\" data-href=\"http:\/\/genewei.com\/br\/produto\/gpc-60-vcaps\/\" data-layout=\"standard\" data-action=\"like\" data-show-faces=\"true\" data-size=\"small\" data-width=\"550\" data-share=\"1\" ><\/div>\n<!-- Facebook Like Button Vivacity Infotech END -->\n<p>GPC (glicerofosfocolina) \u00e9 um nutriente de apoio para o c\u00e9rebro, rins, m\u00fasculos, test\u00edculos e outros \u00f3rg\u00e3os, e \u00e9 um bloco de constru\u00e7\u00e3o para fosfolip\u00eddios da membrana celular. Sem a presen\u00e7a deste nutriente no c\u00e9rebro, n\u00e3o poder\u00edamos pensar, dormir ou lembrar.<\/p>\n<p>A dose de manuten\u00e7\u00e3o de GPC \u00e9 de 300-600 mg por dia, com uma dosagem terap\u00eautica mais elevada na gama de 600-1200 mg por dia. A dose oral t\u00edpica de GPC utilizada na maioria dos ensaios \u00e9 de 1200 mg por dia em doses divididas, a fim de manter n\u00edveis elevados no sangue ao longo de 24 horas.<\/p>\n<hr \/>\n<div id=\"itemservings\"><strong>Dose por Recipiente:<\/strong> 60 c\u00e1psulas<\/div>\n<div class=\"itemtext\">\n<div class=\"itemtext\">\n<p><strong>Dosagem:<\/strong> Como um suplemento diet\u00e9tico, tome 1 ou mais c\u00e1psulas ao dia ou como indicado pelo seu m\u00e9dico de cuidados de sa\u00fade.<\/p>\n<p><strong>Quantidade por por\u00e7\u00e3o<\/strong><br \/>\n<strong>Glicerofosfocolina<\/strong> &#8230; 300mg<br \/>\n<em>(a partir de lecitina de soja)<\/em><\/p>\n<p>Outros Ingredientes: celulose microcristalina, fosfato de dic\u00e1lcio, di\u00f3xido de sil\u00edcio, estearato vegetal.<\/p>\n<p><strong>N\u00e3o cont\u00e9m gl\u00faten.<\/strong><\/p>\n<hr \/>\n<p><strong>ARMAZENAR EM LOCAL FRESCO E SECO. MANTENHA FORA DO ALCANCE DE CRIAN\u00c7AS.<\/strong><\/p>\n<p><strong>Observe:<\/strong>\u00a0Cor, tamanho ou forma pode parecer diferente entre os lotes.<\/p>\n<p><em>\u2020 Esta declara\u00e7\u00e3o n\u00e3o foi avaliada pela\u00a0Administra\u00e7\u00e3o de\u00a0Alimentos e Medicamentos dos EUA. Este produto n\u00e3o se destina a diagnosticar, tratar, curar ou prevenir qualquer doen\u00e7a.<\/em><\/p>\n<\/div>\n<\/div>\n<!-- AddThis Advanced Settings generic via filter on the_content --><!-- AddThis Share Buttons generic via filter on the_content -->","protected":false},"excerpt":{"rendered":"<p>GPC (glicerofosfocolina) \u00e9 um nutriente de apoio para o c\u00e9rebro, rins, m\u00fasculos, test\u00edculos e outros \u00f3rg\u00e3os, e \u00e9 um bloco de constru\u00e7\u00e3o para fosfolip\u00eddios da membrana celular. Sem a presen\u00e7a deste nutriente no c\u00e9rebro, n\u00e3o poder\u00edamos pensar, dormir ou lembrar. A dose de manuten\u00e7\u00e3o de GPC \u00e9 de 300-600 mg por dia, com uma dosagem<a class=\"moretag\" href=\"http:\/\/genewei.com\/br\/produto\/gpc-60-vcaps\/\"> [&#8230;] <\/a><!-- AddThis Advanced Settings generic via filter on wp_trim_excerpt --><!-- AddThis Share Buttons generic via filter on wp_trim_excerpt --><\/p>\n","protected":false},"featured_media":1069,"template":"","meta":{"sfsi_plus_gutenberg_text_before_share":"","sfsi_plus_gutenberg_show_text_before_share":"","sfsi_plus_gutenberg_icon_type":"","sfsi_plus_gutenberg_icon_alignemt":"","sfsi_plus_gutenburg_max_per_row":"","_genesis_hide_title":false,"_genesis_hide_breadcrumbs":false,"_genesis_hide_singular_image":false,"_genesis_hide_footer_widgets":false,"_genesis_custom_body_class":"","_genesis_custom_post_class":"","_genesis_layout":""},"_links":{"self":[{"href":"http:\/\/genewei.com\/br\/wp-json\/wp\/v2\/product\/1068"}],"collection":[{"href":"http:\/\/genewei.com\/br\/wp-json\/wp\/v2\/product"}],"about":[{"href":"http:\/\/genewei.com\/br\/wp-json\/wp\/v2\/types\/product"}],"wp:featuredmedia":[{"embeddable":true,"href":"http:\/\/genewei.com\/br\/wp-json\/wp\/v2\/media\/1069"}],"wp:attachment":[{"href":"http:\/\/genewei.com\/br\/wp-json\/wp\/v2\/media?parent=1068"}],"curies":[{"name":"wp","href":"https:\/\/api.w.org\/{rel}","templated":true}]}}