{"id":1079,"date":"2016-08-02T14:45:19","date_gmt":"2016-08-02T17:45:19","guid":{"rendered":"http:\/\/genewei.com\/br\/?post_type=product&#038;p=1079"},"modified":"2018-02-24T13:28:31","modified_gmt":"2018-02-24T16:28:31","slug":"huperzina-a","status":"publish","type":"product","link":"http:\/\/genewei.com\/br\/produto\/huperzina-a\/","title":{"rendered":"Huperzina A (60 vcaps)"},"content":{"rendered":"\n<!-- Facebook Like Button Vivacity Infotech BEGIN -->\n<div class=\"fb-like\" data-href=\"http:\/\/genewei.com\/br\/produto\/huperzina-a\/\" data-layout=\"standard\" data-action=\"like\" data-show-faces=\"true\" data-size=\"small\" data-width=\"550\" data-share=\"1\" ><\/div>\n<!-- Facebook Like Button Vivacity Infotech END -->\n<p>Leia todo o r\u00f3tulo e siga as instru\u00e7\u00f5es cuidadosamente antes de usar.<\/p>\n<p><strong>Instru\u00e7\u00f5es:<\/strong> Tome uma (1) a duas (2) c\u00e1psulas uma ou duas vezes por dia com ou sem alimentos, ou como recomendado por um profissional de sa\u00fade.<\/p>\n<p><strong>Fatos suplementares<\/strong><br \/>\n<strong>Por\u00e7\u00e3o <\/strong>1 C\u00e1psula\u00a0Vegetariana<br \/>\nQuantidade por por\u00e7\u00e3o<br \/>\n<strong>Huperzine A<\/strong> [a partir de (Huperzia serrata) 200 mcg extrato (erva inteira)]<br \/>\n<strong>Outros ingredientes:<\/strong> farinha de arroz, celulose vegetal (c\u00e1psula), estearato vegetal. Cont\u00e9m arroz.<\/p>\n<p><strong>ATEN\u00c7\u00c3O: <\/strong>Se voc\u00ea sofre de ritmo anormal ou irregular do cora\u00e7\u00e3o (por exemplo, fibrila\u00e7\u00e3o atrial) e insufici\u00eancia card\u00edaca congestiva, evite Huperzine A. Consulte o seu m\u00e9dico antes de tomar este produto se voc\u00ea est\u00e1 sendo prescrito um inibidor da acetilcolinesterase. Huperzine A pode causar desconforto gastrointestinal para alguns indiv\u00edduos.<\/p>\n<hr \/>\n<p><strong>AVISOS:<\/strong><br \/>\n\u2022 MANTENHA FORA DO ALCANCE DE CRIAN\u00c7AS.<br \/>\n\u2022 N\u00c3O EXCEDA A DOSE RECOMENDADA.<br \/>\n\u2022 N\u00e3o compre se o selo exterior est\u00e1 quebrado ou danificado.<br \/>\n\u2022 Ao usar suplementos nutricionais, por favor consulte o seu m\u00e9dico se voc\u00ea estiver em tratamento para uma condi\u00e7\u00e3o m\u00e9dica ou se estiver gr\u00e1vida ou amamentando.<\/p>\n<p>*Estas declara\u00e7\u00f5es n\u00e3o foram avaliadas pela Administra\u00e7\u00e3o de Alimentos e Drogas dos EUA. Este produto n\u00e3o se destina a diagnosticar, tratar, curar ou prevenir qualquer doen\u00e7a.<\/p>\n<!-- AddThis Advanced Settings generic via filter on the_content --><!-- AddThis Share Buttons generic via filter on the_content -->","protected":false},"excerpt":{"rendered":"<p>Leia todo o r\u00f3tulo e siga as instru\u00e7\u00f5es cuidadosamente antes de usar. Instru\u00e7\u00f5es: Tome uma (1) a duas (2) c\u00e1psulas uma ou duas vezes por dia com ou sem alimentos, ou como recomendado por um profissional de sa\u00fade. Fatos suplementares Por\u00e7\u00e3o 1 C\u00e1psula\u00a0Vegetariana Quantidade por por\u00e7\u00e3o Huperzine A [a partir de (Huperzia serrata) 200 mcg<a class=\"moretag\" href=\"http:\/\/genewei.com\/br\/produto\/huperzina-a\/\"> [&#8230;] <\/a><!-- AddThis Advanced Settings generic via filter on wp_trim_excerpt --><!-- AddThis Share Buttons generic via filter on wp_trim_excerpt --><\/p>\n","protected":false},"featured_media":1103,"template":"","meta":{"sfsi_plus_gutenberg_text_before_share":"","sfsi_plus_gutenberg_show_text_before_share":"","sfsi_plus_gutenberg_icon_type":"","sfsi_plus_gutenberg_icon_alignemt":"","sfsi_plus_gutenburg_max_per_row":"","_genesis_hide_title":false,"_genesis_hide_breadcrumbs":false,"_genesis_hide_singular_image":false,"_genesis_hide_footer_widgets":false,"_genesis_custom_body_class":"","_genesis_custom_post_class":"","_genesis_layout":""},"_links":{"self":[{"href":"http:\/\/genewei.com\/br\/wp-json\/wp\/v2\/product\/1079"}],"collection":[{"href":"http:\/\/genewei.com\/br\/wp-json\/wp\/v2\/product"}],"about":[{"href":"http:\/\/genewei.com\/br\/wp-json\/wp\/v2\/types\/product"}],"wp:featuredmedia":[{"embeddable":true,"href":"http:\/\/genewei.com\/br\/wp-json\/wp\/v2\/media\/1103"}],"wp:attachment":[{"href":"http:\/\/genewei.com\/br\/wp-json\/wp\/v2\/media?parent=1079"}],"curies":[{"name":"wp","href":"https:\/\/api.w.org\/{rel}","templated":true}]}}