{"id":1084,"date":"2016-08-02T17:21:59","date_gmt":"2016-08-02T20:21:59","guid":{"rendered":"http:\/\/genewei.com\/br\/?post_type=product&#038;p=1084"},"modified":"2018-02-24T13:29:30","modified_gmt":"2018-02-24T16:29:30","slug":"extrato-de-alcachofra","status":"publish","type":"product","link":"http:\/\/genewei.com\/br\/produto\/extrato-de-alcachofra\/","title":{"rendered":"Extrato de Alcachofra (45 comprimidos)"},"content":{"rendered":"\n<!-- Facebook Like Button Vivacity Infotech BEGIN -->\n<div class=\"fb-like\" data-href=\"http:\/\/genewei.com\/br\/produto\/extrato-de-alcachofra\/\" data-layout=\"standard\" data-action=\"like\" data-show-faces=\"true\" data-size=\"small\" data-width=\"550\" data-share=\"1\" ><\/div>\n<!-- Facebook Like Button Vivacity Infotech END -->\n<p><strong>Artichoke Extract (45 tablets) |\u00a0Extrato de Alcachofra (45 comprimidos)<\/strong><\/p>\n<p><strong>Extrato de Alcachofra<\/strong> apoia naturalmente o fluxo biliar saud\u00e1vel e fun\u00e7\u00e3o hep\u00e1tica.*<br \/>\nExtrato de alcachofra tem uma longa,\u00a0 bem-sucedida hist\u00f3ria de apoio do f\u00edgado e da ves\u00edcula biliar.*<\/p>\n<p>Ele aumenta o fluxo biliar saud\u00e1vel e apoia\u00a0a desintoxica\u00e7\u00e3o do f\u00edgado.<\/p>\n<hr \/>\n<div id=\"itemservings\"><\/div>\n<p><strong>Dose por Recipiente:<\/strong> 45<\/p>\n<p><strong>Dosagem:<\/strong> Um comprimido 3 vezes ao dia, ou como recomendado pelo seu profissional de sa\u00fade.<\/p>\n<p><strong>Tamanho da dose:<\/strong> 1 comprimido<\/p>\n<p><strong>Quantidade por por\u00e7\u00e3o<\/strong><br \/>\n<strong>S\u00f3dio<\/strong>\u00a0&#8230; 5mg<br \/>\n<strong>Alcachofra<\/strong> &#8230; 320mg<br \/>\n<em>(Cynara Scolymus) Folha extrato padronizada para conter 13% -18% de \u00e1cidos cafeoilqu\u00ednicos calculados como o \u00e1cido clorog\u00eanico.<\/em><\/p>\n<p><strong>Outros Ingredientes:<\/strong>\u00a0Celulose, goma de celulose modificada, di\u00f3xido de sil\u00edcio, estearato de magn\u00e9sio, celulose modificada, lecitina de soja, e cera de carna\u00faba.<\/p>\n<p><strong>Extrato de Alcachofra N\u00e3o Cont\u00e9m\u00a0<\/strong>Corantes artificiais, Aromatizante artificial, Milho, Produtos di\u00e1rios, Gl\u00faten, Ingredientes de origem animal, Conservantes, A\u00e7ucar. Este produto cont\u00e9m ingredientes naturais; varia\u00e7\u00f5es de cor s\u00e3o normais, Trigo, Fermento.<\/p>\n<hr \/>\n<p>Se gr\u00e1vida de enfermagem consultar o seu profissional de sa\u00fade antes de usar este produto.<\/p>\n<p><em>*Esta declara\u00e7\u00e3o n\u00e3o foi avaliada pela Administra\u00e7\u00e3o de Alimentos e Medicamentos dos EUA. Este produto n\u00e3o se destina a diagnosticar, tratar, curar ou prevenir qualquer doen\u00e7a.<\/em><\/p>\n<!-- AddThis Advanced Settings generic via filter on the_content --><!-- AddThis Share Buttons generic via filter on the_content -->","protected":false},"excerpt":{"rendered":"<p>Artichoke Extract (45 tablets) |\u00a0Extrato de Alcachofra (45 comprimidos) Extrato de Alcachofra apoia naturalmente o fluxo biliar saud\u00e1vel e fun\u00e7\u00e3o hep\u00e1tica.* Extrato de alcachofra tem uma longa,\u00a0 bem-sucedida hist\u00f3ria de apoio do f\u00edgado e da ves\u00edcula biliar.* Ele aumenta o fluxo biliar saud\u00e1vel e apoia\u00a0a desintoxica\u00e7\u00e3o do f\u00edgado. Dose por Recipiente: 45 Dosagem: Um comprimido<a class=\"moretag\" href=\"http:\/\/genewei.com\/br\/produto\/extrato-de-alcachofra\/\"> [&#8230;] <\/a><!-- AddThis Advanced Settings generic via filter on wp_trim_excerpt --><!-- AddThis Share Buttons generic via filter on wp_trim_excerpt --><\/p>\n","protected":false},"featured_media":1085,"template":"","meta":{"sfsi_plus_gutenberg_text_before_share":"","sfsi_plus_gutenberg_show_text_before_share":"","sfsi_plus_gutenberg_icon_type":"","sfsi_plus_gutenberg_icon_alignemt":"","sfsi_plus_gutenburg_max_per_row":"","_genesis_hide_title":false,"_genesis_hide_breadcrumbs":false,"_genesis_hide_singular_image":false,"_genesis_hide_footer_widgets":false,"_genesis_custom_body_class":"","_genesis_custom_post_class":"","_genesis_layout":""},"_links":{"self":[{"href":"http:\/\/genewei.com\/br\/wp-json\/wp\/v2\/product\/1084"}],"collection":[{"href":"http:\/\/genewei.com\/br\/wp-json\/wp\/v2\/product"}],"about":[{"href":"http:\/\/genewei.com\/br\/wp-json\/wp\/v2\/types\/product"}],"wp:featuredmedia":[{"embeddable":true,"href":"http:\/\/genewei.com\/br\/wp-json\/wp\/v2\/media\/1085"}],"wp:attachment":[{"href":"http:\/\/genewei.com\/br\/wp-json\/wp\/v2\/media?parent=1084"}],"curies":[{"name":"wp","href":"https:\/\/api.w.org\/{rel}","templated":true}]}}