{"id":1086,"date":"2016-08-02T17:44:09","date_gmt":"2016-08-02T20:44:09","guid":{"rendered":"http:\/\/genewei.com\/br\/?post_type=product&#038;p=1086"},"modified":"2018-02-24T13:30:29","modified_gmt":"2018-02-24T16:30:29","slug":"extrato-de-forscolina","status":"publish","type":"product","link":"http:\/\/genewei.com\/br\/produto\/extrato-de-forscolina\/","title":{"rendered":"Extrato de Forscolina (60 vcaps)"},"content":{"rendered":"\n<!-- Facebook Like Button Vivacity Infotech BEGIN -->\n<div class=\"fb-like\" data-href=\"http:\/\/genewei.com\/br\/produto\/extrato-de-forscolina\/\" data-layout=\"standard\" data-action=\"like\" data-show-faces=\"true\" data-size=\"small\" data-width=\"550\" data-share=\"1\" ><\/div>\n<!-- Facebook Like Button Vivacity Infotech END -->\n<p><strong>Forskolin Extract (60 vcaps) |\u00a0Extrato de Forscolina (60 vcaps)<br \/>\n<\/strong><\/p>\n<p><strong>Extrato de Forscolina<\/strong>\u00a0apoia a sa\u00fade card\u00edaca e press\u00e3o arterial saud\u00e1vel, que j\u00e1 est\u00e1 na faixa normal. \u2020<\/p>\n<p>Coleus \u00e9 a fonte de uma \u00fanica subst\u00e2ncia conhecida como forscolina. Forscolina suporta a sa\u00fade do cora\u00e7\u00e3o.\u2020 Ao ativar a adenilil-ciclase, monofosfato de adenosina c\u00edclico (cAMP) \u00e9 aumentada nas c\u00e9lulas.\u2020 AMPc suporta as contra\u00e7\u00f5es musculares do cora\u00e7\u00e3o saud\u00e1vel.\u2020 Extrato de forscolina cont\u00e9m um m\u00ednimo de 18% de forscolina.<\/p>\n<hr \/>\n<div id=\"itemservings\"><strong>Dose por Recipiente:<\/strong> 60<\/div>\n<div><\/div>\n<div><strong>Dosagem: <\/strong>Tome 1 c\u00e1psula 2 vezes ao dia com as refei\u00e7\u00f5es, ou como recomendado pelo seu profissional de sa\u00fade.<br \/>\n<strong><br \/>\nDose:<\/strong> 1 C\u00e1psula Veg<br \/>\n<strong><br \/>\nQuantidade por por\u00e7\u00e3o<br \/>\nExtrato de raiz de Coleus Forskohlii &#8230; <\/strong>50mg<br \/>\n<em>padronizado para conter 18% de forscolina (9 mg)<\/em>Outros Ingredientes:celulose, c\u00e1psula vegetal (celulose modificada), estearato de magn\u00e9sio e di\u00f3xido de sil\u00edcio.<\/div>\n<div><strong>Este produto n\u00e3o cont\u00e9m\u00a0<\/strong>Colora\u00e7\u00e3o artificial, Aromatizante artificial, Milho, Produtos di\u00e1rios, Gl\u00faten,\u00a0Ingredientes de origem animal, Conservantes, Sal, Soja, A\u00e7ucar. Este produto cont\u00e9m ingredientes naturais; varia\u00e7\u00f5es de cor s\u00e3o normais, Trigo,\u00a0Fermento.<\/div>\n<hr \/>\n<p>Se gr\u00e1vida, amamentando ou tomando medicamentos prescritos, consulte o seu m\u00e9dico antes de usar.<\/p>\n<p><em>\u2020Esta declara\u00e7\u00e3o n\u00e3o foi avaliada pela Administra\u00e7\u00e3o de Alimentos e Medicamentos dos EUA. Este produto n\u00e3o se destina a diagnosticar, tratar, curar ou prevenir qualquer doen\u00e7a.<\/em><\/p>\n<!-- AddThis Advanced Settings generic via filter on the_content --><!-- AddThis Share Buttons generic via filter on the_content -->","protected":false},"excerpt":{"rendered":"<p>Forskolin Extract (60 vcaps) |\u00a0Extrato de Forscolina (60 vcaps) Extrato de Forscolina\u00a0apoia a sa\u00fade card\u00edaca e press\u00e3o arterial saud\u00e1vel, que j\u00e1 est\u00e1 na faixa normal. \u2020 Coleus \u00e9 a fonte de uma \u00fanica subst\u00e2ncia conhecida como forscolina. Forscolina suporta a sa\u00fade do cora\u00e7\u00e3o.\u2020 Ao ativar a adenilil-ciclase, monofosfato de adenosina c\u00edclico (cAMP) \u00e9 aumentada nas<a class=\"moretag\" href=\"http:\/\/genewei.com\/br\/produto\/extrato-de-forscolina\/\"> [&#8230;] <\/a><!-- AddThis Advanced Settings generic via filter on wp_trim_excerpt --><!-- AddThis Share Buttons generic via filter on wp_trim_excerpt --><\/p>\n","protected":false},"featured_media":1087,"template":"","meta":{"sfsi_plus_gutenberg_text_before_share":"","sfsi_plus_gutenberg_show_text_before_share":"","sfsi_plus_gutenberg_icon_type":"","sfsi_plus_gutenberg_icon_alignemt":"","sfsi_plus_gutenburg_max_per_row":"","_genesis_hide_title":false,"_genesis_hide_breadcrumbs":false,"_genesis_hide_singular_image":false,"_genesis_hide_footer_widgets":false,"_genesis_custom_body_class":"","_genesis_custom_post_class":"","_genesis_layout":""},"_links":{"self":[{"href":"http:\/\/genewei.com\/br\/wp-json\/wp\/v2\/product\/1086"}],"collection":[{"href":"http:\/\/genewei.com\/br\/wp-json\/wp\/v2\/product"}],"about":[{"href":"http:\/\/genewei.com\/br\/wp-json\/wp\/v2\/types\/product"}],"wp:featuredmedia":[{"embeddable":true,"href":"http:\/\/genewei.com\/br\/wp-json\/wp\/v2\/media\/1087"}],"wp:attachment":[{"href":"http:\/\/genewei.com\/br\/wp-json\/wp\/v2\/media?parent=1086"}],"curies":[{"name":"wp","href":"https:\/\/api.w.org\/{rel}","templated":true}]}}