{"id":1091,"date":"2016-08-03T14:35:19","date_gmt":"2016-08-03T17:35:19","guid":{"rendered":"http:\/\/genewei.com\/br\/?post_type=product&#038;p=1091"},"modified":"2018-02-24T13:31:39","modified_gmt":"2018-02-24T16:31:39","slug":"picnogenol-50-mg","status":"publish","type":"product","link":"http:\/\/genewei.com\/br\/produto\/picnogenol-50-mg\/","title":{"rendered":"Picnogenol 50 mg (90 comprimidos)"},"content":{"rendered":"\n<!-- Facebook Like Button Vivacity Infotech BEGIN -->\n<div class=\"fb-like\" data-href=\"http:\/\/genewei.com\/br\/produto\/picnogenol-50-mg\/\" data-layout=\"standard\" data-action=\"like\" data-show-faces=\"true\" data-size=\"small\" data-width=\"550\" data-share=\"1\" ><\/div>\n<!-- Facebook Like Button Vivacity Infotech END -->\n<p><strong>(Pycnogenol) Picnogenol\u00a0|\u00a0extrato de casca de pinheiro mar\u00edtimo franc\u00eas<\/strong><\/p>\n<p><strong>Comprimidos Picnogenol<\/strong> cont\u00e9m\u00a0extrato de casca de pinheiro puro,\u00a0patenteado em 50 mg comprimidos marcados. Extrato de casca de pinheiro \u00e9 um bioflavonoid potente que <strong>apoia\u00a0vasos sangu\u00edneos, tecidos e sa\u00fade arterial. \u2020<\/strong><\/p>\n<p>Pycnogenol \u00e9 um complexo de bioflavon\u00f3ides patenteado produzido unicamente a partir de casca de pinheiro mar\u00edtimo Franc\u00eas, que cont\u00e9m uma mistura \u00fanica de procianidinas, \u00e1cidos org\u00e2nicos e outros compostos ativos. Picnogenol \u00e9 um produto \u00fanico reconhecido pelos EUA e patentes internacionais cobrindo seus m\u00e9todos inovadores de extra\u00e7\u00e3o, prepara\u00e7\u00e3o e aplica\u00e7\u00f5es biol\u00f3gicas. Picnogenol \u00e9 feito exclusivamente a partir de Pinus pinaster, que cresce ao longo da costa do sul da Fran\u00e7a.<\/p>\n<p><strong>FUN\u00c7\u00d5ES<\/strong><\/p>\n<p>Picnogenol \u00e9 um dos mais poderosos limpadores\u00a0de radicais livres naturais ainda descobertos. Como tal, reduz o dano oxidativo para os tecidos vitais e ajuda a manter um sistema capilar saud\u00e1vel. Picnogenol actua como um anti-oxidante e pode aumentar a efic\u00e1cia de vitaminas C e E, quando tomados em conjunto para benef\u00edcios adicionais.<\/p>\n<p>Picnogenol \u00e9 composto de procianidinas sol\u00faveis em \u00e1gua, consistindo de subunidades catequina e epicatequina ligadas para formar d\u00edmeros, tr\u00edmeros e grandes mol\u00e9culas de flavon\u00f3ides com at\u00e9 doze subunidades condensadas. Picnogenol \u00e9 padronizado para conter 70% de procianidinas, em conformidade com os requisitos da Farmacopeia dos Estados Unidos. Os restantes constituintes de Pycnogenol\u00ae se assemelham aos componentes monom\u00e9ricos, tais como catequina livre, taxifolina e uma gama de \u00e1cidos org\u00e2nicos que ocorrem naturalmente tais como o \u00e1cido fer\u00falico e \u00e1cido cafeico.<\/p>\n<p>O perfil nutricional original fornecido pelo Picnogenol ajuda a manter um sistema capilar saud\u00e1vel de v\u00e1rias maneiras.<\/p>\n<ul>\n<li>Ele protege a vitamina C, que \u00e9 necess\u00e1ria para a produ\u00e7\u00e3o de colag\u00e9nio.<\/li>\n<li>Picnogenol tamb\u00e9m pode estimular naturalmente a produ\u00e7\u00e3o de \u00f3xido n\u00edtrico nos vasos sangu\u00edneos que \u00e9 vital para apoiar a sa\u00fade arterial normal.<\/li>\n<li>Al\u00e9m disso, Picnogenol liga-se a fibras de colag\u00e9nio, protegendo-os contra o ataque por radicais livres de modo a que a elasticidade natural do colag\u00e9nio na pele, articula\u00e7\u00f5es, art\u00e9rias, capilares e outros tecidos \u00e9 mantida. \u2020<\/li>\n<\/ul>\n<p><strong>INDICA\u00c7\u00d5ES<\/strong><\/p>\n<p>Comprimidos Picnogenol podem ser um complemento nutricional \u00fatil para os indiv\u00edduos que desejam aumentar sua ingest\u00e3o de antioxidantes naturais na fam\u00edlia bioflavon\u00f3ides de nutrientes para a sa\u00fade vascular.<\/p>\n<hr \/>\n<div id=\"itemservings\"><strong>Dose por Recipiente:<\/strong>\u00a090<\/div>\n<p><strong>Dosagem:<\/strong> Como um suplemento diet\u00e9tico, adultos devem tomar 1 a 3 comprimidos por dia, ou conforme indicado pelo seu profissional de sa\u00fade.<\/p>\n<p><strong>Tamanho da Dose:<\/strong> 1\u00a0comprimido<\/p>\n<p><strong>Quantidade por por\u00e7\u00e3o<\/strong><br \/>\n<strong>Pycnogenol<\/strong> &#8230; 50mg<br \/>\n<em>(casca de pinheiro, extrato seco Pinus maritima)<\/em><\/p>\n<p><strong>Outros ingredientes:<\/strong> celulose, estearato vegetal e s\u00edlica.<\/p>\n<p><strong>Este produto n\u00e3o cont\u00e9m<\/strong> levedura, trigo, gl\u00faten, prote\u00edna de soja, leite\/produtos l\u00e1cteos, milho, s\u00f3dio, a\u00e7\u00facar, amido, corantes artificiais, conservantes ou aromatizantes.<\/p>\n<hr \/>\n<p>Embalagem resistente \u00e0 viola\u00e7\u00e3o, n\u00e3o use se o selo exterior estiver\u00a0quebrado ou faltando. Mantenha fora do alcance de crian\u00e7as. Armazenar em local fresco e seco.<\/p>\n<p><em>*Esta declara\u00e7\u00e3o n\u00e3o foi avaliada pela Administra\u00e7\u00e3o de Alimentos e Medicamentos dos EUA. Este produto n\u00e3o se destina a diagnosticar, tratar, curar ou prevenir qualquer doen\u00e7a.<\/em><\/p>\n<!-- AddThis Advanced Settings generic via filter on the_content --><!-- AddThis Share Buttons generic via filter on the_content -->","protected":false},"excerpt":{"rendered":"<p>(Pycnogenol) Picnogenol\u00a0|\u00a0extrato de casca de pinheiro mar\u00edtimo franc\u00eas Comprimidos Picnogenol cont\u00e9m\u00a0extrato de casca de pinheiro puro,\u00a0patenteado em 50 mg comprimidos marcados. Extrato de casca de pinheiro \u00e9 um bioflavonoid potente que apoia\u00a0vasos sangu\u00edneos, tecidos e sa\u00fade arterial. \u2020 Pycnogenol \u00e9 um complexo de bioflavon\u00f3ides patenteado produzido unicamente a partir de casca de pinheiro mar\u00edtimo Franc\u00eas,<a class=\"moretag\" href=\"http:\/\/genewei.com\/br\/produto\/picnogenol-50-mg\/\"> [&#8230;] <\/a><!-- AddThis Advanced Settings generic via filter on wp_trim_excerpt --><!-- AddThis Share Buttons generic via filter on wp_trim_excerpt --><\/p>\n","protected":false},"featured_media":1092,"template":"","meta":{"sfsi_plus_gutenberg_text_before_share":"","sfsi_plus_gutenberg_show_text_before_share":"","sfsi_plus_gutenberg_icon_type":"","sfsi_plus_gutenberg_icon_alignemt":"","sfsi_plus_gutenburg_max_per_row":"","_genesis_hide_title":false,"_genesis_hide_breadcrumbs":false,"_genesis_hide_singular_image":false,"_genesis_hide_footer_widgets":false,"_genesis_custom_body_class":"","_genesis_custom_post_class":"","_genesis_layout":""},"_links":{"self":[{"href":"http:\/\/genewei.com\/br\/wp-json\/wp\/v2\/product\/1091"}],"collection":[{"href":"http:\/\/genewei.com\/br\/wp-json\/wp\/v2\/product"}],"about":[{"href":"http:\/\/genewei.com\/br\/wp-json\/wp\/v2\/types\/product"}],"wp:featuredmedia":[{"embeddable":true,"href":"http:\/\/genewei.com\/br\/wp-json\/wp\/v2\/media\/1092"}],"wp:attachment":[{"href":"http:\/\/genewei.com\/br\/wp-json\/wp\/v2\/media?parent=1091"}],"curies":[{"name":"wp","href":"https:\/\/api.w.org\/{rel}","templated":true}]}}