{"id":1111,"date":"2016-08-04T13:56:29","date_gmt":"2016-08-04T16:56:29","guid":{"rendered":"http:\/\/genewei.com\/br\/?post_type=product&#038;p=1111"},"modified":"2018-02-24T13:33:37","modified_gmt":"2018-02-24T16:33:37","slug":"lipossomal-c","status":"publish","type":"product","link":"http:\/\/genewei.com\/br\/produto\/lipossomal-c\/","title":{"rendered":"Lipossomal C (300 ml)"},"content":{"rendered":"\n<!-- Facebook Like Button Vivacity Infotech BEGIN -->\n<div class=\"fb-like\" data-href=\"http:\/\/genewei.com\/br\/produto\/lipossomal-c\/\" data-layout=\"standard\" data-action=\"like\" data-show-faces=\"true\" data-size=\"small\" data-width=\"550\" data-share=\"1\" ><\/div>\n<!-- Facebook Like Button Vivacity Infotech END -->\n<p><strong>(Liposomal C) Lipossomal Vitamina C<\/strong> \u00e9 um produto vegetariano que proporciona 3 formas de vitamina C. Encapsula\u00e7\u00e3o lipossomal de ingredientes representa um novo sistema de entrega que parece oferecer vantagens importantes sobre os m\u00e9todos existentes de entrega. O lipossoma tem lados hidrof\u00edlicos e hidrof\u00f3bicos que oferecem uma por\u00e7\u00e3o de gordura e \u00e1gua, que permite a\u00a0vitamina C a\u00a0ser absorvida atrav\u00e9s das vias de gordura e sol\u00faveis em \u00e1gua utiliza\u00e7\u00e3o \u00f3ptima pelo corpo.<\/p>\n<p>Cada garrafa de 300 ml\u00a0fornece 48 por\u00e7\u00f5es. Cada por\u00e7\u00e3o fornece 1250 mg de vitamina C. Lipossomal C \u00e9 especialmente ben\u00e9fico para os pacientes que tiveram a cirurgia de bypass g\u00e1strico ou t\u00eam disfun\u00e7\u00f5es\u00a0gastro-intestinal gerais.*<\/p>\n<hr \/>\n<div id=\"itemservings\"><strong>Dose por Recipiente:<\/strong>\u00a020-60<\/div>\n<p><strong>Dosagem:<\/strong> Como um suplemento diet\u00e9tico, tome 1 colher de ch\u00e1 (5 ml) uma ou duas vezes ao dia, ou conforme indicado pelo seu profissional de sa\u00fade. Para sabor mais suave pode ser misturado em 4-8 ml de \u00e1gua ou suco. Agite bem antes de cada utiliza\u00e7\u00e3o.<\/p>\n<p><strong>Dose:<\/strong> 1 colher de ch\u00e1 (5ml)<br \/>\n<strong>Quantidade por por\u00e7\u00e3o<\/strong><br \/>\n<strong>Calorias<\/strong> &#8230; 15<br \/>\n<strong>Carboidratos totais<\/strong> &#8230; 3g<br \/>\n<strong>Vitamina C<\/strong> &#8230; 1, 250mg<br \/>\n<em>(como Ascorbato de S\u00f3dio)<\/em><br \/>\n<strong>S\u00f3dio<\/strong> &#8230; 160mg<br \/>\n<em>(como Ascorbato de S\u00f3dio)<\/em><br \/>\n<strong>Extrato de folha de Stevia<\/strong> &#8230; 10mg<\/p>\n<p><strong>Outros ingredientes:<\/strong> glicerina, lecitina de girassol, \u00f3leo de girassol, polyglyceride \u00e1cido oleico, palmitato de ascorbilo, aromas naturais, goma de xantano, \u00e1cido asc\u00f3rbico, tocofer\u00f3is mistos, \u00e1cido rosemarinic sol\u00favel em \u00f3leo, \u00e1gua \u00e1cida rosemarinic sol\u00favel, sorbato de pot\u00e1ssio, \u00e1gua purificada.<\/p>\n<hr \/>\n<p>Cor, sabor e do\u00e7ura deste produto podem variar devido a varia\u00e7\u00f5es de ingredientes naturais.<\/p>\n<p><strong>AVISO:<\/strong> Se estiver gr\u00e1vida ou amamentando, consulte seu m\u00e9dico antes de tomar este produto.<\/p>\n<p><strong>ATEN\u00c7\u00c3O:<\/strong>\u00a0Conte\u00fados podem estar sob press\u00e3o. Abra lentamente sobre uma superf\u00edcie plana apenas quando garrafa estiver\u00a0\u00e0 temperatura ambiente ou mais fria. Abra com cuidado e\u00a0longe do rosto.<\/p>\n<ul>\n<li>Mantenha fora do alcance de crian\u00e7as. Armazenar p\u00e9, em local fresco e seco.<\/li>\n<li>Leve \u00e0 geladeira depois de aberto.<\/li>\n<li>N\u00e3o congele.<\/li>\n<li>Melhor se usado no prazo de 60 dias ap\u00f3s a abertura.<\/li>\n<\/ul>\n<p><em>*Esta declara\u00e7\u00e3o n\u00e3o foi avaliada pela\u00a0Administra\u00e7\u00e3o de Alimentos e Drogas dos EUA. Este produto n\u00e3o se destina a diagnosticar, tratar, curar ou prevenir qualquer doen\u00e7a.<\/em><\/p>\n<!-- AddThis Advanced Settings generic via filter on the_content --><!-- AddThis Share Buttons generic via filter on the_content -->","protected":false},"excerpt":{"rendered":"<p>(Liposomal C) Lipossomal Vitamina C \u00e9 um produto vegetariano que proporciona 3 formas de vitamina C. Encapsula\u00e7\u00e3o lipossomal de ingredientes representa um novo sistema de entrega que parece oferecer vantagens importantes sobre os m\u00e9todos existentes de entrega. O lipossoma tem lados hidrof\u00edlicos e hidrof\u00f3bicos que oferecem uma por\u00e7\u00e3o de gordura e \u00e1gua, que permite a\u00a0vitamina<a class=\"moretag\" href=\"http:\/\/genewei.com\/br\/produto\/lipossomal-c\/\"> [&#8230;] <\/a><!-- AddThis Advanced Settings generic via filter on wp_trim_excerpt --><!-- AddThis Share Buttons generic via filter on wp_trim_excerpt --><\/p>\n","protected":false},"featured_media":1113,"template":"","meta":{"sfsi_plus_gutenberg_text_before_share":"","sfsi_plus_gutenberg_show_text_before_share":"","sfsi_plus_gutenberg_icon_type":"","sfsi_plus_gutenberg_icon_alignemt":"","sfsi_plus_gutenburg_max_per_row":"","_genesis_hide_title":false,"_genesis_hide_breadcrumbs":false,"_genesis_hide_singular_image":false,"_genesis_hide_footer_widgets":false,"_genesis_custom_body_class":"","_genesis_custom_post_class":"","_genesis_layout":""},"_links":{"self":[{"href":"http:\/\/genewei.com\/br\/wp-json\/wp\/v2\/product\/1111"}],"collection":[{"href":"http:\/\/genewei.com\/br\/wp-json\/wp\/v2\/product"}],"about":[{"href":"http:\/\/genewei.com\/br\/wp-json\/wp\/v2\/types\/product"}],"wp:featuredmedia":[{"embeddable":true,"href":"http:\/\/genewei.com\/br\/wp-json\/wp\/v2\/media\/1113"}],"wp:attachment":[{"href":"http:\/\/genewei.com\/br\/wp-json\/wp\/v2\/media?parent=1111"}],"curies":[{"name":"wp","href":"https:\/\/api.w.org\/{rel}","templated":true}]}}