{"id":1117,"date":"2016-08-04T15:04:59","date_gmt":"2016-08-04T18:04:59","guid":{"rendered":"http:\/\/genewei.com\/br\/?post_type=product&#038;p=1117"},"modified":"2018-02-24T13:35:19","modified_gmt":"2018-02-24T16:35:19","slug":"extrato-de-estevia-em-po","status":"publish","type":"product","link":"http:\/\/genewei.com\/br\/produto\/extrato-de-estevia-em-po\/","title":{"rendered":"Extrato de Est\u00e9via em P\u00f3 (28 g)"},"content":{"rendered":"\n<!-- Facebook Like Button Vivacity Infotech BEGIN -->\n<div class=\"fb-like\" data-href=\"http:\/\/genewei.com\/br\/produto\/extrato-de-estevia-em-po\/\" data-layout=\"standard\" data-action=\"like\" data-show-faces=\"true\" data-size=\"small\" data-width=\"550\" data-share=\"1\" ><\/div>\n<!-- Facebook Like Button Vivacity Infotech END -->\n<p><strong>Stevia Extract (Powder) (28 g) |\u00a0Extrato de Est\u00e9via em P\u00f3 (28 g)<\/strong><\/p>\n<ul>\n<li><strong>Org\u00e2nico\u00a0certificado\u00a0<\/strong><\/li>\n<li><strong>Ado\u00e7ante\u00a0de zero calorias<\/strong><\/li>\n<li><strong>Sabor\u00a0n\u00e3o amargo<\/strong><\/li>\n<li><strong>Colher\u00a0de servir inclu\u00edda<\/strong><\/li>\n<li><strong>Vegetariano\/vegano<\/strong><\/li>\n<\/ul>\n<p><strong>Extrato de Est\u00e9via em P\u00f3\u00a0<\/strong>da\u00a0<strong>Protocol for Life Balance\u2122 <\/strong>utiliza glucosil estevios\u00eddeo, extrato de folhas de Stevia enzimaticamente refor\u00e7ados (Stevia rebaudiana) com melhor sabor e propriedades edulcorantes. O nosso m\u00e9todo de processamento de propriedade natural, n\u00e3o s\u00f3 melhora o sabor e do\u00e7ura, mas tamb\u00e9m ajuda a manter as caracter\u00edsticas fitoqu\u00edmicas de extra\u00e7\u00f5es de espectro total, o que diferencia a nossa Stevia de frac\u00e7\u00f5es Reb A e outros extratos de est\u00e9via.<\/p>\n<hr \/>\n<div id=\"itemservings\"><strong>Dose por Recipiente:<\/strong> 622<\/div>\n<p><strong>Dosagem:<\/strong> Use para ado\u00e7ar naturalmente suas bebidas e comidas favoritas. Use 1\/2 a 1 colher n\u00edvel como desejado. Adoce a gosto.<\/p>\n<p><strong>Dose:<\/strong> 1 n\u00edvel da colher (45 mg)<\/p>\n<p><strong>Quantidade por Por\u00e7\u00e3o<\/strong><br \/>\n<strong>Calorias<\/strong> &#8230; 0<br \/>\n<strong>Gordura total<\/strong> &#8230; 0g<br \/>\n<strong>S\u00f3dio<\/strong> &#8230; 0mg<br \/>\n<strong>Carboidrato total<\/strong> &#8230; 0g<br \/>\n<strong>A\u00e7\u00facares<\/strong> &#8230; 0g<br \/>\n<strong>Prote\u00edna<\/strong> &#8230; 0g<\/p>\n<p><strong>Outros ingredientes:<\/strong> org\u00e2nico certificado extrato de est\u00e9via em p\u00f3 (Stevia rebaudiana) (folha).<\/p>\n<hr \/>\n<p>Certificado org\u00e2nico pela QAI.<\/p>\n<p><em>*Esta declara\u00e7\u00e3o n\u00e3o foi avaliada pela Administra\u00e7\u00e3o de Alimentos e Drogas dos EUA. Este produto n\u00e3o se destina a diagnosticar, tratar, curar ou prevenir qualquer doen\u00e7a.<\/em><\/p>\n<!-- AddThis Advanced Settings generic via filter on the_content --><!-- AddThis Share Buttons generic via filter on the_content -->","protected":false},"excerpt":{"rendered":"<p>Stevia Extract (Powder) (28 g) |\u00a0Extrato de Est\u00e9via em P\u00f3 (28 g) Org\u00e2nico\u00a0certificado\u00a0 Ado\u00e7ante\u00a0de zero calorias Sabor\u00a0n\u00e3o amargo Colher\u00a0de servir inclu\u00edda Vegetariano\/vegano Extrato de Est\u00e9via em P\u00f3\u00a0da\u00a0Protocol for Life Balance\u2122 utiliza glucosil estevios\u00eddeo, extrato de folhas de Stevia enzimaticamente refor\u00e7ados (Stevia rebaudiana) com melhor sabor e propriedades edulcorantes. O nosso m\u00e9todo de processamento de propriedade<a class=\"moretag\" href=\"http:\/\/genewei.com\/br\/produto\/extrato-de-estevia-em-po\/\"> [&#8230;] <\/a><!-- AddThis Advanced Settings generic via filter on wp_trim_excerpt --><!-- AddThis Share Buttons generic via filter on wp_trim_excerpt --><\/p>\n","protected":false},"featured_media":1118,"template":"","meta":{"sfsi_plus_gutenberg_text_before_share":"","sfsi_plus_gutenberg_show_text_before_share":"","sfsi_plus_gutenberg_icon_type":"","sfsi_plus_gutenberg_icon_alignemt":"","sfsi_plus_gutenburg_max_per_row":"","_genesis_hide_title":false,"_genesis_hide_breadcrumbs":false,"_genesis_hide_singular_image":false,"_genesis_hide_footer_widgets":false,"_genesis_custom_body_class":"","_genesis_custom_post_class":"","_genesis_layout":""},"_links":{"self":[{"href":"http:\/\/genewei.com\/br\/wp-json\/wp\/v2\/product\/1117"}],"collection":[{"href":"http:\/\/genewei.com\/br\/wp-json\/wp\/v2\/product"}],"about":[{"href":"http:\/\/genewei.com\/br\/wp-json\/wp\/v2\/types\/product"}],"wp:featuredmedia":[{"embeddable":true,"href":"http:\/\/genewei.com\/br\/wp-json\/wp\/v2\/media\/1118"}],"wp:attachment":[{"href":"http:\/\/genewei.com\/br\/wp-json\/wp\/v2\/media?parent=1117"}],"curies":[{"name":"wp","href":"https:\/\/api.w.org\/{rel}","templated":true}]}}