{"id":1128,"date":"2016-08-11T14:13:25","date_gmt":"2016-08-11T17:13:25","guid":{"rendered":"http:\/\/genewei.com\/br\/?post_type=product&#038;p=1128"},"modified":"2018-02-24T13:36:14","modified_gmt":"2018-02-24T16:36:14","slug":"formula-bi-carb","status":"publish","type":"product","link":"http:\/\/genewei.com\/br\/produto\/formula-bi-carb\/","title":{"rendered":"F\u00f3rmula Bi-Carb (250 vcaps)"},"content":{"rendered":"\n<!-- Facebook Like Button Vivacity Infotech BEGIN -->\n<div class=\"fb-like\" data-href=\"http:\/\/genewei.com\/br\/produto\/formula-bi-carb\/\" data-layout=\"standard\" data-action=\"like\" data-show-faces=\"true\" data-size=\"small\" data-width=\"550\" data-share=\"1\" ><\/div>\n<!-- Facebook Like Button Vivacity Infotech END -->\n<p><strong>F\u00f3rmula Bi-Carb: <\/strong>S\u00f3dio e bicarbonato de pot\u00e1ssio.<\/p>\n<p>Bicarbonato de s\u00f3dio e bicarbonato de pot\u00e1ssio s\u00e3o os principais componentes do tecido do corpo que ajudam a regular o equil\u00edbrio \u00e1cido\/base do corpo. Esta f\u00f3rmula de compostos puros minerais tamponados, pode ajudar a restabelecer o equil\u00edbrio \u00e1cido\/base quando as pr\u00f3prias reservas de bicarbonato do corpo est\u00e3o esgotadas, como resultado da acidose metab\u00f3lica provocada por rea\u00e7\u00f5es adversas aos alimentos ou outras exposi\u00e7\u00f5es ambientais.<\/p>\n<hr \/>\n<div id=\"itemservings\"><strong>Dose por recipiente:<\/strong> 250<\/div>\n<p><strong>Dosagem:<\/strong> Como um suplemento diet\u00e9tico tome 1\u00a0c\u00e1psula com cerca de 0.2 litros\u00a0de \u00e1gua ou conforme indicado por um m\u00e9dico.<\/p>\n<p><strong>Quantidade por por\u00e7\u00e3o<\/strong><br \/>\n<strong>Pot\u00e1ssio<\/strong> &#8230; 125mg<br \/>\n<em>(a partir de 320mg de bicarbonato de pot\u00e1ssio)<\/em><br \/>\n<strong>S\u00f3dio<\/strong> &#8230; 88mg<br \/>\n<em>(a partir de 320mg de bicarbonato de s\u00f3dio)<\/em><\/p>\n<p><strong>Outros ingredientes:<\/strong>\u00a0C\u00e1psula vegetal (hidroxipropilmetilcelulose, \u00e1gua),\u00a0celulose, e \u00f3leo vegetal em p\u00f3.<\/p>\n<hr \/>\n<p><em>*Esta declara\u00e7\u00e3o n\u00e3o foi avaliada pela Administra\u00e7\u00e3o de Alimentos e Drogas dos EUA.<\/em><br \/>\n<em>Este produto n\u00e3o se destina a diagnosticar, tratar, curar ou prevenir qualquer doen\u00e7a.<\/em><\/p>\n<!-- AddThis Advanced Settings generic via filter on the_content --><!-- AddThis Share Buttons generic via filter on the_content -->","protected":false},"excerpt":{"rendered":"<p>F\u00f3rmula Bi-Carb: S\u00f3dio e bicarbonato de pot\u00e1ssio. Bicarbonato de s\u00f3dio e bicarbonato de pot\u00e1ssio s\u00e3o os principais componentes do tecido do corpo que ajudam a regular o equil\u00edbrio \u00e1cido\/base do corpo. Esta f\u00f3rmula de compostos puros minerais tamponados, pode ajudar a restabelecer o equil\u00edbrio \u00e1cido\/base quando as pr\u00f3prias reservas de bicarbonato do corpo est\u00e3o esgotadas,<a class=\"moretag\" href=\"http:\/\/genewei.com\/br\/produto\/formula-bi-carb\/\"> [&#8230;] <\/a><!-- AddThis Advanced Settings generic via filter on wp_trim_excerpt --><!-- AddThis Share Buttons generic via filter on wp_trim_excerpt --><\/p>\n","protected":false},"featured_media":1130,"template":"","meta":{"sfsi_plus_gutenberg_text_before_share":"","sfsi_plus_gutenberg_show_text_before_share":"","sfsi_plus_gutenberg_icon_type":"","sfsi_plus_gutenberg_icon_alignemt":"","sfsi_plus_gutenburg_max_per_row":"","_genesis_hide_title":false,"_genesis_hide_breadcrumbs":false,"_genesis_hide_singular_image":false,"_genesis_hide_footer_widgets":false,"_genesis_custom_body_class":"","_genesis_custom_post_class":"","_genesis_layout":""},"_links":{"self":[{"href":"http:\/\/genewei.com\/br\/wp-json\/wp\/v2\/product\/1128"}],"collection":[{"href":"http:\/\/genewei.com\/br\/wp-json\/wp\/v2\/product"}],"about":[{"href":"http:\/\/genewei.com\/br\/wp-json\/wp\/v2\/types\/product"}],"wp:featuredmedia":[{"embeddable":true,"href":"http:\/\/genewei.com\/br\/wp-json\/wp\/v2\/media\/1130"}],"wp:attachment":[{"href":"http:\/\/genewei.com\/br\/wp-json\/wp\/v2\/media?parent=1128"}],"curies":[{"name":"wp","href":"https:\/\/api.w.org\/{rel}","templated":true}]}}