{"id":1131,"date":"2016-08-11T14:32:39","date_gmt":"2016-08-11T17:32:39","guid":{"rendered":"http:\/\/genewei.com\/br\/?post_type=product&#038;p=1131"},"modified":"2018-08-03T17:30:34","modified_gmt":"2018-08-03T20:30:34","slug":"bodybio-pc","status":"publish","type":"product","link":"http:\/\/genewei.com\/br\/produto\/bodybio-pc\/","title":{"rendered":"Bodybio Pc 1300 mg (100 soft gels)"},"content":{"rendered":"\n<!-- Facebook Like Button Vivacity Infotech BEGIN -->\n<div class=\"fb-like\" data-href=\"http:\/\/genewei.com\/br\/produto\/bodybio-pc\/\" data-layout=\"standard\" data-action=\"like\" data-show-faces=\"true\" data-size=\"small\" data-width=\"550\" data-share=\"1\" ><\/div>\n<!-- Facebook Like Button Vivacity Infotech END -->\n<p><strong>Complexo de fosfolip\u00eddios<\/strong><\/p>\n<p><strong>Formulado com Omega 6 e Omega 3 em uma propor\u00e7\u00e3o de 4: 1<\/strong><\/p>\n<p><strong>BodyBio PC:<\/strong> A membrana mant\u00e9m o equil\u00edbrio da vida de cada c\u00e9lula. PC compreende ~50% da membrana celular. Envelhecimento ou doen\u00e7a reduz PC que \u00e9 substitu\u00eddo com esfingomielina e \u00e1cidos graxos de cadeia muito longa que impactam o c\u00e9rebro e o cora\u00e7\u00e3o. A mol\u00e9cula de PC \u00e9 de 69% de \u00e1cidos graxos. BodyBio PC \u00e9 formulado com uma propor\u00e7\u00e3o de \u00e1cido graxo de 4 partes Omega-6 para 1 parte Omega-3. A propor\u00e7\u00e3o de 4:1 tem sido provada ser a melhor propor\u00e7\u00e3o para\u00a0equilibrar os\u00a0\u00e1cidos graxos essenciais (AGE) do corpo. A Organiza\u00e7\u00e3o Mundial da Sa\u00fade aprovou a propor\u00e7\u00e3o de 4:1 como o melhor equil\u00edbrio AGE de \u00f4mega 6 e \u00f4mega 3.<\/p>\n<hr \/>\n<p><strong>USO SUGERIDO:<\/strong> Tome 2 c\u00e1psulas por dia ou como indicado pelo seu m\u00e9dico.<\/p>\n<p><strong>Fatos suplementares<\/strong><\/p>\n<p>Dose: 2 c\u00e1psulas<br \/>\nDoses: 50<\/p>\n<p><strong>Quantidade por por\u00e7\u00e3o<\/strong><\/p>\n<p>Calorias &#8230; 14.9<br \/>\nCalorias de gordura &#8230; 14.2<br \/>\nGordura total &#8230;1,6 g<br \/>\nGordura saturada &#8230;0,3 g<br \/>\nGordura poliinsaturada &#8230; 1,1 g<br \/>\nGordura monoinsaturada &#8230; 0,16 g<br \/>\nComplexo fosfolip\u00eddios &#8230; 1300 mg<\/p>\n<p><strong>INGREDIENTES:<\/strong>\u00a0Fosfatidil-colina, fosfatidil-etanolamina, fosfatidil-inositol, glicol\u00edpidos menores. Uma mistura propriet\u00e1ria de \u00e1cidos graxos essenciais linoleico e alfa linol\u00eanico, \u00e1cidos graxos menores, etanol. DERIVADOS DE SOJA.<\/p>\n<hr \/>\n<p>MANTENHA FORA DO ALCANCE DE CRIAN\u00c7AS. Manter hermeticamente fechado, em local seco e em temperatura ambiente (59 &#8211; 86 graus F).<\/p>\n<p>N\u00c3O use\u00a0se o selo de seguran\u00e7a estiver quebrado.<\/p>\n<!-- AddThis Advanced Settings generic via filter on the_content --><!-- AddThis Share Buttons generic via filter on the_content -->","protected":false},"excerpt":{"rendered":"<p>Complexo de fosfolip\u00eddios Formulado com Omega 6 e Omega 3 em uma propor\u00e7\u00e3o de 4: 1 BodyBio PC: A membrana mant\u00e9m o equil\u00edbrio da vida de cada c\u00e9lula. PC compreende ~50% da membrana celular. Envelhecimento ou doen\u00e7a reduz PC que \u00e9 substitu\u00eddo com esfingomielina e \u00e1cidos graxos de cadeia muito longa que impactam o c\u00e9rebro<a class=\"moretag\" href=\"http:\/\/genewei.com\/br\/produto\/bodybio-pc\/\"> [&#8230;] <\/a><!-- AddThis Advanced Settings generic via filter on wp_trim_excerpt --><!-- AddThis Share Buttons generic via filter on wp_trim_excerpt --><\/p>\n","protected":false},"featured_media":1132,"template":"","meta":{"sfsi_plus_gutenberg_text_before_share":"","sfsi_plus_gutenberg_show_text_before_share":"","sfsi_plus_gutenberg_icon_type":"","sfsi_plus_gutenberg_icon_alignemt":"","sfsi_plus_gutenburg_max_per_row":"","_genesis_hide_title":false,"_genesis_hide_breadcrumbs":false,"_genesis_hide_singular_image":false,"_genesis_hide_footer_widgets":false,"_genesis_custom_body_class":"","_genesis_custom_post_class":"","_genesis_layout":""},"_links":{"self":[{"href":"http:\/\/genewei.com\/br\/wp-json\/wp\/v2\/product\/1131"}],"collection":[{"href":"http:\/\/genewei.com\/br\/wp-json\/wp\/v2\/product"}],"about":[{"href":"http:\/\/genewei.com\/br\/wp-json\/wp\/v2\/types\/product"}],"wp:featuredmedia":[{"embeddable":true,"href":"http:\/\/genewei.com\/br\/wp-json\/wp\/v2\/media\/1132"}],"wp:attachment":[{"href":"http:\/\/genewei.com\/br\/wp-json\/wp\/v2\/media?parent=1131"}],"curies":[{"name":"wp","href":"https:\/\/api.w.org\/{rel}","templated":true}]}}