{"id":1133,"date":"2016-08-11T14:49:28","date_gmt":"2016-08-11T17:49:28","guid":{"rendered":"http:\/\/genewei.com\/br\/?post_type=product&#038;p=1133"},"modified":"2018-02-24T13:17:24","modified_gmt":"2018-02-24T16:17:24","slug":"capsol-t","status":"publish","type":"product","link":"http:\/\/genewei.com\/br\/produto\/capsol-t\/","title":{"rendered":"Capsol-T (180 caps)"},"content":{"rendered":"\n<!-- Facebook Like Button Vivacity Infotech BEGIN -->\n<div class=\"fb-like\" data-href=\"http:\/\/genewei.com\/br\/produto\/capsol-t\/\" data-layout=\"standard\" data-action=\"like\" data-show-faces=\"true\" data-size=\"small\" data-width=\"550\" data-share=\"1\" ><\/div>\n<!-- Facebook Like Button Vivacity Infotech END -->\n<p><strong>Uso sugerido:<\/strong> Como um suplemento diet\u00e9tico, adultos devem tomar 1 c\u00e1psula a cada quatro horas, incluindo durante a noite ou conforme indicado pelo seu profissional de sa\u00fade.<\/p>\n<p><strong>Fatos suplementares:<\/strong><br \/>\nPor\u00e7\u00e3o: 1 c\u00e1psula<br \/>\nDoses por embalagem: 180<\/p>\n<p><strong>Quantidade por por\u00e7\u00e3o:<\/strong><br \/>\nTeaFense &#8230; 350 mg<br \/>\nMistura patenteada:\u00a0Extrato de ch\u00e1 verde descafeinado\u00a0(Camellia sinensis),<br \/>\nExtrato de Pimenta de Piment\u00e3o (Capsicum annuum), Hipromelose, \u00e1gua, goma de gelano.<\/p>\n<p>Para condi\u00e7\u00f5es de armazenamento ideais, armazene em um lugar fresco e seco. (59-77F, 15-25C) (35-65% de umidade relativa).<\/p>\n<hr \/>\n<p><strong>Aviso:<\/strong> Mulheres gr\u00e1vidas ou lactantes, pessoas com idade inferior a 18 anos e indiv\u00edduos com uma condi\u00e7\u00e3o m\u00e9dica conhecida ou tomando medica\u00e7\u00e3o devem consultar um profissional de sa\u00fade antes de usar qualquer suplemento diet\u00e9tico. N\u00e3o interromper qualquer medica\u00e7\u00e3o sem a permiss\u00e3o do seu m\u00e9dico enquanto tomando este produto. Mantenha fora do alcance de crian\u00e7as. N\u00e3o use se o selo de seguran\u00e7a estiver danificado ou ausente.<\/p>\n<p><em>*Estas declara\u00e7\u00f5es n\u00e3o foram avaliadas pela Administra\u00e7\u00e3o de Alimentos e Drogas dos EUA. Este produto n\u00e3o se destina a diagnosticar, tratar, curar ou prevenir qualquer doen\u00e7a.<\/em><\/p>\n<!-- AddThis Advanced Settings generic via filter on the_content --><!-- AddThis Share Buttons generic via filter on the_content -->","protected":false},"excerpt":{"rendered":"<p>Uso sugerido: Como um suplemento diet\u00e9tico, adultos devem tomar 1 c\u00e1psula a cada quatro horas, incluindo durante a noite ou conforme indicado pelo seu profissional de sa\u00fade. Fatos suplementares: Por\u00e7\u00e3o: 1 c\u00e1psula Doses por embalagem: 180 Quantidade por por\u00e7\u00e3o: TeaFense &#8230; 350 mg Mistura patenteada:\u00a0Extrato de ch\u00e1 verde descafeinado\u00a0(Camellia sinensis), Extrato de Pimenta de Piment\u00e3o<a class=\"moretag\" href=\"http:\/\/genewei.com\/br\/produto\/capsol-t\/\"> [&#8230;] <\/a><!-- AddThis Advanced Settings generic via filter on wp_trim_excerpt --><!-- AddThis Share Buttons generic via filter on wp_trim_excerpt --><\/p>\n","protected":false},"featured_media":1134,"template":"","meta":{"sfsi_plus_gutenberg_text_before_share":"","sfsi_plus_gutenberg_show_text_before_share":"","sfsi_plus_gutenberg_icon_type":"","sfsi_plus_gutenberg_icon_alignemt":"","sfsi_plus_gutenburg_max_per_row":"","_genesis_hide_title":false,"_genesis_hide_breadcrumbs":false,"_genesis_hide_singular_image":false,"_genesis_hide_footer_widgets":false,"_genesis_custom_body_class":"","_genesis_custom_post_class":"","_genesis_layout":""},"_links":{"self":[{"href":"http:\/\/genewei.com\/br\/wp-json\/wp\/v2\/product\/1133"}],"collection":[{"href":"http:\/\/genewei.com\/br\/wp-json\/wp\/v2\/product"}],"about":[{"href":"http:\/\/genewei.com\/br\/wp-json\/wp\/v2\/types\/product"}],"wp:featuredmedia":[{"embeddable":true,"href":"http:\/\/genewei.com\/br\/wp-json\/wp\/v2\/media\/1134"}],"wp:attachment":[{"href":"http:\/\/genewei.com\/br\/wp-json\/wp\/v2\/media?parent=1133"}],"curies":[{"name":"wp","href":"https:\/\/api.w.org\/{rel}","templated":true}]}}