{"id":1141,"date":"2016-08-12T13:50:26","date_gmt":"2016-08-12T16:50:26","guid":{"rendered":"http:\/\/genewei.com\/br\/?post_type=product&#038;p=1141"},"modified":"2018-08-03T20:43:42","modified_gmt":"2018-08-03T23:43:42","slug":"pectina-em-po-fracionada","status":"publish","type":"product","link":"http:\/\/genewei.com\/br\/produto\/pectina-em-po-fracionada\/","title":{"rendered":"Pectina em P\u00f3 Fracionada (150 g)"},"content":{"rendered":"\n<!-- Facebook Like Button Vivacity Infotech BEGIN -->\n<div class=\"fb-like\" data-href=\"http:\/\/genewei.com\/br\/produto\/pectina-em-po-fracionada\/\" data-layout=\"standard\" data-action=\"like\" data-show-faces=\"true\" data-size=\"small\" data-width=\"550\" data-share=\"1\" ><\/div>\n<!-- Facebook Like Button Vivacity Infotech END -->\n<p><strong>Fractionated Pectin Powder (150 g) |\u00a0Pectina em P\u00f3 Fracionada (150 g)<\/strong><\/p>\n<p><strong>Patenteada, pectina c\u00edtrica modificada sol\u00favel em \u00e1gua na forma de um p\u00f3<\/strong><\/p>\n<ul>\n<li>Apoio-nutritional para pacientes oncol\u00f3gicos*<\/li>\n<li>P\u00f3 permite tomar quantidades elevadas<\/li>\n<li>Sem conservantes, estearato de magn\u00e9sio, ou outros lubrificantes e diluentes.<\/li>\n<\/ul>\n<p>Pectina fraccionada, tamb\u00e9m conhecida como pectina c\u00edtrica modificada, \u00e9 um complexo polissacar\u00eddeo obtido a partir da casca e polpa de citrinos. Modifica\u00e7\u00e3o pectina c\u00edtrica \u00e9 rica em res\u00edduos de galact\u00f3sidos, mol\u00e9culas que t\u00eam uma afinidade para liga\u00e7\u00e3o a certos tipos de c\u00e9lulas n\u00e3o desejadas.*<\/p>\n<p>Estes res\u00edduos de galact\u00f3sidos podem ligar-se preferencialmente \u00e0s lectinas\u00a0nas membranas celulares das c\u00e9lulas n\u00e3o desejadas, por sua vez impedindo a liga\u00e7\u00e3o das c\u00e9lulas indesejadas\u00a0para as c\u00e9lulas normais, inibindo assim o crescimento destas c\u00e9lulas.*<\/p>\n<hr \/>\n<div id=\"itemservings\"><strong>Dose por recipiente:<\/strong> 30<\/div>\n<p><strong>Dosagem:<\/strong> Tome 1 colher uma a tr\u00eas vezes por dia ou como recomendado por um profissional de sa\u00fade. Misture com uma pequena quantidade de \u00e1gua morna em um liquidificador ou agitador, em seguida, dilua com suco de escolha.<\/p>\n<p><strong>Tamanho da dose:<\/strong>\u00a01 colher<\/p>\n<p><strong>Quantidade por por\u00e7\u00e3o<\/strong><br \/>\n<strong>Pectina C\u00edtrica Modificada*<\/strong> &#8230; 5g<\/p>\n<p><strong>Outros ingredientes:<\/strong> Nenhum<\/p>\n<p><strong>Este produto n\u00e3o cont\u00e9m<\/strong> trigo, gl\u00faten, milho, fermento, soja, ovos, produtos l\u00e1cteos, ou cores artificiais, ado\u00e7antes artificiais ou sabores artificiais. Este produto tamb\u00e9m n\u00e3o cont\u00e9m lactose, \u00e1cido palm\u00edtico, estearato de magn\u00e9sio ou \u00e1cido este\u00e1rico.<\/p>\n<hr \/>\n<p><strong>AVISOS DE ALERGIA:\u00a0<\/strong>Este produto \u00e9 contra-indicado em um indiv\u00edduo com uma hist\u00f3ria de hipersensibilidade a qualquer dos seus ingredientes.<\/p>\n<p>Fracionada pectina em p\u00f3 cont\u00e9m um ingrediente derivado de citrinos.<\/p>\n<p><strong>GRAVIDEZ:\u00a0<\/strong>Se gr\u00e1vida, consulte o seu profissional de sa\u00fade antes de usar este produto.<\/p>\n<p><em>*Este produto utiliza PectaSol-C \u00ae. PectaSol-C \u00e9 uma marca registrada da EcoNugenics.<\/em><\/p>\n<p><strong>Este item pode conter uma subst\u00e2ncia qu\u00edmica conhecida no Estado da Calif\u00f3rnia por causar c\u00e2ncer, defeitos de nascimento ou outros danos reprodutivos. Sob CA suporte 65, \u00e9 necess\u00e1rio incluir um aviso adicional marcado ao p\u00fablico da CA.<\/strong><\/p>\n<p><em>*Estas declara\u00e7\u00f5es n\u00e3o foram avaliadas pela Administra\u00e7\u00e3o de Alimentos e Drogas dos EUA. Este produto n\u00e3o se destina a diagnosticar, tratar, curar ou prevenir qualquer doen\u00e7a.<\/em><\/p>\n<!-- AddThis Advanced Settings generic via filter on the_content --><!-- AddThis Share Buttons generic via filter on the_content -->","protected":false},"excerpt":{"rendered":"<p>Fractionated Pectin Powder (150 g) |\u00a0Pectina em P\u00f3 Fracionada (150 g) Patenteada, pectina c\u00edtrica modificada sol\u00favel em \u00e1gua na forma de um p\u00f3 Apoio-nutritional para pacientes oncol\u00f3gicos* P\u00f3 permite tomar quantidades elevadas Sem conservantes, estearato de magn\u00e9sio, ou outros lubrificantes e diluentes. Pectina fraccionada, tamb\u00e9m conhecida como pectina c\u00edtrica modificada, \u00e9 um complexo polissacar\u00eddeo obtido<a class=\"moretag\" href=\"http:\/\/genewei.com\/br\/produto\/pectina-em-po-fracionada\/\"> [&#8230;] <\/a><!-- AddThis Advanced Settings generic via filter on wp_trim_excerpt --><!-- AddThis Share Buttons generic via filter on wp_trim_excerpt --><\/p>\n","protected":false},"featured_media":1142,"template":"","meta":{"sfsi_plus_gutenberg_text_before_share":"","sfsi_plus_gutenberg_show_text_before_share":"","sfsi_plus_gutenberg_icon_type":"","sfsi_plus_gutenberg_icon_alignemt":"","sfsi_plus_gutenburg_max_per_row":"","_genesis_hide_title":false,"_genesis_hide_breadcrumbs":false,"_genesis_hide_singular_image":false,"_genesis_hide_footer_widgets":false,"_genesis_custom_body_class":"","_genesis_custom_post_class":"","_genesis_layout":""},"_links":{"self":[{"href":"http:\/\/genewei.com\/br\/wp-json\/wp\/v2\/product\/1141"}],"collection":[{"href":"http:\/\/genewei.com\/br\/wp-json\/wp\/v2\/product"}],"about":[{"href":"http:\/\/genewei.com\/br\/wp-json\/wp\/v2\/types\/product"}],"wp:featuredmedia":[{"embeddable":true,"href":"http:\/\/genewei.com\/br\/wp-json\/wp\/v2\/media\/1142"}],"wp:attachment":[{"href":"http:\/\/genewei.com\/br\/wp-json\/wp\/v2\/media?parent=1141"}],"curies":[{"name":"wp","href":"https:\/\/api.w.org\/{rel}","templated":true}]}}