{"id":1151,"date":"2016-08-13T14:49:29","date_gmt":"2016-08-13T17:49:29","guid":{"rendered":"http:\/\/genewei.com\/br\/?post_type=product&#038;p=1151"},"modified":"2018-02-24T13:19:14","modified_gmt":"2018-02-24T16:19:14","slug":"lactoferrina","status":"publish","type":"product","link":"http:\/\/genewei.com\/br\/produto\/lactoferrina\/","title":{"rendered":"Lactoferrina (120 vcaps)"},"content":{"rendered":"\n<!-- Facebook Like Button Vivacity Infotech BEGIN -->\n<div class=\"fb-like\" data-href=\"http:\/\/genewei.com\/br\/produto\/lactoferrina\/\" data-layout=\"standard\" data-action=\"like\" data-show-faces=\"true\" data-size=\"small\" data-width=\"550\" data-share=\"1\" ><\/div>\n<!-- Facebook Like Button Vivacity Infotech END -->\n<p><strong>Lactoferrina<\/strong> extra\u00edda de colostro bovino (&#8220;primeiro leite da m\u00e3e&#8221;). Nossa lactoferrina tem 95% de pureza e 77,5% para 80,5% de\u00a0capacidade de liga\u00e7\u00e3o de ferro.<\/p>\n<p><strong>Sugest\u00e3o de uso:<\/strong> Como um suplemento diet\u00e9tico, 1 a 3 c\u00e1psulas por noite antes de dormir, ou como dirigido por um profissional de sa\u00fade.<\/p>\n<p><strong>Fatos suplementares<\/strong><br \/>\n<strong>Por\u00e7\u00e3o<\/strong>\u00a0&#8230; 3 C\u00e1psulas<br \/>\n<strong>Dose por recipiente<\/strong>\u00a0&#8230; 40<br \/>\n<strong>Quantidade por por\u00e7\u00e3o<\/strong><br \/>\n<strong>Lectoferrin (leite)<\/strong> &#8230; 1050 mg<br \/>\n<strong>Outros ingredientes:<\/strong> hidroxipropilmetilcelulose, celulose microcristalina, L-leucina.<\/p>\n<p>As varia\u00e7\u00f5es na cor do produto podem ocorrer. Guardar em um lugar fresco e seco, bem tampado.<\/p>\n<p><strong>ATEN\u00c7\u00c3O:<\/strong> A lactoferrina pode atuar como um estimulante imune. N\u00e3o use se voc\u00ea tem leucemia linfoc\u00edtica ou pancreatite. Indiv\u00edduos com doen\u00e7as auto-imunes ou al\u00e9rgicas devem come\u00e7ar com pequenas doses e consultar o\u00a0profissional de sa\u00fade deles. N\u00e3o utilizar durante a gravidez. Produ\u00e7\u00e3o normal de lactoferrina do corpo \u00e9 drasticamente reduzida durante a gravidez, potencialmente, indicando uma falta de necessidade durante esse tempo.<\/p>\n<!-- AddThis Advanced Settings generic via filter on the_content --><!-- AddThis Share Buttons generic via filter on the_content -->","protected":false},"excerpt":{"rendered":"<p>Lactoferrina extra\u00edda de colostro bovino (&#8220;primeiro leite da m\u00e3e&#8221;). Nossa lactoferrina tem 95% de pureza e 77,5% para 80,5% de\u00a0capacidade de liga\u00e7\u00e3o de ferro. Sugest\u00e3o de uso: Como um suplemento diet\u00e9tico, 1 a 3 c\u00e1psulas por noite antes de dormir, ou como dirigido por um profissional de sa\u00fade. Fatos suplementares Por\u00e7\u00e3o\u00a0&#8230; 3 C\u00e1psulas Dose por<a class=\"moretag\" href=\"http:\/\/genewei.com\/br\/produto\/lactoferrina\/\"> [&#8230;] <\/a><!-- AddThis Advanced Settings generic via filter on wp_trim_excerpt --><!-- AddThis Share Buttons generic via filter on wp_trim_excerpt --><\/p>\n","protected":false},"featured_media":1152,"template":"","meta":{"sfsi_plus_gutenberg_text_before_share":"","sfsi_plus_gutenberg_show_text_before_share":"","sfsi_plus_gutenberg_icon_type":"","sfsi_plus_gutenberg_icon_alignemt":"","sfsi_plus_gutenburg_max_per_row":"","_genesis_hide_title":false,"_genesis_hide_breadcrumbs":false,"_genesis_hide_singular_image":false,"_genesis_hide_footer_widgets":false,"_genesis_custom_body_class":"","_genesis_custom_post_class":"","_genesis_layout":""},"_links":{"self":[{"href":"http:\/\/genewei.com\/br\/wp-json\/wp\/v2\/product\/1151"}],"collection":[{"href":"http:\/\/genewei.com\/br\/wp-json\/wp\/v2\/product"}],"about":[{"href":"http:\/\/genewei.com\/br\/wp-json\/wp\/v2\/types\/product"}],"wp:featuredmedia":[{"embeddable":true,"href":"http:\/\/genewei.com\/br\/wp-json\/wp\/v2\/media\/1152"}],"wp:attachment":[{"href":"http:\/\/genewei.com\/br\/wp-json\/wp\/v2\/media?parent=1151"}],"curies":[{"name":"wp","href":"https:\/\/api.w.org\/{rel}","templated":true}]}}