{"id":1155,"date":"2016-08-13T16:56:16","date_gmt":"2016-08-13T19:56:16","guid":{"rendered":"http:\/\/genewei.com\/br\/?post_type=product&#038;p=1155"},"modified":"2018-08-06T20:54:13","modified_gmt":"2018-08-06T23:54:13","slug":"boswellia-fitosoma-60-vcaps","status":"publish","type":"product","link":"http:\/\/genewei.com\/br\/produto\/boswellia-fitosoma-60-vcaps\/","title":{"rendered":"Boswellia Fitosoma (60 vcaps)"},"content":{"rendered":"\n<!-- Facebook Like Button Vivacity Infotech BEGIN -->\n<div class=\"fb-like\" data-href=\"http:\/\/genewei.com\/br\/produto\/boswellia-fitosoma-60-vcaps\/\" data-layout=\"standard\" data-action=\"like\" data-show-faces=\"true\" data-size=\"small\" data-width=\"550\" data-share=\"1\" ><\/div>\n<!-- Facebook Like Button Vivacity Infotech END -->\n<p>Equilibra a resposta inflamat\u00f3ria cerebral e ajuda a proteger o tecido cerebral *<\/p>\n<p><strong>Extrato de Boswellia\u00a0Altamente absorvido<\/strong><\/p>\n<p>Boswellia Phytosome<\/p>\n<p>Este extrato da erva boswellia serrata na forma fitosoma ajuda a equilibrar a resposta inflamat\u00f3ria cerebral e ajuda a proteger o tecido cerebral.*\u00a0Formula\u00e7\u00e3o<br \/>\n&#8220;Phytosome&#8221; (fitosoma) \u00fanica de Boswellia Fitosoma permite uma absor\u00e7\u00e3o superior e consistente dos seus ingredientes \u00e1cidos boswellic ativos.*<\/p>\n<hr \/>\n<div id=\"itemservings\"><strong>Dose por recipiente:<\/strong> 30<\/div>\n<p><strong>Dosagem:<\/strong> Tome 1 c\u00e1psula duas vezes ao dia ou como recomendado pelo seu profissional de sa\u00fade.<\/p>\n<p><strong>Tamanho da dose:<\/strong> 1 c\u00e1psula<\/p>\n<p><strong>Quantidade por por\u00e7\u00e3o:<\/strong><br \/>\n<strong>Incenso Phytosome Indiano**<\/strong> &#8230; 350mg<br \/>\n<em>(Boswellia serrata (oleo-goma-resina)<\/em><br \/>\n<em>\/ Fosfatidilcolina complexo)<\/em><\/p>\n<p><strong>Outros Ingredientes:<\/strong> Hipromelose (derivado de celulose) da c\u00e1psula, Celulose Microcristalina, Leucina.<\/p>\n<p><em>**Este produto utiliza Indena S.p.A.s Phytosome incenso indiano (Casperome\u2122). Casperome \u00e9 uma marca comercial da Indena S.p.A.<\/em><\/p>\n<p><strong>Cont\u00e9m ingrediente derivado de soja (phytosome).<\/strong><br \/>\n<strong>\u00a0<\/strong><br \/>\n<strong>Este produto n\u00e3o cont\u00e9m<\/strong> trigo, gl\u00faten, milho, fermento, ovo, produtos l\u00e1cteos, ou cores artificiais, ado\u00e7antes artificiais ou sabores artificiais. Este produto tamb\u00e9m n\u00e3o cont\u00e9m lactose, \u00e1cido palm\u00edtico, estearato de magn\u00e9sio ou \u00e1cido este\u00e1rico.<\/p>\n<p>&nbsp;<\/p>\n<hr \/>\n<p><strong>AVISO DA ALERGIA<\/strong><br \/>\nCont\u00e9m ingrediente derivado de soja (phytosome).<\/p>\n<p><strong>GRAVIDEZ<\/strong><br \/>\nSe gr\u00e1vida, consulte o seu profissional de sa\u00fade antes de usar este produto.<\/p>\n<p><em>* Estas declara\u00e7\u00f5es n\u00e3o foram avaliadas pela Administra\u00e7\u00e3o de Alimentos e Drogas dos EUA. Este produto n\u00e3o se destina a diagnosticar, tratar, curar ou prevenir qualquer doen\u00e7a.<\/em><\/p>\n<!-- AddThis Advanced Settings generic via filter on the_content --><!-- AddThis Share Buttons generic via filter on the_content -->","protected":false},"excerpt":{"rendered":"<p>Equilibra a resposta inflamat\u00f3ria cerebral e ajuda a proteger o tecido cerebral * Extrato de Boswellia\u00a0Altamente absorvido Boswellia Phytosome Este extrato da erva boswellia serrata na forma fitosoma ajuda a equilibrar a resposta inflamat\u00f3ria cerebral e ajuda a proteger o tecido cerebral.*\u00a0Formula\u00e7\u00e3o &#8220;Phytosome&#8221; (fitosoma) \u00fanica de Boswellia Fitosoma permite uma absor\u00e7\u00e3o superior e consistente dos<a class=\"moretag\" href=\"http:\/\/genewei.com\/br\/produto\/boswellia-fitosoma-60-vcaps\/\"> [&#8230;] <\/a><!-- AddThis Advanced Settings generic via filter on wp_trim_excerpt --><!-- AddThis Share Buttons generic via filter on wp_trim_excerpt --><\/p>\n","protected":false},"featured_media":3457,"template":"","meta":{"sfsi_plus_gutenberg_text_before_share":"","sfsi_plus_gutenberg_show_text_before_share":"","sfsi_plus_gutenberg_icon_type":"","sfsi_plus_gutenberg_icon_alignemt":"","sfsi_plus_gutenburg_max_per_row":"","_genesis_hide_title":false,"_genesis_hide_breadcrumbs":false,"_genesis_hide_singular_image":false,"_genesis_hide_footer_widgets":false,"_genesis_custom_body_class":"","_genesis_custom_post_class":"","_genesis_layout":""},"_links":{"self":[{"href":"http:\/\/genewei.com\/br\/wp-json\/wp\/v2\/product\/1155"}],"collection":[{"href":"http:\/\/genewei.com\/br\/wp-json\/wp\/v2\/product"}],"about":[{"href":"http:\/\/genewei.com\/br\/wp-json\/wp\/v2\/types\/product"}],"wp:featuredmedia":[{"embeddable":true,"href":"http:\/\/genewei.com\/br\/wp-json\/wp\/v2\/media\/3457"}],"wp:attachment":[{"href":"http:\/\/genewei.com\/br\/wp-json\/wp\/v2\/media?parent=1155"}],"curies":[{"name":"wp","href":"https:\/\/api.w.org\/{rel}","templated":true}]}}