{"id":1158,"date":"2016-08-13T17:18:47","date_gmt":"2016-08-13T20:18:47","guid":{"rendered":"http:\/\/genewei.com\/br\/?post_type=product&#038;p=1158"},"modified":"2018-02-24T13:21:14","modified_gmt":"2018-02-24T16:21:14","slug":"rentone","status":"publish","type":"product","link":"http:\/\/genewei.com\/br\/produto\/rentone\/","title":{"rendered":"Rentone (90 caps)"},"content":{"rendered":"\n<!-- Facebook Like Button Vivacity Infotech BEGIN -->\n<div class=\"fb-like\" data-href=\"http:\/\/genewei.com\/br\/produto\/rentone\/\" data-layout=\"standard\" data-action=\"like\" data-show-faces=\"true\" data-size=\"small\" data-width=\"550\" data-share=\"1\" ><\/div>\n<!-- Facebook Like Button Vivacity Infotech END -->\n<p><strong>Rentone\u2122 \u00e9 uma f\u00f3rmula para apoio do rim e urin\u00e1ria<\/strong> com uma combina\u00e7\u00e3o \u00fanica de ervas orientais e ocidentais, al\u00e9m de outros nutrientes que apoiam\u00a0o sistema eliminat\u00f3rio. Pedicellata Didymocarpus Ayurveda \u00e9 uma erva tamb\u00e9m conhecida como phori Pathar. Em s\u00e2nscrito, o nome significa &#8220;aquele que quebra pedras.&#8221; Saxifraga ligulata tem um significado semelhante, &#8220;a planta que quebra rochas para crescer&#8221; e tamb\u00e9m tem propriedades adstringentes, laxantes, diur\u00e9ticas, e as propriedades litotr\u00f3ficas, assim como Tribulus terrestris. Ocimum sanctum (santa manjeric\u00e3o) \u00e9 usado aqui por suas a\u00e7\u00f5es que apoiam\u00a0os sistemas imunol\u00f3gico e diur\u00e9tico.\u00a0Shilajit \u00e9 um asphaltum (pitch mineral) obtido na regi\u00e3o do Himalaia da \u00cdndia e \u00e9 considerado uma rasayana (adaptogen).<\/p>\n<p><strong>Shilajit cont\u00e9m pelo menos 85 minerais na forma i\u00f4nica<\/strong> e tem sido tradicionalmente usado durante s\u00e9culos para apoio geniturin\u00e1rio e imunol\u00f3gico, bem como por suas propriedades afrodis\u00edacas e purificadoras. Uva-de-urso \u00e9 uma erva Europeia, as folhas das quais cont\u00eam 10% dos princ\u00edpios mais ativos de arbutina, que divide em glicose e hidroquinona nos rins.<\/p>\n<p><strong>Mimosa pudica (Lajja ou Lajwanti)<\/strong> \u00e9 tradicionalmente usada\u00a0para\u00a0apoio\u00a0urin\u00e1rio. Dolichos biflorus tamb\u00e9m \u00e9 conhecido como feij\u00f5es Kulatha, as sementes das quais s\u00e3o adstringentes, diur\u00e9ticas, e tonificantes, e t\u00eam sido utilizadas tradicionalmente no suporte da bexiga urin\u00e1ria e renal. Cyperus rotundus \u00e9 uma raiz tuberosa seca conhecido como soucher, que \u00e9 conhecida por ter propriedades diur\u00e9ticas, sudor\u00edficas, e adstringentes. \u00c9 tradicionalmente utilizado para o apoio do est\u00f4mago e do intestino.<\/p>\n<p><strong>Crataeva religiosa, tamb\u00e9m conhecida como Varuna (alcaparra tr\u00eas folhas),<\/strong> cont\u00e9m saponinas e taninos em sua casca. Na medicina ayurv\u00e9dica, Varuna \u00e9 usada para apoiar os m\u00fasculos da bexiga. Ela tamb\u00e9m ajuda a\u00a0apoiar\u00a0uma resposta inflamat\u00f3ria saud\u00e1vel dentro de uma gama normal do sistema genito-urin\u00e1rio e tem um efeito diur\u00e9tico. Achyranthes aspera (apamarg) \u00e9 tradicionalmente usado como um diur\u00e9tico e para normalizar o pH.<\/p>\n<hr \/>\n<div id=\"itemservings\"><strong>Dose por recipiente:<\/strong> 90<\/div>\n<p><strong>Dosagem:<\/strong> Um (1) caplet tr\u00eas (3) vezes ao dia, ou conforme indicado pelo seu m\u00e9dico.<\/p>\n<p><strong>Dose:<\/strong> 1 C\u00e1psula<\/p>\n<p><strong>Quantidade por por\u00e7\u00e3o<\/strong><br \/>\n<strong>Vitamina B6<\/strong> &#8230; 25 mg<br \/>\n<strong>Magn\u00e9sio<\/strong> &#8230; 100 mg<br \/>\n<em>(Como aspartato)<\/em><br \/>\n<strong>Didymocarpus pedicellata<\/strong> &#8230; 100 mg<br \/>\n<strong>Saxifraga ligulata<\/strong> &#8230; 100 mg<br \/>\n<strong>Ocimum Sanctum<\/strong> &#8230; 25 mg<br \/>\n<strong>Achyranthes Aspera<\/strong> &#8230; 25 mg<br \/>\n<strong>Shilajeet<\/strong> &#8230; 25 mg<br \/>\n<strong>Cyperus rotundus<\/strong> &#8230; 25 mg<br \/>\n<strong>Crataeva Religiosa<\/strong> &#8230; 25 mg<br \/>\n<strong>Uva Ursi<\/strong> &#8230; 25 mg<\/p>\n<p><strong>Outros ingredientes:<\/strong> Em uma base de extrato de Oxicoco, Tribulus terrestris, Mimosa pudica, Dolichos b, Equestrium arvense e materiais de liga\u00e7\u00e3o (fosfato bic\u00e1lcico, \u00e1cido este\u00e1rico, estearato de magn\u00e9sio, di\u00f3xido de sil\u00edcio)<\/p>\n<hr \/>\n<p>Mantenha fora do alcance de crian\u00e7as. Se gr\u00e1vida, consulte o seu m\u00e9dico antes de usar este ou qualquer outro produto. N\u00e3o use se o selo est\u00e1 quebrado.<\/p>\n<p><em>*Estas declara\u00e7\u00f5es n\u00e3o foram avaliadas pela Administra\u00e7\u00e3o de Alimentos e Drogas dos EUA. Este produto n\u00e3o se destina a diagnosticar, tratar, curar ou prevenir qualquer doen\u00e7a.<\/em><\/p>\n<!-- AddThis Advanced Settings generic via filter on the_content --><!-- AddThis Share Buttons generic via filter on the_content -->","protected":false},"excerpt":{"rendered":"<p>Rentone\u2122 \u00e9 uma f\u00f3rmula para apoio do rim e urin\u00e1ria com uma combina\u00e7\u00e3o \u00fanica de ervas orientais e ocidentais, al\u00e9m de outros nutrientes que apoiam\u00a0o sistema eliminat\u00f3rio. Pedicellata Didymocarpus Ayurveda \u00e9 uma erva tamb\u00e9m conhecida como phori Pathar. Em s\u00e2nscrito, o nome significa &#8220;aquele que quebra pedras.&#8221; Saxifraga ligulata tem um significado semelhante, &#8220;a planta<a class=\"moretag\" href=\"http:\/\/genewei.com\/br\/produto\/rentone\/\"> [&#8230;] <\/a><!-- AddThis Advanced Settings generic via filter on wp_trim_excerpt --><!-- AddThis Share Buttons generic via filter on wp_trim_excerpt --><\/p>\n","protected":false},"featured_media":1362,"template":"","meta":{"sfsi_plus_gutenberg_text_before_share":"","sfsi_plus_gutenberg_show_text_before_share":"","sfsi_plus_gutenberg_icon_type":"","sfsi_plus_gutenberg_icon_alignemt":"","sfsi_plus_gutenburg_max_per_row":"","_genesis_hide_title":false,"_genesis_hide_breadcrumbs":false,"_genesis_hide_singular_image":false,"_genesis_hide_footer_widgets":false,"_genesis_custom_body_class":"","_genesis_custom_post_class":"","_genesis_layout":""},"_links":{"self":[{"href":"http:\/\/genewei.com\/br\/wp-json\/wp\/v2\/product\/1158"}],"collection":[{"href":"http:\/\/genewei.com\/br\/wp-json\/wp\/v2\/product"}],"about":[{"href":"http:\/\/genewei.com\/br\/wp-json\/wp\/v2\/types\/product"}],"wp:featuredmedia":[{"embeddable":true,"href":"http:\/\/genewei.com\/br\/wp-json\/wp\/v2\/media\/1362"}],"wp:attachment":[{"href":"http:\/\/genewei.com\/br\/wp-json\/wp\/v2\/media?parent=1158"}],"curies":[{"name":"wp","href":"https:\/\/api.w.org\/{rel}","templated":true}]}}