{"id":1161,"date":"2016-08-13T17:29:03","date_gmt":"2016-08-13T20:29:03","guid":{"rendered":"http:\/\/genewei.com\/br\/?post_type=product&#038;p=1161"},"modified":"2018-02-24T13:22:04","modified_gmt":"2018-02-24T16:22:04","slug":"siliphos","status":"publish","type":"product","link":"http:\/\/genewei.com\/br\/produto\/siliphos\/","title":{"rendered":"Siliphos (90 vcaps)"},"content":{"rendered":"\n<!-- Facebook Like Button Vivacity Infotech BEGIN -->\n<div class=\"fb-like\" data-href=\"http:\/\/genewei.com\/br\/produto\/siliphos\/\" data-layout=\"standard\" data-action=\"like\" data-show-faces=\"true\" data-size=\"small\" data-width=\"550\" data-share=\"1\" ><\/div>\n<!-- Facebook Like Button Vivacity Infotech END -->\n<p>Um complexo de silibina-fosfatidilcolina altamente biodispon\u00edvel*<\/p>\n<ul>\n<li>Fornece suporte de f\u00edgado potente*<\/li>\n<li>Ajuda a manter os n\u00edveis de glutationa normais*<\/li>\n<li>Prepara\u00e7\u00e3o de Phytosome fornece concentra\u00e7\u00f5es hep\u00e1ticas elevadas de silibina*<\/li>\n<li>Benef\u00edcios duplos\u00a0de prote\u00e7\u00e3o de f\u00edgado de extrato de leite de cardo e fosfatidilcolina*<\/li>\n<\/ul>\n<p>Um extrato bot\u00e2nico padronizado, bem-pesquisado, o cardo de leite cont\u00e9m potentes antioxidantes que podem proteger as c\u00e9lulas do f\u00edgado dos danos dos radicais livres, fortalecer as membranas celulares do f\u00edgado e ajudar a manter o sistema antioxidante constru\u00eddo do f\u00edgado \u2013 Glutationa e super\u00f3xido dismutase (SOD).*\u00a0Em\u00a0numerosos estudos, o seu ingrediente ativo, a silimarina, tem sido utilizada para evitar danos nas c\u00e9lulas do f\u00edgado por tetracloreto de carbono, etanol, paracetamol, toxinas de cogumelos, e benzopireno de escape de autom\u00f3veis.* Silimarina tamb\u00e9m foi mostrada para ajudar a manter a resposta inflamat\u00f3ria normal do corpo.*<\/p>\n<p>Siliphos fornece os benef\u00edcios de silimarina (complexos de flavon\u00f3ides de cardo de leite) e fosfatidilcolina em um composto.* Siliphos \u00e9 um Phytosome, um flavon\u00f3ide sol\u00favel em \u00e1gua (neste caso, silibina) feita l\u00edpido amig\u00e1vel por adi\u00e7\u00e3o de fosfatidilcolina. Isto permite uma melhor incorpora\u00e7\u00e3o deste flavon\u00f3ide-protetor do f\u00edgado em membranas de c\u00e9lulas de f\u00edgado.* Dos tr\u00eas flavon\u00f3ides compreendendo silimarina, silibina predomina e \u00e9 o mais potente. Estudos indicam o complexo silybin-fosfatidilcolina no Siliphos fornece biodisponibilidade superior em rela\u00e7\u00e3o aos produtos de leite de cardo convencionais.*<\/p>\n<p>Fosfatidilcolina n\u00e3o \u00e9 meramente um &#8220;transportador&#8221; passivo para o silybin flavon\u00f3ide ativo, mas \u00e9 em si um ingrediente ativo com efic\u00e1cia documentada para promover a sa\u00fade do f\u00edgado.* Silybin protege o f\u00edgado por causa de sua atividade antioxidante potente, enquanto fosfatidilcolina ajuda a reparar e substituir as membranas celulares.* Estes componentes suscept\u00edveis oferecem o benef\u00edcio sinerg\u00e9tico\u00a0de poupar as c\u00e9lulas do f\u00edgado da destrui\u00e7\u00e3o.*<\/p>\n<hr \/>\n<div id=\"itemservings\"><strong><br \/>\n<\/strong><strong>Dose por recipiente:<\/strong> 90<\/div>\n<p><strong>Dosagem:<\/strong> Tome 1 c\u00e1psula duas a tr\u00eas vezes por dia ou como recomendado por um profissional de sa\u00fade.<\/p>\n<p><strong>Tamanho da dose:<\/strong>\u00a01 C\u00e1psula<\/p>\n<p><strong>Quantidade por por\u00e7\u00e3o<\/strong><br \/>\n<strong>Silybin Phytosome*<\/strong> &#8230; 180 mg<br \/>\n<em>(extrato Silybum Marianum (fruta) \/ complexo fosfatidilcolina)<\/em><\/p>\n<p><strong>Outros ingredientes:<\/strong> c\u00e1psula Hipromelose (derivados de celulose), Celulose Microcristalina, Leucina, di\u00f3xido de sil\u00edcio.<\/p>\n<p><strong>Cont\u00e9m ingrediente derivado de soja (Phytosome).<\/strong><\/p>\n<p><strong>Este produto n\u00e3o cont\u00e9m<\/strong> trigo, gl\u00faten, milho, fermento, ovo, produtos l\u00e1cteos, ou cores artificiais, ado\u00e7antes artificiais ou sabores artificiais. Este produto tamb\u00e9m n\u00e3o cont\u00e9m lactose, \u00e1cido palm\u00edtico, estearato de magn\u00e9sio ou \u00e1cido este\u00e1rico.<\/p>\n<hr \/>\n<p><strong>AVISOS ALERGIA<\/strong><br \/>\nEste produto \u00e9 contra-indicado em um indiv\u00edduo com uma hist\u00f3ria de hipersensibilidade a qualquer dos seus ingredientes.<\/p>\n<p>Siliphos cont\u00e9m Phytosome silibina, um extrato de planta complexada com fosfatidilcolina, a qual \u00e9 derivada a partir de soja. Fosfatidilcolina n\u00e3o cont\u00e9m nenhuma prote\u00edna de soja. N\u00e3o existem outros ingredientes \u00e0 base de soja em Siliphos.<\/p>\n<p><strong>GRAVIDEZ AVISO<\/strong><br \/>\nSe gr\u00e1vida, consulte o seu profissional de sa\u00fade antes de usar este produto.<\/p>\n<p><em>*Este produto utiliza Indena S.p.A.s silybin Phytosome (Siliphos\u00ae). Siliphos \u00e9 uma marca registrada da Indena S.p.A.<\/em><\/p>\n<p><em>*Estas declara\u00e7\u00f5es n\u00e3o foram avaliadas pela Administra\u00e7\u00e3o de Alimentos e Drogas dos EUA. Este produto n\u00e3o se destina a diagnosticar, tratar, curar ou prevenir qualquer doen\u00e7a.<\/em><\/p>\n<!-- AddThis Advanced Settings generic via filter on the_content --><!-- AddThis Share Buttons generic via filter on the_content -->","protected":false},"excerpt":{"rendered":"<p>Um complexo de silibina-fosfatidilcolina altamente biodispon\u00edvel* Fornece suporte de f\u00edgado potente* Ajuda a manter os n\u00edveis de glutationa normais* Prepara\u00e7\u00e3o de Phytosome fornece concentra\u00e7\u00f5es hep\u00e1ticas elevadas de silibina* Benef\u00edcios duplos\u00a0de prote\u00e7\u00e3o de f\u00edgado de extrato de leite de cardo e fosfatidilcolina* Um extrato bot\u00e2nico padronizado, bem-pesquisado, o cardo de leite cont\u00e9m potentes antioxidantes que podem<a class=\"moretag\" href=\"http:\/\/genewei.com\/br\/produto\/siliphos\/\"> [&#8230;] <\/a><!-- AddThis Advanced Settings generic via filter on wp_trim_excerpt --><!-- AddThis Share Buttons generic via filter on wp_trim_excerpt --><\/p>\n","protected":false},"featured_media":1162,"template":"","meta":{"sfsi_plus_gutenberg_text_before_share":"","sfsi_plus_gutenberg_show_text_before_share":"","sfsi_plus_gutenberg_icon_type":"","sfsi_plus_gutenberg_icon_alignemt":"","sfsi_plus_gutenburg_max_per_row":"","_genesis_hide_title":false,"_genesis_hide_breadcrumbs":false,"_genesis_hide_singular_image":false,"_genesis_hide_footer_widgets":false,"_genesis_custom_body_class":"","_genesis_custom_post_class":"","_genesis_layout":""},"_links":{"self":[{"href":"http:\/\/genewei.com\/br\/wp-json\/wp\/v2\/product\/1161"}],"collection":[{"href":"http:\/\/genewei.com\/br\/wp-json\/wp\/v2\/product"}],"about":[{"href":"http:\/\/genewei.com\/br\/wp-json\/wp\/v2\/types\/product"}],"wp:featuredmedia":[{"embeddable":true,"href":"http:\/\/genewei.com\/br\/wp-json\/wp\/v2\/media\/1162"}],"wp:attachment":[{"href":"http:\/\/genewei.com\/br\/wp-json\/wp\/v2\/media?parent=1161"}],"curies":[{"name":"wp","href":"https:\/\/api.w.org\/{rel}","templated":true}]}}