{"id":1166,"date":"2016-08-14T12:55:01","date_gmt":"2016-08-14T15:55:01","guid":{"rendered":"http:\/\/genewei.com\/br\/?post_type=product&#038;p=1166"},"modified":"2018-08-04T15:10:33","modified_gmt":"2018-08-04T18:10:33","slug":"turkey-tail","status":"publish","type":"product","link":"http:\/\/genewei.com\/br\/produto\/turkey-tail\/","title":{"rendered":"Turquia Cauda (Cogumelos Trametes Versicolor) (120 vcaps)"},"content":{"rendered":"\n<!-- Facebook Like Button Vivacity Infotech BEGIN -->\n<div class=\"fb-like\" data-href=\"http:\/\/genewei.com\/br\/produto\/turkey-tail\/\" data-layout=\"standard\" data-action=\"like\" data-show-faces=\"true\" data-size=\"small\" data-width=\"550\" data-share=\"1\" ><\/div>\n<!-- Facebook Like Button Vivacity Infotech END -->\n<p><strong>Turkey Tail (Trametes Versicolor) (120 vcaps) |\u00a0Turquia Cauda (Cogumelos Trametes Versicolor) (120 vcaps)<\/strong><\/p>\n<p>Trametes Versicolor \u00e9 um dos cogumelos medicinais mais bem estudados. Para combater o c\u00e2ncer de forma eficaz, voc\u00ea deve atac\u00e1-lo de v\u00e1rios \u00e2ngulos. Assim, al\u00e9m de matar as c\u00e9lulas cancerosas com Artemisinina, tamb\u00e9m temos que aumentar a capacidade do sistema imunol\u00f3gico de matar o c\u00e2ncer tamb\u00e9m. <strong>Trametes Versicolor \u00e9 uma das formas mais poderosas, e comprovadas de aumentar a atividade das c\u00e9lulas assassinas naturais do seu corpo (c\u00e9lulas NK). Estas s\u00e3o respons\u00e1veis pelo reconhecimento e ataque do cancer no corpo.\u00a0<\/strong>O Trametes Versicolor inclu\u00eddo neste protocolo \u00e9 de mais alta qualidade poss\u00edvel, e tem sido cultivado pelo investigador principal do mundo em cogumelos medicinais, o Dr. Paul Stamets. Este produto \u00e9 100% org\u00e2nico certificado, e n\u00e3o cont\u00e9m pesticidas ou contaminantes.<\/p>\n<p><strong>Veja o video aqui:\u00a0<\/strong><a href=\"https:\/\/www.youtube.com\/watch?v=osBN8K-8OsQ\">https:\/\/www.youtube.com\/watch?v=osBN8K-8OsQ<\/a><\/p>\n<p><iframe src=\"https:\/\/www.youtube.com\/embed\/osBN8K-8OsQ\" width=\"560\" height=\"315\" frameborder=\"0\" allowfullscreen=\"allowfullscreen\"><\/iframe><\/p>\n<hr \/>\n<p>Predominante em florestas em todo o mundo, Turquia cauda \u00e9 um dos cogumelos mais bem documentados na pesquisa cient\u00edfica. Com um amplo espectro de propriedades ben\u00e9ficas, Turquia cauda mostra muito promissora no apoio ao sistema imune com os seus polissacar\u00eddeos ligados a prote\u00ednas e originais.*<\/p>\n<p>Turquia cauda da Host Defense usa ativado, liofilizado, mic\u00e9lio de cogumelo org\u00e2nico certificado, com uma gama completa de componentes: polissacar\u00eddeos (beta glucanas, arabinoxylane, glicose, xilose, galactose e manose), glicoprote\u00ednas, ergosterols, triterpen\u00f3ides e outros myco-nutrientes, que s\u00e3o essenciais para sustentar a imunidade natural.*<\/p>\n<ul>\n<li><em>Turquia Cauda (Trametes versicolor) \u00e9 uma excelente fonte de nutrientes celulares*<\/em><\/li>\n<li><em>Em um recente estudo cl\u00ednico financiado pelos Institutos Nacionais de Sa\u00fade, Turquia cauda da Host Defense foi demonstrado a ser imunologicamente ativo*<\/em><\/li>\n<\/ul>\n<hr \/>\n<div id=\"itemservings\">\n<p><strong>Dose por recipiente:<\/strong> 60<\/p>\n<p><strong>Do<\/strong><strong style=\"line-height: 1.5;\">sagem:<\/strong><span style=\"line-height: 1.5;\"> Como indicado pelo seu profissional de sa\u00fade<\/span><\/p>\n<\/div>\n<p><strong>Dose:<\/strong> 2 c\u00e1psulas<\/p>\n<p><strong>Quantidade por por\u00e7\u00e3o<\/strong><br \/>\n<strong>Turquia Cauda Mic\u00e9lio<\/strong> &#8230; 1g<br \/>\n<em>(Trametes Versicolor)<\/em><\/p>\n<p><strong>Outros ingredientes:<\/strong>\u00a0arroz integral myceliated liofilizado, pululano (um polissacar\u00eddeo extracelular)<\/p>\n<div id=\"itemservings\"><em>*Estas declara\u00e7\u00f5es n\u00e3o foram avaliadas pela Administra\u00e7\u00e3o de Alimentos e Drogas dos EUA. Este produto n\u00e3o se destina a diagnosticar, tratar, curar ou prevenir qualquer doen\u00e7a.<\/em><\/div>\n<div><\/div>\n<div>\n<hr \/>\n<\/div>\n<div>\n<div class=\"a-row a-spacing-mini review-data review-format-strip\"><\/div>\n<div class=\"a-row review-data\"><span class=\"a-size-base review-text\" data-hook=\"review-body\"><strong><img loading=\"lazy\" class=\"size-full wp-image-2700 alignnone\" src=\"http:\/\/genewei.com\/br\/wp-content\/uploads\/2016\/08\/stars-70-5.jpg\" alt=\"\" width=\"70\" height=\"13\" \/> Incr\u00edvel&#8230; Um produto que algu\u00e9m que precisa de apoio imunol\u00f3gico deve comprar. Qualquer pessoa seguindo quimioterapia.<\/strong><br \/>\n<\/span><em><em>Produto incr\u00edvel. Eu comprei esse produto quando fui diagnosticada com c\u00e2ncer de mama. Isso foi em Maio de 2013. Parece rid\u00edculo, mas n\u00e3o tenho ficado com um resfriado ou gripe desde ent\u00e3o. Eu falo a todos que eu conhe\u00e7o sobre Cogumelos Turkey Tail. Eu comprei esses suplementos devido ao pedido impl\u00edcito em um video que assisti para ajudar a curar c\u00e2ncer&#8230; Eu continuo comprando ja que eu nunca fico doente. Eu tinha quimioterapia&#8230;\u00a0Eu tive c\u00e2ncer de mama no est\u00e1gio 3c com 14 n\u00f3s positivos, espero que isso ajude a manter o c\u00e2ncer sob controle. Meus netos, 2 e 5 anos de idade, sempre t\u00eam resfriados&#8230; Eu como e comi em buffets e eu at\u00e9 fui em um cruzeiro enquanto estava com quimio. Eu juro por este produto&#8230; Eu acredito que este produto est\u00e1 fazendo mais para mim do que qualquer coisa que eu j\u00e1 tenha sido prescrita por u<\/em>m Doutor. Eu rezo para que isso fa\u00e7a mais por mim, do que apenas me deixe de ficar doente! Mas se for isso, eu o tomarei!\u00a0<\/em><em>Atualizando. \u00c9 junho de 2015 ainda sem resfriado, sem gripe nem c\u00e2ncer. Quero distribuir garrafas para todos os que conhe\u00e7o! Foi incr\u00edvel.<\/em><em>Atualizando. Maio de 2016. Sem resfriados &#8211; gripe e nenhum c\u00e2ncer. (&#8230;)\u00a0Por HMannon 6 de Janeiro de 2015<\/em><\/div>\n<div><\/div>\n<div class=\"a-row review-data\"><\/div>\n<div class=\"a-row review-data\"><span class=\"a-size-base review-text\" data-hook=\"review-body\"><strong><img loading=\"lazy\" class=\"size-full wp-image-2700 alignnone\" src=\"http:\/\/genewei.com\/br\/wp-content\/uploads\/2016\/08\/stars-70-5.jpg\" alt=\"\" width=\"70\" height=\"13\" \/>\u00a0<\/strong><\/span><strong>Fui diagnosticada com c\u00e2ncer de mama<\/strong><br \/>\n<em>Fui diagnosticada com c\u00e2ncer de mama em junho de 2014. Tomei 8 gramas (16 p\u00edlulas) pelo estudo que fizeram, juntamente com uma dieta baixa em carboidratos, baixa caloria, sem gr\u00e3os, sem dieta l\u00e1ctea. No momento em que o tumor foi operado (6 semanas), passou de 1,9 para 0,8. Eu nunca estou doente. demarie, 2 de novembro de 2015<\/em><\/div>\n<div><\/div>\n<div class=\"a-row review-data\"><\/div>\n<div class=\"a-row review-data\"><strong><span class=\"a-size-base review-text\" data-hook=\"review-body\"><img loading=\"lazy\" class=\"size-full wp-image-2700 alignnone\" src=\"http:\/\/genewei.com\/br\/wp-content\/uploads\/2016\/08\/stars-70-5.jpg\" alt=\"\" width=\"70\" height=\"13\" \/>\u00a0<\/span>C\u00e2ncer Est\u00e1gio III e superando quaisquer expectativa<br \/>\n<\/strong><em>Minha m\u00e3e foi diagnosticada com c\u00e2ncer no est\u00e1gio III, \u00e9 a segunda ocorr\u00eancia de c\u00e2ncer cervical h\u00e1 6 anos. Agora, se metastatizou ao intestino dela e teve que ter uma cirurgia salva-vidas removendo 1.8 metros de seu intestinal. Agora ela est\u00e1 passando por quimioterapia s\u00e9ria por 8 meses seguidas. Sua expectativa de vida foi de 12 a 24 semanas, 8 meses atr\u00e1s. Ela est\u00e1 tomando Turkey Tail (como foi no teste do NIH) e a combina\u00e7\u00e3o de cogumelos de apoio da Defesa do Host Defense diariamente. Ela n\u00e3o tem efeitos colaterais da quimio, ela est\u00e1 vivendo uma vida plena sem nenhum sinal da doen\u00e7a. Os m\u00e9dicos est\u00e3o chocados e felizes por ela. Eu continuo comprando isso e as vitaminas da Defesa Imunol\u00f3gica enquanto ela estiver viva &#8211; espero h\u00e1 muito tempo. Obrigado pelos criadores e desejando o melhor para aqueles que podem se beneficiar com estes. por businesscomesfirst, 29 de janeiro de 2015<\/em><\/div>\n<div><\/div>\n<div class=\"a-row review-data\"><\/div>\n<div class=\"a-row review-data\"><strong><span class=\"a-size-base review-text\" data-hook=\"review-body\"><img loading=\"lazy\" class=\"size-full wp-image-2700 alignnone\" src=\"http:\/\/genewei.com\/br\/wp-content\/uploads\/2016\/08\/stars-70-5.jpg\" alt=\"\" width=\"70\" height=\"13\" \/><\/span><span class=\"a-size-base review-text\" data-hook=\"review-body\">\u00a0<\/span>Funcionou excelente para tumores pulmonares<br \/>\n<\/strong><em>Em abril passado, meu marido recebeu uma Cat Scan que mostrou 9 n\u00f3dulos pulmonares, em junho, foi feita uma an\u00e1lise que mostrou c\u00e2ncer de c\u00e2ncer prov\u00e1vel devido \u00e0 absor\u00e7\u00e3o do corante radioativo. Como ele n\u00e3o estava bem o suficiente para a cirurgia, n\u00f3s fomos informados em julho que iriamos continuar acompanhando o c\u00e2ncer e repetir o Cat Scan em setembro. Ele come\u00e7ou a tomar o suplemento Turkey Tail com a Curamed Turmeric depois de pesquisar op\u00e7\u00f5es alternativas em julho e, em setembro, o Cat Scan mostrou que os 9 tumores desapareceram!! A pesquisa que lemos, mostra que tamb\u00e9m \u00e9 bom para outros tipos de c\u00e2ncer, incluindo c\u00e2ncer de mama e ajudando os pacientes com quimio a reparar seu sistema imunol\u00f3gico enquanto tomam quimio. Por Sally, 16 de janeiro de 2017<\/em><\/div>\n<div><\/div>\n<div class=\"a-row review-data\"><\/div>\n<div class=\"a-row review-data\"><strong><span class=\"a-size-base review-text\" data-hook=\"review-body\"><img loading=\"lazy\" class=\"size-full wp-image-2700 alignnone\" src=\"http:\/\/genewei.com\/br\/wp-content\/uploads\/2016\/08\/stars-70-5.jpg\" alt=\"\" width=\"70\" height=\"13\" \/>\u00a0<\/span>\u00d3timo produto<br \/>\n<\/strong><em>Quando minha esposa e eu come\u00e7amos a procurar um refor\u00e7o do sistema imunol\u00f3gico, o Naturopata recomendou isso. Minha esposa est\u00e1 indo muito bem com esse produto, e estou feliz com os resultados, porque ela \u00e9 uma paciente com c\u00e2ncer. Altamente recomendado.\u00a0Por Jackon, 1 de abril de 2015<\/em><\/div>\n<div><\/div>\n<div class=\"a-row review-data\"><\/div>\n<div class=\"a-row review-data\"><strong><span class=\"a-size-base review-text\" data-hook=\"review-body\"><img loading=\"lazy\" class=\"size-full wp-image-2700 alignnone\" src=\"http:\/\/genewei.com\/br\/wp-content\/uploads\/2016\/08\/stars-70-5.jpg\" alt=\"\" width=\"70\" height=\"13\" \/>\u00a0<\/span>Um Suplemento Excelente<br \/>\n<\/strong><em>Este \u00e9 um excelente suplemento para minha Psor\u00edase. Eu tenho estado tomando por algumas semanas e realmente ajudou. Vou comprar novamente. Por MT, 26 de novembro de 2016<\/em><\/div>\n<div><\/div>\n<div class=\"a-row review-data\"><\/div>\n<div class=\"a-row review-data\"><strong><span class=\"a-size-base review-text\" data-hook=\"review-body\"><img loading=\"lazy\" class=\"size-full wp-image-2700 alignnone\" src=\"http:\/\/genewei.com\/br\/wp-content\/uploads\/2016\/08\/stars-70-5.jpg\" alt=\"\" width=\"70\" height=\"13\" \/><\/span><span class=\"a-size-base review-text\" data-hook=\"review-body\">\u00a0<\/span>Parece funcionar<br \/>\n<\/strong><em>Meu n\u00edvel de PSA vem subindo lentamente. Depois de tomar 3 comprimidos por dia, meu \u00faltimo PSA foi um pouco menor. Eu n\u00e3o sei honestamente se a Turkey Tail sozinha fez isso, mas eu irei tomar os resultados. Certamente n\u00e3o pode doer. \u00c9 aprovado no setor m\u00e9dico japon\u00eas como um aux\u00edlio para tratar c\u00e2ncer de pr\u00f3stata.\u00a0 Por Mean Gene, 18 de setembro de 2013<\/em><\/div>\n<div><\/div>\n<div class=\"a-row review-data\"><\/div>\n<div class=\"a-row review-data\"><strong><span class=\"a-size-base review-text\" data-hook=\"review-body\"><img loading=\"lazy\" class=\"size-full wp-image-2700 alignnone\" src=\"http:\/\/genewei.com\/br\/wp-content\/uploads\/2016\/08\/stars-70-5.jpg\" alt=\"\" width=\"70\" height=\"13\" \/><\/span><span class=\"a-size-base review-text\" data-hook=\"review-body\">\u00a0<\/span>Super<br \/>\n<\/strong><em>Isso \u00e9 muito usado no Jap\u00e3o. Eu dou o benef\u00edcio da d\u00favida e meu marido aceita isso com a esperan\u00e7a de que isso ajude. Por Anne C, 17 de maio de 2013<\/em><\/div>\n<div><\/div>\n<div class=\"a-row review-data\"><\/div>\n<div class=\"a-row review-data\"><strong><img loading=\"lazy\" class=\"alignnone size-full wp-image-2702\" src=\"http:\/\/genewei.com\/br\/wp-content\/uploads\/2016\/08\/stars-70-4.jpg\" alt=\"\" width=\"70\" height=\"13\" \/>\u00a0At\u00e9 agora, bom<br \/>\n<\/strong><em>Venho tomando 2 por dia por cerca de um m\u00eas e realmente percebi um grande efeito, mas estou tentando apenas como um suplemento imune. Eu n\u00e3o estou doente. Eu achei que ajudou com a minha febre do feno, na verdade, desapareceu completamente e eu percebi grande momento na primavera, essa foi uma agrad\u00e1vel surpresa. Por Kenneth M, 7 de maio de 2013<\/em><\/div>\n<div><\/div>\n<div class=\"a-row review-data\"><\/div>\n<div class=\"a-row review-data\"><strong><span class=\"a-size-base review-text\" data-hook=\"review-body\"><img loading=\"lazy\" class=\"size-full wp-image-2700 alignnone\" src=\"http:\/\/genewei.com\/br\/wp-content\/uploads\/2016\/08\/stars-70-5.jpg\" alt=\"\" width=\"70\" height=\"13\" \/><\/span><span class=\"a-size-base review-text\" data-hook=\"review-body\">\u00a0<\/span>Tentando<br \/>\n<\/strong><em>Coment\u00e1rios favor\u00e1veis e pesquisas pessoais me levaram a este produto. Tomar isso \u00e9 muito mais f\u00e1cil do que comer cogumelos diariamente. Dito isto, n\u00e3o sei se o processamento destr\u00f3i os benef\u00edcios. E se for afortunado, nunca terei que descobrir o caminho mais dif\u00edcil, ficando doente. Por DB, 19 de junho de 2014<\/em><\/div>\n<div><\/div>\n<div class=\"a-row review-data\"><\/div>\n<div class=\"a-row review-data\"><strong><span class=\"a-size-base review-text\" data-hook=\"review-body\"><img loading=\"lazy\" class=\"size-full wp-image-2700 alignnone\" src=\"http:\/\/genewei.com\/br\/wp-content\/uploads\/2016\/08\/stars-70-5.jpg\" alt=\"\" width=\"70\" height=\"13\" \/><\/span><span class=\"a-size-base review-text\" data-hook=\"review-body\">\u00a0<\/span>Funciona!<br \/>\n<\/strong><em>Estou sempre procurando maneiras de melhorar minha sa\u00fade e sistema imunol\u00f3gico. Eu comprei isso para minha filha, que regularmente recebe bronquite, pneumonia, resfriados e est\u00e1 constantemente cansada. Desde que ela come\u00e7ou a tomar Turkey Tail h\u00e1 dois meses, ela n\u00e3o teve um epis\u00f3dio de problemas respirat\u00f3rios. Por Yolanda R, 5 de abril de 2013<\/em><\/div>\n<\/div>\n<!-- AddThis Advanced Settings generic via filter on the_content --><!-- AddThis Share Buttons generic via filter on the_content -->","protected":false},"excerpt":{"rendered":"<p>Apoio imunol\u00f3gico.\u00a0Uma das formas mais poderosas e comprovadas a\u00a0aumentar a atividade das c\u00e9lulas assassinas naturais do seu corpo (c\u00e9lulas NK). Estas s\u00e3o respons\u00e1veis pelo <strong>reconhecimento e ataque do cancer no corpo. <\/strong>Um produto\u00a0 certificado 100% org\u00e2nico.<!-- AddThis Advanced Settings generic via filter on wp_trim_excerpt --><!-- AddThis Share Buttons generic via filter on wp_trim_excerpt --><\/p>\n","protected":false},"featured_media":1167,"template":"","meta":{"sfsi_plus_gutenberg_text_before_share":"","sfsi_plus_gutenberg_show_text_before_share":"","sfsi_plus_gutenberg_icon_type":"","sfsi_plus_gutenberg_icon_alignemt":"","sfsi_plus_gutenburg_max_per_row":"","_genesis_hide_title":false,"_genesis_hide_breadcrumbs":false,"_genesis_hide_singular_image":false,"_genesis_hide_footer_widgets":false,"_genesis_custom_body_class":"","_genesis_custom_post_class":"","_genesis_layout":""},"_links":{"self":[{"href":"http:\/\/genewei.com\/br\/wp-json\/wp\/v2\/product\/1166"}],"collection":[{"href":"http:\/\/genewei.com\/br\/wp-json\/wp\/v2\/product"}],"about":[{"href":"http:\/\/genewei.com\/br\/wp-json\/wp\/v2\/types\/product"}],"wp:featuredmedia":[{"embeddable":true,"href":"http:\/\/genewei.com\/br\/wp-json\/wp\/v2\/media\/1167"}],"wp:attachment":[{"href":"http:\/\/genewei.com\/br\/wp-json\/wp\/v2\/media?parent=1166"}],"curies":[{"name":"wp","href":"https:\/\/api.w.org\/{rel}","templated":true}]}}