{"id":1196,"date":"2016-08-15T16:57:03","date_gmt":"2016-08-15T19:57:03","guid":{"rendered":"http:\/\/genewei.com\/br\/?post_type=product&#038;p=1196"},"modified":"2018-02-24T13:07:10","modified_gmt":"2018-02-24T16:07:10","slug":"cocoawell","status":"publish","type":"product","link":"http:\/\/genewei.com\/br\/produto\/cocoawell\/","title":{"rendered":"Cocoawell (60 vcaps)"},"content":{"rendered":"\n<!-- Facebook Like Button Vivacity Infotech BEGIN -->\n<div class=\"fb-like\" data-href=\"http:\/\/genewei.com\/br\/produto\/cocoawell\/\" data-layout=\"standard\" data-action=\"like\" data-show-faces=\"true\" data-size=\"small\" data-width=\"550\" data-share=\"1\" ><\/div>\n<!-- Facebook Like Button Vivacity Infotech END -->\n<p><strong>Cocoa Science\u2122:\u00a0<\/strong>Fa\u00e7a parte de cacau de sua dieta di\u00e1ria, sem o a\u00e7\u00facar e calorias associadas com chocolate escuro. Nutrir com este cacau de todo o alimento org\u00e2nico com planta Pure flavanol Complex (PPF Complex\u00ae), com flavanols que fornecem antioxidantes da natureza para ajudar a apoiar o bem-estar de todo o corpo.*<\/p>\n<p><strong>N\u00e3o cont\u00e9m:<\/strong>\u00a0Milho, soja, trigo, fermento, lactose, citrinos, leite, ovos ou produtos de peixe, a\u00e7\u00facar, sal, amido, corantes artificiais, aromatizantes ou conservantes. Sem gl\u00faten.<\/p>\n<hr \/>\n<p><strong>Instru\u00e7\u00f5es:<\/strong> Tome 2\u00a0c\u00e1psulas por dia com o est\u00f4mago cheio, antes do meio-dia ou como recomendado pelo seu profissional de sa\u00fade. Melhor conservem bem em um lugar fresco e seco.<\/p>\n<p><strong>Fatos suplementares<\/strong><br \/>\nPor\u00e7\u00e3o de 2 c\u00e1psulas<br \/>\nQuantidade por por\u00e7\u00e3o<br \/>\n<strong>CocoaWell\u00ae P\u00f3 de cacau org\u00e2nico<\/strong>\u00a0&#8230; 700 mg<br \/>\n<em>(Feij\u00e3o de Theobroma cacao)<\/em><br \/>\n<strong>Complexo Flavanol Vegetal Puro (PPF Complexo\u00ae<\/strong>) &#8230; 800 mg<br \/>\n<em>Extrato de ch\u00e1 verde (folhas de Camellia sinensis), Acacia catechu extrato cerne (fornecendo um m\u00ednimo de 450 mg de flavanols totais)<\/em><br \/>\n<strong>EGCG<\/strong> &#8230; 270 mg<br \/>\n<strong>Catequina<\/strong> &#8230; 150 mg<br \/>\n<strong>Epicatequina<\/strong> &#8230; 30 mg<br \/>\nOutros ingredientes: c\u00e1psula vegetal (celulose vegetal), farelo de arroz, s\u00edlica.<\/p>\n<hr \/>\n<p><strong>AVISO:<\/strong> MANTENHA FORA DO ALCANCE DE CRIAN\u00c7AS. N\u00c3O USE se\u00a0selo exterior esteja quebrado ou faltando. Como com qualquer suplemento diet\u00e9tico, consulte o seu m\u00e9dico antes de usar este produto, especialmente se voc\u00ea estiver gr\u00e1vida, amamentando, t\u00eam condi\u00e7\u00f5es m\u00e9dicos existentes ou est\u00e3o a tomar medicamentos de prescri\u00e7\u00e3o.<\/p>\n<p><strong>ATEN\u00c7\u00c3O:<\/strong> PRODUTOS DE CACAU s\u00e3o perigosos aos animais de estima\u00e7\u00e3o.<\/p>\n<p><em>*Estas declara\u00e7\u00f5es n\u00e3o foram avaliadas pela Administra\u00e7\u00e3o de Alimentos e Drogas dos EUA. Este produto n\u00e3o se destina a diagnosticar, tratar, curar ou prevenir qualquer doen\u00e7a.<\/em><\/p>\n<!-- AddThis Advanced Settings generic via filter on the_content --><!-- AddThis Share Buttons generic via filter on the_content -->","protected":false},"excerpt":{"rendered":"<p>Cocoa Science\u2122:\u00a0Fa\u00e7a parte de cacau de sua dieta di\u00e1ria, sem o a\u00e7\u00facar e calorias associadas com chocolate escuro. Nutrir com este cacau de todo o alimento org\u00e2nico com planta Pure flavanol Complex (PPF Complex\u00ae), com flavanols que fornecem antioxidantes da natureza para ajudar a apoiar o bem-estar de todo o corpo.* N\u00e3o cont\u00e9m:\u00a0Milho, soja, trigo,<a class=\"moretag\" href=\"http:\/\/genewei.com\/br\/produto\/cocoawell\/\"> [&#8230;] <\/a><!-- AddThis Advanced Settings generic via filter on wp_trim_excerpt --><!-- AddThis Share Buttons generic via filter on wp_trim_excerpt --><\/p>\n","protected":false},"featured_media":1197,"template":"","meta":{"sfsi_plus_gutenberg_text_before_share":"","sfsi_plus_gutenberg_show_text_before_share":"","sfsi_plus_gutenberg_icon_type":"","sfsi_plus_gutenberg_icon_alignemt":"","sfsi_plus_gutenburg_max_per_row":"","_genesis_hide_title":false,"_genesis_hide_breadcrumbs":false,"_genesis_hide_singular_image":false,"_genesis_hide_footer_widgets":false,"_genesis_custom_body_class":"","_genesis_custom_post_class":"","_genesis_layout":""},"_links":{"self":[{"href":"http:\/\/genewei.com\/br\/wp-json\/wp\/v2\/product\/1196"}],"collection":[{"href":"http:\/\/genewei.com\/br\/wp-json\/wp\/v2\/product"}],"about":[{"href":"http:\/\/genewei.com\/br\/wp-json\/wp\/v2\/types\/product"}],"wp:featuredmedia":[{"embeddable":true,"href":"http:\/\/genewei.com\/br\/wp-json\/wp\/v2\/media\/1197"}],"wp:attachment":[{"href":"http:\/\/genewei.com\/br\/wp-json\/wp\/v2\/media?parent=1196"}],"curies":[{"name":"wp","href":"https:\/\/api.w.org\/{rel}","templated":true}]}}