{"id":1208,"date":"2016-08-15T17:56:20","date_gmt":"2016-08-15T20:56:20","guid":{"rendered":"http:\/\/genewei.com\/br\/?post_type=product&#038;p=1208"},"modified":"2018-02-24T13:10:47","modified_gmt":"2018-02-24T16:10:47","slug":"tongkat-ali","status":"publish","type":"product","link":"http:\/\/genewei.com\/br\/produto\/tongkat-ali\/","title":{"rendered":"Tongkat Ali (30 tabs)"},"content":{"rendered":"\n<!-- Facebook Like Button Vivacity Infotech BEGIN -->\n<div class=\"fb-like\" data-href=\"http:\/\/genewei.com\/br\/produto\/tongkat-ali\/\" data-layout=\"standard\" data-action=\"like\" data-show-faces=\"true\" data-size=\"small\" data-width=\"550\" data-share=\"1\" ><\/div>\n<!-- Facebook Like Button Vivacity Infotech END -->\n<p><strong>Tongkat Ali,<\/strong> tamb\u00e9m conhecido como Long Jack, foi mostrado para apoiar o equil\u00edbrio hormonal masculino\u00a0(incluindo a disponibilidade de testosterona), libido e desempenho, de acordo com estudos em animais. Tongkat Ali \u00e9 um botantical do Sudeste Asi\u00e1tico tradicionalmente usado para aumentar os n\u00edveis de energia, durabilidade e resist\u00eancia, e para reduzir a fadiga mental ocasional.*<\/p>\n<p><strong>Sugest\u00e3o de uso:<\/strong> 1 comprimido duas vezes ao dia com as refei\u00e7\u00f5es. Efic\u00e1cia m\u00e1xima deve ser sentida dentro de 1-3 semanas de consumo cont\u00ednuo e ininterrupto.<\/p>\n<p><strong>Fatos suplementares<\/strong><br \/>\n<strong>Por\u00e7\u00e3o:<\/strong>\u00a02 comprimidos<br \/>\n<strong>Quantidade por por\u00e7\u00e3o<\/strong><br \/>\n<strong>Extrato eurycoma longifoli (Tongkat Ali LJ100\u2122)<\/strong> &#8230; 80 mg<br \/>\n<strong>Outros Ingredientes:<\/strong> celulose microcristalina, \u00e1cido este\u00e1rico, goma de celulose modificada, e s\u00edlica.<\/p>\n<hr \/>\n<p>N\u00e3o use se o selo inviol\u00e1vel est\u00e1 quebrado ou faltando. Manter fora do alcance das crian\u00e7as.<\/p>\n<p><strong>Aviso:<\/strong> Este produto \u00e9 destinado para uso apenas de homens adultos. N\u00e3o use se voc\u00ea estiver gr\u00e1vida, pode ficar gr\u00e1vida, ou amamentando. Se estiver tomando\u00a0quaisquer medicamentos de prescri\u00e7\u00e3o, estiver tomando qualquer tipo de suplementos de modula\u00e7\u00e3o de\u00a0horm\u00f4nio, como ester\u00f3ides anabolizantes ou terapia de reposi\u00e7\u00e3o hormonal ou ter qualquer tipo de doen\u00e7as ou condi\u00e7\u00f5es, tais como o cancer da mama ou da pr\u00f3stata, hipertrofia prost\u00e1tica benigna, ou doen\u00e7as da tire\u00f3ide, consulte o seu profissional de sa\u00fade antes de usar este produto.<\/p>\n<p><em>*Estas declara\u00e7\u00f5es n\u00e3o foram avaliadas pela Administra\u00e7\u00e3o de Alimentos e Drogas dos EUA. Este produto n\u00e3o se destina a diagnosticar, tratar, curar ou prevenir qualquer doen\u00e7a.<\/em><\/p>\n<!-- AddThis Advanced Settings generic via filter on the_content --><!-- AddThis Share Buttons generic via filter on the_content -->","protected":false},"excerpt":{"rendered":"<p>Tongkat Ali, tamb\u00e9m conhecido como Long Jack, foi mostrado para apoiar o equil\u00edbrio hormonal masculino\u00a0(incluindo a disponibilidade de testosterona), libido e desempenho, de acordo com estudos em animais. Tongkat Ali \u00e9 um botantical do Sudeste Asi\u00e1tico tradicionalmente usado para aumentar os n\u00edveis de energia, durabilidade e resist\u00eancia, e para reduzir a fadiga mental ocasional.* Sugest\u00e3o<a class=\"moretag\" href=\"http:\/\/genewei.com\/br\/produto\/tongkat-ali\/\"> [&#8230;] <\/a><!-- AddThis Advanced Settings generic via filter on wp_trim_excerpt --><!-- AddThis Share Buttons generic via filter on wp_trim_excerpt --><\/p>\n","protected":false},"featured_media":1209,"template":"","meta":{"sfsi_plus_gutenberg_text_before_share":"","sfsi_plus_gutenberg_show_text_before_share":"","sfsi_plus_gutenberg_icon_type":"","sfsi_plus_gutenberg_icon_alignemt":"","sfsi_plus_gutenburg_max_per_row":"","_genesis_hide_title":false,"_genesis_hide_breadcrumbs":false,"_genesis_hide_singular_image":false,"_genesis_hide_footer_widgets":false,"_genesis_custom_body_class":"","_genesis_custom_post_class":"","_genesis_layout":""},"_links":{"self":[{"href":"http:\/\/genewei.com\/br\/wp-json\/wp\/v2\/product\/1208"}],"collection":[{"href":"http:\/\/genewei.com\/br\/wp-json\/wp\/v2\/product"}],"about":[{"href":"http:\/\/genewei.com\/br\/wp-json\/wp\/v2\/types\/product"}],"wp:featuredmedia":[{"embeddable":true,"href":"http:\/\/genewei.com\/br\/wp-json\/wp\/v2\/media\/1209"}],"wp:attachment":[{"href":"http:\/\/genewei.com\/br\/wp-json\/wp\/v2\/media?parent=1208"}],"curies":[{"name":"wp","href":"https:\/\/api.w.org\/{rel}","templated":true}]}}