{"id":1287,"date":"2016-08-18T18:49:52","date_gmt":"2016-08-18T21:49:52","guid":{"rendered":"http:\/\/genewei.com\/br\/?post_type=product&#038;p=1287"},"modified":"2018-01-09T18:11:05","modified_gmt":"2018-01-09T20:11:05","slug":"apoio-individual-personalizado-via-email","status":"publish","type":"product","link":"http:\/\/genewei.com\/br\/produto\/apoio-individual-personalizado-via-email\/","title":{"rendered":"Apoio Individual Personalizado (via email)"},"content":{"rendered":"\n<!-- Facebook Like Button Vivacity Infotech BEGIN -->\n<div class=\"fb-like\" data-href=\"http:\/\/genewei.com\/br\/produto\/apoio-individual-personalizado-via-email\/\" data-layout=\"standard\" data-action=\"like\" data-show-faces=\"true\" data-size=\"small\" data-width=\"550\" data-share=\"1\" ><\/div>\n<!-- Facebook Like Button Vivacity Infotech END -->\n<p><strong>Como funciona?<\/strong> Iremos ajud\u00e1-lo a escolher os suplementos mais eficazes para o seu caso,\u00a0criando um protocolo personalizado para o seu estado de sa\u00fade.<\/p>\n<ul>\n<li><strong>Evite comprar<\/strong> suplementos talvez n\u00e3o necess\u00e1rios para o seu estado de sa\u00fade.<\/li>\n<li>Focalize apenas nas terapias <strong>mais potentes<\/strong> para o seu caso.<\/li>\n<li><strong>Personalize<\/strong> a sua dieta para que seja t\u00e3o poderosa quanto poss\u00edvel.<\/li>\n<\/ul>\n<p>Basta adicionar a consulta ao seu carrinho de compras abaixo e retornaremos com uma\u00a0<em><strong>Avalia\u00e7\u00e3o de Sa\u00fade<\/strong><\/em>\u00a0para ser respondida via email.<\/p>\n<hr \/>\n<p><strong>J\u00e1\u00a0cliente?<\/strong><\/p>\n<p align=\"left\">Para pacientes que j\u00e1 adquiriram a consulta inicial:<\/p>\n<ul>\n<li><strong>Atualize<\/strong>\u00a0ou modifique seu protocolo atual.<\/li>\n<li><strong>Receba recomenda\u00e7\u00f5es<\/strong>\u00a0suplementares adicionais ou\u00a0diet\u00e9ticas.<\/li>\n<li>Ou deixe-nos saber qualquer <strong>d\u00favida<\/strong> espec\u00edfica\u00a0baseada\u00a0no estado de sa\u00fade atual do paciente.<\/li>\n<\/ul>\n<p align=\"left\">Iremos contat\u00e1-lo via e-mail. Orienta\u00e7\u00f5es detalhadas s\u00e3o traduzidas do\u00a0Ingl\u00eas\u00a0e enviadas em Portugu\u00eas via email dentro de 48 horas.<\/p>\n<!-- AddThis Advanced Settings generic via filter on the_content --><!-- AddThis Share Buttons generic via filter on the_content -->","protected":false},"excerpt":{"rendered":"<p>Oferecendo um desconto por tempo limitado <strong>em 2018\u00a0<\/strong>com o lan\u00e7amento dos v\u00eddeos online:\u00a0<strong><a href=\"https:\/\/www.youtube.com\/c\/Ci%C3%AAnciaeSa%C3%BAdeNatural\">youtube.com\/c\/CienciaeSaudeNatural<\/a><\/strong><\/p>\n<p><strong>Consultas via email:<\/strong> Receba apoio personalizado com o Dr. Gene.<\/p>\n<p>&nbsp;<!-- AddThis Advanced Settings generic via filter on wp_trim_excerpt --><!-- AddThis Share Buttons generic via filter on wp_trim_excerpt --><\/p>\n","protected":false},"featured_media":1288,"template":"","meta":{"sfsi_plus_gutenberg_text_before_share":"","sfsi_plus_gutenberg_show_text_before_share":"","sfsi_plus_gutenberg_icon_type":"","sfsi_plus_gutenberg_icon_alignemt":"","sfsi_plus_gutenburg_max_per_row":"","_genesis_hide_title":false,"_genesis_hide_breadcrumbs":false,"_genesis_hide_singular_image":false,"_genesis_hide_footer_widgets":false,"_genesis_custom_body_class":"","_genesis_custom_post_class":"","_genesis_layout":""},"_links":{"self":[{"href":"http:\/\/genewei.com\/br\/wp-json\/wp\/v2\/product\/1287"}],"collection":[{"href":"http:\/\/genewei.com\/br\/wp-json\/wp\/v2\/product"}],"about":[{"href":"http:\/\/genewei.com\/br\/wp-json\/wp\/v2\/types\/product"}],"wp:featuredmedia":[{"embeddable":true,"href":"http:\/\/genewei.com\/br\/wp-json\/wp\/v2\/media\/1288"}],"wp:attachment":[{"href":"http:\/\/genewei.com\/br\/wp-json\/wp\/v2\/media?parent=1287"}],"curies":[{"name":"wp","href":"https:\/\/api.w.org\/{rel}","templated":true}]}}