{"id":1333,"date":"2016-08-23T17:10:19","date_gmt":"2016-08-23T20:10:19","guid":{"rendered":"http:\/\/genewei.com\/br\/?post_type=product&#038;p=1333"},"modified":"2018-02-24T12:54:25","modified_gmt":"2018-02-24T15:54:25","slug":"gel-acnutrol","status":"publish","type":"product","link":"http:\/\/genewei.com\/br\/produto\/gel-acnutrol\/","title":{"rendered":"Gel Acnutrol: Gel de Apoio a Pele (85 g)"},"content":{"rendered":"\n<!-- Facebook Like Button Vivacity Infotech BEGIN -->\n<div class=\"fb-like\" data-href=\"http:\/\/genewei.com\/br\/produto\/gel-acnutrol\/\" data-layout=\"standard\" data-action=\"like\" data-show-faces=\"true\" data-size=\"small\" data-width=\"550\" data-share=\"1\" ><\/div>\n<!-- Facebook Like Button Vivacity Infotech END -->\n<p><strong>Gel t\u00f3pico Acnutrol\u2122<\/strong> \u00e9 uma mistura de ingredientes desenhados para ajudar quebras da\u00a0pele e acne no rosto ou outras superf\u00edcies de pele. Ele funciona atrav\u00e9s da segmenta\u00e7\u00e3o dos dois maiores fatores que contribuem para a acne, as bact\u00e9rias e a resposta inflamat\u00f3ria. Enquanto muitos cremes t\u00f3picos de suporte da pele, pomadas,\u00a0e\u00a0g\u00e9is muitas vezes causam irrita\u00e7\u00e3o da pele e secura, <strong>Gel\u00a0Acnutrol\u2122 <\/strong>\u00e9 um produto eficaz e seguro, sem quaisquer efeitos colaterais indesejados.<\/p>\n<p><strong>Gel\u00a0Acnutrol\u2122 pode apoiar:<\/strong><\/p>\n<ul>\n<li>Doen\u00e7as da pele e acne agudas<\/li>\n<li>Acne ao longo da linha da mand\u00edbula, que muitas mulheres experimentam direito antes de seu ciclo menstrual<\/li>\n<li>Condi\u00e7\u00f5es cr\u00f4nicas da pele relacionadas com infec\u00e7\u00f5es t\u00f3picas, incluindo verrugas virais, como molusco contagioso<\/li>\n<\/ul>\n<hr \/>\n<p><strong>Como aplicar:<\/strong> Limpe a pele completamente antes de cada utiliza\u00e7\u00e3o. Aplicar topicamente no primeiro sinal de uma fuga de 1 a 3 vezes por dia, ou conforme indicado pelo seu m\u00e9dico de cuidados de sa\u00fade.<\/p>\n<p>\u00c1gua, prata (como Silvercillin \u2122), poliacrilato crospol\u00edmero-6,\u00a0tocophersolan, sulfato de zinco, \u00e1cido desidroac\u00e9tico, \u00e1lcool benz\u00edlico, hidrolisado extrato Psoralea corylifolia (Bakutrol\u2122), goma de xantano.<\/p>\n<hr \/>\n<p>Proteger do calor, luz e humidade. MANTENHA FORA DO ALCANCE DE CRIAN\u00c7AS.<\/p>\n<p><strong>Nota: Para aqueles com pele sens\u00edvel, sugere-se a fazer um pequeno teste de remendado antes de usar<\/strong><\/p>\n<p><em>Bakutrol \u2122 \u00e9 uma marca comercial da Unigen, Inc.<\/em><\/p>\n<p><em>*Estas declara\u00e7\u00f5es n\u00e3o foram avaliadas pela Administra\u00e7\u00e3o de Alimentos e Drogas dos EUA. Este produto n\u00e3o se destina a diagnosticar, tratar, curar ou prevenir qualquer doen\u00e7a.<\/em><\/p>\n<!-- AddThis Advanced Settings generic via filter on the_content --><!-- AddThis Share Buttons generic via filter on the_content -->","protected":false},"excerpt":{"rendered":"<p>Gel t\u00f3pico Acnutrol\u2122 \u00e9 uma mistura de ingredientes desenhados para ajudar quebras da\u00a0pele e acne no rosto ou outras superf\u00edcies de pele. Ele funciona atrav\u00e9s da segmenta\u00e7\u00e3o dos dois maiores fatores que contribuem para a acne, as bact\u00e9rias e a resposta inflamat\u00f3ria. Enquanto muitos cremes t\u00f3picos de suporte da pele, pomadas,\u00a0e\u00a0g\u00e9is muitas vezes causam irrita\u00e7\u00e3o<a class=\"moretag\" href=\"http:\/\/genewei.com\/br\/produto\/gel-acnutrol\/\"> [&#8230;] <\/a><!-- AddThis Advanced Settings generic via filter on wp_trim_excerpt --><!-- AddThis Share Buttons generic via filter on wp_trim_excerpt --><\/p>\n","protected":false},"featured_media":1334,"template":"","meta":{"sfsi_plus_gutenberg_text_before_share":"","sfsi_plus_gutenberg_show_text_before_share":"","sfsi_plus_gutenberg_icon_type":"","sfsi_plus_gutenberg_icon_alignemt":"","sfsi_plus_gutenburg_max_per_row":"","_genesis_hide_title":false,"_genesis_hide_breadcrumbs":false,"_genesis_hide_singular_image":false,"_genesis_hide_footer_widgets":false,"_genesis_custom_body_class":"","_genesis_custom_post_class":"","_genesis_layout":""},"_links":{"self":[{"href":"http:\/\/genewei.com\/br\/wp-json\/wp\/v2\/product\/1333"}],"collection":[{"href":"http:\/\/genewei.com\/br\/wp-json\/wp\/v2\/product"}],"about":[{"href":"http:\/\/genewei.com\/br\/wp-json\/wp\/v2\/types\/product"}],"wp:featuredmedia":[{"embeddable":true,"href":"http:\/\/genewei.com\/br\/wp-json\/wp\/v2\/media\/1334"}],"wp:attachment":[{"href":"http:\/\/genewei.com\/br\/wp-json\/wp\/v2\/media?parent=1333"}],"curies":[{"name":"wp","href":"https:\/\/api.w.org\/{rel}","templated":true}]}}