{"id":1337,"date":"2016-08-23T17:31:17","date_gmt":"2016-08-23T20:31:17","guid":{"rendered":"http:\/\/genewei.com\/br\/?post_type=product&#038;p=1337"},"modified":"2018-02-24T12:53:35","modified_gmt":"2018-02-24T15:53:35","slug":"lactoferrina-350-mg","status":"publish","type":"product","link":"http:\/\/genewei.com\/br\/produto\/lactoferrina-350-mg\/","title":{"rendered":"Lactoferrina 350 mg (120 vcaps)"},"content":{"rendered":"\n<!-- Facebook Like Button Vivacity Infotech BEGIN -->\n<div class=\"fb-like\" data-href=\"http:\/\/genewei.com\/br\/produto\/lactoferrina-350-mg\/\" data-layout=\"standard\" data-action=\"like\" data-show-faces=\"true\" data-size=\"small\" data-width=\"550\" data-share=\"1\" ><\/div>\n<!-- Facebook Like Button Vivacity Infotech END -->\n<p><strong>(Laktoferrin 350 mg)\u00a0<\/strong>Um pept\u00eddeo espec\u00edfico extra\u00eddo de colostro bovino (primeira leite da m\u00e3e) e que possue propriedades de liga\u00e7\u00e3o de ferro. A lactoferrina est\u00e1 envolvida em processos bioqu\u00edmicos em linf\u00f3citos e no metabolismo do ferro.<\/p>\n<hr \/>\n<div id=\"itemservings\"><strong>Dose por\u00a0recipiente:<\/strong> 40<\/div>\n<p><strong>Dosagem:<\/strong> Como um suplemento diet\u00e9tico, 1 a 3 c\u00e1psulas \u00e0 noite antes de dormir, ou como dirigido por um profissional de sa\u00fade.<\/p>\n<p><strong>Tamanho da dose:<\/strong> 3 C\u00e1psulas<\/p>\n<p><strong>Quantidade por por\u00e7\u00e3o:<\/strong><br \/>\n<strong>Lactoferrina<\/strong> &#8230; 1050 mg<br \/>\n<em>(leite)<\/em><\/p>\n<p>Outros ingredientes: hidroxipropilmetilcelulose, celulose microcristalina, L-leucina.<\/p>\n<hr \/>\n<p><strong>ATEN\u00c7\u00c3O:<\/strong> N\u00e3o use enquanto gr\u00e1vida ou amamentando. A lactoferrina pode ser contra-indicada por leucemia linfoc\u00edtica ou pancreatite. Indiv\u00edduos com doen\u00e7as auto-imunes ou al\u00e9rgicas devem come\u00e7ar com pequenas doses e consultar seu profissional de sa\u00fade.<\/p>\n<p>Esse nutriente \u00e9 da mais alta qualidade e pureza que pode\u00a0ser obtida, e n\u00e3o cont\u00e9m conservantes, diluentes ou aditivos artificiais.<\/p>\n<p>Mantenha em local fresco, seco e bem fechado.<\/p>\n<p><em>Esta declara\u00e7\u00e3o n\u00e3o foi avaliada pela Administra\u00e7\u00e3o de Alimentos e Drogas dos EUA. O produto n\u00e3o se destina a diagnosticar, tratar, curar ou prevenir qualquer doen\u00e7a.<\/em><\/p>\n<!-- AddThis Advanced Settings generic via filter on the_content --><!-- AddThis Share Buttons generic via filter on the_content -->","protected":false},"excerpt":{"rendered":"<p>(Laktoferrin 350 mg)\u00a0Um pept\u00eddeo espec\u00edfico extra\u00eddo de colostro bovino (primeira leite da m\u00e3e) e que possue propriedades de liga\u00e7\u00e3o de ferro. A lactoferrina est\u00e1 envolvida em processos bioqu\u00edmicos em linf\u00f3citos e no metabolismo do ferro. Dose por\u00a0recipiente: 40 Dosagem: Como um suplemento diet\u00e9tico, 1 a 3 c\u00e1psulas \u00e0 noite antes de dormir, ou como dirigido<a class=\"moretag\" href=\"http:\/\/genewei.com\/br\/produto\/lactoferrina-350-mg\/\"> [&#8230;] <\/a><!-- AddThis Advanced Settings generic via filter on wp_trim_excerpt --><!-- AddThis Share Buttons generic via filter on wp_trim_excerpt --><\/p>\n","protected":false},"featured_media":1338,"template":"","meta":{"sfsi_plus_gutenberg_text_before_share":"","sfsi_plus_gutenberg_show_text_before_share":"","sfsi_plus_gutenberg_icon_type":"","sfsi_plus_gutenberg_icon_alignemt":"","sfsi_plus_gutenburg_max_per_row":"","_genesis_hide_title":false,"_genesis_hide_breadcrumbs":false,"_genesis_hide_singular_image":false,"_genesis_hide_footer_widgets":false,"_genesis_custom_body_class":"","_genesis_custom_post_class":"","_genesis_layout":""},"_links":{"self":[{"href":"http:\/\/genewei.com\/br\/wp-json\/wp\/v2\/product\/1337"}],"collection":[{"href":"http:\/\/genewei.com\/br\/wp-json\/wp\/v2\/product"}],"about":[{"href":"http:\/\/genewei.com\/br\/wp-json\/wp\/v2\/types\/product"}],"wp:featuredmedia":[{"embeddable":true,"href":"http:\/\/genewei.com\/br\/wp-json\/wp\/v2\/media\/1338"}],"wp:attachment":[{"href":"http:\/\/genewei.com\/br\/wp-json\/wp\/v2\/media?parent=1337"}],"curies":[{"name":"wp","href":"https:\/\/api.w.org\/{rel}","templated":true}]}}