{"id":1344,"date":"2016-08-23T18:04:32","date_gmt":"2016-08-23T21:04:32","guid":{"rendered":"http:\/\/genewei.com\/br\/?post_type=product&#038;p=1344"},"modified":"2018-02-24T12:52:39","modified_gmt":"2018-02-24T15:52:39","slug":"aloe-vera-gels","status":"publish","type":"product","link":"http:\/\/genewei.com\/br\/produto\/aloe-vera-gels\/","title":{"rendered":"Aloe Vera Gels (100 softgels)"},"content":{"rendered":"\n<!-- Facebook Like Button Vivacity Infotech BEGIN -->\n<div class=\"fb-like\" data-href=\"http:\/\/genewei.com\/br\/produto\/aloe-vera-gels\/\" data-layout=\"standard\" data-action=\"like\" data-show-faces=\"true\" data-size=\"small\" data-width=\"550\" data-share=\"1\" ><\/div>\n<!-- Facebook Like Button Vivacity Infotech END -->\n<p><strong>Aloe Vera<\/strong> cont\u00e9m uma variedade de nutrientes, incluindo vitaminas, minerais, enzimas e amino\u00e1cidos. Em particular, Aloe Vera \u00e9 uma fonte de mucopolissacar\u00eddeos, tamb\u00e9m conhecida como glicosaminoglicanos (GAGs), que se pensa ser o seu componente ativo. Numerosos estudos cient\u00edficos t\u00eam demonstrado a capacidade de Aloe para apoiar o processo de cicatriza\u00e7\u00e3o. Al\u00e9m disso, Aloe Vera tem sido mostrado para estimular a fun\u00e7\u00e3o digestiva saud\u00e1vel.<\/p>\n<hr \/>\n<div id=\"itemservings\">\u00a0<strong>Dose por recipiente:<\/strong> 33<\/div>\n<p><strong>Dosagem:<\/strong> Como um suplemento diet\u00e9tico, tomar 3 c\u00e1psulas 2 a 3 vezes ao dia, com o est\u00f4mago vazio, ou conforme indicado pelo seu profissional de sa\u00fade.<\/p>\n<p><strong>Tamanho da dose:<\/strong> 3 c\u00e1psulas<\/p>\n<p><strong>Quantidade por por\u00e7\u00e3o<\/strong><br \/>\n<strong>Calorias<\/strong> &#8230; 20<br \/>\n<strong>Calorias de gordura<\/strong> &#8230; 15<br \/>\n<strong>Gordura total<\/strong>\u00a0&#8230;\u00a01,5 g<br \/>\n<strong>Prote\u00edna<\/strong> &#8230; &lt;1g<br \/>\n<strong>Extrato de Aloe Vera<\/strong> &#8230; 75mg<br \/>\n<em>(concentrado 200:1)<\/em><\/p>\n<p><strong>Outros ingredientes:<\/strong> farelo de arroz \u00f3leo, c\u00e1psula softgel (gelatina, glicerina, \u00e1gua), cera de abelha e s\u00edlica.<\/p>\n<hr \/>\n<p>N\u00e3o cont\u00e9m a\u00e7\u00facar, sal, fermento, trigo, gl\u00faten, milho, soja, leite, ovo, marisco ou conservantes. ** Equivalente a 1 colher de sopa de puro Aloe Vera Gel (15,000mg).<\/p>\n<p>Formulado por m\u00e9dicos e cientistas cl\u00ednicos exclusivamente para profissionais de sa\u00fade licenciados.<\/p>\n<p>Este frasco cont\u00e9m um pacote Ageless\u00ae\u00a0absorvente de oxig\u00e9nio para assegurar a sua frescura. N\u00e3o coma pacote.<\/p>\n<p>Armazenar em local fresco e seco. Recicle por favor.<\/p>\n<p><strong>CUIDADOS E INTERA\u00c7\u00d5ES:<\/strong>\u00a0Fechar a monitoriza\u00e7\u00e3o dos n\u00edveis de a\u00e7\u00facar no sangue \u00e9 recomendado para pacientes que recebem medicamentos para controlar a\u00a0diabetes.<\/p>\n<p><em>*Estas declara\u00e7\u00f5es n\u00e3o foram avaliadas pela Administra\u00e7\u00e3o de Alimentos e Drogas dos EUA. Este produto n\u00e3o se destina a diagnosticar, tratar, curar ou prevenir qualquer doen\u00e7a.<\/em><\/p>\n<!-- AddThis Advanced Settings generic via filter on the_content --><!-- AddThis Share Buttons generic via filter on the_content -->","protected":false},"excerpt":{"rendered":"<p>Aloe Vera cont\u00e9m uma variedade de nutrientes, incluindo vitaminas, minerais, enzimas e amino\u00e1cidos. Em particular, Aloe Vera \u00e9 uma fonte de mucopolissacar\u00eddeos, tamb\u00e9m conhecida como glicosaminoglicanos (GAGs), que se pensa ser o seu componente ativo. Numerosos estudos cient\u00edficos t\u00eam demonstrado a capacidade de Aloe para apoiar o processo de cicatriza\u00e7\u00e3o. Al\u00e9m disso, Aloe Vera tem<a class=\"moretag\" href=\"http:\/\/genewei.com\/br\/produto\/aloe-vera-gels\/\"> [&#8230;] <\/a><!-- AddThis Advanced Settings generic via filter on wp_trim_excerpt --><!-- AddThis Share Buttons generic via filter on wp_trim_excerpt --><\/p>\n","protected":false},"featured_media":1345,"template":"","meta":{"sfsi_plus_gutenberg_text_before_share":"","sfsi_plus_gutenberg_show_text_before_share":"","sfsi_plus_gutenberg_icon_type":"","sfsi_plus_gutenberg_icon_alignemt":"","sfsi_plus_gutenburg_max_per_row":"","_genesis_hide_title":false,"_genesis_hide_breadcrumbs":false,"_genesis_hide_singular_image":false,"_genesis_hide_footer_widgets":false,"_genesis_custom_body_class":"","_genesis_custom_post_class":"","_genesis_layout":""},"_links":{"self":[{"href":"http:\/\/genewei.com\/br\/wp-json\/wp\/v2\/product\/1344"}],"collection":[{"href":"http:\/\/genewei.com\/br\/wp-json\/wp\/v2\/product"}],"about":[{"href":"http:\/\/genewei.com\/br\/wp-json\/wp\/v2\/types\/product"}],"wp:featuredmedia":[{"embeddable":true,"href":"http:\/\/genewei.com\/br\/wp-json\/wp\/v2\/media\/1345"}],"wp:attachment":[{"href":"http:\/\/genewei.com\/br\/wp-json\/wp\/v2\/media?parent=1344"}],"curies":[{"name":"wp","href":"https:\/\/api.w.org\/{rel}","templated":true}]}}