{"id":1355,"date":"2016-08-23T19:53:56","date_gmt":"2016-08-23T22:53:56","guid":{"rendered":"http:\/\/genewei.com\/br\/?post_type=product&#038;p=1355"},"modified":"2018-02-24T12:50:52","modified_gmt":"2018-02-24T15:50:52","slug":"dmae-gel","status":"publish","type":"product","link":"http:\/\/genewei.com\/br\/produto\/dmae-gel\/","title":{"rendered":"DMAE Gel 3% (30 ml)"},"content":{"rendered":"\n<!-- Facebook Like Button Vivacity Infotech BEGIN -->\n<div class=\"fb-like\" data-href=\"http:\/\/genewei.com\/br\/produto\/dmae-gel\/\" data-layout=\"standard\" data-action=\"like\" data-show-faces=\"true\" data-size=\"small\" data-width=\"550\" data-share=\"1\" ><\/div>\n<!-- Facebook Like Button Vivacity Infotech END -->\n<p><strong>DMAE Gel 3% <\/strong>est\u00e1 dispon\u00edvel por <em>Intensive Nutrition\/Scientific Consulting.<\/em><\/p>\n<p><strong>Por que usar a f\u00f3rmula Anti-Envelhecimento\u00a0da\u00a0Intensive Nutrition?<\/strong><\/p>\n<p>Gel\u00a0Cristal DMAE (dimetilaminoetanol) \u00e9 uma formula\u00e7\u00e3o t\u00f3pica concebida para prevenir os sinais de envelhecimento da pele. DMAE \u00e9 uma vitamina B e precursor do neurotransmissor acetilcolina. Gel\u00a0Cristal da <em>Intensive Nutrition<\/em><strong>\u00a0<\/strong>\u00e9 formulado com DMAE como uma amina livre, a \u00fanica forma de DMAE que estabiliza as membranas celulares, reduz\u00a0inflama\u00e7\u00e3o e incha\u00e7o resultando na redu\u00e7\u00e3o de linhas finas, pele mais firme e melhor tom de pele. \u00c9 ideal para a pele sens\u00edvel, pois \u00e9 n\u00e3o-irritante, hipoalerg\u00eanica e n\u00e3o cont\u00e9m conservantes sint\u00e9ticos.<\/p>\n<p><em>Gel\u00a0Anti-Envelhecimento<\/em><br \/>\n<em>1 on\u00e7a \/ 30 ml<\/em><\/p>\n<p><em>DMAE vai dramaticamente ajudar a reduzir rugas e incha\u00e7o, levando a uma pele mais firme e mais jovem.<\/em><\/p>\n<p>Cont\u00e9m 3% de DMAE (dimetilaminoetanol) como <em>Amine<\/em>\u00a0livre em um gel de cristal<\/p>\n<p><strong>Hipoalerg\u00eanico<\/strong> &#8211; Livre de\u00a0\u00f3leo e parabenos<\/p>\n<hr \/>\n<p>Aplique uma pequena quantidade de gel de manh\u00e3 e de noite\u00a0sobre as \u00e1reas desejadas do rosto, pesco\u00e7o, dorso das m\u00e3os e cautelosamente sob e em torno dos olhos. Deixe\u00a0o\u00a0gel secar. Use DMAE\u00a0sozinho\u00a0ou sob hidratante desejado ou maquiagem.<\/p>\n<p><strong>\u00c1gua destilada, DMAE, Fragr\u00e2ncia Natural, Gel de Cristal<\/strong><\/p>\n<hr \/>\n<p>Somente para uso externo. Evitar o contato com os olhos. Se ocorrer contato, lavar abundantemente com \u00e1gua.<\/p>\n<!-- AddThis Advanced Settings generic via filter on the_content --><!-- AddThis Share Buttons generic via filter on the_content -->","protected":false},"excerpt":{"rendered":"<p>DMAE Gel 3% est\u00e1 dispon\u00edvel por Intensive Nutrition\/Scientific Consulting. Por que usar a f\u00f3rmula Anti-Envelhecimento\u00a0da\u00a0Intensive Nutrition? Gel\u00a0Cristal DMAE (dimetilaminoetanol) \u00e9 uma formula\u00e7\u00e3o t\u00f3pica concebida para prevenir os sinais de envelhecimento da pele. DMAE \u00e9 uma vitamina B e precursor do neurotransmissor acetilcolina. Gel\u00a0Cristal da Intensive Nutrition\u00a0\u00e9 formulado com DMAE como uma amina livre, a \u00fanica<a class=\"moretag\" href=\"http:\/\/genewei.com\/br\/produto\/dmae-gel\/\"> [&#8230;] <\/a><!-- AddThis Advanced Settings generic via filter on wp_trim_excerpt --><!-- AddThis Share Buttons generic via filter on wp_trim_excerpt --><\/p>\n","protected":false},"featured_media":1356,"template":"","meta":{"sfsi_plus_gutenberg_text_before_share":"","sfsi_plus_gutenberg_show_text_before_share":"","sfsi_plus_gutenberg_icon_type":"","sfsi_plus_gutenberg_icon_alignemt":"","sfsi_plus_gutenburg_max_per_row":"","_genesis_hide_title":false,"_genesis_hide_breadcrumbs":false,"_genesis_hide_singular_image":false,"_genesis_hide_footer_widgets":false,"_genesis_custom_body_class":"","_genesis_custom_post_class":"","_genesis_layout":""},"_links":{"self":[{"href":"http:\/\/genewei.com\/br\/wp-json\/wp\/v2\/product\/1355"}],"collection":[{"href":"http:\/\/genewei.com\/br\/wp-json\/wp\/v2\/product"}],"about":[{"href":"http:\/\/genewei.com\/br\/wp-json\/wp\/v2\/types\/product"}],"wp:featuredmedia":[{"embeddable":true,"href":"http:\/\/genewei.com\/br\/wp-json\/wp\/v2\/media\/1356"}],"wp:attachment":[{"href":"http:\/\/genewei.com\/br\/wp-json\/wp\/v2\/media?parent=1355"}],"curies":[{"name":"wp","href":"https:\/\/api.w.org\/{rel}","templated":true}]}}