{"id":1382,"date":"2016-08-24T18:01:34","date_gmt":"2016-08-24T21:01:34","guid":{"rendered":"http:\/\/genewei.com\/br\/?post_type=product&#038;p=1382"},"modified":"2018-02-24T12:50:09","modified_gmt":"2018-02-24T15:50:09","slug":"hepaticol-figado-sarcode","status":"publish","type":"product","link":"http:\/\/genewei.com\/br\/produto\/hepaticol-figado-sarcode\/","title":{"rendered":"Hepaticol (F\u00edgado) Sarcode (60 ml)"},"content":{"rendered":"\n<!-- Facebook Like Button Vivacity Infotech BEGIN -->\n<div class=\"fb-like\" data-href=\"http:\/\/genewei.com\/br\/produto\/hepaticol-figado-sarcode\/\" data-layout=\"standard\" data-action=\"like\" data-show-faces=\"true\" data-size=\"small\" data-width=\"550\" data-share=\"1\" ><\/div>\n<!-- Facebook Like Button Vivacity Infotech END -->\n<p><strong>Hepaticol (Liver) Sarcode (60 ml) |\u00a0Hepaticol (F\u00edgado) Sarcode (60 ml)<\/strong><\/p>\n<p><strong>*Oferece apoio\u00a0sarcode espec\u00edfico para o f\u00edgado.<\/strong><\/p>\n<p>Carduus Mariana 2X, Zingiber Officinalis 2X, Leptandra Virginica 3X, Berberis Vulgaris 4X, Chelidonium Majus 4X, Magn\u00e9sia Muriatica 4X, Natrum Muriaticum 5X, F\u00edgado 6X, Natrum Sulphuricum 6X, Atropinum Sulphuricum 6X, Bryonia 6X, Lycopodium Clavatum 12X.<\/p>\n<hr \/>\n<p><strong>O Hepaticol Sarcode\u00a0F\u00edgado L\u00edquido<\/strong> \u00e9 uma f\u00f3rmula homeop\u00e1tica para apoiar\u00a0a drenagem e a desintoxica\u00e7\u00e3o no f\u00edgado. Muitas vezes usamos isso como parte de um protocolo de pr\u00e9-desintoxica\u00e7\u00e3o, que \u00e9 recomendado para pessoas que s\u00e3o geralmente sens\u00edveis a suplementos e medicamentos. As pessoas que reagem negativamente ao protocolo completo de desintoxica\u00e7\u00e3o tamb\u00e9m se beneficiar\u00e3o de mudar para um protocolo de pr\u00e9-desintoxica\u00e7\u00e3o primeiro, antes de continuar com o protocolo de desintoxica\u00e7\u00e3o.<\/p>\n<!-- AddThis Advanced Settings generic via filter on the_content --><!-- AddThis Share Buttons generic via filter on the_content -->","protected":false},"excerpt":{"rendered":"<p>Hepaticol (Liver) Sarcode (60 ml) |\u00a0Hepaticol (F\u00edgado) Sarcode (60 ml) *Oferece apoio\u00a0sarcode espec\u00edfico para o f\u00edgado. Carduus Mariana 2X, Zingiber Officinalis 2X, Leptandra Virginica 3X, Berberis Vulgaris 4X, Chelidonium Majus 4X, Magn\u00e9sia Muriatica 4X, Natrum Muriaticum 5X, F\u00edgado 6X, Natrum Sulphuricum 6X, Atropinum Sulphuricum 6X, Bryonia 6X, Lycopodium Clavatum 12X. O Hepaticol Sarcode\u00a0F\u00edgado L\u00edquido \u00e9<a class=\"moretag\" href=\"http:\/\/genewei.com\/br\/produto\/hepaticol-figado-sarcode\/\"> [&#8230;] <\/a><!-- AddThis Advanced Settings generic via filter on wp_trim_excerpt --><!-- AddThis Share Buttons generic via filter on wp_trim_excerpt --><\/p>\n","protected":false},"featured_media":1383,"template":"","meta":{"sfsi_plus_gutenberg_text_before_share":"","sfsi_plus_gutenberg_show_text_before_share":"","sfsi_plus_gutenberg_icon_type":"","sfsi_plus_gutenberg_icon_alignemt":"","sfsi_plus_gutenburg_max_per_row":"","_genesis_hide_title":false,"_genesis_hide_breadcrumbs":false,"_genesis_hide_singular_image":false,"_genesis_hide_footer_widgets":false,"_genesis_custom_body_class":"","_genesis_custom_post_class":"","_genesis_layout":""},"_links":{"self":[{"href":"http:\/\/genewei.com\/br\/wp-json\/wp\/v2\/product\/1382"}],"collection":[{"href":"http:\/\/genewei.com\/br\/wp-json\/wp\/v2\/product"}],"about":[{"href":"http:\/\/genewei.com\/br\/wp-json\/wp\/v2\/types\/product"}],"wp:featuredmedia":[{"embeddable":true,"href":"http:\/\/genewei.com\/br\/wp-json\/wp\/v2\/media\/1383"}],"wp:attachment":[{"href":"http:\/\/genewei.com\/br\/wp-json\/wp\/v2\/media?parent=1382"}],"curies":[{"name":"wp","href":"https:\/\/api.w.org\/{rel}","templated":true}]}}