{"id":1384,"date":"2016-08-24T18:08:32","date_gmt":"2016-08-24T21:08:32","guid":{"rendered":"http:\/\/genewei.com\/br\/?post_type=product&#038;p=1384"},"modified":"2018-02-24T12:49:15","modified_gmt":"2018-02-24T15:49:15","slug":"imd-3x","status":"publish","type":"product","link":"http:\/\/genewei.com\/br\/produto\/imd-3x\/","title":{"rendered":"IMD 3X (60 ml)"},"content":{"rendered":"\n<!-- Facebook Like Button Vivacity Infotech BEGIN -->\n<div class=\"fb-like\" data-href=\"http:\/\/genewei.com\/br\/produto\/imd-3x\/\" data-layout=\"standard\" data-action=\"like\" data-show-faces=\"true\" data-size=\"small\" data-width=\"550\" data-share=\"1\" ><\/div>\n<!-- Facebook Like Button Vivacity Infotech END -->\n<p><strong>IMD 3X (60 ml)<\/strong><\/p>\n<p>*Esta \u00e9 uma prepara\u00e7\u00e3o homeop\u00e1tica do p\u00f3 IMD Limpeza Intestinal da <em>Quicksilver Scientific.<\/em> Desenvolvido especialmente para pacientes sens\u00edveis e crian\u00e7as. \u00datil para tomar antes de iniciar desintoxica\u00e7\u00e3o em p\u00f3 IMD.<\/p>\n<p><strong>P\u00f3 IMD em uma pot\u00eancia homeop\u00e1tica 3X<\/strong><\/p>\n<hr \/>\n<p><strong>IMD 3x<\/strong> \u00e9 uma formula\u00e7\u00e3o homeop\u00e1tica do <em>IMD Intestinal Cleanse<\/em> em p\u00f3. Muitas vezes usamos isso como parte de um protocolo de pr\u00e9-desintoxica\u00e7\u00e3o, que \u00e9 recomendado para pessoas que s\u00e3o geralmente sens\u00edveis a suplementos e medicamentos. As pessoas que reagem negativamente ao protocolo completo de desintoxica\u00e7\u00e3o tamb\u00e9m se beneficiar\u00e3o de mudar para um protocolo de pr\u00e9-desintoxica\u00e7\u00e3o primeiro, antes de continuar com o protocolo de desintoxica\u00e7\u00e3o.<\/p>\n<!-- AddThis Advanced Settings generic via filter on the_content --><!-- AddThis Share Buttons generic via filter on the_content -->","protected":false},"excerpt":{"rendered":"<p>IMD 3X (60 ml) *Esta \u00e9 uma prepara\u00e7\u00e3o homeop\u00e1tica do p\u00f3 IMD Limpeza Intestinal da Quicksilver Scientific. Desenvolvido especialmente para pacientes sens\u00edveis e crian\u00e7as. \u00datil para tomar antes de iniciar desintoxica\u00e7\u00e3o em p\u00f3 IMD. P\u00f3 IMD em uma pot\u00eancia homeop\u00e1tica 3X IMD 3x \u00e9 uma formula\u00e7\u00e3o homeop\u00e1tica do IMD Intestinal Cleanse em p\u00f3. Muitas vezes<a class=\"moretag\" href=\"http:\/\/genewei.com\/br\/produto\/imd-3x\/\"> [&#8230;] <\/a><!-- AddThis Advanced Settings generic via filter on wp_trim_excerpt --><!-- AddThis Share Buttons generic via filter on wp_trim_excerpt --><\/p>\n","protected":false},"featured_media":1385,"template":"","meta":{"sfsi_plus_gutenberg_text_before_share":"","sfsi_plus_gutenberg_show_text_before_share":"","sfsi_plus_gutenberg_icon_type":"","sfsi_plus_gutenberg_icon_alignemt":"","sfsi_plus_gutenburg_max_per_row":"","_genesis_hide_title":false,"_genesis_hide_breadcrumbs":false,"_genesis_hide_singular_image":false,"_genesis_hide_footer_widgets":false,"_genesis_custom_body_class":"","_genesis_custom_post_class":"","_genesis_layout":""},"_links":{"self":[{"href":"http:\/\/genewei.com\/br\/wp-json\/wp\/v2\/product\/1384"}],"collection":[{"href":"http:\/\/genewei.com\/br\/wp-json\/wp\/v2\/product"}],"about":[{"href":"http:\/\/genewei.com\/br\/wp-json\/wp\/v2\/types\/product"}],"wp:featuredmedia":[{"embeddable":true,"href":"http:\/\/genewei.com\/br\/wp-json\/wp\/v2\/media\/1385"}],"wp:attachment":[{"href":"http:\/\/genewei.com\/br\/wp-json\/wp\/v2\/media?parent=1384"}],"curies":[{"name":"wp","href":"https:\/\/api.w.org\/{rel}","templated":true}]}}