{"id":1386,"date":"2016-08-24T18:13:48","date_gmt":"2016-08-24T21:13:48","guid":{"rendered":"http:\/\/genewei.com\/br\/?post_type=product&#038;p=1386"},"modified":"2018-02-24T12:48:21","modified_gmt":"2018-02-24T15:48:21","slug":"linfa-liquido","status":"publish","type":"product","link":"http:\/\/genewei.com\/br\/produto\/linfa-liquido\/","title":{"rendered":"Linfa L\u00edquido (120 ml)"},"content":{"rendered":"\n<!-- Facebook Like Button Vivacity Infotech BEGIN -->\n<div class=\"fb-like\" data-href=\"http:\/\/genewei.com\/br\/produto\/linfa-liquido\/\" data-layout=\"standard\" data-action=\"like\" data-show-faces=\"true\" data-size=\"small\" data-width=\"550\" data-share=\"1\" ><\/div>\n<!-- Facebook Like Button Vivacity Infotech END -->\n<p><strong>Lymph Liquid (120 ml) |\u00a0Linfa L\u00edquido (120 ml)<\/strong><\/p>\n<p>*Oferece suporte do movimento fluido linf\u00e1tico, rigidez no pesco\u00e7o e dores de garganta com gl\u00e2ndulas endurecidas em pesco\u00e7o e regi\u00e3o da par\u00f3tida.<\/p>\n<p>Baryata Iodata 12X, Capsicum Frutescens 12X, linfa, Thymus 3X, 7X, Lapis Albus 6X, Scophularia Nosoda 1X mam\u00e1ria, 3X, 6X, Cistus Canadenis 3X.<\/p>\n<hr \/>\n<p><strong>L\u00edquido Linf\u00e1tico\u00a0<em>Lymph Liquid<\/em><\/strong> \u00e9 uma f\u00f3rmula homeop\u00e1tica para apoiar o movimento do fluido no sistema linf\u00e1tico. Muitas vezes usamos isso como parte de um protocolo de pr\u00e9-desintoxica\u00e7\u00e3o, que \u00e9 recomendado para pessoas que s\u00e3o geralmente sens\u00edveis a suplementos e medicamentos. As pessoas que reagem negativamente ao protocolo completo de desintoxica\u00e7\u00e3o tamb\u00e9m se beneficiar\u00e3o de mudar para um protocolo de pr\u00e9-desintoxica\u00e7\u00e3o primeiro, antes de continuar com o protocolo de desintoxica\u00e7\u00e3o.<\/p>\n<!-- AddThis Advanced Settings generic via filter on the_content --><!-- AddThis Share Buttons generic via filter on the_content -->","protected":false},"excerpt":{"rendered":"<p>Lymph Liquid (120 ml) |\u00a0Linfa L\u00edquido (120 ml) *Oferece suporte do movimento fluido linf\u00e1tico, rigidez no pesco\u00e7o e dores de garganta com gl\u00e2ndulas endurecidas em pesco\u00e7o e regi\u00e3o da par\u00f3tida. Baryata Iodata 12X, Capsicum Frutescens 12X, linfa, Thymus 3X, 7X, Lapis Albus 6X, Scophularia Nosoda 1X mam\u00e1ria, 3X, 6X, Cistus Canadenis 3X. L\u00edquido Linf\u00e1tico\u00a0Lymph Liquid<a class=\"moretag\" href=\"http:\/\/genewei.com\/br\/produto\/linfa-liquido\/\"> [&#8230;] <\/a><!-- AddThis Advanced Settings generic via filter on wp_trim_excerpt --><!-- AddThis Share Buttons generic via filter on wp_trim_excerpt --><\/p>\n","protected":false},"featured_media":1387,"template":"","meta":{"sfsi_plus_gutenberg_text_before_share":"","sfsi_plus_gutenberg_show_text_before_share":"","sfsi_plus_gutenberg_icon_type":"","sfsi_plus_gutenberg_icon_alignemt":"","sfsi_plus_gutenburg_max_per_row":"","_genesis_hide_title":false,"_genesis_hide_breadcrumbs":false,"_genesis_hide_singular_image":false,"_genesis_hide_footer_widgets":false,"_genesis_custom_body_class":"","_genesis_custom_post_class":"","_genesis_layout":""},"_links":{"self":[{"href":"http:\/\/genewei.com\/br\/wp-json\/wp\/v2\/product\/1386"}],"collection":[{"href":"http:\/\/genewei.com\/br\/wp-json\/wp\/v2\/product"}],"about":[{"href":"http:\/\/genewei.com\/br\/wp-json\/wp\/v2\/types\/product"}],"wp:featuredmedia":[{"embeddable":true,"href":"http:\/\/genewei.com\/br\/wp-json\/wp\/v2\/media\/1387"}],"wp:attachment":[{"href":"http:\/\/genewei.com\/br\/wp-json\/wp\/v2\/media?parent=1386"}],"curies":[{"name":"wp","href":"https:\/\/api.w.org\/{rel}","templated":true}]}}