{"id":1388,"date":"2016-08-24T18:18:37","date_gmt":"2016-08-24T21:18:37","guid":{"rendered":"http:\/\/genewei.com\/br\/?post_type=product&#038;p=1388"},"modified":"2018-02-24T12:47:28","modified_gmt":"2018-02-24T15:47:28","slug":"rim-liquido","status":"publish","type":"product","link":"http:\/\/genewei.com\/br\/produto\/rim-liquido\/","title":{"rendered":"Rim L\u00edquido (120 ml)"},"content":{"rendered":"\n<!-- Facebook Like Button Vivacity Infotech BEGIN -->\n<div class=\"fb-like\" data-href=\"http:\/\/genewei.com\/br\/produto\/rim-liquido\/\" data-layout=\"standard\" data-action=\"like\" data-show-faces=\"true\" data-size=\"small\" data-width=\"550\" data-share=\"1\" ><\/div>\n<!-- Facebook Like Button Vivacity Infotech END -->\n<p><strong>Kidney Liquid (120 ml) |\u00a0Rim L\u00edquido (120 ml)<\/strong><\/p>\n<p><strong>*Oferece suporte homeop\u00e1tico e drenagem em dist\u00farbios renais.<\/strong><\/p>\n<p>\u00c1cido benz\u00f3ico 4X, Berberis Vulgaris 3X, Juniperus Comminus 2X, Uva Ursi 2x, 3x, Kidney 3X, Bexiga 4X, Equisetum 3X, Solidago 1X, Taraxacum officinale 3X, Eupatorium purpureum 3X, Cantharis 12X, Nitricum Acidum 8X<\/p>\n<hr \/>\n<p><em>Kidney Liquid<\/em> \u00e9 uma f\u00f3rmula homeop\u00e1tica para apoiar a drenagem nos rins. Muitas vezes usamos isso como parte de um protocolo de pr\u00e9-desintoxica\u00e7\u00e3o, que \u00e9 recomendado para pessoas que s\u00e3o geralmente sens\u00edveis a suplementos e medicamentos.<\/p>\n<p>As pessoas que reagem negativamente ao protocolo de desintoxica\u00e7\u00e3o completo tamb\u00e9m se beneficiar\u00e3o de mudar para um protocolo de pr\u00e9-desintoxica\u00e7\u00e3o primeiro, antes de continuar com o protocolo de desintoxica\u00e7\u00e3o. <em>Kidney Liquid<\/em>\u00a0\u00e9 indicado especialmente quando os resultados de laborat\u00f3rio mostram uma taxa elevada da urina \u00e0 merc\u00fario no sangue, indicando a m\u00e1 fun\u00e7\u00e3o da desintoxica\u00e7\u00e3o nos t\u00fabulos proximais dos rins.<\/p>\n<!-- AddThis Advanced Settings generic via filter on the_content --><!-- AddThis Share Buttons generic via filter on the_content -->","protected":false},"excerpt":{"rendered":"<p>Kidney Liquid (120 ml) |\u00a0Rim L\u00edquido (120 ml) *Oferece suporte homeop\u00e1tico e drenagem em dist\u00farbios renais. \u00c1cido benz\u00f3ico 4X, Berberis Vulgaris 3X, Juniperus Comminus 2X, Uva Ursi 2x, 3x, Kidney 3X, Bexiga 4X, Equisetum 3X, Solidago 1X, Taraxacum officinale 3X, Eupatorium purpureum 3X, Cantharis 12X, Nitricum Acidum 8X Kidney Liquid \u00e9 uma f\u00f3rmula homeop\u00e1tica para<a class=\"moretag\" href=\"http:\/\/genewei.com\/br\/produto\/rim-liquido\/\"> [&#8230;] <\/a><!-- AddThis Advanced Settings generic via filter on wp_trim_excerpt --><!-- AddThis Share Buttons generic via filter on wp_trim_excerpt --><\/p>\n","protected":false},"featured_media":1389,"template":"","meta":{"sfsi_plus_gutenberg_text_before_share":"","sfsi_plus_gutenberg_show_text_before_share":"","sfsi_plus_gutenberg_icon_type":"","sfsi_plus_gutenberg_icon_alignemt":"","sfsi_plus_gutenburg_max_per_row":"","_genesis_hide_title":false,"_genesis_hide_breadcrumbs":false,"_genesis_hide_singular_image":false,"_genesis_hide_footer_widgets":false,"_genesis_custom_body_class":"","_genesis_custom_post_class":"","_genesis_layout":""},"_links":{"self":[{"href":"http:\/\/genewei.com\/br\/wp-json\/wp\/v2\/product\/1388"}],"collection":[{"href":"http:\/\/genewei.com\/br\/wp-json\/wp\/v2\/product"}],"about":[{"href":"http:\/\/genewei.com\/br\/wp-json\/wp\/v2\/types\/product"}],"wp:featuredmedia":[{"embeddable":true,"href":"http:\/\/genewei.com\/br\/wp-json\/wp\/v2\/media\/1389"}],"wp:attachment":[{"href":"http:\/\/genewei.com\/br\/wp-json\/wp\/v2\/media?parent=1388"}],"curies":[{"name":"wp","href":"https:\/\/api.w.org\/{rel}","templated":true}]}}