{"id":1408,"date":"2016-08-25T14:38:57","date_gmt":"2016-08-25T17:38:57","guid":{"rendered":"http:\/\/genewei.com\/br\/?post_type=product&#038;p=1408"},"modified":"2018-02-24T04:18:22","modified_gmt":"2018-02-24T07:18:22","slug":"phytob-l-4x","status":"publish","type":"product","link":"http:\/\/genewei.com\/br\/produto\/phytob-l-4x\/","title":{"rendered":"PhytoB-L 4X (10 ml) 300 gotas"},"content":{"rendered":"\n<!-- Facebook Like Button Vivacity Infotech BEGIN -->\n<div class=\"fb-like\" data-href=\"http:\/\/genewei.com\/br\/produto\/phytob-l-4x\/\" data-layout=\"standard\" data-action=\"like\" data-show-faces=\"true\" data-size=\"small\" data-width=\"550\" data-share=\"1\" ><\/div>\n<!-- Facebook Like Button Vivacity Infotech END -->\n<p><strong>Suplemento de\u00a0Progesterona e Estrog\u00eanio Bio-id\u00eantico L\u00cdQUIDO.<\/strong><\/p>\n<p>PhytoB-L 4x agora \u00e9 4x mais forte do que a f\u00f3rmula original PhytoB-L!<\/p>\n<p><strong>Principais Benef\u00edcios:<\/strong><\/p>\n<ul>\n<li>Agora, na forma l\u00edquida, para melhor absor\u00e7\u00e3o!<\/li>\n<li>Progesterona\/ estr\u00f3geno oral oferece controle de dose superior em compara\u00e7\u00e3o com o creme de progesterona\/ estr\u00f3geno.<\/li>\n<\/ul>\n<p><strong>Phyto-B-L<\/strong> por Bezwecken \u00e9 um suplemento de progesterona \u00e0 base de plantas \u00fanico que \u00e9 usado para ajudar a controlar os desequil\u00edbrios hormonais que v\u00eam na forma de ondas de calor, suores frios, secura vaginal, altera\u00e7\u00f5es de humor ou sangramento excessivo com a menstrua\u00e7\u00e3o.<\/p>\n<p>Bezwecken especificamente projetou este produto para fornecer suporte hormonal para todos os que est\u00e3o experimentando n\u00edveis reduzidos de estrog\u00eanio e progesterona. J\u00e1 que\u00a0<strong>Phyto-B-L<\/strong> \u00e9 um suplemento de ervas, \u00e9 considerado uma alternativa mais segura para medicamentos quimicamente derivados\u00a0de progesterona. Sua finalidade \u00e9 aumentar os n\u00edveis hormonais durante a luta contra os sintomas da menopausa. Cada gota de <strong>Phyto-B-L<\/strong> fornece uma dose padronizada de estr\u00f3genos derivados de plantas juntamente com progesterona para apoiar\u00a0um equil\u00edbrio hormonal desej\u00e1vel.<\/p>\n<hr class=\"outline\" \/>\n<p><b><\/b><strong>Ingredientes do PhytoB-L 4x:<\/strong> \u00f3leo de farelo de arroz, \u00f3leo de coco, progesterona USP; Estriol e vitamina E USP.<\/p>\n<ul>\n<li>Conte\u00fado Estriol:\u00a02 mg \u00a0por 10 gotas [1 gota = 0,2 mg]<\/li>\n<li>Conte\u00fado Progesterona: 40 mg por 10 gotas [1 gota = 4 mg]<\/li>\n<\/ul>\n<hr class=\"outline\" \/>\n<p><b><\/b><strong>Tamanho:<\/strong> 10 ml de frasco conta-gotas. Cada frasco de 10 ml cont\u00e9m ~ 300 gotas.<\/p>\n<p><span style=\"color: #800080;\">Por favor, note que quando Bezwecken pesquisou a nova formula\u00e7\u00e3o 4X eles queriam contabilizar espa\u00e7o para AGITAR o produto e para o espa\u00e7o para o conta-gotas se adequar. Assim, \u00e9 normal que a garrafa seja\u00a01\/3 a 1\/2 cheia. Cada frasco cont\u00e9m ~ 300 gotas.<\/span><\/p>\n<!-- AddThis Advanced Settings generic via filter on the_content --><!-- AddThis Share Buttons generic via filter on the_content -->","protected":false},"excerpt":{"rendered":"<p>Suplemento de\u00a0Progesterona e Estrog\u00eanio Bio-id\u00eantico L\u00cdQUIDO. PhytoB-L 4x agora \u00e9 4x mais forte do que a f\u00f3rmula original PhytoB-L! Principais Benef\u00edcios: Agora, na forma l\u00edquida, para melhor absor\u00e7\u00e3o! Progesterona\/ estr\u00f3geno oral oferece controle de dose superior em compara\u00e7\u00e3o com o creme de progesterona\/ estr\u00f3geno. Phyto-B-L por Bezwecken \u00e9 um suplemento de progesterona \u00e0 base de<a class=\"moretag\" href=\"http:\/\/genewei.com\/br\/produto\/phytob-l-4x\/\"> [&#8230;] <\/a><!-- AddThis Advanced Settings generic via filter on wp_trim_excerpt --><!-- AddThis Share Buttons generic via filter on wp_trim_excerpt --><\/p>\n","protected":false},"featured_media":1409,"template":"","meta":{"sfsi_plus_gutenberg_text_before_share":"","sfsi_plus_gutenberg_show_text_before_share":"","sfsi_plus_gutenberg_icon_type":"","sfsi_plus_gutenberg_icon_alignemt":"","sfsi_plus_gutenburg_max_per_row":"","_genesis_hide_title":false,"_genesis_hide_breadcrumbs":false,"_genesis_hide_singular_image":false,"_genesis_hide_footer_widgets":false,"_genesis_custom_body_class":"","_genesis_custom_post_class":"","_genesis_layout":""},"_links":{"self":[{"href":"http:\/\/genewei.com\/br\/wp-json\/wp\/v2\/product\/1408"}],"collection":[{"href":"http:\/\/genewei.com\/br\/wp-json\/wp\/v2\/product"}],"about":[{"href":"http:\/\/genewei.com\/br\/wp-json\/wp\/v2\/types\/product"}],"wp:featuredmedia":[{"embeddable":true,"href":"http:\/\/genewei.com\/br\/wp-json\/wp\/v2\/media\/1409"}],"wp:attachment":[{"href":"http:\/\/genewei.com\/br\/wp-json\/wp\/v2\/media?parent=1408"}],"curies":[{"name":"wp","href":"https:\/\/api.w.org\/{rel}","templated":true}]}}