{"id":1412,"date":"2016-08-25T14:58:00","date_gmt":"2016-08-25T17:58:00","guid":{"rendered":"http:\/\/genewei.com\/br\/?post_type=product&#038;p=1412"},"modified":"2018-02-24T04:19:03","modified_gmt":"2018-02-24T07:19:03","slug":"progonb-l-4x","status":"publish","type":"product","link":"http:\/\/genewei.com\/br\/produto\/progonb-l-4x\/","title":{"rendered":"ProgonB-L 4X (10ml) 300 gotas"},"content":{"rendered":"\n<!-- Facebook Like Button Vivacity Infotech BEGIN -->\n<div class=\"fb-like\" data-href=\"http:\/\/genewei.com\/br\/produto\/progonb-l-4x\/\" data-layout=\"standard\" data-action=\"like\" data-show-faces=\"true\" data-size=\"small\" data-width=\"550\" data-share=\"1\" ><\/div>\n<!-- Facebook Like Button Vivacity Infotech END -->\n<p><strong>Suplemento de Progesterona Bio-id\u00eantico L\u00cdQUIDO.<\/strong><\/p>\n<p><strong>MUDAN\u00c7A NA FORMULA!<\/strong> ProgonB-L 4x agora \u00e9 4x mais forte do que a\u00a0original ProgonB-L!<\/p>\n<p><strong>Principais Benef\u00edcios:<\/strong><\/p>\n<ul>\n<li>Progesterona l\u00edquido oferece um controle de dose superior em compara\u00e7\u00e3o com o creme de progesterona.<\/li>\n<\/ul>\n<p><strong>ProgonB-L<\/strong> \u00e9 um suplemento natural\u00a0derivado de planta bio-id\u00eantico de progesterona. ProgonB-L tem sido conhecido para aliviar os sintomas de baixa progesterona, tais como sensibilidade mam\u00e1ria, PMS, irritabilidade, per\u00edodos menstruais irregulares, altera\u00e7\u00f5es de humor e baixo libido. Progon-B-L fornece uma dose padronizada de progesterona natural para apoiar o equil\u00edbrio hormonal.<\/p>\n<hr class=\"outline\" \/>\n<p><b><\/b><strong>ProgonB-L 4X Cont\u00e9m: <\/strong>farelo de arroz, \u00f3leo de coco, progesterona USP, vitamina E.<\/p>\n<ul>\n<li>Conte\u00fado Progesterona de ProgonB-L 4x \u00e9 de 40 mg por 10 gotas [assim 1 gota = 4mg]<\/li>\n<\/ul>\n<hr class=\"outline\" \/>\n<p><b><\/b><strong>Tamanho:<\/strong> 10 ml garrafa (L\u00cdQUIDO) ~ 300 gotas\/garrafa.<\/p>\n<p><span style=\"color: #800080;\">Por favor, note que quando Bezwecken pesquisou a nova formula\u00e7\u00e3o 4X eles queriam contabilizar espa\u00e7o para AGITAR o produto e para o espa\u00e7o para o conta-gotas para se adequar. Assim, \u00e9 normal que a garrafa seja de 1\/3 a 1\/2 cheia. Cada frasco cont\u00e9m ~ 300 gotas.<\/span><\/p>\n<!-- AddThis Advanced Settings generic via filter on the_content --><!-- AddThis Share Buttons generic via filter on the_content -->","protected":false},"excerpt":{"rendered":"<p>Suplemento de Progesterona Bio-id\u00eantico L\u00cdQUIDO. MUDAN\u00c7A NA FORMULA! ProgonB-L 4x agora \u00e9 4x mais forte do que a\u00a0original ProgonB-L! Principais Benef\u00edcios: Progesterona l\u00edquido oferece um controle de dose superior em compara\u00e7\u00e3o com o creme de progesterona. ProgonB-L \u00e9 um suplemento natural\u00a0derivado de planta bio-id\u00eantico de progesterona. ProgonB-L tem sido conhecido para aliviar os sintomas de<a class=\"moretag\" href=\"http:\/\/genewei.com\/br\/produto\/progonb-l-4x\/\"> [&#8230;] <\/a><!-- AddThis Advanced Settings generic via filter on wp_trim_excerpt --><!-- AddThis Share Buttons generic via filter on wp_trim_excerpt --><\/p>\n","protected":false},"featured_media":1413,"template":"","meta":{"sfsi_plus_gutenberg_text_before_share":"","sfsi_plus_gutenberg_show_text_before_share":"","sfsi_plus_gutenberg_icon_type":"","sfsi_plus_gutenberg_icon_alignemt":"","sfsi_plus_gutenburg_max_per_row":"","_genesis_hide_title":false,"_genesis_hide_breadcrumbs":false,"_genesis_hide_singular_image":false,"_genesis_hide_footer_widgets":false,"_genesis_custom_body_class":"","_genesis_custom_post_class":"","_genesis_layout":""},"_links":{"self":[{"href":"http:\/\/genewei.com\/br\/wp-json\/wp\/v2\/product\/1412"}],"collection":[{"href":"http:\/\/genewei.com\/br\/wp-json\/wp\/v2\/product"}],"about":[{"href":"http:\/\/genewei.com\/br\/wp-json\/wp\/v2\/types\/product"}],"wp:featuredmedia":[{"embeddable":true,"href":"http:\/\/genewei.com\/br\/wp-json\/wp\/v2\/media\/1413"}],"wp:attachment":[{"href":"http:\/\/genewei.com\/br\/wp-json\/wp\/v2\/media?parent=1412"}],"curies":[{"name":"wp","href":"https:\/\/api.w.org\/{rel}","templated":true}]}}