{"id":1416,"date":"2016-08-28T13:54:44","date_gmt":"2016-08-28T16:54:44","guid":{"rendered":"http:\/\/genewei.com\/br\/?post_type=product&#038;p=1416"},"modified":"2018-05-17T03:18:20","modified_gmt":"2018-05-17T06:18:20","slug":"acz-nano-zeolito","status":"publish","type":"product","link":"http:\/\/genewei.com\/br\/produto\/acz-nano-zeolito\/","title":{"rendered":"ACZ Nano Ze\u00f3lito Extra For\u00e7a (120 ml)"},"content":{"rendered":"\n<!-- Facebook Like Button Vivacity Infotech BEGIN -->\n<div class=\"fb-like\" data-href=\"http:\/\/genewei.com\/br\/produto\/acz-nano-zeolito\/\" data-layout=\"standard\" data-action=\"like\" data-show-faces=\"true\" data-size=\"small\" data-width=\"550\" data-share=\"1\" ><\/div>\n<!-- Facebook Like Button Vivacity Infotech END -->\n<p><strong>ACZ Nano Zeolite Extra Strength (4 fl oz)<\/strong><\/p>\n<ul>\n<li>For\u00e7a extra<\/li>\n<li>Ze\u00f3lito celular avan\u00e7ado<\/li>\n<li>Um suplemento diet\u00e9tico exclusivo para a sa\u00fade do sistema imunol\u00f3gico*<\/li>\n<\/ul>\n<p><strong>Fatos suplementares<\/strong><br \/>\n<strong>Tamanho da Dose:<\/strong> 6 Sprays<br \/>\n<strong>Doses por embalagem:<\/strong> 120<\/p>\n<p><strong>Quantidade por por\u00e7\u00e3o<\/strong><br \/>\n<em>Clinoptilolite ze\u00f3lito sub-micronizado <\/em>&#8230; 5,9 mg<\/p>\n<p><strong>Outro ingrediente:<\/strong> Nano \u00c1gua Destilada<\/p>\n<p><strong>Orienta\u00e7\u00f5es de\u00a0Dosagem<\/strong><\/p>\n<ul>\n<li>Agite o frasco antes de usar.<\/li>\n<li>Dose Terap\u00eautica: Tome 12 pulveriza\u00e7\u00f5es por via oral 2\u00a0vezes por dia.<\/li>\n<li>N\u00e3o comer ou beber durante 2 minutos seguintes.<\/li>\n<li>Voc\u00ea pode tomar outras resultados f\u00f3rmulas de RNA imediatamente.<\/li>\n<li>Tome ACZ Nano como recomendado pelo seu m\u00e9dico.<\/li>\n<li>Permanecer bem hidratado enquanto tomando\u00a0ACZ Nano.<\/li>\n<\/ul>\n<p><em>* Estas declara\u00e7\u00f5es n\u00e3o foram avaliadas pela Administra\u00e7\u00e3o de Alimentos e Drogas dos EUA. Este produto n\u00e3o se destina a diagnosticar, tratar, curar ou prevenir qualquer doen\u00e7a.<\/em><\/p>\n<!-- AddThis Advanced Settings generic via filter on the_content --><!-- AddThis Share Buttons generic via filter on the_content -->","protected":false},"excerpt":{"rendered":"<p>ACZ Nano Zeolite Extra Strength (4 fl oz) For\u00e7a extra Ze\u00f3lito celular avan\u00e7ado Um suplemento diet\u00e9tico exclusivo para a sa\u00fade do sistema imunol\u00f3gico* Fatos suplementares Tamanho da Dose: 6 Sprays Doses por embalagem: 120 Quantidade por por\u00e7\u00e3o Clinoptilolite ze\u00f3lito sub-micronizado &#8230; 5,9 mg Outro ingrediente: Nano \u00c1gua Destilada Orienta\u00e7\u00f5es de\u00a0Dosagem Agite o frasco antes de<a class=\"moretag\" href=\"http:\/\/genewei.com\/br\/produto\/acz-nano-zeolito\/\"> [&#8230;] <\/a><!-- AddThis Advanced Settings generic via filter on wp_trim_excerpt --><!-- AddThis Share Buttons generic via filter on wp_trim_excerpt --><\/p>\n","protected":false},"featured_media":1418,"template":"","meta":{"sfsi_plus_gutenberg_text_before_share":"","sfsi_plus_gutenberg_show_text_before_share":"","sfsi_plus_gutenberg_icon_type":"","sfsi_plus_gutenberg_icon_alignemt":"","sfsi_plus_gutenburg_max_per_row":"","_genesis_hide_title":false,"_genesis_hide_breadcrumbs":false,"_genesis_hide_singular_image":false,"_genesis_hide_footer_widgets":false,"_genesis_custom_body_class":"","_genesis_custom_post_class":"","_genesis_layout":""},"_links":{"self":[{"href":"http:\/\/genewei.com\/br\/wp-json\/wp\/v2\/product\/1416"}],"collection":[{"href":"http:\/\/genewei.com\/br\/wp-json\/wp\/v2\/product"}],"about":[{"href":"http:\/\/genewei.com\/br\/wp-json\/wp\/v2\/types\/product"}],"wp:featuredmedia":[{"embeddable":true,"href":"http:\/\/genewei.com\/br\/wp-json\/wp\/v2\/media\/1418"}],"wp:attachment":[{"href":"http:\/\/genewei.com\/br\/wp-json\/wp\/v2\/media?parent=1416"}],"curies":[{"name":"wp","href":"https:\/\/api.w.org\/{rel}","templated":true}]}}