{"id":1436,"date":"2016-09-09T14:28:08","date_gmt":"2016-09-09T17:28:08","guid":{"rendered":"http:\/\/genewei.com\/br\/?post_type=product&#038;p=1436"},"modified":"2018-02-24T04:21:28","modified_gmt":"2018-02-24T07:21:28","slug":"cordyceps","status":"publish","type":"product","link":"http:\/\/genewei.com\/br\/produto\/cordyceps\/","title":{"rendered":"Cordyceps (Cordyceps sinensis) (120 vcaps)"},"content":{"rendered":"\n<!-- Facebook Like Button Vivacity Infotech BEGIN -->\n<div class=\"fb-like\" data-href=\"http:\/\/genewei.com\/br\/produto\/cordyceps\/\" data-layout=\"standard\" data-action=\"like\" data-show-faces=\"true\" data-size=\"small\" data-width=\"550\" data-share=\"1\" ><\/div>\n<!-- Facebook Like Button Vivacity Infotech END -->\n<p><strong>Cordyceps (Cordyceps sinensis) (120 vcaps)<\/strong><\/p>\n<p>Povos das montanhas do Himalaia t\u00eam utilizado Cordyceps durante\u00a0atividades de altitude altas extenuantes. Recentemente, atletas profissionais e entusiastas do fitness descobriram que Cordyceps pode apoiar o aumento da capta\u00e7\u00e3o de oxig\u00eanio e n\u00edveis de resist\u00eancia mais elevados*. As pessoas tamb\u00e9m descobriram que Cordyceps suporta o funcionamento sexual saud\u00e1vel.*<\/p>\n<p>Cordyceps da\u00a0Host Defense\u00a0utiliza mic\u00e9lio org\u00e2nico certificado,\u00a0ativado, liofilizado, com uma gama completa de componentes: polissacar\u00eddeos (betaglucanos, arabino-xylane, glicose, xilose, galactose e \u00e1cido cordycepic), glicoprote\u00ednas, ergosterols, triterpen\u00f3ides e outros myco-nutrientes, que s\u00e3o essenciais para sustentar a imunidade natural.*<\/p>\n<ul>\n<li>Apoia\u00a0energia e vigor*<\/li>\n<li>Melhora os sistemas metab\u00f3licos naturais\u00a0do corpo*<\/li>\n<li>Suporta uma libido saud\u00e1vel*<\/li>\n<li>Promove a fun\u00e7\u00e3o renal saud\u00e1vel*<\/li>\n<li>Aumenta o consumo de oxig\u00eanio*<\/li>\n<li>Usado para aumentar o desempenho atl\u00e9tico*<\/li>\n<\/ul>\n<hr \/>\n<div id=\"itemservings\">\n<div id=\"itemservings\"><strong>Dose por recipiente:<\/strong> 60<\/div>\n<p><strong>Dosagem:<\/strong> Como indicado pelo seu profissional de sa\u00fade<\/p>\n<p><strong>Dose:<\/strong> 2 c\u00e1psulas<\/p>\n<p><strong>Quantidade por por\u00e7\u00e3o<\/strong><br \/>\n<strong>mic\u00e9lio Cordyceps<\/strong> &#8230; 1g<br \/>\n<em>(Cordyceps sinensis s.I.)<\/em><\/p>\n<p><strong>Outros ingredientes:<\/strong>\u00a0arroz integral liofilizado myceliated, pululano (um polissacar\u00eddeo extracelular)<\/p>\n<\/div>\n<!-- AddThis Advanced Settings generic via filter on the_content --><!-- AddThis Share Buttons generic via filter on the_content -->","protected":false},"excerpt":{"rendered":"<p>Cordyceps (Cordyceps sinensis) (120 vcaps) Povos das montanhas do Himalaia t\u00eam utilizado Cordyceps durante\u00a0atividades de altitude altas extenuantes. Recentemente, atletas profissionais e entusiastas do fitness descobriram que Cordyceps pode apoiar o aumento da capta\u00e7\u00e3o de oxig\u00eanio e n\u00edveis de resist\u00eancia mais elevados*. As pessoas tamb\u00e9m descobriram que Cordyceps suporta o funcionamento sexual saud\u00e1vel.* Cordyceps da\u00a0Host<a class=\"moretag\" href=\"http:\/\/genewei.com\/br\/produto\/cordyceps\/\"> [&#8230;] <\/a><!-- AddThis Advanced Settings generic via filter on wp_trim_excerpt --><!-- AddThis Share Buttons generic via filter on wp_trim_excerpt --><\/p>\n","protected":false},"featured_media":1437,"template":"","meta":{"sfsi_plus_gutenberg_text_before_share":"","sfsi_plus_gutenberg_show_text_before_share":"","sfsi_plus_gutenberg_icon_type":"","sfsi_plus_gutenberg_icon_alignemt":"","sfsi_plus_gutenburg_max_per_row":"","_genesis_hide_title":false,"_genesis_hide_breadcrumbs":false,"_genesis_hide_singular_image":false,"_genesis_hide_footer_widgets":false,"_genesis_custom_body_class":"","_genesis_custom_post_class":"","_genesis_layout":""},"_links":{"self":[{"href":"http:\/\/genewei.com\/br\/wp-json\/wp\/v2\/product\/1436"}],"collection":[{"href":"http:\/\/genewei.com\/br\/wp-json\/wp\/v2\/product"}],"about":[{"href":"http:\/\/genewei.com\/br\/wp-json\/wp\/v2\/types\/product"}],"wp:featuredmedia":[{"embeddable":true,"href":"http:\/\/genewei.com\/br\/wp-json\/wp\/v2\/media\/1437"}],"wp:attachment":[{"href":"http:\/\/genewei.com\/br\/wp-json\/wp\/v2\/media?parent=1436"}],"curies":[{"name":"wp","href":"https:\/\/api.w.org\/{rel}","templated":true}]}}