{"id":1444,"date":"2016-09-10T14:03:25","date_gmt":"2016-09-10T17:03:25","guid":{"rendered":"http:\/\/genewei.com\/br\/?post_type=product&#038;p=1444"},"modified":"2018-02-24T04:23:23","modified_gmt":"2018-02-24T07:23:23","slug":"manuka-mel","status":"publish","type":"product","link":"http:\/\/genewei.com\/br\/produto\/manuka-mel\/","title":{"rendered":"MGO 400+ Manuka Mel 20+ (8.8 oz)"},"content":{"rendered":"\n<!-- Facebook Like Button Vivacity Infotech BEGIN -->\n<div class=\"fb-like\" data-href=\"http:\/\/genewei.com\/br\/produto\/manuka-mel\/\" data-layout=\"standard\" data-action=\"like\" data-show-faces=\"true\" data-size=\"small\" data-width=\"550\" data-share=\"1\" ><\/div>\n<!-- Facebook Like Button Vivacity Infotech END -->\n<p><strong>MGO 400+ MANUKA HONEY 20+ 8.8\u00a0oz\u00a0|\u00a0<\/strong>100% Pure New Zealand Honey<\/p>\n<p>Este <strong>MGO\u2122 400+\u00a0Manuka Mel\u00a0<\/strong>foi testado e \u00e9 certificado para conter pelo menos 400 mg\/kg de metilglioxal diet\u00e9tico, um composto natural encontrado em quantidades significativas em apenas alguns Mels Manuka produzidos a partir da planta Manuka selvagem, n\u00e3o cultivadas na Nova Zel\u00e2ndia. <strong>MGO\u2122 400+\u00a0Manuka Mel\u00a0<\/strong>\u00e9 uma marca comercial da <em>Manuka Health New Zealand Ltd.<\/em><\/p>\n<ul>\n<li>Parte de uma dieta de apoio\u00a0natural\u00a0a energia<\/li>\n<li>Das flores da Manuka arbusto, nativa da Nova Zel\u00e2ndia<\/li>\n<li>Desfrute do frasco, ou utilize como ingrediente em sabonetes, cremes, ou produtos naturais de lavagens do corpo<\/li>\n<li>Manuka Mel\u00a0da <em>Manuka Health MGO<\/em> \u00e9 Mel Manuka certificado\u00a0de colm\u00e9ias em \u00e1reas remotas e intocadas da Nova Zel\u00e2ndia, com total rastreabilidade da colmeia para prateleira<\/li>\n<\/ul>\n<p><strong>Fatos Nutricionais:<\/strong><br \/>\n<strong>Tamanho da dose<\/strong> &#8230; 1 colher de sopa (15g)<br \/>\n<strong>Dose por recipiente<\/strong>\u00a0&#8230; 16<br \/>\n<strong>Calorias<\/strong> &#8230; 45<br \/>\n<strong>Gordura total<\/strong> &#8230; 0<br \/>\n<strong>Carb total<\/strong> &#8230; 12g<br \/>\n<strong>Prote\u00edna<\/strong> &#8230; 0g<br \/>\nN\u00e3o \u00e9 uma fonte significativa de calorias de gordura, ordura saturada, gordura trans, colesterol, fibra diet\u00e9tica, vitamina A, vitamina C, c\u00e1lcio, ferro<\/p>\n<p><strong>Aviso:<\/strong> N\u00e3o recomendado para crian\u00e7as menores de 2 anos de idade.<\/p>\n<p><strong>Formatos de entrega:<\/strong> Elixer \/ xarope<\/p>\n<!-- AddThis Advanced Settings generic via filter on the_content --><!-- AddThis Share Buttons generic via filter on the_content -->","protected":false},"excerpt":{"rendered":"<p>MGO 400+ MANUKA HONEY 20+ 8.8\u00a0oz\u00a0|\u00a0100% Pure New Zealand Honey Este MGO\u2122 400+\u00a0Manuka Mel\u00a0foi testado e \u00e9 certificado para conter pelo menos 400 mg\/kg de metilglioxal diet\u00e9tico, um composto natural encontrado em quantidades significativas em apenas alguns Mels Manuka produzidos a partir da planta Manuka selvagem, n\u00e3o cultivadas na Nova Zel\u00e2ndia. MGO\u2122 400+\u00a0Manuka Mel\u00a0\u00e9 uma<a class=\"moretag\" href=\"http:\/\/genewei.com\/br\/produto\/manuka-mel\/\"> [&#8230;] <\/a><!-- AddThis Advanced Settings generic via filter on wp_trim_excerpt --><!-- AddThis Share Buttons generic via filter on wp_trim_excerpt --><\/p>\n","protected":false},"featured_media":1445,"template":"","meta":{"sfsi_plus_gutenberg_text_before_share":"","sfsi_plus_gutenberg_show_text_before_share":"","sfsi_plus_gutenberg_icon_type":"","sfsi_plus_gutenberg_icon_alignemt":"","sfsi_plus_gutenburg_max_per_row":"","_genesis_hide_title":false,"_genesis_hide_breadcrumbs":false,"_genesis_hide_singular_image":false,"_genesis_hide_footer_widgets":false,"_genesis_custom_body_class":"","_genesis_custom_post_class":"","_genesis_layout":""},"_links":{"self":[{"href":"http:\/\/genewei.com\/br\/wp-json\/wp\/v2\/product\/1444"}],"collection":[{"href":"http:\/\/genewei.com\/br\/wp-json\/wp\/v2\/product"}],"about":[{"href":"http:\/\/genewei.com\/br\/wp-json\/wp\/v2\/types\/product"}],"wp:featuredmedia":[{"embeddable":true,"href":"http:\/\/genewei.com\/br\/wp-json\/wp\/v2\/media\/1445"}],"wp:attachment":[{"href":"http:\/\/genewei.com\/br\/wp-json\/wp\/v2\/media?parent=1444"}],"curies":[{"name":"wp","href":"https:\/\/api.w.org\/{rel}","templated":true}]}}