{"id":1595,"date":"2016-11-11T19:25:27","date_gmt":"2016-11-11T21:25:27","guid":{"rendered":"http:\/\/genewei.com\/br\/?post_type=product&#038;p=1595"},"modified":"2018-02-24T04:15:23","modified_gmt":"2018-02-24T07:15:23","slug":"ashwagandha-120-caps","status":"publish","type":"product","link":"http:\/\/genewei.com\/br\/produto\/ashwagandha-120-caps\/","title":{"rendered":"Ashwagandha (120 caps)"},"content":{"rendered":"\n<!-- Facebook Like Button Vivacity Infotech BEGIN -->\n<div class=\"fb-like\" data-href=\"http:\/\/genewei.com\/br\/produto\/ashwagandha-120-caps\/\" data-layout=\"standard\" data-action=\"like\" data-show-faces=\"true\" data-size=\"small\" data-width=\"550\" data-share=\"1\" ><\/div>\n<!-- Facebook Like Button Vivacity Infotech END -->\n<p><strong>Ashwagandha,<\/strong> tamb\u00e9m conhecida como ginseng indiano, \u00e9 indicada em Ayurveda como um rasayana di\u00e1ria e apoia\u00a0propriedades anti-envelhecimento. \u00c9 uma das ervas Ayurveda mais altamente consideradas e amplamente utilizadas e acredita-se que\u00a0aumenta\u00a0a energia e sa\u00fade geral. <strong>Atua como uma erva adapt\u00f3gena\u00a0<\/strong>para apoiar o sistema imunol\u00f3gico, nutrindo e fortalecendo a reserva interna do corpo humano.*<\/p>\n<ul>\n<li><strong>Ashwagandha<\/strong> literalmente significa transmitir a for\u00e7a de um cavalo.<\/li>\n<li>Suporta a atividade de linf\u00f3citos e macr\u00f3fagos e pode promover a fun\u00e7\u00e3o da tire\u00f3ide de sa\u00fade.<\/li>\n<li>Os principais componentes de Ashwagandha, com an\u00f3logos, planejam um papel importante na sua capacidade de promover a sa\u00fade f\u00edsica e mental, tais como estresse ocasional, fun\u00e7\u00e3o cognitiva e cerebral, suporte do sistema imunol\u00f3gico e metabolismo saud\u00e1vel.<\/li>\n<li>Tradicionalmente, \u00e9 bem reconhecida por seu conhecido apoio \u00e0 sa\u00fade conjunta e tecidual.<\/li>\n<li>Tem muitos usos, incluindo a promo\u00e7\u00e3o da fun\u00e7\u00e3o sexual saud\u00e1vel.<\/li>\n<\/ul>\n<p><strong>Nossa Ashwagandha \u00e9 \u00fanica <\/strong>devido ao nosso m\u00e9todo \u00fanico de extra\u00e7\u00e3o e qualidade de nossas mat\u00e9rias-primas crescidas no Himalaia. <em>Ashwagandha pode ser usada em uma base di\u00e1ria de longo prazo sem o risco de efeitos colaterais.<\/em><\/p>\n<hr \/>\n<div id=\"itemservings\"><strong>Dose por recipiente:<\/strong> 120<br \/>\nTome 1 c\u00e1psula duas (2) vezes ao dia ou como indicado pelo seu m\u00e9dico.<\/div>\n<p><strong>Tamanho da dose:<\/strong> 1 c\u00e1psula<\/p>\n<p><strong>Quantidade por por\u00e7\u00e3o<\/strong><br \/>\n<strong>Withania somnifera<\/strong> &#8230; 500mg<br \/>\n<em>(Ashwagandha)<\/em><br \/>\n<strong>Withanoloides<\/strong> &#8230; 25mg<\/p>\n<p><strong>Outros Ingredientes: <\/strong>C\u00e1psula Vegetariana (Celulose e Clorofila)<\/p>\n<p>Sem\u00a0leite, soja, ovo e trigo<\/p>\n<!-- AddThis Advanced Settings generic via filter on the_content --><!-- AddThis Share Buttons generic via filter on the_content -->","protected":false},"excerpt":{"rendered":"<p>Ashwagandha, tamb\u00e9m conhecida como ginseng indiano, \u00e9 indicada em Ayurveda como um rasayana di\u00e1ria e apoia\u00a0propriedades anti-envelhecimento. \u00c9 uma das ervas Ayurveda mais altamente consideradas e amplamente utilizadas e acredita-se que\u00a0aumenta\u00a0a energia e sa\u00fade geral. Atua como uma erva adapt\u00f3gena\u00a0para apoiar o sistema imunol\u00f3gico, nutrindo e fortalecendo a reserva interna do corpo humano.* Ashwagandha literalmente<a class=\"moretag\" href=\"http:\/\/genewei.com\/br\/produto\/ashwagandha-120-caps\/\"> [&#8230;] <\/a><!-- AddThis Advanced Settings generic via filter on wp_trim_excerpt --><!-- AddThis Share Buttons generic via filter on wp_trim_excerpt --><\/p>\n","protected":false},"featured_media":1596,"template":"","meta":{"sfsi_plus_gutenberg_text_before_share":"","sfsi_plus_gutenberg_show_text_before_share":"","sfsi_plus_gutenberg_icon_type":"","sfsi_plus_gutenberg_icon_alignemt":"","sfsi_plus_gutenburg_max_per_row":"","_genesis_hide_title":false,"_genesis_hide_breadcrumbs":false,"_genesis_hide_singular_image":false,"_genesis_hide_footer_widgets":false,"_genesis_custom_body_class":"","_genesis_custom_post_class":"","_genesis_layout":""},"_links":{"self":[{"href":"http:\/\/genewei.com\/br\/wp-json\/wp\/v2\/product\/1595"}],"collection":[{"href":"http:\/\/genewei.com\/br\/wp-json\/wp\/v2\/product"}],"about":[{"href":"http:\/\/genewei.com\/br\/wp-json\/wp\/v2\/types\/product"}],"wp:featuredmedia":[{"embeddable":true,"href":"http:\/\/genewei.com\/br\/wp-json\/wp\/v2\/media\/1596"}],"wp:attachment":[{"href":"http:\/\/genewei.com\/br\/wp-json\/wp\/v2\/media?parent=1595"}],"curies":[{"name":"wp","href":"https:\/\/api.w.org\/{rel}","templated":true}]}}