{"id":1598,"date":"2016-11-11T19:54:01","date_gmt":"2016-11-11T21:54:01","guid":{"rendered":"http:\/\/genewei.com\/br\/?post_type=product&#038;p=1598"},"modified":"2018-02-24T04:16:22","modified_gmt":"2018-02-24T07:16:22","slug":"m-f-bromelina-60-vcaps","status":"publish","type":"product","link":"http:\/\/genewei.com\/br\/produto\/m-f-bromelina-60-vcaps\/","title":{"rendered":"M.F. Bromelina (60 vcaps)"},"content":{"rendered":"\n<!-- Facebook Like Button Vivacity Infotech BEGIN -->\n<div class=\"fb-like\" data-href=\"http:\/\/genewei.com\/br\/produto\/m-f-bromelina-60-vcaps\/\" data-layout=\"standard\" data-action=\"like\" data-show-faces=\"true\" data-size=\"small\" data-width=\"550\" data-share=\"1\" ><\/div>\n<!-- Facebook Like Button Vivacity Infotech END -->\n<p>(M.F. Bromelain 60c) M.F. Bromelina 60c est\u00e1 dispon\u00edvel pela Thorne Research.<\/p>\n<ul>\n<li>Uma mistura de potentes enzimas proteol\u00edticas do abacaxi*<\/li>\n<li>Ajuda a reduzir hematomas e incha\u00e7o *<\/li>\n<li>Promove a cura ap\u00f3s trauma ou cirurgia*<\/li>\n<\/ul>\n<p><strong>A bromelina<\/strong> \u00e9 um nome geral dado a uma fam\u00edlia de enzimas proteol\u00edticas derivadas de Ananas comosus, a planta de abacaxi.<\/p>\n<p><strong>A bromelina<\/strong> tem demonstrado promover a cicatriza\u00e7\u00e3o, e reduzir o incha\u00e7o e contus\u00f5es menores e tempor\u00e1rias ap\u00f3s trauma ou procedimentos cir\u00fargicos &#8211; incluindo a cirurgia dent\u00e1ria.*<\/p>\n<p>Os cirurgi\u00f5es pl\u00e1sticos t\u00eam mostrado interesse na bromelina devido \u00e0 sua capacidade de aumentar a taxa de reabsor\u00e7\u00e3o de hematomas ap\u00f3s a cirurgia. A bromelina exerce alguns dos seus efeitos devido \u00e0 sua potente atividade proteol\u00edtica. Um estudo de pacientes com fraturas \u00f3sseas viu que a\u00a0bromelina diminuiu o incha\u00e7o.*<\/p>\n<hr \/>\n<div id=\"itemservings\"><strong>Doses por recipiente: <\/strong>30<br \/>\nTome 2 c\u00e1psulas 1\u00a0a 3 vezes ao dia ou como recomendado por um profissional de sa\u00fade.<\/div>\n<div><\/div>\n<div><strong>Tamanho da dose:<\/strong> 2 c\u00e1psulas<strong>Quantidade por por\u00e7\u00e3o<\/strong><br \/>\n<strong>Bromelina*<\/strong> &#8230; 1g<strong>Outros Ingredientes:<\/strong> C\u00e1psula de Hipromelose (derivada de celulose), Leucina, Di\u00f3xido de Sil\u00edcio.*A bromelina \u00e9 derivada da planta de abacaxi (Ananas comosus). Este produto n\u00e3o \u00e9 dilu\u00eddo com lactose.<\/p>\n<p><strong>Este produto n\u00e3o cont\u00e9m<\/strong> trigo, gl\u00faten, milho, levedura, soja, ovo, produtos l\u00e1cteos, ou cores artificiais, ado\u00e7antes artificiais ou sabores artificiais. Este produto tamb\u00e9m n\u00e3o cont\u00e9m lactose, \u00e1cido palm\u00edtico, estearato de magn\u00e9sio ou \u00e1cido este\u00e1rico.<\/p>\n<\/div>\n<!-- AddThis Advanced Settings generic via filter on the_content --><!-- AddThis Share Buttons generic via filter on the_content -->","protected":false},"excerpt":{"rendered":"<p>(M.F. Bromelain 60c) M.F. Bromelina 60c est\u00e1 dispon\u00edvel pela Thorne Research. Uma mistura de potentes enzimas proteol\u00edticas do abacaxi* Ajuda a reduzir hematomas e incha\u00e7o * Promove a cura ap\u00f3s trauma ou cirurgia* A bromelina \u00e9 um nome geral dado a uma fam\u00edlia de enzimas proteol\u00edticas derivadas de Ananas comosus, a planta de abacaxi. A<a class=\"moretag\" href=\"http:\/\/genewei.com\/br\/produto\/m-f-bromelina-60-vcaps\/\"> [&#8230;] <\/a><!-- AddThis Advanced Settings generic via filter on wp_trim_excerpt --><!-- AddThis Share Buttons generic via filter on wp_trim_excerpt --><\/p>\n","protected":false},"featured_media":1599,"template":"","meta":{"sfsi_plus_gutenberg_text_before_share":"","sfsi_plus_gutenberg_show_text_before_share":"","sfsi_plus_gutenberg_icon_type":"","sfsi_plus_gutenberg_icon_alignemt":"","sfsi_plus_gutenburg_max_per_row":"","_genesis_hide_title":false,"_genesis_hide_breadcrumbs":false,"_genesis_hide_singular_image":false,"_genesis_hide_footer_widgets":false,"_genesis_custom_body_class":"","_genesis_custom_post_class":"","_genesis_layout":""},"_links":{"self":[{"href":"http:\/\/genewei.com\/br\/wp-json\/wp\/v2\/product\/1598"}],"collection":[{"href":"http:\/\/genewei.com\/br\/wp-json\/wp\/v2\/product"}],"about":[{"href":"http:\/\/genewei.com\/br\/wp-json\/wp\/v2\/types\/product"}],"wp:featuredmedia":[{"embeddable":true,"href":"http:\/\/genewei.com\/br\/wp-json\/wp\/v2\/media\/1599"}],"wp:attachment":[{"href":"http:\/\/genewei.com\/br\/wp-json\/wp\/v2\/media?parent=1598"}],"curies":[{"name":"wp","href":"https:\/\/api.w.org\/{rel}","templated":true}]}}