{"id":1608,"date":"2016-11-11T22:48:27","date_gmt":"2016-11-12T00:48:27","guid":{"rendered":"http:\/\/genewei.com\/br\/?post_type=product&#038;p=1608"},"modified":"2018-02-24T04:02:47","modified_gmt":"2018-02-24T07:02:47","slug":"tonalin-cla-1000-mg","status":"publish","type":"product","link":"http:\/\/genewei.com\/br\/produto\/tonalin-cla-1000-mg\/","title":{"rendered":"Tonalin CLA 1000 mg (90 softgels)"},"content":{"rendered":"\n<!-- Facebook Like Button Vivacity Infotech BEGIN -->\n<div class=\"fb-like\" data-href=\"http:\/\/genewei.com\/br\/produto\/tonalin-cla-1000-mg\/\" data-layout=\"standard\" data-action=\"like\" data-show-faces=\"true\" data-size=\"small\" data-width=\"550\" data-share=\"1\" ><\/div>\n<!-- Facebook Like Button Vivacity Infotech END -->\n<p><strong>Davinci Labs Tonalin CLA 90 Softgels<\/strong><\/p>\n<p>\u00c1cido linol\u00e9ico conjugado ajuda o corpo a metabolizar dep\u00f3sitos de gordura existentes para serem usados como energia pelas c\u00e9lulas musculares e do f\u00edgado.* Tonalin CLA \u00e9 uma \u00f3tima maneira de reduzir a gordura e aumentar massa muscular magra de forma segura e eficaz.<\/p>\n<p>Ao contr\u00e1rio de muitos suplementos para perda de peso, Tonalin CLA n\u00e3o cont\u00e9m quaisquer estimulantes.<\/p>\n<hr \/>\n<p>Como um suplemento diet\u00e9tico, tome 1 softgel, 3 vezes ao dia com as refei\u00e7\u00f5es ou como dirigido por seu m\u00e9dico.<\/p>\n<p><strong>Tamanho da dose:<\/strong> 1 C\u00e1psula<\/p>\n<p><strong>Quantidade por por\u00e7\u00e3o<\/strong><br \/>\n<strong>Calorias<\/strong> &#8230; 10<br \/>\n<strong>Calorias da gordura<\/strong> &#8230; 10<br \/>\n<strong>Gordura total .<\/strong>.. 1g \u2020<br \/>\n<strong>\u00d3leo de c\u00e1rtamo<\/strong> &#8230; 1,000mg<br \/>\n<strong>\u00a0\u00a0\u00a0 <em>Rendimento:<\/em> CLA<\/strong> &#8230; 800mg<br \/>\n<em>(Marca Tonalin)<\/em><\/p>\n<p><strong>Outros ingredientes:<\/strong> gelatina, glicerina vegetal, cor caramelo natural, \u00e1gua purificada.<\/p>\n<!-- AddThis Advanced Settings generic via filter on the_content --><!-- AddThis Share Buttons generic via filter on the_content -->","protected":false},"excerpt":{"rendered":"<p>Davinci Labs Tonalin CLA 90 Softgels \u00c1cido linol\u00e9ico conjugado ajuda o corpo a metabolizar dep\u00f3sitos de gordura existentes para serem usados como energia pelas c\u00e9lulas musculares e do f\u00edgado.* Tonalin CLA \u00e9 uma \u00f3tima maneira de reduzir a gordura e aumentar massa muscular magra de forma segura e eficaz. Ao contr\u00e1rio de muitos suplementos para<a class=\"moretag\" href=\"http:\/\/genewei.com\/br\/produto\/tonalin-cla-1000-mg\/\"> [&#8230;] <\/a><!-- AddThis Advanced Settings generic via filter on wp_trim_excerpt --><!-- AddThis Share Buttons generic via filter on wp_trim_excerpt --><\/p>\n","protected":false},"featured_media":1609,"template":"","meta":{"sfsi_plus_gutenberg_text_before_share":"","sfsi_plus_gutenberg_show_text_before_share":"","sfsi_plus_gutenberg_icon_type":"","sfsi_plus_gutenberg_icon_alignemt":"","sfsi_plus_gutenburg_max_per_row":"","_genesis_hide_title":false,"_genesis_hide_breadcrumbs":false,"_genesis_hide_singular_image":false,"_genesis_hide_footer_widgets":false,"_genesis_custom_body_class":"","_genesis_custom_post_class":"","_genesis_layout":""},"_links":{"self":[{"href":"http:\/\/genewei.com\/br\/wp-json\/wp\/v2\/product\/1608"}],"collection":[{"href":"http:\/\/genewei.com\/br\/wp-json\/wp\/v2\/product"}],"about":[{"href":"http:\/\/genewei.com\/br\/wp-json\/wp\/v2\/types\/product"}],"wp:featuredmedia":[{"embeddable":true,"href":"http:\/\/genewei.com\/br\/wp-json\/wp\/v2\/media\/1609"}],"wp:attachment":[{"href":"http:\/\/genewei.com\/br\/wp-json\/wp\/v2\/media?parent=1608"}],"curies":[{"name":"wp","href":"https:\/\/api.w.org\/{rel}","templated":true}]}}