{"id":1614,"date":"2016-11-11T23:28:42","date_gmt":"2016-11-12T01:28:42","guid":{"rendered":"http:\/\/genewei.com\/br\/?post_type=product&#038;p=1614"},"modified":"2019-01-08T00:00:01","modified_gmt":"2019-01-08T02:00:01","slug":"bisglicinato-de-ferro","status":"publish","type":"product","link":"http:\/\/genewei.com\/br\/produto\/bisglicinato-de-ferro\/","title":{"rendered":"Bisglicinato de Ferro (60 vcaps)"},"content":{"rendered":"\n<!-- Facebook Like Button Vivacity Infotech BEGIN -->\n<div class=\"fb-like\" data-href=\"http:\/\/genewei.com\/br\/produto\/bisglicinato-de-ferro\/\" data-layout=\"standard\" data-action=\"like\" data-show-faces=\"true\" data-size=\"small\" data-width=\"550\" data-share=\"1\" ><\/div>\n<!-- Facebook Like Button Vivacity Infotech END -->\n<p><strong>Thorne Research &#8211; Iron Bisglycinate (60 vcaps):<\/strong> Suplemento de 25 mg para Melhor Absor\u00e7\u00e3o de Ferro<\/p>\n<p><strong>Para aumentar a absor\u00e7\u00e3o de ferro sem efeitos colaterais GI*<\/strong><\/p>\n<ul>\n<li>Uma forma n\u00e3o-constipante, bem absorvida de ferro*<\/li>\n<li>Um mineral essencial para a forma\u00e7\u00e3o de gl\u00f3bulos vermelhos*<\/li>\n<li>Baixa de ferro pode causar muitos sintomas, incluindo fraqueza, fadiga, zumbido nos ouvidos, manchas abaixo\u00a0dos olhos e falta de ar no esfor\u00e7o\u00a0f\u00edsico.<\/li>\n<\/ul>\n<p><strong>A maior parte do ferro do corpo \u00e9 encontrado na hemoglobina,<\/strong> a mol\u00e9cula que transporta oxig\u00eanio nos gl\u00f3bulos vermelhos. Quantidades menores s\u00e3o encontradas nos tecidos como mioglobina e como cofatores para muitas enzimas. Devido ao seu papel central na mol\u00e9cula de hemoglobina, o ferro \u00e9 essencial para a forma\u00e7\u00e3o de gl\u00f3bulos vermelhos.<\/p>\n<p>Para determinar o status de ferro das pessoas nos Estados Unidos, os Centros de Controle de Doen\u00e7as calcularam a preval\u00eancia de defici\u00eancia de ferro e anemia ferropriva a partir de dados coletados de exames f\u00edsicos e entrevistas domiciliares dentro de uma amostra da popula\u00e7\u00e3o civil n\u00e3o-institucionalizada nos Estados Unidos. A preval\u00eancia de defici\u00eancia de ferro foi maior entre crian\u00e7as de 1 a 2 anos de idade (7%) e adolescentes com idade menstrual de 12 a 49 anos (9-16%).<\/p>\n<p><strong>Uma defici\u00eancia de ferro<\/strong> pode manifestar-se como fraqueza, fadiga, falta de ar durante o esfor\u00e7o, tontura, zumbido, manchas abaixo dos olhos, sonol\u00eancia, irritabilidade, menstrua\u00e7\u00e3o infreq\u00fcente e perda da libido.<\/p>\n<p>A suplementa\u00e7\u00e3o convencional de ferro, incluindo formas como o sulfato ferroso, pode causar efeitos colaterais GI &#8211; incluindo n\u00e1useas, v\u00f4mitos, constipa\u00e7\u00e3o, diarr\u00e9ia e fezes de cor escura &#8211; porque estas formas convencionais s\u00e3o mal absorvidas.<\/p>\n<p>O Bisglicinato de Ferro da Thorne Research fornece 25 mg de ferro elementar por c\u00e1psula reagida com glicina para absor\u00e7\u00e3o superior no tracto GI, evitando assim os efeitos colaterais GI t\u00edpicos.*<\/p>\n<hr \/>\n<div id=\"itemservings\"><strong>Dose por recipiente:<\/strong> 60<\/div>\n<p><strong>Dosagem: <\/strong>1 c\u00e1psula |\u00a0Tome 1 c\u00e1psula diariamente ou como recomendado por um profissional de sa\u00fade.<\/p>\n<p><strong>Quantidade por por\u00e7\u00e3o<\/strong><br \/>\n<strong>Ferro<\/strong> &#8230; 25mg<br \/>\n(como Ferrochel\u00ae Ferrous Bisglycinate Chelate) \u2020<\/p>\n<p><strong>Outros ingredientes:<\/strong>\u00a0c\u00e1psula de hipromelose (derivada de celulose), celulose microcristalina, leucina, di\u00f3xido de sil\u00edcio.<\/p>\n<p>\u2020 Este produto utiliza quelato de bisglicinato ferroso Ferrochel\u00ae da Albion. Ferrochel \u00e9 uma marca registrada da Albion International, Inc.<\/p>\n<hr \/>\n<p>&nbsp;<\/p>\n<p><strong><em><img loading=\"lazy\" class=\"size-full wp-image-2700 alignnone\" src=\"http:\/\/genewei.com\/br\/wp-content\/uploads\/2016\/08\/stars-70-5.jpg\" alt=\"\" width=\"70\" height=\"13\" \/><\/em> Cinco estrelas<\/strong><br \/>\n<em>Apenas levou esse produto alguns dias e come\u00e7ando a ver a diferen\u00e7a.\u00a0James A, 28 de Maio de 2017<\/em><\/p>\n<p><strong><em><img loading=\"lazy\" class=\"size-full wp-image-2700 alignnone\" src=\"http:\/\/genewei.com\/br\/wp-content\/uploads\/2016\/08\/stars-70-5.jpg\" alt=\"\" width=\"70\" height=\"13\" \/><\/em><\/strong><em>\u00a0<\/em><strong>Ferro f\u00e1cil<\/strong><br \/>\n<em>Muito mais f\u00e1cil no sistema digestivo do que alguns suplementos de ferro.\u00a0Janet, 5 de Dezembro de 2017<\/em><\/p>\n<p><strong><em><img loading=\"lazy\" class=\"size-full wp-image-2700 alignnone\" src=\"http:\/\/genewei.com\/br\/wp-content\/uploads\/2016\/08\/stars-70-5.jpg\" alt=\"\" width=\"70\" height=\"13\" \/>\u00a0<\/em>Cinco estrelas<\/strong><br \/>\n<em>Faz o truque. Comprei mais.\u00a0Sharyn L, 9 de Dezembro de 2017<\/em><\/p>\n<p><strong><em><img loading=\"lazy\" class=\"size-full wp-image-2700 alignnone\" src=\"http:\/\/genewei.com\/br\/wp-content\/uploads\/2016\/08\/stars-70-5.jpg\" alt=\"\" width=\"70\" height=\"13\" \/>\u00a0<\/em>Qualidade excelente<\/strong><br \/>\n<em>Sempre a melhor qualidade.\u00a0cliente, 23 de Setembro de 2017<\/em><\/p>\n<p><strong><img loading=\"lazy\" class=\"alignnone size-full wp-image-2702\" src=\"http:\/\/genewei.com\/br\/wp-content\/uploads\/2016\/08\/stars-70-4.jpg\" alt=\"\" width=\"70\" height=\"13\" \/>\u00a0uma boa maneira de obter ferro em seu sistema<\/strong><br \/>\n<em>uma boa maneira de obter ferro em seu sistema. Apenas n\u00e3o tome dentro de 6 horas de tomar qualquer medica\u00e7\u00e3o tireoideia.\u00a0Tia Pat, 18 de Abril de 2017<\/em><\/p>\n<p><strong><em><img loading=\"lazy\" class=\"size-full wp-image-2700 alignnone\" src=\"http:\/\/genewei.com\/br\/wp-content\/uploads\/2016\/08\/stars-70-5.jpg\" alt=\"\" width=\"70\" height=\"13\" \/>\u00a0<\/em>\u00d3timo produto<\/strong><br \/>\n<em>Eu estava com baixo teor de ferro e energia. Eu adoro este produto!! Eu me sinto muito melhor agora!!\u00a0cliente, 15 de Abril de 2017<\/em><\/p>\n<p><strong><em><img loading=\"lazy\" class=\"size-full wp-image-2700 alignnone\" src=\"http:\/\/genewei.com\/br\/wp-content\/uploads\/2016\/08\/stars-70-5.jpg\" alt=\"\" width=\"70\" height=\"13\" \/>\u00a0<\/em>Cinco estrelas<\/strong><br \/>\n<em>O pre\u00e7o estava certo, menos do que eu pago em outro lugar.\u00a0BSandy, 24 de Mar\u00e7o de 2017<\/em><\/p>\n<p><strong><em><img loading=\"lazy\" class=\"size-full wp-image-2700 alignnone\" src=\"http:\/\/genewei.com\/br\/wp-content\/uploads\/2016\/08\/stars-70-5.jpg\" alt=\"\" width=\"70\" height=\"13\" \/>\u00a0<\/em>Cinco estrelas<\/strong><br \/>\n<em>Produto incr\u00edvel e funciona como descrito.\u00a0Michael P, 26 de Mar\u00e7o de 2017<\/em><\/p>\n<p><strong><img loading=\"lazy\" class=\"alignnone size-full wp-image-2701\" src=\"http:\/\/genewei.com\/br\/wp-content\/uploads\/2016\/08\/stars-70-3.jpg\" alt=\"\" width=\"70\" height=\"13\" \/>\u00a0Eu dei uma excelente revis\u00e3o no meu \u00faltimo coment\u00e1rio<\/strong><br \/>\n<em>Eu dei uma excelente revis\u00e3o no meu \u00faltimo coment\u00e1rio de volta. Mesmo que este produto n\u00e3o tenha os efeitos colaterais dos suplementos de ferro que eu gosto muito, a efic\u00e1cia est\u00e1 em quest\u00e3o, pois isso n\u00e3o aumentou os n\u00edveis de ferro ap\u00f3s o exame de sangue, consumindo c\u00e1psulas de 25 mg 3 vezes ao dia, conforme recomendado pelo dietista por quase 2 meses. Eu ainda estou tentando um pouco mais, mas preciso mudar se isso n\u00e3o aumentar os n\u00edveis de ferro desejados ap\u00f3s o meu sangue na pr\u00f3xima vez.\u00a0Sabitha, 9 de Junho de 2017<\/em><\/p>\n<p><strong><img loading=\"lazy\" class=\"alignnone size-full wp-image-2702\" src=\"http:\/\/genewei.com\/br\/wp-content\/uploads\/2016\/08\/stars-70-4.jpg\" alt=\"\" width=\"70\" height=\"13\" \/>\u00a0N\u00e3o h\u00e1 n\u00e1useas e menos constipa\u00e7\u00e3o do que com outros suplementos de ferro&#8230;<\/strong><br \/>\n<em>N\u00e3o h\u00e1 n\u00e1useas e menos constipa\u00e7\u00e3o do que com outros suplementos de ferro que tomei. Eu tenho uma anemia leve com defici\u00eancia de ferro e, embora as c\u00e1psulas tenham ajudado um pouco, ainda estou muito baixo \/ limitado nos meus pain\u00e9is sangu\u00edneos (mas talvez eu precise de um suplemento de dose mais elevada).\u00a0BJ, 25 de Setembro de 2017<\/em><\/p>\n<p><strong><em><img loading=\"lazy\" class=\"size-full wp-image-2700 alignnone\" src=\"http:\/\/genewei.com\/br\/wp-content\/uploads\/2016\/08\/stars-70-5.jpg\" alt=\"\" width=\"70\" height=\"13\" \/>\u00a0<\/em>Constipa\u00e7\u00e3o curada imediatamente.<\/strong><br \/>\n<em>Eu comprei isso para substituir minha receita VA que estava constipando-me. Imediatamente resolvi meu desconforto. Esteja seguro nisso&#8230; funciona.\u00a0T, 12 de Junho de 2016<\/em><\/p>\n<p><strong><img loading=\"lazy\" class=\"alignnone size-full wp-image-2702\" src=\"http:\/\/genewei.com\/br\/wp-content\/uploads\/2016\/08\/stars-70-4.jpg\" alt=\"\" width=\"70\" height=\"13\" \/>\u00a0Muito bom<\/strong><br \/>\n<em>est\u00f4mago muito sens\u00edvel ao ferro &#8211; esta \u00e9 a melhor coisa que encontrei em cerca de 7 tipos diferentes.\u00a0MA, 28 de Agosto de 2015<\/em><\/p>\n<p><strong><em><img loading=\"lazy\" class=\"size-full wp-image-2700 alignnone\" src=\"http:\/\/genewei.com\/br\/wp-content\/uploads\/2016\/08\/stars-70-5.jpg\" alt=\"\" width=\"70\" height=\"13\" \/>\u00a0<\/em>\u00d3timo produto para aqueles que precisam de ferro!<\/strong><br \/>\n<em>Primeira vez encomendando produtos THORNE e do que experimentei at\u00e9 agora, eles s\u00e3o excelentes. Bem produzido e embalado. Adoro o fato deles serem gentis no est\u00f4mago tamb\u00e9m!\u00a0Ruth, 21 de Fevereiro de 2015<\/em><\/p>\n<p><strong><em><img loading=\"lazy\" class=\"size-full wp-image-2700 alignnone\" src=\"http:\/\/genewei.com\/br\/wp-content\/uploads\/2016\/08\/stars-70-5.jpg\" alt=\"\" width=\"70\" height=\"13\" \/>\u00a0<\/em>O melhor ferro que eu tomei<\/strong><br \/>\n<em>Este \u00e9 o melhor ferro que tomei. Eu tendo a ser constantemente an\u00f4nimo da linha de fronteira. Ent\u00e3o tomo ferro todos os dias. Este \u00e9 o \u00fanico ferro que meu corpo parece absorver. Al\u00e9m disso, n\u00e3o tem os efeitos colaterais habituais do ferro.<\/em><\/p>\n<p><em>Quando estou gr\u00e1vida, eu me tornei muito an\u00eamica. Meu m\u00e9dico prescreveu ferro. N\u00e3o tendo pensado muito sobre isso, tomei a receita m\u00e9dica. Dois dias depois, eu estava horrivelmente constipada e realmente sentia-me pior do que antes de tomar a receita m\u00e9dica. Come\u00e7ei a tomar bisglicinato de ferro. Naquele dia, eu podia sentir meu n\u00edvel de energia aumentar. Na pr\u00f3xima semana, meu n\u00edvel de ferro era normal.<\/em><\/p>\n<p><em>Se voc\u00ea est\u00e1 procurando um bom suplemento de ferro que realmente absorver\u00e1 isso, \u00e9 esse!\u00a0esposa do R., 25 de Abril de 2014<\/em><\/p>\n<p><strong><em><img loading=\"lazy\" class=\"size-full wp-image-2700 alignnone\" src=\"http:\/\/genewei.com\/br\/wp-content\/uploads\/2016\/08\/stars-70-5.jpg\" alt=\"\" width=\"70\" height=\"13\" \/>\u00a0<\/em>Produto recomendado<\/strong><br \/>\n<em>\u00d3timo produto; F\u00e1cil de digerir sem causar constipa\u00e7\u00e3o. A entrega foi oportuna.\u00a0AU, 7 de Julho de 2014<\/em><\/p>\n<p><strong><em><img loading=\"lazy\" class=\"size-full wp-image-2700 alignnone\" src=\"http:\/\/genewei.com\/br\/wp-content\/uploads\/2016\/08\/stars-70-5.jpg\" alt=\"\" width=\"70\" height=\"13\" \/>\u00a0<\/em>altamente recomendado pelo meu time de sa\u00fade<\/strong><br \/>\n<em>altamente recomendado pela minha equipe de cuidados de sa\u00fade. N\u00e3o tem o sabor desagrad\u00e1vel ou as qualidades constipantes das medica\u00e7\u00f5es de ferro tradicionais e os meus n\u00edveis s\u00e3o bons. Se voc\u00ea precisar, vale a pena tomar depois de verificar com seu m\u00e9dico. Eu tenho tomado isso h\u00e1 v\u00e1rios anos e estou completamente satisfeito.\u00a0cliente, 1 de Dezembro de 2014<\/em><\/p>\n<!-- AddThis Advanced Settings generic via filter on the_content --><!-- AddThis Share Buttons generic via filter on the_content -->","protected":false},"excerpt":{"rendered":"<ul>\n<li>Uma forma n\u00e3o-constipante, <strong>bem absorvida de ferro*<\/strong><\/li>\n<li>Um mineral essencial para a <strong>forma\u00e7\u00e3o de gl\u00f3bulos vermelhos*<\/strong><\/li>\n<li><strong>Baixo n\u00edvel de ferro<\/strong> pode causar muitos sintomas, incluindo fraqueza, fadiga, zumbido nos ouvidos, manchas abaixo\u00a0dos olhos e falta de ar no esfor\u00e7o\u00a0f\u00edsico.<\/li>\n<\/ul>\n<p>&nbsp;<!-- AddThis Advanced Settings generic via filter on wp_trim_excerpt --><!-- AddThis Share Buttons generic via filter on wp_trim_excerpt --><\/p>\n","protected":false},"featured_media":1615,"template":"","meta":{"sfsi_plus_gutenberg_text_before_share":"","sfsi_plus_gutenberg_show_text_before_share":"","sfsi_plus_gutenberg_icon_type":"","sfsi_plus_gutenberg_icon_alignemt":"","sfsi_plus_gutenburg_max_per_row":"","_genesis_hide_title":false,"_genesis_hide_breadcrumbs":false,"_genesis_hide_singular_image":false,"_genesis_hide_footer_widgets":false,"_genesis_custom_body_class":"","_genesis_custom_post_class":"","_genesis_layout":""},"_links":{"self":[{"href":"http:\/\/genewei.com\/br\/wp-json\/wp\/v2\/product\/1614"}],"collection":[{"href":"http:\/\/genewei.com\/br\/wp-json\/wp\/v2\/product"}],"about":[{"href":"http:\/\/genewei.com\/br\/wp-json\/wp\/v2\/types\/product"}],"wp:featuredmedia":[{"embeddable":true,"href":"http:\/\/genewei.com\/br\/wp-json\/wp\/v2\/media\/1615"}],"wp:attachment":[{"href":"http:\/\/genewei.com\/br\/wp-json\/wp\/v2\/media?parent=1614"}],"curies":[{"name":"wp","href":"https:\/\/api.w.org\/{rel}","templated":true}]}}