{"id":1626,"date":"2016-11-12T17:26:15","date_gmt":"2016-11-12T19:26:15","guid":{"rendered":"http:\/\/genewei.com\/br\/?post_type=product&#038;p=1626"},"modified":"2018-08-03T20:46:54","modified_gmt":"2018-08-03T23:46:54","slug":"picolinato-de-zinco-dupla-forca-30-mg","status":"publish","type":"product","link":"http:\/\/genewei.com\/br\/produto\/picolinato-de-zinco-dupla-forca-30-mg\/","title":{"rendered":"Picolinato de Zinco Dupla For\u00e7a (30 mg) (60 vcaps)"},"content":{"rendered":"\n<!-- Facebook Like Button Vivacity Infotech BEGIN -->\n<div class=\"fb-like\" data-href=\"http:\/\/genewei.com\/br\/produto\/picolinato-de-zinco-dupla-forca-30-mg\/\" data-layout=\"standard\" data-action=\"like\" data-show-faces=\"true\" data-size=\"small\" data-width=\"550\" data-share=\"1\" ><\/div>\n<!-- Facebook Like Button Vivacity Infotech END -->\n<p><strong>Thorne Research\u00a0Double Strength Zinc Picolinate (30 mg) (60 vcaps) |\u00a0Picolinato de Zinco Dupla For\u00e7a da Thorn Research (30 mg) (60 vcaps)<\/strong><\/p>\n<p>Um suplemento de zinco bem absorvido*<\/p>\n<ul>\n<li><strong>30 mg de zinco<\/strong> por c\u00e1psula*<\/li>\n<li>Forma de zinco utilizada em numerosos estudos cl\u00ednicos<\/li>\n<li>Essencial para o crescimento e fun\u00e7\u00e3o imune*<\/li>\n<li>Promove a sa\u00fade reprodutiva*<\/li>\n<li>Tecido Conjuntivo\/\u00a0de Conex\u00e3o<\/li>\n<li>Sa\u00fade Ocular<\/li>\n<li>Nutri\u00e7\u00e3o Parenteral<\/li>\n<li>V\u00edtimas de Queimadura<\/li>\n<\/ul>\n<p><strong>O zinco \u00e9 essencial para<\/strong> crescimento, fun\u00e7\u00e3o do sistema imunol\u00f3gico, metabolismo da testosterona, como um cofator para a enzima antioxidante super\u00f3xido\u00a0dismutase (SOD), e para muitas outras fun\u00e7\u00f5es no corpo.* O zinco est\u00e1 envolvido no funcionamento de mais de 200 enzimas e desempenha um papel fundamental na express\u00e3o gen\u00e9tica, divis\u00e3o celular e crescimento.*<\/p>\n<p><strong>A defici\u00eancia de zinco<\/strong> tem sido associada a impactos adversos sobre um n\u00famero de estruturas e fun\u00e7\u00f5es do corpo.* Indiv\u00edduos suscet\u00edveis a defici\u00eancia de zinco incluem idosos, imunocomprometidos, aqueles em nutri\u00e7\u00e3o parenteral e v\u00edtimas de queimadura.<\/p>\n<p>Estudos cl\u00ednicos demonstram que a suplementa\u00e7\u00e3o com zinco pode aumentar o bem-estar geral e que tem um impacto ben\u00e9fico no tecido conjuntivo, bem como na sa\u00fade reprodutiva e na sa\u00fade ocular.<\/p>\n<p>Devido ao papel essencial\u00a0do zinco na nutri\u00e7\u00e3o humana e metabolismo,\u00a0h\u00e1 muito interesse na absor\u00e7\u00e3o de zinco de ingest\u00e3o diet\u00e9tica e suplementos diet\u00e9ticos. Enquanto ingest\u00e3o de zinco na dieta \u00e9 eficaz na maioria das situa\u00e7\u00f5es, nem todos os suplementos diet\u00e9ticos de zinco t\u00eam biodisponibilidade igual.<\/p>\n<p>O \u00e1cido picol\u00ednico \u00e9 um quelante mineral natural produzido no corpo. \u00c9 produzido a partir do amino\u00e1cido triptofano no f\u00edgado e rins e \u00e9 transportado para o p\u00e2ncreas. Durante a digest\u00e3o, \u00e9 secretado do p\u00e2ncreas para o intestino delgado, onde se liga a minerais para facilitar a sua absor\u00e7\u00e3o.*<\/p>\n<p>Porque o \u00e1cido picol\u00ednico facilita a absor\u00e7\u00e3o dos minerais, Picolinato de Zinco\u00a0\u00e9 absorvido a um grau mais elevado do que s\u00e3o\u00a0outros suplementos do zinco.*<\/p>\n<p>Picolinato de Zinco de Dupla For\u00e7a \u00e9 NSF Certificado para Esporte\u00ae.<\/p>\n<hr \/>\n<div id=\"itemservings\"><strong>Dose por Recipiente:<\/strong> 60<\/div>\n<p>Tome 1 c\u00e1psula diariamente ou como recomendado por um profissional de sa\u00fade.<\/p>\n<p><strong>Tamanho da dose:<\/strong>\u00a01 c\u00e1psula<\/p>\n<p><strong>Quantidade por por\u00e7\u00e3o<\/strong><br \/>\n<strong>Zinco<\/strong> &#8230; 30mg<br \/>\n<em>(como Picolinato de Zinco)<\/em><\/p>\n<p><strong>Outros ingredientes:<\/strong> celulose microcristalina, c\u00e1psula de hipromelose (derivada de celulose), leucina, di\u00f3xido de sil\u00edcio.<\/p>\n<hr \/>\n<p><strong><em><img loading=\"lazy\" class=\"size-full wp-image-2700 alignnone\" src=\"http:\/\/genewei.com\/br\/wp-content\/uploads\/2016\/08\/stars-70-5.jpg\" alt=\"\" width=\"70\" height=\"13\" \/>\u00a0<\/em>Me ajuda a dormir<\/strong><br \/>\n<em>Isso me ajuda a dormir um pouco melhor \u00e0 noite. Um leve, mas not\u00e1vel impulso. Pascal, 15 de dezembro de 2017<\/em><\/p>\n<p><strong><img loading=\"lazy\" class=\"alignnone size-full wp-image-2702\" src=\"http:\/\/genewei.com\/br\/wp-content\/uploads\/2016\/08\/stars-70-4.jpg\" alt=\"\" width=\"70\" height=\"13\" \/>\u00a0Parece ter ajudado<\/strong><br \/>\n<em>At\u00e9 agora parece ter ajudado. Tim A, 11 de junho de 2017<\/em><\/p>\n<p><strong><em><img loading=\"lazy\" class=\"size-full wp-image-2700 alignnone\" src=\"http:\/\/genewei.com\/br\/wp-content\/uploads\/2016\/08\/stars-70-5.jpg\" alt=\"\" width=\"70\" height=\"13\" \/> <\/em>Vou compr\u00e1-lo novamente<\/strong><br \/>\n<em>Bom produto de cuidados de sa\u00fade!! Vou compr\u00e1-lo novamente para minha fam\u00edlia. C.F., 15 de julho de 2017<\/em><\/p>\n<p><strong><em><img loading=\"lazy\" class=\"size-full wp-image-2700 alignnone\" src=\"http:\/\/genewei.com\/br\/wp-content\/uploads\/2016\/08\/stars-70-5.jpg\" alt=\"\" width=\"70\" height=\"13\" \/>\u00a0<\/em>Vou comprar de novo.<\/strong><br \/>\n<em>Muito bom zinco bem feito sem enchimento de lixo. Papai Slab, 31 de julho de 2016<\/em><\/p>\n<p><strong><em><img loading=\"lazy\" class=\"size-full wp-image-2700 alignnone\" src=\"http:\/\/genewei.com\/br\/wp-content\/uploads\/2016\/08\/stars-70-5.jpg\" alt=\"\" width=\"70\" height=\"13\" \/><\/em><em>\u00a0<\/em>Ajudando a esclarecer minha acne c\u00edstica<\/strong><br \/>\n<em>Tenho 36 anos e sofro de acne adulta. N\u00e3o posso pagar os antibi\u00f3ticos dermatologistas todos os meses. Nenhuma lavagem facial ou tratamento no local estava funcionando. Eu encontrei blogs onde as pessoas disseram que Zinco ajudou, ent\u00e3o eu dei uma chance. Este tipo de zinco obteve muitas cr\u00edticas positivas, ent\u00e3o pensei &#8220;o que eu tenho a perder&#8230;? Tomo 1 c\u00e1psula de manh\u00e3 com caf\u00e9 da manh\u00e3. Tem sido um pouco mais de uma semana e a acne ruim que tive quando comecei na maior parte desobstru\u00edda e n\u00e3o tenho em breve a forma\u00e7\u00e3o de acne c\u00edstica feia. Sinto que meu rosto est\u00e1 finalmente curando. Tamb\u00e9m n\u00e3o incomoda o meu est\u00f4mago, n\u00e3o depois do gosto. At\u00e9 agora est\u00e1 funcionando mais r\u00e1pido e melhor que qualquer outra coisa que tentei. Mam\u00e3ePunk, 15 de novembro de 2016<\/em><\/p>\n<p><strong><img loading=\"lazy\" class=\"alignnone size-full wp-image-2702\" src=\"http:\/\/genewei.com\/br\/wp-content\/uploads\/2016\/08\/stars-70-4.jpg\" alt=\"\" width=\"70\" height=\"13\" \/>\u00a0Thorne tem uma boa reputa\u00e7\u00e3o<\/strong><br \/>\n<em>Em geral, n\u00e3o fa\u00e7o coment\u00e1rios para suplementos porque a \u00fanica maneira de saber se um suplemento \u00e9 de boa qualidade \u00e9 test\u00e1-lo em um laborat\u00f3rio. Dito isto, descobri que meus m\u00e9dicos costumam carregar a marca Thorne e\/ou recomend\u00e1-la. AKAK, 6 de dezembro de 2015<\/em><\/p>\n<p><strong><em><img loading=\"lazy\" class=\"size-full wp-image-2700 alignnone\" src=\"http:\/\/genewei.com\/br\/wp-content\/uploads\/2016\/08\/stars-70-5.jpg\" alt=\"\" width=\"70\" height=\"13\" \/>\u00a0<\/em>Fazendo o que eu pago para fazer!<\/strong><br \/>\n<em>Recomendado pelo Dr. Holish, que eu vejo. Ele os vende, mas \u00e9 bastante f\u00e1cil, ent\u00e3o consigo comprar online por um pouco mais barato.\u00a0<\/em><em>Os suplementos parecem estar fazendo o trabalho porque nunca estou doente! bkaldy, 11 de novembro de 2014<\/em><\/p>\n<p><strong><em><img loading=\"lazy\" class=\"size-full wp-image-2700 alignnone\" src=\"http:\/\/genewei.com\/br\/wp-content\/uploads\/2016\/08\/stars-70-5.jpg\" alt=\"\" width=\"70\" height=\"13\" \/>\u00a0<\/em>O MELHOR<\/strong><br \/>\n<em>O melhor zinco que encontrei l\u00e1 fora. Totalmente bom no est\u00f4mago. D. Shultz, 10 de junho de 2015<\/em><\/p>\n<p><strong><em><img loading=\"lazy\" class=\"size-full wp-image-2700 alignnone\" src=\"http:\/\/genewei.com\/br\/wp-content\/uploads\/2016\/08\/stars-70-5.jpg\" alt=\"\" width=\"70\" height=\"13\" \/><\/em><em>\u00a0<\/em>\u00d3timo produto<\/strong><br \/>\n<em>\u00d3timo produto, excelente empresa que n\u00e3o adiciona nada de ruim aos seus produtos. \u00c9 dif\u00edcil encontrar um zinco 30mg, vejo muito 20mg e 50mg. Este produto ajudou a levar minhas filhas ao zinco at\u00e9 onde elas precisam estar. Leanne, 13 de agosto de 2016<\/em><\/p>\n<p><strong><img loading=\"lazy\" class=\"alignnone size-full wp-image-2702\" src=\"http:\/\/genewei.com\/br\/wp-content\/uploads\/2016\/08\/stars-70-4.jpg\" alt=\"\" width=\"70\" height=\"13\" \/>\u00a0estrelas n\u00e3o s\u00e3o boas para uso a longo prazo<\/strong><br \/>\n<em>Comprado para ajudar a controlar a acne. Pr\u00f3s: minhas fugas foram reduzidos e quando eu consegui uma espinha, ele curou rapidamente. Contras: o zinco, especialmente em uma dosagem t\u00e3o alta, n\u00e3o \u00e9 bom para o uso a longo prazo. \u00c9 conhecido por esgotar nossos corpos de outros nutrientes importantes. BC, 1 de junho de 2017<\/em><\/p>\n<p><strong><em><img loading=\"lazy\" class=\"size-full wp-image-2700 alignnone\" src=\"http:\/\/genewei.com\/br\/wp-content\/uploads\/2016\/08\/stars-70-5.jpg\" alt=\"\" width=\"70\" height=\"13\" \/><\/em><em>\u00a0<\/em>Potencial de alta qualidade e mudan\u00e7a de vida<\/strong><br \/>\n<em>O zinco e o B6 s\u00e3o fundamentais para algumas pessoas que s\u00e3o naturalmente baixas nessas subst\u00e2ncias, a fim de manter um humor elevado e uma ansiedade calma. Juntamente com vitaminas de prescri\u00e7\u00e3o, este produto mudou as vidas dos membros da minha fam\u00edlia. Thorne \u00e9 uma das marcas em que confio mais. Lauren B, 24 de outubro de 2015<\/em><\/p>\n<p><strong><em><img loading=\"lazy\" class=\"size-full wp-image-2700 alignnone\" src=\"http:\/\/genewei.com\/br\/wp-content\/uploads\/2016\/08\/stars-70-5.jpg\" alt=\"\" width=\"70\" height=\"13\" \/><\/em><em>\u00a0<\/em>Sim, eu recomendo este zinco. Altamente efetivo. Qualidade excelente<\/strong><br \/>\n<em>Sim, eu recomendo este zinco. Altamente efetivo. THORNE \u00e9 uma marca excepcional. Tamb\u00e9m tomo seu \u00e1cido asc\u00f3rbico puro (vitamina C) nas c\u00e1psulas de 1 grama. Em seguida, estou encomendando sua vitamina D3. Meu m\u00e9dico (um M.D., mas n\u00e3o o seu m\u00e9dico t\u00edpico na medida em que ela \u00e9 muito bem versada com vitaminas e suplementos) me transformou nesta marca. \u00c9 excelente! Gerg, 4 de maio de 2017<\/em><\/p>\n<p><strong><em><img loading=\"lazy\" class=\"size-full wp-image-2700 alignnone\" src=\"http:\/\/genewei.com\/br\/wp-content\/uploads\/2016\/08\/stars-70-5.jpg\" alt=\"\" width=\"70\" height=\"13\" \/><\/em><em>\u00a0<\/em>O zinco \u00e9 bom para tantas coisas&#8230; na luta contra o cancer, etc<\/strong><br \/>\n<em>Meu sistema imunol\u00f3gico enfraqueceu muito desde a luta contra o c\u00e2ncer, e eu n\u00e3o estava curando muito rapidamente, o zinco \u00e9 bom para tantas coisas. \u00c9 bom na preven\u00e7\u00e3o do frio, na revers\u00e3o das doen\u00e7as card\u00edacas, combate o dano dos radicais livres, o desequil\u00edbrio hormonal, adoece frequentemente, sempre cansado, bom para os olhos, pele e cabelo, al\u00e9m de muitos outros benef\u00edcios.\u00a0<\/em><em>A defici\u00eancia de zinco \u00e9 comum em todo o mundo. Sendo um mineral, pode ser dif\u00edcil de absorver, especialmente para pessoas com dist\u00farbios digestivos. B\u00ean\u00e7\u00e3os a todos, 7 de fevereiro de 2017<\/em><\/p>\n<p><strong><em><img loading=\"lazy\" class=\"size-full wp-image-2700 alignnone\" src=\"http:\/\/genewei.com\/br\/wp-content\/uploads\/2016\/08\/stars-70-5.jpg\" alt=\"\" width=\"70\" height=\"13\" \/><\/em><em>\u00a0<\/em>Grandes resultados para um sistema imunol\u00f3gico mais forte.<\/strong><br \/>\n<em>Eu acredito em Zinco por impulsionar meu sistema imunol\u00f3gico e tenho tomado este produto diariamente e fielmente por quase um ano. Apenas um resfriado muito pequeno que durou apenas 3-4 dias, o que \u00e9 fant\u00e1stico porque eu estava doente pelo menos 2-3 vezes por ano com v\u00edrus ruins que duraram 2-3 semanas. Tamb\u00e9m acredito nos produtos de zinco que voc\u00ea toma no in\u00edcio de um resfriado para encurtar um resfriado. Se eu fosse apenas tomar um suplemento, seria o zinco. JCD, 6 de novembro de 2016<\/em><\/p>\n<!-- AddThis Advanced Settings generic via filter on the_content --><!-- AddThis Share Buttons generic via filter on the_content -->","protected":false},"excerpt":{"rendered":"<ul>\n<li><strong>30 mg de zinco<\/strong> por c\u00e1psula*<\/li>\n<li>Forma de zinco utilizada <strong>em numerosos estudos cl\u00ednicos<\/strong><\/li>\n<li>Essencial para o<strong> crescimento e fun\u00e7\u00e3o imune*<\/strong><\/li>\n<li><strong>Promove a sa\u00fade reprodutiva*<\/strong><\/li>\n<\/ul>\n<p>&nbsp;<!-- AddThis Advanced Settings generic via filter on wp_trim_excerpt --><!-- AddThis Share Buttons generic via filter on wp_trim_excerpt --><\/p>\n","protected":false},"featured_media":1627,"template":"","meta":{"sfsi_plus_gutenberg_text_before_share":"","sfsi_plus_gutenberg_show_text_before_share":"","sfsi_plus_gutenberg_icon_type":"","sfsi_plus_gutenberg_icon_alignemt":"","sfsi_plus_gutenburg_max_per_row":"","_genesis_hide_title":false,"_genesis_hide_breadcrumbs":false,"_genesis_hide_singular_image":false,"_genesis_hide_footer_widgets":false,"_genesis_custom_body_class":"","_genesis_custom_post_class":"","_genesis_layout":""},"_links":{"self":[{"href":"http:\/\/genewei.com\/br\/wp-json\/wp\/v2\/product\/1626"}],"collection":[{"href":"http:\/\/genewei.com\/br\/wp-json\/wp\/v2\/product"}],"about":[{"href":"http:\/\/genewei.com\/br\/wp-json\/wp\/v2\/types\/product"}],"wp:featuredmedia":[{"embeddable":true,"href":"http:\/\/genewei.com\/br\/wp-json\/wp\/v2\/media\/1627"}],"wp:attachment":[{"href":"http:\/\/genewei.com\/br\/wp-json\/wp\/v2\/media?parent=1626"}],"curies":[{"name":"wp","href":"https:\/\/api.w.org\/{rel}","templated":true}]}}