{"id":1634,"date":"2016-11-14T22:50:39","date_gmt":"2016-11-15T00:50:39","guid":{"rendered":"http:\/\/genewei.com\/br\/?post_type=product&#038;p=1634"},"modified":"2018-02-24T03:59:57","modified_gmt":"2018-02-24T06:59:57","slug":"fittisona-120-vcaps","status":"publish","type":"product","link":"http:\/\/genewei.com\/br\/produto\/fittisona-120-vcaps\/","title":{"rendered":"Fittisona (120 vcaps)"},"content":{"rendered":"\n<!-- Facebook Like Button Vivacity Infotech BEGIN -->\n<div class=\"fb-like\" data-href=\"http:\/\/genewei.com\/br\/produto\/fittisona-120-vcaps\/\" data-layout=\"standard\" data-action=\"like\" data-show-faces=\"true\" data-size=\"small\" data-width=\"550\" data-share=\"1\" ><\/div>\n<!-- Facebook Like Button Vivacity Infotech END -->\n<p><strong>Thorne Research Phytisone | Fittisona (120 vcaps)<\/strong><\/p>\n<p>Apoio\u00a0nutricional e bot\u00e2nico para adrenais saud\u00e1veis.<\/p>\n<ul>\n<li>Apoio vegetariano n\u00e3o-glandular para as supra-renais<\/li>\n<li>Cont\u00e9m as principais ervas adapt\u00f3genas para melhorar a resist\u00eancia do corpo ao estresse<\/li>\n<li>Ajuda a reduzir a fadiga<\/li>\n<li>Optimiza a fun\u00e7\u00e3o adrenal para uma melhor gest\u00e3o do estresse<\/li>\n<\/ul>\n<p>Hoje em dia, a maioria de n\u00f3s estamos\u00a0muitas vezes bombardeados com v\u00e1rias formas de estresse que podem, se n\u00e3o for devidamente gerenciados, esgotar as gl\u00e2ndulas supra-renais. Uma dieta rica em carboidratos refinados, as demandas de trabalho, gerenciando finan\u00e7as pessoais e exposi\u00e7\u00e3o \u00e0 polui\u00e7\u00e3o ambiental s\u00e3o apenas alguns dos fatores de estresse modernos que podem empurrar as gl\u00e2ndulas adrenais al\u00e9m\u00a0da\u00a0capacidade de adapta\u00e7\u00e3o. Al\u00e9m disso, a constante sobre-estimula\u00e7\u00e3o das gl\u00e2ndulas supra-renais pode ter um efeito adverso sobre o corpo e pode produzir sintomas relacionados ao estresse que podem prejudicar a boa sa\u00fade e bem-estar.<\/p>\n<p>O estresse cr\u00f4nico pode exercer uma s\u00e9rie de efeitos prejudiciais sobre os sistemas corporais vitais para a sa\u00fade a longo prazo, como os sistemas imunol\u00f3gico, cardiovascular, neurol\u00f3gico e end\u00f3crino. Para se adaptar eficazmente ao estresse, \u00e9 fundamental otimizar o funcionamento das gl\u00e2ndulas supra-renais, e Fittisona foi projetado com isso em mente. Uma combina\u00e7\u00e3o \u00fanica de bot\u00f3genos adapt\u00f3genos e nutrientes, <strong>Fittisona fornece o apoio nutricional necess\u00e1rio para otimizar a resposta adrenal ao estresse.<\/strong><\/p>\n<p><strong><em><span style=\"color: #ff0000;\">Nota: <\/span>Este suplemento \u00e9 usado para apoiar pacientes com c\u00e2ncer durante o tratamento, n\u00e3o para efeitos anticancer\u00edgenos.<\/em><\/strong><\/p>\n<hr \/>\n<div id=\"itemservings\"><strong>Doses por Recipiente:<\/strong> 30<br \/>\nTome 2 c\u00e1psulas 1-2 vezes ao dia ou como recomendado por um profissional de sa\u00fade.<\/div>\n<p><strong>Tamanho da dose:<\/strong> 2 C\u00e1psulas vegetarianas<\/p>\n<p><strong>Quantidade por por\u00e7\u00e3o:<\/strong><br \/>\n<strong>Vitamina C<\/strong> &#8230; 250mg<br \/>\n<em>\u00a0(como Ascorbic Acid)<\/em><br \/>\n<strong>Tiamina<\/strong> &#8230; 24mg<br \/>\n<em>\u00a0(como Tiamina HCl)<\/em><br \/>\n<strong>Vitamina B6<\/strong> &#8230; 6.8mg<br \/>\n<em>\u00a0(como Piridoxal 5-Phosphate)<\/em><br \/>\n<strong>\u00c1cido Pantot\u00eanico<\/strong> &#8230; 100mg<br \/>\n<em>\u00a0(como Pantethine)<\/em><br \/>\n<strong>Zinco<\/strong> &#8230; 2mg<br \/>\n<em>\u00a0(como Picolinato de zinco)<\/em><br \/>\n<strong>Ashwagandha extrato de raiz<\/strong> &#8230; 150mg<br \/>\n<em>\u00a0(Withania somnifera)<\/em><br \/>\n<strong>Raiz de Astragalus<\/strong> &#8230; 100mg<br \/>\n<em>\u00a0(Astragalus membranaceus)<\/em><br \/>\n<strong>Extrato de raiz de ginseng asi\u00e1tico<\/strong> &#8230; 75mg<br \/>\n<em>\u00a0(Panax ginseng) **<\/em><br \/>\n<strong>Extrato de raiz de Eleuthero<\/strong> &#8230; 75mg<br \/>\n<em>\u00a0(Eleutherococcus senticosus)<\/em><br \/>\n<strong>Extrato de gengibre (raiz, rizoma)<\/strong> &#8230; 50mg<br \/>\n<em>\u00a0(Zingiber officinale)<\/em><br \/>\n<strong>Raiz de alca\u00e7uz<\/strong> &#8230; 25mg<br \/>\n<em>\u00a0(Glycyrrhiza glabra)<\/em><\/p>\n<p><strong>Outros ingredientes:<\/strong> c\u00e1psula de hipromelose (derivado da celulose), citrato de magn\u00e9sio, leucina, di\u00f3xido de sil\u00edcio.<\/p>\n<p><strong>Este produto n\u00e3o cont\u00e9m<\/strong> trigo, gl\u00faten, milho, levedura, soja, ovo, produtos l\u00e1cteos, ou cores artificiais, ado\u00e7antes artificiais ou sabores artificiais. Este produto tamb\u00e9m n\u00e3o cont\u00e9m lactose, \u00e1cido palm\u00edtico, estearato de magn\u00e9sio ou \u00e1cido este\u00e1rico.<\/p>\n<p><em>* Este produto utiliza Pantesin\u00ae Pantethine. Pantesin \u00e9 uma marca registada da Daiichi Fine Chemical Co., Ltd.<\/em><\/p>\n<p><em>** O ginseng neste produto foi colhido na Cor\u00e9ia ou China.<\/em><\/p>\n<p>Withania padronizado para Withanolids 1,5%. Panax padronizado para Ginsenosides 9%. Eleutherococcus padronizado a Eleutherosides 0,5%. Zingiber padronizado para Gingerols 5%.<\/p>\n<!-- AddThis Advanced Settings generic via filter on the_content --><!-- AddThis Share Buttons generic via filter on the_content -->","protected":false},"excerpt":{"rendered":"<p>Thorne Research Phytisone | Fittisona (120 vcaps) Apoio\u00a0nutricional e bot\u00e2nico para adrenais saud\u00e1veis. Apoio vegetariano n\u00e3o-glandular para as supra-renais Cont\u00e9m as principais ervas adapt\u00f3genas para melhorar a resist\u00eancia do corpo ao estresse Ajuda a reduzir a fadiga Optimiza a fun\u00e7\u00e3o adrenal para uma melhor gest\u00e3o do estresse Hoje em dia, a maioria de n\u00f3s estamos\u00a0muitas<a class=\"moretag\" href=\"http:\/\/genewei.com\/br\/produto\/fittisona-120-vcaps\/\"> [&#8230;] <\/a><!-- AddThis Advanced Settings generic via filter on wp_trim_excerpt --><!-- AddThis Share Buttons generic via filter on wp_trim_excerpt --><\/p>\n","protected":false},"featured_media":1635,"template":"","meta":{"sfsi_plus_gutenberg_text_before_share":"","sfsi_plus_gutenberg_show_text_before_share":"","sfsi_plus_gutenberg_icon_type":"","sfsi_plus_gutenberg_icon_alignemt":"","sfsi_plus_gutenburg_max_per_row":"","_genesis_hide_title":false,"_genesis_hide_breadcrumbs":false,"_genesis_hide_singular_image":false,"_genesis_hide_footer_widgets":false,"_genesis_custom_body_class":"","_genesis_custom_post_class":"","_genesis_layout":""},"_links":{"self":[{"href":"http:\/\/genewei.com\/br\/wp-json\/wp\/v2\/product\/1634"}],"collection":[{"href":"http:\/\/genewei.com\/br\/wp-json\/wp\/v2\/product"}],"about":[{"href":"http:\/\/genewei.com\/br\/wp-json\/wp\/v2\/types\/product"}],"wp:featuredmedia":[{"embeddable":true,"href":"http:\/\/genewei.com\/br\/wp-json\/wp\/v2\/media\/1635"}],"wp:attachment":[{"href":"http:\/\/genewei.com\/br\/wp-json\/wp\/v2\/media?parent=1634"}],"curies":[{"name":"wp","href":"https:\/\/api.w.org\/{rel}","templated":true}]}}